{"id":916,"date":"2025-05-24T21:30:39","date_gmt":"2025-05-24T13:30:39","guid":{"rendered":"http:\/\/111.170.148.214:8095\/?post_type=product&#038;p=916"},"modified":"2025-09-12T14:01:03","modified_gmt":"2025-09-12T06:01:03","slug":"wps-serie-grosses-loch-selbstzentrierendes-schweissfutter","status":"publish","type":"product","link":"https:\/\/www.weldmc.com\/de\/product\/wps-serie-grosses-loch-selbstzentrierendes-schweissfutter\/","title":{"rendered":"Gro\u00dfloch-Schwei\u00dffutter Serie WPS selbstzentrierend"},"content":{"rendered":"<h4>Gro\u00dfloch-Schwei\u00dffutter Serie WPS selbstzentrierend<\/h4>\n<p><img decoding=\"async\" src=\"https:\/\/www.weldmc.com\/wp-content\/uploads\/2025\/05\/WPS-series_4.png\" alt=\"WPS Serie_4\" \/><\/p>\n<p>&nbsp;<\/p>\n<p class=\"ds-markdown-paragraph\"><strong>Produkt Einf\u00fchrung: WPS Serie Selbstzentrierendes Gro\u00dfloch-Schwei\u00dffutter von WUXI ABK<\/strong><\/p>\n<p class=\"ds-markdown-paragraph\">Die\u00a0<strong>Selbstzentrierendes Schwei\u00dffutter der Serie WPS<\/strong>\u00a0ist eine innovative Spannl\u00f6sung zur Verbesserung der Pr\u00e4zision und Effizienz bei Schwei\u00df- und Schneidanwendungen. Entwickelt von\u00a0<strong>WUXI ABK<\/strong>integriert dieses fortschrittliche Futter eine\u00a0<strong>Kegelradgetriebe und Spulendrahtstruktur<\/strong>\u00a0um die Backen radial anzutreiben, was eine gleichzeitige Bewegung f\u00fcr\u00a0<strong>automatische Zentrierung der Werkst\u00fccke<\/strong>. Durch die Kombination der Vorteile von\u00a0<strong>leichte Schwei\u00dffutter und Futter f\u00fcr Werkzeugmaschinen<\/strong>Die WPS-Serie bietet hervorragende Leistung in industriellen Umgebungen.<\/p>\n<h3><strong>Hauptmerkmale des selbstzentrierenden Schwei\u00dffutters der WPS-Serie<\/strong><\/h3>\n<ul>\n<li>\n<p class=\"ds-markdown-paragraph\"><strong>Hohe Pr\u00e4zision und gro\u00dfe Spannkraft<\/strong>: Die\u00a0<strong>selbstzentrierendes Schwei\u00dffutter<\/strong>\u00a0gew\u00e4hrleistet eine genaue Ausrichtung und minimiert die Werkst\u00fcckabweichung bei Arbeiten mit hohem Drehmoment.<\/p>\n<\/li>\n<li>\n<p class=\"ds-markdown-paragraph\"><strong>Leichtes und kompaktes Design<\/strong>: Mit einem\u00a0<strong>Gesamtdicke reduziert um 50%<\/strong>Das Spannfutter verringert den Achsabstand der Werkst\u00fccke erheblich und verbessert so die\u00a0<strong>Tragf\u00e4higkeit der Schwei\u00dfger\u00e4te<\/strong>.<\/p>\n<\/li>\n<li>\n<p class=\"ds-markdown-paragraph\"><strong>Flexibler und klemmfreier Mechanismus<\/strong>: Die optimierte Struktur verhindert Verformungen und Verklemmungen und sorgt so f\u00fcr einen reibungslosen Betrieb auch in Hochgeschwindigkeits-Produktionsumgebungen.<\/p>\n<\/li>\n<li>\n<p class=\"ds-markdown-paragraph\"><strong>Verbesserte Produktionseffizienz<\/strong>: Ideal f\u00fcr\u00a0<strong>Massenproduktion<\/strong>Die WPS-Serie verbessert die Arbeitsabl\u00e4ufe beim Schwei\u00dfen und Schneiden, verringert die Ausfallzeiten und erh\u00f6ht die Leistung.<\/p>\n<\/li>\n<\/ul>\n<h3><strong>Industrieanwendungen<\/strong><\/h3>\n<p class=\"ds-markdown-paragraph\">Die\u00a0<strong>WPS-Serie Schwei\u00dffutter<\/strong>\u00a0wird h\u00e4ufig in Industrien eingesetzt, die eine hochpr\u00e4zise Klemmung erfordern, z. B:<\/p>\n<ul>\n<li>\n<p class=\"ds-markdown-paragraph\"><strong>Automobilherstellung<\/strong>\u00a0- Sorgt f\u00fcr Stabilit\u00e4t beim Schwei\u00dfen von Fahrzeugrahmen und Auspuffanlagen.<\/p>\n<\/li>\n<li>\n<p class=\"ds-markdown-paragraph\"><strong>Schwermaschinenbau<\/strong>\u00a0- Bietet eine starke Spannkraft f\u00fcr gro\u00dfe Bauteile.<\/p>\n<\/li>\n<li>\n<p class=\"ds-markdown-paragraph\"><strong>Herstellung von Rohren und Schl\u00e4uchen<\/strong>\u00a0- Erleichtert die Zentrierung bei Rohrleitungsschwei\u00dfverfahren.<\/p>\n<\/li>\n<li>\n<p class=\"ds-markdown-paragraph\"><strong>Luft- und Raumfahrt &amp; Schiffbau<\/strong>\u00a0- Bietet Zuverl\u00e4ssigkeit bei stark beanspruchten Schwei\u00dfanwendungen.<\/p>\n<\/li>\n<\/ul>\n<p class=\"ds-markdown-paragraph\">Als ein f\u00fchrendes Produkt von\u00a0<strong>WUXI ABK<\/strong>die\u00a0<strong>Gro\u00dfloch-Schwei\u00dffutter Serie WPS selbstzentrierend<\/strong>\u00a0setzt einen neuen Standard f\u00fcr\u00a0<strong>Schwei\u00dfautomatisierung<\/strong>und bietet Langlebigkeit, Effizienz und Anpassungsf\u00e4higkeit in zahlreichen Industriezweigen. Sein innovatives Design macht ihn zu einem unverzichtbaren Werkzeug f\u00fcr moderne\u00a0<strong>Produktionslinien zum Schwei\u00dfen und Schneiden<\/strong>.<\/p>\n<p class=\"ds-markdown-paragraph\">F\u00fcr weitere Einzelheiten \u00fcber die\u00a0<strong>Selbstzentrierendes WPS-Futter<\/strong>\u00a0Ihren Betrieb optimieren k\u00f6nnen, kontaktieren Sie\u00a0<strong>WUXI ABK<\/strong>\u00a0heute!<\/p>\n<table>\n<tbody>\n<tr>\n<td colspan=\"14\" width=\"866\">Parameter der Anschlussgr\u00f6\u00dfe (Auswahlreferenz, die tats\u00e4chliche Gr\u00f6\u00dfe h\u00e4ngt von der Bestellzeichnung ab)<\/td>\n<\/tr>\n<tr>\n<td width=\"110\">Spezifikationen<\/td>\n<td colspan=\"2\" width=\"78\">D1<\/td>\n<td colspan=\"2\" width=\"82\">D2<\/td>\n<td width=\"93\">D3(H7)<\/td>\n<td width=\"77\">D4<\/td>\n<td colspan=\"2\" width=\"54\">H<\/td>\n<td width=\"78\">H1<\/td>\n<td width=\"52\">H2<\/td>\n<td width=\"55\">L<\/td>\n<td width=\"91\">Z-d1<\/td>\n<td width=\"91\">Z-d<\/td>\n<\/tr>\n<tr>\n<td width=\"110\">WPS400<\/td>\n<td colspan=\"2\" width=\"78\">\u0424170<\/td>\n<td colspan=\"2\" width=\"82\">\u0424368<\/td>\n<td width=\"93\">\u0424340<\/td>\n<td width=\"77\">\u0424400<\/td>\n<td colspan=\"2\" width=\"54\">160<\/td>\n<td width=\"78\">100<\/td>\n<td width=\"52\">76<\/td>\n<td width=\"55\">125<\/td>\n<td width=\"91\">3-M16<\/td>\n<td width=\"91\">6-\u042414<\/td>\n<\/tr>\n<tr>\n<td width=\"110\">WPS500<\/td>\n<td colspan=\"2\" width=\"78\">\u0424240<\/td>\n<td colspan=\"2\" width=\"82\">\u0424465<\/td>\n<td width=\"93\">\u0424440<\/td>\n<td width=\"77\">\u0424500<\/td>\n<td colspan=\"2\" width=\"54\">190<\/td>\n<td width=\"78\">115<\/td>\n<td width=\"52\">50<\/td>\n<td width=\"55\">185<\/td>\n<td width=\"91\">6-M16<\/td>\n<td width=\"91\">6-\u042414<\/td>\n<\/tr>\n<tr>\n<td width=\"110\">WPS600<\/td>\n<td colspan=\"2\" width=\"78\">\u0424360<\/td>\n<td colspan=\"2\" width=\"82\">\u0424396<\/td>\n<td width=\"93\">\u0424425<\/td>\n<td width=\"77\">\u0424600<\/td>\n<td colspan=\"2\" width=\"54\">235<\/td>\n<td width=\"78\">108<\/td>\n<td width=\"52\">45<\/td>\n<td width=\"55\">265<\/td>\n<td width=\"91\">6-M12<\/td>\n<td width=\"91\">6-\u042414<\/td>\n<\/tr>\n<tr>\n<td width=\"110\">WPS700<\/td>\n<td colspan=\"2\" width=\"78\">\u0424410<\/td>\n<td colspan=\"2\" width=\"82\">\u0424455<\/td>\n<td width=\"93\">\u0424500<\/td>\n<td width=\"77\">\u0424700<\/td>\n<td colspan=\"2\" width=\"54\">235<\/td>\n<td width=\"78\">115<\/td>\n<td width=\"52\">45<\/td>\n<td width=\"55\">265<\/td>\n<td width=\"91\">6-M12<\/td>\n<td width=\"91\">6-\u042414<\/td>\n<\/tr>\n<tr>\n<td width=\"110\">WPS750<\/td>\n<td colspan=\"2\" width=\"78\">\u0424490<\/td>\n<td colspan=\"2\" width=\"82\">\u0424530<\/td>\n<td width=\"93\">\u0424570<\/td>\n<td width=\"77\">\u0424750<\/td>\n<td colspan=\"2\" width=\"54\">235<\/td>\n<td width=\"78\">115<\/td>\n<td width=\"52\">45<\/td>\n<td width=\"55\">325<\/td>\n<td width=\"91\">6-M12<\/td>\n<td width=\"91\">6-\u042414<\/td>\n<\/tr>\n<tr>\n<td width=\"110\">WPS900<\/td>\n<td colspan=\"2\" width=\"78\">\u0424600<\/td>\n<td colspan=\"2\" width=\"82\">\u0424650<\/td>\n<td width=\"93\">\u0424700<\/td>\n<td width=\"77\">\u0424905<\/td>\n<td colspan=\"2\" width=\"54\">250<\/td>\n<td width=\"78\">120<\/td>\n<td width=\"52\">55<\/td>\n<td width=\"55\">325<\/td>\n<td width=\"91\">6-M12<\/td>\n<td width=\"91\">9-\u042418<\/td>\n<\/tr>\n<tr>\n<td width=\"110\">WPS960<\/td>\n<td colspan=\"2\" width=\"78\">\u0424630<\/td>\n<td colspan=\"2\" width=\"82\">\u0424680<\/td>\n<td width=\"93\">\u0424735<\/td>\n<td width=\"77\">\u0424960<\/td>\n<td colspan=\"2\" width=\"54\">260<\/td>\n<td width=\"78\">130<\/td>\n<td width=\"52\">55<\/td>\n<td width=\"55\">400<\/td>\n<td width=\"91\">6-M16<\/td>\n<td width=\"91\">9-\u042418<\/td>\n<\/tr>\n<tr>\n<td width=\"110\">WPS1200<\/td>\n<td colspan=\"2\" width=\"78\">\u0424780<\/td>\n<td colspan=\"2\" width=\"82\">\u0424890<\/td>\n<td width=\"93\">\u0424835<\/td>\n<td width=\"77\">\u04241200<\/td>\n<td colspan=\"2\" width=\"54\">260<\/td>\n<td width=\"78\">130<\/td>\n<td width=\"52\">55<\/td>\n<td width=\"55\">400<\/td>\n<td width=\"91\">6-M16<\/td>\n<td width=\"91\">9-\u042418<\/td>\n<\/tr>\n<tr>\n<td width=\"110\">WPS1300<\/td>\n<td colspan=\"2\" width=\"78\">\u0424900<\/td>\n<td colspan=\"2\" width=\"82\">\u0424955<\/td>\n<td width=\"93\">\u04241010<\/td>\n<td width=\"77\">\u04241300<\/td>\n<td colspan=\"2\" width=\"54\">260<\/td>\n<td width=\"78\">130<\/td>\n<td width=\"52\">55<\/td>\n<td width=\"55\">400<\/td>\n<td width=\"91\">6-M16<\/td>\n<td width=\"91\">9-\u042418<\/td>\n<\/tr>\n<tr>\n<td colspan=\"14\" width=\"866\">Leistungsparameter<\/td>\n<\/tr>\n<tr>\n<td colspan=\"2\" width=\"154\">Spezifikationen<\/td>\n<td colspan=\"2\" width=\"95\">Maximales Eingangsdrehmoment<\/td>\n<td colspan=\"2\" width=\"114\">Maximale Spannkraft<\/td>\n<td colspan=\"2\" width=\"125\">Anti-Krallen-Klemmbereich<\/td>\n<td colspan=\"3\" width=\"136\">Positiver Klauenspannbereich<\/td>\n<td colspan=\"3\" width=\"239\">Bemerkungen<\/td>\n<\/tr>\n<tr>\n<td colspan=\"2\" width=\"154\">WPS400<\/td>\n<td colspan=\"2\" width=\"95\">300NM<\/td>\n<td colspan=\"2\" width=\"114\">55KN<\/td>\n<td colspan=\"2\" width=\"125\">\u0424120-400<\/td>\n<td colspan=\"3\" width=\"136\">\u0424120-400<\/td>\n<td colspan=\"3\" rowspan=\"8\" width=\"239\">1. Die Klauen k\u00f6nnen individuell angepasst und verl\u00e4ngert werden, der Spannbereich wird entsprechend vergr\u00f6\u00dfert.<\/p>\n<p>2. Anpassbare Vierklauen-, Sechsklauen- und unregelm\u00e4\u00dfige Mehrklauenfutter.<\/p>\n<p>3. Die Spannposition des Werkst\u00fccks \u00fcbersteigt den Futterk\u00f6rper, und das Werkst\u00fcck wird gespannt und geladen.<\/p>\n<p>Die F\u00e4higkeit wird geschw\u00e4cht<\/td>\n<\/tr>\n<tr>\n<td colspan=\"2\" width=\"154\">WPS500<\/td>\n<td colspan=\"2\" width=\"95\">300NM<\/td>\n<td colspan=\"2\" width=\"114\">60KN<\/td>\n<td colspan=\"2\" width=\"125\">\u0424150-500<\/td>\n<td colspan=\"3\" width=\"136\">\u0424150-500<\/td>\n<\/tr>\n<tr>\n<td colspan=\"2\" width=\"154\">WPS600<\/td>\n<td colspan=\"2\" width=\"95\">400NM<\/td>\n<td colspan=\"2\" width=\"114\">65KN<\/td>\n<td colspan=\"2\" width=\"125\">\u0424150-630<\/td>\n<td colspan=\"3\" width=\"136\">\u0424250-630<\/td>\n<\/tr>\n<tr>\n<td colspan=\"2\" width=\"154\">WPS700\/750<\/td>\n<td colspan=\"2\" width=\"95\">400NM<\/td>\n<td colspan=\"2\" width=\"114\">72KN<\/td>\n<td colspan=\"2\" width=\"125\">\u0424200-750<\/td>\n<td colspan=\"3\" width=\"136\">\u0424300-750<\/td>\n<\/tr>\n<tr>\n<td colspan=\"2\" width=\"154\">WPS900<\/td>\n<td colspan=\"2\" width=\"95\">400NM<\/td>\n<td colspan=\"2\" width=\"114\">75KN<\/td>\n<td colspan=\"2\" width=\"125\">\u0424200-900<\/td>\n<td colspan=\"3\" width=\"136\">\u0424400-900<\/td>\n<\/tr>\n<tr>\n<td colspan=\"2\" width=\"154\">WPS960<\/td>\n<td colspan=\"2\" width=\"95\">500NM<\/td>\n<td colspan=\"2\" width=\"114\">80KN<\/td>\n<td colspan=\"2\" width=\"125\">\u0424300-960<\/td>\n<td colspan=\"3\" width=\"136\">\u0424300-960<\/td>\n<\/tr>\n<tr>\n<td colspan=\"2\" width=\"154\">WPS1200<\/td>\n<td colspan=\"2\" width=\"95\">500NM<\/td>\n<td colspan=\"2\" width=\"114\">90KN<\/td>\n<td colspan=\"2\" width=\"125\">\u0424400-1200<\/td>\n<td colspan=\"3\" width=\"136\">\u0424400-1200<\/td>\n<\/tr>\n<tr>\n<td colspan=\"2\" width=\"154\">WPS1300<\/td>\n<td colspan=\"2\" width=\"95\">500NM<\/td>\n<td colspan=\"2\" width=\"114\">100KN<\/td>\n<td colspan=\"2\" width=\"125\">\u0424500-1300<\/td>\n<td colspan=\"3\" width=\"136\">\u0424500-1300<\/td>\n<\/tr>\n<\/tbody>\n<\/table>\n<p>&nbsp;<\/p>\n<p>&nbsp;<\/p>","protected":false},"excerpt":{"rendered":"<p>Die WPS-Serie wurde f\u00fcr Pr\u00e4zisionsschwei\u00dfanwendungen entwickelt und verf\u00fcgt \u00fcber eine automatische Zentrierung f\u00fcr Werkst\u00fccke mit einem Durchmesser von bis zu 600 mm. Die robuste Konstruktion gew\u00e4hrleistet Stabilit\u00e4t bei hoher Belastung, w\u00e4hrend der Schnellspannmechanismus die Effizienz steigert. Dieses Spannfutter ist ideal f\u00fcr die Rohrherstellung und das Schwei\u00dfen von Druckbeh\u00e4ltern und bietet eine Wiederholgenauigkeit von \u00b10,05 mm. Es ist CE-zertifiziert und mit automatisierten Systemen kompatibel und spiegelt das Engagement von WUXI ABK f\u00fcr industrielle Zuverl\u00e4ssigkeit wider.<\/p>","protected":false},"featured_media":1901,"comment_status":"open","ping_status":"closed","template":"","meta":{"_acf_changed":false},"product_brand":[],"product_cat":[21,34,29],"product_tag":[],"class_list":{"0":"post-916","1":"product","2":"type-product","3":"status-publish","4":"has-post-thumbnail","6":"product_cat-welding-automation","7":"product_cat-chuck","8":"product_cat-welding-positioner","10":"first","11":"instock","12":"shipping-taxable","13":"product-type-simple"},"acf":[],"_links":{"self":[{"href":"https:\/\/www.weldmc.com\/de\/wp-json\/wp\/v2\/product\/916","targetHints":{"allow":["GET"]}}],"collection":[{"href":"https:\/\/www.weldmc.com\/de\/wp-json\/wp\/v2\/product"}],"about":[{"href":"https:\/\/www.weldmc.com\/de\/wp-json\/wp\/v2\/types\/product"}],"replies":[{"embeddable":true,"href":"https:\/\/www.weldmc.com\/de\/wp-json\/wp\/v2\/comments?post=916"}],"wp:featuredmedia":[{"embeddable":true,"href":"https:\/\/www.weldmc.com\/de\/wp-json\/wp\/v2\/media\/1901"}],"wp:attachment":[{"href":"https:\/\/www.weldmc.com\/de\/wp-json\/wp\/v2\/media?parent=916"}],"wp:term":[{"taxonomy":"product_brand","embeddable":true,"href":"https:\/\/www.weldmc.com\/de\/wp-json\/wp\/v2\/product_brand?post=916"},{"taxonomy":"product_cat","embeddable":true,"href":"https:\/\/www.weldmc.com\/de\/wp-json\/wp\/v2\/product_cat?post=916"},{"taxonomy":"product_tag","embeddable":true,"href":"https:\/\/www.weldmc.com\/de\/wp-json\/wp\/v2\/product_tag?post=916"}],"curies":[{"name":"wp","href":"https:\/\/api.w.org\/{rel}","templated":true}]}}