{"id":891,"date":"2025-05-24T21:00:05","date_gmt":"2025-05-24T13:00:05","guid":{"rendered":"http:\/\/111.170.148.214:8095\/?post_type=product&#038;p=891"},"modified":"2025-10-13T08:50:49","modified_gmt":"2025-10-13T00:50:49","slug":"lifting-column-welding-positioner-machine-100-tons","status":"publish","type":"product","link":"https:\/\/www.weldmc.com\/de\/product\/lifting-column-welding-positioner-machine-100-tons\/","title":{"rendered":"Hebes\u00e4ule Schwei\u00dfpositioniermaschine 100 Tonnen"},"content":{"rendered":"<p>100 tons Adjustable Height Positioner Parameter table<\/p>\n<table>\n<tbody>\n<tr>\n<td colspan=\"3\" width=\"474\"><strong>Modell<\/strong><\/td>\n<td width=\"485\"><strong>L<\/strong><strong>HBJ-1<\/strong><strong>00<\/strong><\/td>\n<\/tr>\n<tr>\n<td width=\"318\"><strong>Tragf\u00e4higkeit<\/strong><\/td>\n<td width=\"78\">(KG)<\/td>\n<td width=\"77\"><\/td>\n<td width=\"485\">10000<\/td>\n<\/tr>\n<tr>\n<td width=\"318\"><strong>Rotationsgeschwindigkeit<\/strong><\/td>\n<td width=\"78\">(RPM)<\/td>\n<td width=\"77\"><\/td>\n<td width=\"485\">0.05-0.5<\/td>\n<\/tr>\n<tr>\n<td width=\"318\"><strong>\u00a0Umsatzgeschwindigkeit<\/strong><\/td>\n<td width=\"78\">(RPM)<\/td>\n<td width=\"77\"><\/td>\n<td width=\"485\">0.1<\/td>\n<\/tr>\n<tr>\n<td width=\"318\"><strong>Umschlagswinkel<\/strong><\/td>\n<td width=\"78\">(\u00b0)<\/td>\n<td width=\"77\"><\/td>\n<td width=\"485\">0-135<\/td>\n<\/tr>\n<tr>\n<td width=\"318\"><strong>Gr\u00f6\u00dfe des Arbeitstisches<\/strong><strong>\u00a0Durchmesser<\/strong><\/td>\n<td width=\"78\">(MM)<\/td>\n<td width=\"77\"><\/td>\n<td width=\"485\">1800<\/td>\n<\/tr>\n<tr>\n<td width=\"318\"><strong>Wenden <\/strong><strong>P<\/strong><strong>ower<\/strong><\/td>\n<td width=\"78\">(KW)<\/td>\n<td width=\"77\"><\/td>\n<td width=\"485\">2.2<\/td>\n<\/tr>\n<tr>\n<td width=\"318\"><strong>Umkehrung <\/strong><strong>P<\/strong><strong>ower<\/strong><\/td>\n<td width=\"78\">(KW)<\/td>\n<td width=\"77\"><\/td>\n<td width=\"485\">4<\/td>\n<\/tr>\n<tr>\n<td width=\"318\"><strong>Lifting Range<\/strong><\/td>\n<td width=\"78\">(MM)<\/td>\n<td width=\"77\"><\/td>\n<td width=\"485\">800<\/td>\n<\/tr>\n<tr>\n<td width=\"318\"><strong>Stromversorgung<\/strong><\/td>\n<td width=\"78\">(V)<\/td>\n<td width=\"77\">50Hz 3\u0278<\/td>\n<td width=\"485\">380<\/td>\n<\/tr>\n<tr>\n<td width=\"318\"><strong>Geschwindigkeitsregulierender Typ<\/strong><\/td>\n<td width=\"78\"><\/td>\n<td width=\"77\"><\/td>\n<td width=\"485\">AC-Frequenz stufenlose Drehzahlregelung<\/td>\n<\/tr>\n<tr>\n<td width=\"318\"><strong>H\u00f6he<\/strong><strong>\u00a0adjustable<\/strong><\/td>\n<td width=\"78\"><\/td>\n<td width=\"77\"><\/td>\n<td width=\"485\">By hand<\/td>\n<\/tr>\n<tr>\n<td colspan=\"4\" width=\"960\">Hinweis: Alle Angaben beziehen sich auf die Standardausr\u00fcstung, die je nach Kundenanforderung ge\u00e4ndert werden kann.<\/td>\n<\/tr>\n<\/tbody>\n<\/table>\n<p>1. Gro\u00dfw\u00e4lzlager<\/p>\n<p><img decoding=\"async\" src=\"https:\/\/www.weldmc.com\/wp-content\/uploads\/2025\/05\/Slewing-bearing.png\" alt=\"Gro\u00dfw\u00e4lzlager\" \/><\/p>\n<p>Das Gro\u00dfw\u00e4lzlager ist ein wichtiges lasttragendes Bauteil, das die relative Drehung zwischen Maschinenteilen erm\u00f6glicht und gleichzeitig Axial-, Radial- und Kippmomentkr\u00e4fte aufnimmt. Seine kompakte und leichte Konstruktion aus hochfestem legiertem Stahl gew\u00e4hrleistet einen reibungslosen Betrieb mit hoher Pr\u00e4zision (\u00b10,05\u00b0 Drehgenauigkeit) und langer Lebensdauer. Zu den wichtigsten Konfigurationen geh\u00f6ren Befestigungsbohrungen, optionale Innen-\/Au\u00dfenverzahnungen, Schmieranschl\u00fcsse und Dichtungssysteme f\u00fcr erh\u00f6hte Zuverl\u00e4ssigkeit. Mit einem Durchmesserbereich von 300-5000 mm und einer Tragf\u00e4higkeit von bis zu 50.000 kN wird es h\u00e4ufig in Baumaschinen, Windturbinen, Kr\u00e4nen und milit\u00e4rischer Ausr\u00fcstung eingesetzt. F\u00fcr spezielle Anwendungen sind Sonderausf\u00fchrungen erh\u00e4ltlich.<\/p>\n<ol start=\"2\">\n<li>Getriebe<\/li>\n<\/ol>\n<p>1). R\u00fcckw\u00e4rtsgang<\/p>\n<p><img decoding=\"async\" src=\"https:\/\/www.weldmc.com\/wp-content\/uploads\/2025\/05\/Reverse-gear.png\" alt=\"R\u00fcckw\u00e4rtsgang\" \/><\/p>\n<p>Im Allgemeinen betr\u00e4gt der Drehwinkel der Drehvorrichtung 0\u00b0bis 90\u00b0. Die Funktion der Verschiebung wird durch Drehen des Tisches erreicht.<\/p>\n<p>2). R\u00fcckw\u00e4rtsgang<\/p>\n<p><img fetchpriority=\"high\" decoding=\"async\" class=\"\" src=\"https:\/\/www.weldmc.com\/wp-content\/uploads\/2025\/05\/Reverse-gear_1.png\" alt=\"R\u00fcckw\u00e4rtsgang_1\" width=\"365\" height=\"274\" \/> <img decoding=\"async\" class=\"\" src=\"https:\/\/www.weldmc.com\/wp-content\/uploads\/2025\/05\/Reverse-gear_2.png\" alt=\"R\u00fcckw\u00e4rtsgang_2\" width=\"364\" height=\"273\" \/> <img decoding=\"async\" class=\"\" src=\"https:\/\/www.weldmc.com\/wp-content\/uploads\/2025\/05\/Reverse-gear_3.png\" alt=\"R\u00fcckw\u00e4rtsgang_3\" width=\"362\" height=\"271\" \/><\/p>\n<p>Zahnr\u00e4der sind verzahnte mechanische Komponenten, die durch das Ineinandergreifen mit anderen Getriebeelementen wie Zahnstangen, Schnecken oder zus\u00e4tzlichen Zahnr\u00e4dern ein Drehmoment \u00fcbertragen. Sie erm\u00f6glichen eine pr\u00e4zise Steuerung der Kraft\u00fcbertragung durch \u00c4nderung des Drehzahl-\/Drehmomentverh\u00e4ltnisses, Umlenkung von Bewegungswegen und Umwandlung von Bewegungsarten (z. B. rotierend in linear). Ihre ineinander greifende Verzahnung sorgt f\u00fcr eine zuverl\u00e4ssige Kraft\u00fcbertragung und erm\u00f6glicht gleichzeitig einen anpassbaren mechanischen Vorteil in verschiedenen industriellen Anwendungen.<\/p>\n<p>3. die Reduktion<\/p>\n<p><img decoding=\"async\" src=\"https:\/\/www.weldmc.com\/wp-content\/uploads\/2025\/05\/Reducer.png\" alt=\"Reduzierst\u00fcck\" \/><\/p>\n<p>Untersetzungsgetriebe sind mechanische Kraft\u00fcbertragungsvorrichtungen, die mit Hilfe von Pr\u00e4zisionsgetrieben die Eingangsdrehzahl reduzieren und gleichzeitig das Ausgangsdrehmoment proportional erh\u00f6hen, wobei das Ausgangsdrehmoment das Produkt aus Motordrehmoment und Getriebe\u00fcbersetzung ist (ohne die Nennkapazit\u00e4t des Getriebes zu \u00fcberschreiten). Diese Systeme verringern gleichzeitig das Tr\u00e4gheitsmoment der Last um das Quadrat des Untersetzungsverh\u00e4ltnisses und erm\u00f6glichen eine optimierte Leistungsumwandlung f\u00fcr verschiedene industrielle Anwendungen durch einen effizienten Getriebeeingriff.<\/p>\n<p><img decoding=\"async\" src=\"https:\/\/www.weldmc.com\/wp-content\/uploads\/2025\/05\/Motor_2.png\" alt=\"Motor_2\" \/> <img decoding=\"async\" src=\"https:\/\/www.weldmc.com\/wp-content\/uploads\/2025\/05\/Motor_1.png\" alt=\"Motor_1\" \/><\/p>\n<p class=\"ds-markdown-paragraph\"><strong>WUXI ABK 100-Ton Adjustable Height Positioner Maintenance &amp; Value Guide<\/strong><\/p>\n<p class=\"ds-markdown-paragraph\"><strong>Umfassendes Wartungsprotokoll<\/strong><br \/>\nUm eine optimale Leistung Ihres\u00a0<strong>100-ton adjustable height positioner<\/strong>, follow this three-tier maintenance program:<\/p>\n<ol start=\"1\">\n<li>\n<p class=\"ds-markdown-paragraph\"><strong>T\u00e4gliche Pflege<\/strong><\/p>\n<ul>\n<li>\n<p class=\"ds-markdown-paragraph\">Remove welding slag from the\u00a0<strong>Schwei\u00dfdrehtisch<\/strong>\u00a0Oberfl\u00e4che<\/p>\n<\/li>\n<li>\n<p class=\"ds-markdown-paragraph\">Verify lubrication levels in all\u00a0<strong>positioner gearboxes<\/strong><\/p>\n<\/li>\n<li>\n<p class=\"ds-markdown-paragraph\">Inspect electrical connections for\u00a0<strong>industrial welding equipment<\/strong>\u00a0safety<\/p>\n<\/li>\n<\/ul>\n<\/li>\n<li>\n<p class=\"ds-markdown-paragraph\"><strong>Scheduled Maintenance<\/strong><\/p>\n<ul>\n<li>\n<p class=\"ds-markdown-paragraph\">Monatliche Drehmomentpr\u00fcfungen an\u00a0<strong>Schwerlast-Stellungsregler<\/strong>\u00a0fasteners (85-95Nm)<\/p>\n<\/li>\n<li>\n<p class=\"ds-markdown-paragraph\">Quarterly inspection of\u00a0<strong>rotator drive mechanisms<\/strong><\/p>\n<\/li>\n<li>\n<p class=\"ds-markdown-paragraph\">Bi-annual safety system functional tests<\/p>\n<\/li>\n<\/ul>\n<\/li>\n<li>\n<p class=\"ds-markdown-paragraph\"><strong>J\u00e4hrliche \u00dcberholung<\/strong><\/p>\n<ul>\n<li>\n<p class=\"ds-markdown-paragraph\">Replace worn\u00a0<strong>positioner roller bearings<\/strong><\/p>\n<\/li>\n<li>\n<p class=\"ds-markdown-paragraph\">Re-lubricate all\u00a0<strong>Schwei\u00dfpositionierer<\/strong>\u00a0guide rails<\/p>\n<\/li>\n<li>\n<p class=\"ds-markdown-paragraph\">Neu kalibrieren\u00a0<strong>height adjustment system<\/strong>\u00a0(\u00b10.1mm accuracy)<\/p>\n<\/li>\n<\/ul>\n<\/li>\n<\/ol>\n<p class=\"ds-markdown-paragraph\"><strong>Critical Performance Alerts<\/strong><br \/>\nStellen Sie den Betrieb sofort ein, wenn Sie etwas entdecken:<br \/>\n\u2713 Abnormal noise from\u00a0<strong>rotator drive motors<\/strong><br \/>\n\u2713 Irregular rotation of\u00a0<strong>Schwei\u00dfdrehtisch<\/strong><br \/>\n\u2713 Fluctuations in\u00a0<strong>positioner load capacity<\/strong><\/p>\n<p class=\"ds-markdown-paragraph\"><strong>Certified Quality Assurance<\/strong><br \/>\nUnser\u00a0<strong>100-ton adjustable positioners<\/strong>\u00a0treffen:<\/p>\n<ul>\n<li>\n<p class=\"ds-markdown-paragraph\">CE-Maschinenrichtlinie 2006\/42\/EG<\/p>\n<\/li>\n<li>\n<p class=\"ds-markdown-paragraph\">ISO 9001:2015 manufacturing standards<\/p>\n<\/li>\n<li>\n<p class=\"ds-markdown-paragraph\">ASME Section VIII pressure equipment certification<\/p>\n<\/li>\n<\/ul>\n<p class=\"ds-markdown-paragraph\"><strong>Wartung Vorteile<\/strong><br \/>\n\u2714\u00a0<strong>30% verl\u00e4ngerte Nutzungsdauer<\/strong>\u00a0f\u00fcr\u00a0<strong>Industrielle Schwei\u00dfpositionierer<\/strong><br \/>\n\u2714\u00a0<strong>50% Erm\u00e4\u00dfigung<\/strong>\u00a0an ungeplanter Ausfallzeit<br \/>\n\u2714 Maintains\u00a0<strong>\u00b10,5\u00b0 Rotationsgenauigkeit<\/strong>\u00a0through 10,000+ cycles<\/p>\n<p class=\"ds-markdown-paragraph\"><strong>Innovative Features<\/strong><br \/>\nDie\u00a0<strong>WUXI ABK positioner<\/strong>\u00a0series incorporates:<\/p>\n<ul>\n<li>\n<p class=\"ds-markdown-paragraph\"><strong>Smart load monitoring<\/strong>\u00a0f\u00fcr\u00a0<strong>schwere Fabrikation<\/strong><\/p>\n<\/li>\n<li>\n<p class=\"ds-markdown-paragraph\"><strong>Modularer Aufbau<\/strong>\u00a0enabling quick\u00a0<strong>Komponentenaustausch<\/strong><\/p>\n<\/li>\n<li>\n<p class=\"ds-markdown-paragraph\"><strong>IP54-zertifiziert<\/strong>\u00a0controls for harsh environments<\/p>\n<\/li>\n<\/ul>\n<p><img decoding=\"async\" src=\"https:\/\/www.weldmc.com\/wp-content\/uploads\/2025\/05\/Product-certification.png\" alt=\"Produktzertifizierung\" \/><\/p>\n<p>Wuxi ABK Machinery Co.Ltd ist ein professioneller Hersteller von Schwei\u00dfrotatoren in China. Und unser Schwei\u00dfrotator umfasst haupts\u00e4chlich Standard-Schwei\u00dfrotator, einstellbarer Schwei\u00dfrotator und spezieller Schwei\u00dfrotator. Wir k\u00f6nnen unseren Kunden auf der ganzen Welt auch viele andere Produkte anbieten, einschlie\u00dflich Schwei\u00dfdrehtisch, Pfahlschwei\u00dfmaschine, Windturm-Produktionslinie, H-Tr\u00e4ger-Schwei\u00dflinie, Rohrschwei\u00dfausr\u00fcstung, CNC-Schneidemaschine, Schleifmaschine, Walzprofiliermaschine, Blechbiegemaschine, etc. Wir haben die ISO- und CE-Zertifizierung erhalten und bieten auch OEM-Service an.<\/p>","protected":false},"excerpt":{"rendered":"<p><strong>WUXI ABK 100-Tonnen-H\u00f6henverstellger\u00e4t<\/strong>\u00a0liefert Pr\u00e4zisionsrotation f\u00fcr die Schwerindustrie. Diese\u00a0<strong>Schwei\u00dfdrehtisch<\/strong>\u00a0Merkmale\u00a0<strong>H\u00f6henverstellung<\/strong>\u00a0(0-500mm),\u00a0<strong>\u00b10,1\u00b0 Genauigkeit<\/strong>und\u00a0<strong>100-Tonnen-Kapazit\u00e4t<\/strong>\u00a0f\u00fcr\u00a0<strong>Druckbeh\u00e4lter<\/strong>\u00a0und\u00a0<strong>Windt\u00fcrme<\/strong>. Mit\u00a0<strong>Siemens PLC-Steuerung<\/strong>\u00a0und\u00a0<strong>CE\/ISO-Zertifizierung<\/strong>gew\u00e4hrleistet sie eine stabile Leistung bei\u00a0<strong>industrielle Schwei\u00dfanwendungen<\/strong>.<\/p>","protected":false},"featured_media":2170,"comment_status":"open","ping_status":"closed","template":"","meta":{"_acf_changed":false},"product_brand":[],"product_cat":[21,33,29],"product_tag":[],"class_list":{"0":"post-891","1":"product","2":"type-product","3":"status-publish","4":"has-post-thumbnail","6":"product_cat-welding-automation","7":"product_cat-adjustable-height-positioner","8":"product_cat-welding-positioner","10":"first","11":"instock","12":"shipping-taxable","13":"product-type-simple"},"acf":[],"_links":{"self":[{"href":"https:\/\/www.weldmc.com\/de\/wp-json\/wp\/v2\/product\/891","targetHints":{"allow":["GET"]}}],"collection":[{"href":"https:\/\/www.weldmc.com\/de\/wp-json\/wp\/v2\/product"}],"about":[{"href":"https:\/\/www.weldmc.com\/de\/wp-json\/wp\/v2\/types\/product"}],"replies":[{"embeddable":true,"href":"https:\/\/www.weldmc.com\/de\/wp-json\/wp\/v2\/comments?post=891"}],"wp:featuredmedia":[{"embeddable":true,"href":"https:\/\/www.weldmc.com\/de\/wp-json\/wp\/v2\/media\/2170"}],"wp:attachment":[{"href":"https:\/\/www.weldmc.com\/de\/wp-json\/wp\/v2\/media?parent=891"}],"wp:term":[{"taxonomy":"product_brand","embeddable":true,"href":"https:\/\/www.weldmc.com\/de\/wp-json\/wp\/v2\/product_brand?post=891"},{"taxonomy":"product_cat","embeddable":true,"href":"https:\/\/www.weldmc.com\/de\/wp-json\/wp\/v2\/product_cat?post=891"},{"taxonomy":"product_tag","embeddable":true,"href":"https:\/\/www.weldmc.com\/de\/wp-json\/wp\/v2\/product_tag?post=891"}],"curies":[{"name":"wp","href":"https:\/\/api.w.org\/{rel}","templated":true}]}}