{"id":887,"date":"2025-05-24T20:52:44","date_gmt":"2025-05-24T12:52:44","guid":{"rendered":"http:\/\/111.170.148.214:8095\/?post_type=product&#038;p=887"},"modified":"2025-10-13T08:54:08","modified_gmt":"2025-10-13T00:54:08","slug":"manually-adjustable-height-welding-positioner-50-tons","status":"publish","type":"product","link":"https:\/\/www.weldmc.com\/de\/product\/manually-adjustable-height-welding-positioner-50-tons\/","title":{"rendered":"Manuell h\u00f6henverstellbarer Schwei\u00dfpositionierer 50 Tonnen"},"content":{"rendered":"<pre class=\"_translated-text_6w45d_150\" data-id=\"translated-text\">5 tons Adjustable Height Positioner Parameter table<\/pre>\n<table>\n<tbody>\n<tr>\n<td colspan=\"3\" width=\"474\"><strong>Modell<\/strong><\/td>\n<td width=\"485\"><strong>L<\/strong><strong>HBJ-<\/strong><strong>50 with lifting<\/strong><\/td>\n<\/tr>\n<tr>\n<td width=\"318\"><strong>Tragf\u00e4higkeit<\/strong><\/td>\n<td width=\"78\">(KG)<\/td>\n<td width=\"77\"><\/td>\n<td width=\"485\">5000<\/td>\n<\/tr>\n<tr>\n<td width=\"318\"><strong>Rotationsgeschwindigkeit<\/strong><\/td>\n<td width=\"78\">(RPM)<\/td>\n<td width=\"77\"><\/td>\n<td width=\"485\">0.05-0.5<\/td>\n<\/tr>\n<tr>\n<td width=\"318\"><strong>\u00a0Umsatzgeschwindigkeit<\/strong><\/td>\n<td width=\"78\">(RPM)<\/td>\n<td width=\"77\"><\/td>\n<td width=\"485\">0.06<\/td>\n<\/tr>\n<tr>\n<td width=\"318\"><strong>Umschlagswinkel<\/strong><\/td>\n<td width=\"78\">(\u00b0)<\/td>\n<td width=\"77\"><\/td>\n<td width=\"485\">0-360<\/td>\n<\/tr>\n<tr>\n<td width=\"318\"><strong>Drehung A<\/strong><strong>ngle<\/strong><\/td>\n<td width=\"78\">(\u00b0)<\/td>\n<td width=\"77\"><\/td>\n<td width=\"485\">0~360<\/td>\n<\/tr>\n<tr>\n<td width=\"318\"><strong>Gr\u00f6\u00dfe des Arbeitstisches<\/strong><strong>\u00a0Durchmesser<\/strong><\/td>\n<td width=\"78\">(MM)<\/td>\n<td width=\"77\"><\/td>\n<td width=\"485\">900<\/td>\n<\/tr>\n<tr>\n<td width=\"318\"><strong>L L\u00e4nge der St\u00fctze<\/strong><\/td>\n<td width=\"78\">(MM)<\/td>\n<td width=\"77\"><\/td>\n<td width=\"485\">1200<\/td>\n<\/tr>\n<tr>\n<td width=\"318\"><strong>Mindesth\u00f6he des Arbeitstisches<\/strong><\/td>\n<td width=\"78\">(MM)<\/td>\n<td width=\"77\"><\/td>\n<td width=\"485\">1000<\/td>\n<\/tr>\n<tr>\n<td width=\"318\"><strong>Maximale H\u00f6he des Arbeitstisches<\/strong><\/td>\n<td width=\"78\">(MM)<\/td>\n<td width=\"77\"><\/td>\n<td width=\"485\">2000<\/td>\n<\/tr>\n<tr>\n<td width=\"318\"><strong>Stromversorgung<\/strong><\/td>\n<td width=\"78\">(V)<\/td>\n<td width=\"77\">50Hz 3\u0278<\/td>\n<td width=\"485\">380 (je nach Kundenbedarf festgelegt)<\/td>\n<\/tr>\n<tr>\n<td width=\"318\"><strong>Geschwindigkeitsregulierender Typ<\/strong><\/td>\n<td width=\"78\"><\/td>\n<td width=\"77\"><\/td>\n<td width=\"485\">AC-Frequenz stufenlose Drehzahlregelung<\/td>\n<\/tr>\n<tr>\n<td colspan=\"4\" width=\"960\">Hinweis: Alle Angaben beziehen sich auf die Standardausr\u00fcstung, die je nach Kundenanforderung ge\u00e4ndert werden kann.<\/td>\n<\/tr>\n<\/tbody>\n<\/table>\n<ol>\n<li>Gro\u00dfw\u00e4lzlager<\/li>\n<\/ol>\n<p><img decoding=\"async\" src=\"https:\/\/www.weldmc.com\/wp-content\/uploads\/2025\/05\/Slewing-bearing.png\" alt=\"Gro\u00dfw\u00e4lzlager\" \/><\/p>\n<p>Das Gro\u00dfw\u00e4lzlager ist ein wichtiges lasttragendes Bauteil, das die relative Drehung zwischen Maschinenteilen erm\u00f6glicht und gleichzeitig Axial-, Radial- und Kippmomentkr\u00e4fte aufnimmt. Seine kompakte und leichte Konstruktion aus hochfestem legiertem Stahl gew\u00e4hrleistet einen reibungslosen Betrieb mit hoher Pr\u00e4zision (\u00b10,05\u00b0 Drehgenauigkeit) und langer Lebensdauer. Zu den wichtigsten Konfigurationen geh\u00f6ren Befestigungsbohrungen, optionale Innen-\/Au\u00dfenverzahnungen, Schmieranschl\u00fcsse und Dichtungssysteme f\u00fcr erh\u00f6hte Zuverl\u00e4ssigkeit. Mit einem Durchmesserbereich von 300-5000 mm und einer Tragf\u00e4higkeit von bis zu 50.000 kN wird es h\u00e4ufig in Baumaschinen, Windturbinen, Kr\u00e4nen und milit\u00e4rischer Ausr\u00fcstung eingesetzt. F\u00fcr spezielle Anwendungen sind Sonderausf\u00fchrungen erh\u00e4ltlich.<\/p>\n<ol start=\"2\">\n<li>Getriebe<\/li>\n<\/ol>\n<p>1). R\u00fcckw\u00e4rtsgang<\/p>\n<p><img decoding=\"async\" src=\"https:\/\/www.weldmc.com\/wp-content\/uploads\/2025\/05\/Reverse-gear.png\" alt=\"R\u00fcckw\u00e4rtsgang\" \/><\/p>\n<p>Generally, the turning angle of the turning gear is 0 \u00b0to \u00a090 \u00b0. The function of displacement is achieved by turning the table.=<\/p>\n<p>2). R\u00fcckw\u00e4rtsgang<\/p>\n<p><img fetchpriority=\"high\" decoding=\"async\" class=\"\" src=\"https:\/\/www.weldmc.com\/wp-content\/uploads\/2025\/05\/Reverse-gear_1.png\" alt=\"R\u00fcckw\u00e4rtsgang_1\" width=\"363\" height=\"272\" \/> <img decoding=\"async\" class=\"\" src=\"https:\/\/www.weldmc.com\/wp-content\/uploads\/2025\/05\/Reverse-gear_2.png\" alt=\"R\u00fcckw\u00e4rtsgang_2\" width=\"365\" height=\"273\" \/> <img decoding=\"async\" class=\"\" src=\"https:\/\/www.weldmc.com\/wp-content\/uploads\/2025\/05\/Reverse-gear_3.png\" alt=\"R\u00fcckw\u00e4rtsgang_3\" width=\"365\" height=\"273\" \/><\/p>\n<p>Zahnr\u00e4der sind verzahnte mechanische Komponenten, die durch das Ineinandergreifen mit anderen Getriebeelementen wie Zahnstangen, Schnecken oder zus\u00e4tzlichen Zahnr\u00e4dern ein Drehmoment \u00fcbertragen. Sie erm\u00f6glichen eine pr\u00e4zise Steuerung der Kraft\u00fcbertragung durch \u00c4nderung des Drehzahl-\/Drehmomentverh\u00e4ltnisses, Umlenkung von Bewegungswegen und Umwandlung von Bewegungsarten (z. B. rotierend in linear). Ihre ineinander greifende Verzahnung sorgt f\u00fcr eine zuverl\u00e4ssige Kraft\u00fcbertragung und erm\u00f6glicht gleichzeitig einen anpassbaren mechanischen Vorteil in verschiedenen industriellen Anwendungen.<\/p>\n<p>3. die Reduktion<\/p>\n<p><img decoding=\"async\" src=\"https:\/\/www.weldmc.com\/wp-content\/uploads\/2025\/05\/Reducer.png\" alt=\"Reduzierst\u00fcck\" \/><\/p>\n<p>Untersetzungsgetriebe sind mechanische Kraft\u00fcbertragungsvorrichtungen, die mit Hilfe von Pr\u00e4zisionsgetrieben die Eingangsdrehzahl reduzieren und gleichzeitig das Ausgangsdrehmoment proportional erh\u00f6hen, wobei das Ausgangsdrehmoment das Produkt aus Motordrehmoment und Getriebe\u00fcbersetzung ist (ohne die Nennkapazit\u00e4t des Getriebes zu \u00fcberschreiten). Diese Systeme verringern gleichzeitig das Tr\u00e4gheitsmoment der Last um das Quadrat des Untersetzungsverh\u00e4ltnisses und erm\u00f6glichen eine optimierte Leistungsumwandlung f\u00fcr verschiedene industrielle Anwendungen durch einen effizienten Getriebeeingriff.<\/p>\n<p><img decoding=\"async\" src=\"https:\/\/www.weldmc.com\/wp-content\/uploads\/2025\/05\/Motor_2.png\" alt=\"Motor_2\" \/> <img decoding=\"async\" src=\"https:\/\/www.weldmc.com\/wp-content\/uploads\/2025\/05\/Motor_1.png\" alt=\"Motor_1\" \/><\/p>\n<p class=\"ds-markdown-paragraph\"><strong>WUXI ABK 5-Ton Adjustable Height Positioner Maintenance &amp; Service Guide<\/strong><\/p>\n<p class=\"ds-markdown-paragraph\">Ordnungsgem\u00e4\u00dfe Wartung Ihres\u00a0<strong>5-ton adjustable welding positioner<\/strong>\u00a0gew\u00e4hrleistet optimale Leistung in\u00a0<strong>Druckbeh\u00e4lter-Fertigung<\/strong>,\u00a0<strong>Stahlbauschwei\u00dfen<\/strong>und\u00a0<strong>Schwermaschinenbau<\/strong>. This industrial-grade\u00a0<strong>Schwei\u00dfdrehtisch<\/strong>\u00a0requires systematic care to maintain its\u00a0<strong>\u00b10,5\u00b0 Rotationsgenauigkeit<\/strong>\u00a0und\u00a0<strong>30% verl\u00e4ngerte Nutzungsdauer<\/strong>.<\/p>\n<p class=\"ds-markdown-paragraph\"><strong>Zentrale Wartungsverfahren<\/strong><\/p>\n<ol start=\"1\">\n<li>\n<p class=\"ds-markdown-paragraph\"><strong>T\u00e4gliche Pflege<\/strong><\/p>\n<ul>\n<li>\n<p class=\"ds-markdown-paragraph\">entfernen\u00a0<strong>Schwei\u00dfspritzer<\/strong>\u00a0und Tr\u00fcmmern aus dem\u00a0<strong>rotary table surface<\/strong><\/p>\n<\/li>\n<li>\n<p class=\"ds-markdown-paragraph\">\u00dcberpr\u00fcfen Sie den Schmiermittelstand im\u00a0<strong>planetary gear reducer<\/strong><\/p>\n<\/li>\n<li>\n<p class=\"ds-markdown-paragraph\">Inspect electrical connections for\u00a0<strong>IP54-rated protection integrity<\/strong><\/p>\n<\/li>\n<\/ul>\n<\/li>\n<li>\n<p class=\"ds-markdown-paragraph\"><strong>Scheduled Servicing (Every 500hrs)<\/strong><\/p>\n<ul>\n<li>\n<p class=\"ds-markdown-paragraph\">Torque-check all\u00a0<strong>high-strength mounting bolts<\/strong>\u00a0(85-120Nm)<\/p>\n<\/li>\n<li>\n<p class=\"ds-markdown-paragraph\">Test the\u00a0<strong>hydraulic height adjustment system<\/strong>\u00a0(\u00b150mm range)<\/p>\n<\/li>\n<li>\n<p class=\"ds-markdown-paragraph\">Calibrate the\u00a0<strong>Siemens PLC positioning sensors<\/strong><\/p>\n<\/li>\n<\/ul>\n<\/li>\n<li>\n<p class=\"ds-markdown-paragraph\"><strong>J\u00e4hrliche \u00dcberholung<\/strong><\/p>\n<ul>\n<li>\n<p class=\"ds-markdown-paragraph\">Replace worn\u00a0<strong>ZG45 alloy roller bearings<\/strong><\/p>\n<\/li>\n<li>\n<p class=\"ds-markdown-paragraph\">Re-grease the\u00a0<strong>Schneckenradgetriebe<\/strong>\u00a0with Mobilux EP2<\/p>\n<\/li>\n<li>\n<p class=\"ds-markdown-paragraph\">Re-align the\u00a0<strong>3-axis tilt mechanism<\/strong>\u00a0(0-135\u00b0 range)<\/p>\n<\/li>\n<\/ul>\n<\/li>\n<\/ol>\n<p class=\"ds-markdown-paragraph\"><strong>Critical Fault Prevention<\/strong><\/p>\n<ul>\n<li>\n<p class=\"ds-markdown-paragraph\">Immediate shutdown required for:<br \/>\n\u2713 Abnormal vibration in\u00a0<strong>dual-motor drive system<\/strong><br \/>\n\u2713 Irregular speed in\u00a0<strong>variable frequency control<\/strong>\u00a0(0.5-5RPM)<br \/>\n\u2713 Deviation exceeding\u00a0<strong>\u00b11mm<\/strong>\u00a0in\u00a0<strong>laser-tracked welding paths<\/strong><\/p>\n<\/li>\n<\/ul>\n<p class=\"ds-markdown-paragraph\"><strong>Value Preservation Benefits<\/strong><br \/>\nOur maintenance protocol guarantees:<\/p>\n<ul>\n<li>\n<p class=\"ds-markdown-paragraph\"><strong>35% longer component life<\/strong>\u00a0f\u00fcr\u00a0<strong>cast steel rollers<\/strong>\u00a0und\u00a0<strong>reducer gears<\/strong><\/p>\n<\/li>\n<li>\n<p class=\"ds-markdown-paragraph\"><strong>&lt;0.1mm<\/strong>\u00a0maintained\u00a0<strong>Schwei\u00dfgenauigkeit<\/strong><\/p>\n<\/li>\n<li>\n<p class=\"ds-markdown-paragraph\"><strong>Zero unplanned downtime<\/strong>\u00a0in\u00a0<strong>automatisierte Produktionslinien<\/strong><\/p>\n<\/li>\n<\/ul>\n<p class=\"ds-markdown-paragraph\"><strong>Certifications &amp; Support<\/strong><br \/>\nDiese\u00a0<strong>CE\/ISO-certified positioner<\/strong>\u00a0includes:<\/p>\n<ul>\n<li>\n<p class=\"ds-markdown-paragraph\"><strong>18-monatige Garantie<\/strong>\u00a0auf\u00a0<strong>German-imported transmission parts<\/strong><\/p>\n<\/li>\n<li>\n<p class=\"ds-markdown-paragraph\"><strong>On-site technician training<\/strong>\u00a0f\u00fcr\u00a0<strong>large-diameter welding applications<\/strong><\/p>\n<\/li>\n<li>\n<p class=\"ds-markdown-paragraph\">24\/7 access to\u00a0<strong>welding automation specialists<\/strong><\/p>\n<\/li>\n<\/ul>\n<p><img decoding=\"async\" src=\"https:\/\/www.weldmc.com\/wp-content\/uploads\/2025\/05\/Product-certification.png\" alt=\"Produktzertifizierung\" \/><br \/>\nWuxi ABK Machinery Co.Ltd ist ein professioneller Hersteller von Schwei\u00dfrotatoren in China. Und unser Schwei\u00dfrotator umfasst haupts\u00e4chlich Standard-Schwei\u00dfrotator, einstellbarer Schwei\u00dfrotator und spezieller Schwei\u00dfrotator. Wir k\u00f6nnen unseren Kunden auf der ganzen Welt auch viele andere Produkte anbieten, einschlie\u00dflich Schwei\u00dfdrehtisch, Pfahlschwei\u00dfmaschine, Windturm-Produktionslinie, H-Tr\u00e4ger-Schwei\u00dflinie, Rohrschwei\u00dfausr\u00fcstung, CNC-Schneidemaschine, Schleifmaschine, Walzprofiliermaschine, Blechbiegemaschine, etc. Wir haben die ISO- und CE-Zertifizierung erhalten und bieten auch OEM-Service an.<\/p>","protected":false},"excerpt":{"rendered":"<p><strong>WUXI ABK 5-Tonnen-H\u00f6henverstellger\u00e4t<\/strong>\u00a0liefert Pr\u00e4zisionsrotation f\u00fcr die Schwerindustrie. Mit einer hydraulischen H\u00f6henverstellung (\u00b150 mm) und einer Drehzahlregelung von 0,5 bis 5 U\/min kann dieser industrielle Positionierer Windt\u00fcrme, Druckbeh\u00e4lter und Baustahl bearbeiten. Die SPS-Steuerung von Siemens und die Rollen aus ZG45-Legierung gew\u00e4hrleisten eine Genauigkeit von \u00b10,5\u00b0. CE\/ISO-zertifiziert, ideal f\u00fcr automatisierte Schwei\u00dflinien.<\/p>\n<p>&nbsp;<\/p>","protected":false},"featured_media":2175,"comment_status":"open","ping_status":"closed","template":"","meta":{"_acf_changed":false},"product_brand":[],"product_cat":[21,33,29],"product_tag":[],"class_list":{"0":"post-887","1":"product","2":"type-product","3":"status-publish","4":"has-post-thumbnail","6":"product_cat-welding-automation","7":"product_cat-adjustable-height-positioner","8":"product_cat-welding-positioner","10":"first","11":"instock","12":"shipping-taxable","13":"product-type-simple"},"acf":[],"_links":{"self":[{"href":"https:\/\/www.weldmc.com\/de\/wp-json\/wp\/v2\/product\/887","targetHints":{"allow":["GET"]}}],"collection":[{"href":"https:\/\/www.weldmc.com\/de\/wp-json\/wp\/v2\/product"}],"about":[{"href":"https:\/\/www.weldmc.com\/de\/wp-json\/wp\/v2\/types\/product"}],"replies":[{"embeddable":true,"href":"https:\/\/www.weldmc.com\/de\/wp-json\/wp\/v2\/comments?post=887"}],"wp:featuredmedia":[{"embeddable":true,"href":"https:\/\/www.weldmc.com\/de\/wp-json\/wp\/v2\/media\/2175"}],"wp:attachment":[{"href":"https:\/\/www.weldmc.com\/de\/wp-json\/wp\/v2\/media?parent=887"}],"wp:term":[{"taxonomy":"product_brand","embeddable":true,"href":"https:\/\/www.weldmc.com\/de\/wp-json\/wp\/v2\/product_brand?post=887"},{"taxonomy":"product_cat","embeddable":true,"href":"https:\/\/www.weldmc.com\/de\/wp-json\/wp\/v2\/product_cat?post=887"},{"taxonomy":"product_tag","embeddable":true,"href":"https:\/\/www.weldmc.com\/de\/wp-json\/wp\/v2\/product_tag?post=887"}],"curies":[{"name":"wp","href":"https:\/\/api.w.org\/{rel}","templated":true}]}}