{"id":867,"date":"2025-05-24T20:38:28","date_gmt":"2025-05-24T12:38:28","guid":{"rendered":"http:\/\/111.170.148.214:8095\/?post_type=product&#038;p=867"},"modified":"2025-10-13T15:41:23","modified_gmt":"2025-10-13T07:41:23","slug":"adjustable-height-welding-rotator-40-tons","status":"publish","type":"product","link":"https:\/\/www.weldmc.com\/de\/product\/adjustable-height-welding-rotator-40-tons\/","title":{"rendered":"H\u00f6henverstellbarer Schweissrotator 40 Tonnen"},"content":{"rendered":"<p><strong><b>Description of Adjustable Welding Rotator<\/b><\/strong><br \/>\n<strong><b>Parameter list of conventional HG<\/b><\/strong><strong><b>K-40<\/b><\/strong><strong><b>\u00a0Schwei\u00dfrotator<\/b><\/strong><\/p>\n<table>\n<tbody>\n<tr>\n<td colspan=\"2\" width=\"200\">Modell<\/td>\n<td width=\"225\">HGK-40<\/td>\n<\/tr>\n<tr>\n<td colspan=\"2\" width=\"200\">Tragf\u00e4higkeit (Tonne)<\/td>\n<td width=\"225\">40<\/td>\n<\/tr>\n<tr>\n<td colspan=\"2\" width=\"200\">Wheel diameter(mm)<\/td>\n<td width=\"225\">450<\/td>\n<\/tr>\n<tr>\n<td colspan=\"2\" width=\"200\">Wheel width(mm)<\/td>\n<td width=\"225\">220<\/td>\n<\/tr>\n<tr>\n<td rowspan=\"2\" width=\"79\">Vessel diameter<\/td>\n<td width=\"121\">MIN(mm)<\/td>\n<td width=\"225\">500<\/td>\n<\/tr>\n<tr>\n<td width=\"121\">MAX(mm)<\/td>\n<td width=\"225\">4800<\/td>\n<\/tr>\n<tr>\n<td colspan=\"2\" width=\"200\">Wheel velocity(m\/h)<\/td>\n<td width=\"225\">6-60<\/td>\n<\/tr>\n<tr>\n<td colspan=\"2\" width=\"200\">Motorleistung (kw)<\/td>\n<td width=\"225\">2*1.5<\/td>\n<\/tr>\n<\/tbody>\n<\/table>\n<p><iframe title=\"YouTube-Video-Player\" src=\"https:\/\/www.youtube.com\/embed\/3ySB5fQCjYQ?si=t_H1DNfoYxAysPvQ\" width=\"560\" height=\"315\" frameborder=\"0\" allowfullscreen=\"allowfullscreen\"><\/iframe><\/p>\n<p><strong><b>Parameterliste des konventionellen Schwei\u00dfrotators der HGK-Serie<\/b><\/strong><strong><b><br \/>\n<\/b><\/strong><b><\/b><\/p>\n<figure id=\"attachment_821\" aria-describedby=\"caption-attachment-821\" style=\"width: 1024px\" class=\"wp-caption alignnone\"><img fetchpriority=\"high\" decoding=\"async\" class=\"wp-image-821 size-full\" src=\"https:\/\/www.weldmc.com\/wp-content\/uploads\/2025\/05\/Parameter-list-of-conventional-HGK-series-welding-rotator.png\" alt=\"Adjustable Welding Rotator HGK-40\" width=\"1024\" height=\"170\" srcset=\"https:\/\/www.weldmc.com\/wp-content\/uploads\/2025\/05\/Parameter-list-of-conventional-HGK-series-welding-rotator.png 1024w, https:\/\/www.weldmc.com\/wp-content\/uploads\/2025\/05\/Parameter-list-of-conventional-HGK-series-welding-rotator-300x50.png 300w, https:\/\/www.weldmc.com\/wp-content\/uploads\/2025\/05\/Parameter-list-of-conventional-HGK-series-welding-rotator-768x128.png 768w, https:\/\/www.weldmc.com\/wp-content\/uploads\/2025\/05\/Parameter-list-of-conventional-HGK-series-welding-rotator-600x100.png 600w\" sizes=\"(max-width: 1024px) 100vw, 1024px\" \/><figcaption id=\"caption-attachment-821\" class=\"wp-caption-text\">Adjustable Welding Rotator HGK-40<\/figcaption><\/figure>\n<p class=\"ds-markdown-paragraph\"><strong>WUXI ABK 40-Ton Adjustable Height Positioner Product Introduction<\/strong><\/p>\n<p class=\"ds-markdown-paragraph\"><strong>Technical Specifications &amp; Features<\/strong><\/p>\n<p class=\"ds-markdown-paragraph\">Die\u00a0<strong>WUXI ABK 40-Ton Adjustable Height Positioner<\/strong>\u00a0ist konzipiert f\u00fcr\u00a0<strong>precision welding automation<\/strong>\u00a0in heavy industrial applications, including\u00a0<strong>Druckbeh\u00e4lter-Fertigung<\/strong>,\u00a0<strong>Produktion von Windt\u00fcrmen<\/strong>und\u00a0<strong>Schiffbau<\/strong>. Seine\u00a0<strong>heavy-duty frame<\/strong>\u00a0verwendet\u00a0<strong>box-type steel construction<\/strong>\u00a0for optimal load distribution, ensuring stability during high-capacity operations. The\u00a0<strong>precision sliding track<\/strong>\u00a0guarantees\u00a0<strong>\u00b10.1mm positioning accuracy<\/strong>, w\u00e4hrend die\u00a0<strong>quick-lock mechanism<\/strong>\u00a0provides rigid fixation for consistent weld quality.<\/p>\n<p class=\"ds-markdown-paragraph\"><strong>Leistungsstarke Walzen<\/strong><\/p>\n<ul>\n<li>\n<p class=\"ds-markdown-paragraph\"><strong>ZG45 cast steel rollers<\/strong>\u00a0(HRC 55-60 hardness) ensure\u00a0<strong>superior wear resistance<\/strong><\/p>\n<\/li>\n<li>\n<p class=\"ds-markdown-paragraph\"><strong>30-ton dynamic load capacity per roller<\/strong>\u00a0for handling\u00a0<strong>large-diameter workpieces<\/strong><\/p>\n<\/li>\n<li>\n<p class=\"ds-markdown-paragraph\">Optimized for\u00a0<strong>Stahlbauschwei\u00dfen<\/strong>\u00a0und\u00a0<strong>Schwei\u00dfen von Rohrleitungsgurten<\/strong><\/p>\n<\/li>\n<\/ul>\n<p class=\"ds-markdown-paragraph\"><strong>Advanced Drive &amp; Control System<\/strong><br \/>\nDie\u00a0<strong>dual-motor drive system<\/strong>\u00a0(2\u00d77.5kW) with\u00a0<strong>Getriebereduzierer<\/strong>\u00a0delivers smooth rotation at\u00a0<strong>0.5-5 RPM<\/strong>\u00a0(adjustable via\u00a0<strong>frequency converter<\/strong>), maintaining\u00a0<strong>\u00b12% torque synchronization<\/strong>. Zu den wichtigsten Innovationen geh\u00f6ren:<br \/>\n\u2713\u00a0<strong>Hydraulic elevation adjustment<\/strong>\u00a0(\u00b150mm range) for flexible workpiece alignment<br \/>\n\u2713\u00a0<strong>Automatische Mittellinienausrichtung<\/strong>\u00a0mit\u00a0<strong>&lt;0.5mm creep prevention<\/strong><br \/>\n\u2713\u00a0<strong>NOVO displacement sensors<\/strong>\u00a0(German-made, 0.01mm resolution) for real-time measurement (\u00b10.05% linearity)<\/p>\n<p class=\"ds-markdown-paragraph\"><strong>Smart Industrial Automation<\/strong><br \/>\nEquipped with\u00a0<strong>Siemens\/ABB PLC controls<\/strong>\u00a0und\u00a0<strong>IP65-rated protection<\/strong>diese\u00a0<strong>Schwei\u00dfpositionierer<\/strong>\u00a0Merkmale:<\/p>\n<ul>\n<li>\n<p class=\"ds-markdown-paragraph\"><strong>Axial movement monitoring<\/strong>\u00a0for error detection<\/p>\n<\/li>\n<li>\n<p class=\"ds-markdown-paragraph\"><strong>Seamless integration<\/strong>\u00a0mit\u00a0<strong>Schwei\u00dfroboter-Systeme<\/strong><\/p>\n<\/li>\n<li>\n<p class=\"ds-markdown-paragraph\"><strong>CE &amp; ISO certification<\/strong>\u00a0for global compliance<\/p>\n<\/li>\n<\/ul>\n<p class=\"ds-markdown-paragraph\"><strong>Anwendungen<\/strong><br \/>\n\u2714\u00a0<strong>Offshore platform construction<\/strong><br \/>\n\u2714\u00a0<strong>Boiler and heat exchanger manufacturing<\/strong><br \/>\n\u2714\u00a0<strong>Heavy machinery component welding<\/strong><\/p>\n<p><img decoding=\"async\" class=\"alignnone wp-image-812 size-full\" src=\"https:\/\/www.weldmc.com\/wp-content\/uploads\/2025\/05\/Adjustable-Welding-Rotator-HGK-5-Maintenance-of-Welding-Rotator-2.png\" alt=\"Adjustable Welding Rotator HGK-40\" width=\"368\" height=\"276\" srcset=\"https:\/\/www.weldmc.com\/wp-content\/uploads\/2025\/05\/Adjustable-Welding-Rotator-HGK-5-Maintenance-of-Welding-Rotator-2.png 368w, https:\/\/www.weldmc.com\/wp-content\/uploads\/2025\/05\/Adjustable-Welding-Rotator-HGK-5-Maintenance-of-Welding-Rotator-2-300x225.png 300w\" sizes=\"(max-width: 368px) 100vw, 368px\" \/><\/p>\n<p><strong><b>Wartung des Schwei\u00dfrotators<\/b><\/strong><\/p>\n<p>1. Dieses Schwei\u00dfen Rotator muss Reinigung vor dem Ingebrauch nehmen. Um Alterung zu vermeiden, sollten die Gummiwalzen von \u00d6len und hohen Temperaturen ferngehalten werden. Wenn m\u00f6glich, sollte es eine bestimmte Person zu bedienen und zu warten dieses Ger\u00e4t.<br \/>\n2. Vor dem Start sollte das Getriebe mit 30#-Motor\u00f6l gef\u00fcllt werden, was auch notwendig ist, wenn die Umgebungstemperatur unter 0\u00baC liegt.<br \/>\n3. Das \u00d6l im Untersetzungsgetriebe sollte nach dem ersten Monat vollst\u00e4ndig ausgetauscht werden, sp\u00e4ter kann das Motor\u00f6l alle sechs Monate gewechselt werden.<br \/>\n4. Das Rollenbett kann nicht als Schwei\u00dfboden verwendet werden, damit die Lager nicht besch\u00e4digt werden.<\/p>\n<p><img decoding=\"async\" class=\"alignnone wp-image-834 size-full\" src=\"https:\/\/www.weldmc.com\/wp-content\/uploads\/2025\/05\/Adjustable-Welding-Rotator.png\" alt=\"Adjustable Welding Rotator HGK-40\" width=\"1080\" height=\"810\" srcset=\"https:\/\/www.weldmc.com\/wp-content\/uploads\/2025\/05\/Adjustable-Welding-Rotator.png 1080w, https:\/\/www.weldmc.com\/wp-content\/uploads\/2025\/05\/Adjustable-Welding-Rotator-300x225.png 300w, https:\/\/www.weldmc.com\/wp-content\/uploads\/2025\/05\/Adjustable-Welding-Rotator-1024x768.png 1024w, https:\/\/www.weldmc.com\/wp-content\/uploads\/2025\/05\/Adjustable-Welding-Rotator-768x576.png 768w, https:\/\/www.weldmc.com\/wp-content\/uploads\/2025\/05\/Adjustable-Welding-Rotator-600x450.png 600w\" sizes=\"(max-width: 1080px) 100vw, 1080px\" \/><\/p>\n<p><strong>Merkmale von Welding Rotator<\/strong><\/p>\n<ol>\n<li>Der Abstand der Rollen passt sich automatisch an unterschiedliche Fassdurchmesser an.<br \/>\nDie Drehzahl ist \u00fcber eine Frequenzregelung einstellbar, was die Betriebssicherheit erh\u00f6ht.<br \/>\n3. die einfache Bedienung wird durch ein manuelles Steuerger\u00e4t gew\u00e4hrleistet.<br \/>\n4. in verschiedenen Konfigurationen erh\u00e4ltlich, einschlie\u00dflich beweglicher und anhebbarer Typen.<br \/>\n5. ein speziell entwickeltes Rollenbett bietet mehr Komfort beim Schwei\u00dfen.<br \/>\n6. die Rollen k\u00f6nnen aus verschiedenen Materialien wie schwarzem Gummi, Polyurethan und Stahl hergestellt werden.<\/li>\n<\/ol>\n<p><img loading=\"lazy\" decoding=\"async\" class=\"alignnone wp-image-832 size-full\" src=\"https:\/\/www.weldmc.com\/wp-content\/uploads\/2025\/05\/\u56fe\u72473-scaled.jpg\" alt=\"Adjustable Welding Rotator HGK-40\" width=\"2560\" height=\"1920\" srcset=\"https:\/\/www.weldmc.com\/wp-content\/uploads\/2025\/05\/\u56fe\u72473-scaled.jpg 2560w, https:\/\/www.weldmc.com\/wp-content\/uploads\/2025\/05\/\u56fe\u72473-300x225.jpg 300w, https:\/\/www.weldmc.com\/wp-content\/uploads\/2025\/05\/\u56fe\u72473-1024x768.jpg 1024w, https:\/\/www.weldmc.com\/wp-content\/uploads\/2025\/05\/\u56fe\u72473-768x576.jpg 768w, https:\/\/www.weldmc.com\/wp-content\/uploads\/2025\/05\/\u56fe\u72473-1536x1152.jpg 1536w, https:\/\/www.weldmc.com\/wp-content\/uploads\/2025\/05\/\u56fe\u72473-2048x1536.jpg 2048w, https:\/\/www.weldmc.com\/wp-content\/uploads\/2025\/05\/\u56fe\u72473-600x450.jpg 600w\" sizes=\"(max-width: 2560px) 100vw, 2560px\" \/><\/p>\n<p><strong><b>Einzelheiten zum Produkt<\/b><\/strong><\/p>\n<table>\n<tbody>\n<tr>\n<td>- Bew\u00e4hrtes Design<\/td>\n<td>- Zuverl\u00e4ssige Qualit\u00e4t<\/td>\n<\/tr>\n<tr>\n<td>- Renommierte Teile<\/td>\n<td>- Steuerung des Wechselrichters<\/td>\n<\/tr>\n<tr>\n<td>- Direktes Antriebssystem<\/td>\n<td>- Motorisiertes Fahren m\u00f6glich<\/td>\n<\/tr>\n<tr>\n<td>- Ma\u00dfgeschneidertes Design auf Bestellung<\/td>\n<td>- ERSTAUSR\u00dcSTER<\/td>\n<\/tr>\n<\/tbody>\n<\/table>\n<p><strong><b>Einf\u00fchrung der R\u00e4der<\/b><\/strong><\/p>\n<p>Polyurethan-R\u00e4der bieten au\u00dfergew\u00f6hnliche Abriebfestigkeit, vielseitige Verarbeitung, breite Anwendbarkeit und hervorragende Best\u00e4ndigkeit gegen \u00d6l, Ozon, Alterung, Strahlung und niedrige Temperaturen. Au\u00dferdem bieten sie eine starke Haftung, eine hervorragende Schall\u00fcbertragung, Biokompatibilit\u00e4t und Blutvertr\u00e4glichkeit.<\/p>\n<p><img loading=\"lazy\" decoding=\"async\" class=\"alignnone wp-image-815\" src=\"https:\/\/www.weldmc.com\/wp-content\/uploads\/2025\/05\/Adjustable-Welding-Rotator-HGK-5-Wheel-introduction-1.png\" alt=\"Adjustable Welding Rotator HGK-40\" width=\"243\" height=\"304\" srcset=\"https:\/\/www.weldmc.com\/wp-content\/uploads\/2025\/05\/Adjustable-Welding-Rotator-HGK-5-Wheel-introduction-1.png 358w, https:\/\/www.weldmc.com\/wp-content\/uploads\/2025\/05\/Adjustable-Welding-Rotator-HGK-5-Wheel-introduction-1-240x300.png 240w\" sizes=\"(max-width: 243px) 100vw, 243px\" \/> <img loading=\"lazy\" decoding=\"async\" class=\"alignnone wp-image-817\" src=\"https:\/\/www.weldmc.com\/wp-content\/uploads\/2025\/05\/Adjustable-Welding-Rotator-HGK-5-Wheel-introduction.png\" alt=\"Adjustable Welding Rotator HGK-40\" width=\"244\" height=\"306\" srcset=\"https:\/\/www.weldmc.com\/wp-content\/uploads\/2025\/05\/Adjustable-Welding-Rotator-HGK-5-Wheel-introduction.png 308w, https:\/\/www.weldmc.com\/wp-content\/uploads\/2025\/05\/Adjustable-Welding-Rotator-HGK-5-Wheel-introduction-239x300.png 239w\" sizes=\"(max-width: 244px) 100vw, 244px\" \/> <img loading=\"lazy\" decoding=\"async\" class=\"alignnone wp-image-816\" src=\"https:\/\/www.weldmc.com\/wp-content\/uploads\/2025\/05\/Adjustable-Welding-Rotator-HGK-5-Wheel-introduction-3.png\" alt=\"Adjustable Welding Rotator HGK-40\" width=\"543\" height=\"306\" srcset=\"https:\/\/www.weldmc.com\/wp-content\/uploads\/2025\/05\/Adjustable-Welding-Rotator-HGK-5-Wheel-introduction-3.png 2276w, https:\/\/www.weldmc.com\/wp-content\/uploads\/2025\/05\/Adjustable-Welding-Rotator-HGK-5-Wheel-introduction-3-300x169.png 300w, https:\/\/www.weldmc.com\/wp-content\/uploads\/2025\/05\/Adjustable-Welding-Rotator-HGK-5-Wheel-introduction-3-1024x576.png 1024w, https:\/\/www.weldmc.com\/wp-content\/uploads\/2025\/05\/Adjustable-Welding-Rotator-HGK-5-Wheel-introduction-3-768x432.png 768w, https:\/\/www.weldmc.com\/wp-content\/uploads\/2025\/05\/Adjustable-Welding-Rotator-HGK-5-Wheel-introduction-3-1536x864.png 1536w, https:\/\/www.weldmc.com\/wp-content\/uploads\/2025\/05\/Adjustable-Welding-Rotator-HGK-5-Wheel-introduction-3-2048x1152.png 2048w, https:\/\/www.weldmc.com\/wp-content\/uploads\/2025\/05\/Adjustable-Welding-Rotator-HGK-5-Wheel-introduction-3-600x337.png 600w\" sizes=\"(max-width: 543px) 100vw, 543px\" \/><\/p>\n<p><strong><b>Einf\u00fchrung des Motors<\/b><\/strong><strong><b><br \/>\n<\/b><\/strong><strong><b><img loading=\"lazy\" decoding=\"async\" class=\"alignnone wp-image-820 size-full\" src=\"https:\/\/www.weldmc.com\/wp-content\/uploads\/2025\/05\/Motor-introduction.png\" alt=\"Adjustable Welding Rotator HGK-40\" width=\"695\" height=\"521\" srcset=\"https:\/\/www.weldmc.com\/wp-content\/uploads\/2025\/05\/Motor-introduction.png 695w, https:\/\/www.weldmc.com\/wp-content\/uploads\/2025\/05\/Motor-introduction-300x225.png 300w, https:\/\/www.weldmc.com\/wp-content\/uploads\/2025\/05\/Motor-introduction-600x450.png 600w\" sizes=\"(max-width: 695px) 100vw, 695px\" \/><\/b><\/strong><\/p>\n<p><img decoding=\"async\" src=\"https:\/\/www.weldmc.com\/wp-content\/uploads\/2025\/05\/Motor_1.png\" alt=\"Motor_1\" \/><\/p>\n<p class=\"ds-markdown-paragraph\"><strong>WUXI ABK 40-Ton Adjustable Height Welding Positioner Maintenance &amp; Service Guide<\/strong><\/p>\n<p class=\"ds-markdown-paragraph\"><strong>Pre-Operation Maintenance<\/strong><br \/>\nBefore operating the\u00a0<strong>40-ton adjustable height welding positioner<\/strong>, thoroughly clean all components to remove debris. The\u00a0<strong>high-grade rubber rollers<\/strong>\u00a0must be protected from oil exposure and temperatures exceeding 60\u00b0C to prevent premature aging. Assign certified personnel for operation and maintenance to ensure optimal performance of this\u00a0<strong>industrial welding equipment<\/strong>.<\/p>\n<p class=\"ds-markdown-paragraph\"><strong>Lubrication &amp; Servicing<\/strong><\/p>\n<ul>\n<li>\n<p class=\"ds-markdown-paragraph\">Fill the\u00a0<strong>precision gear reducer<\/strong>\u00a0mit\u00a0<strong>30# Motor\u00f6l<\/strong>\u00a0(ISO VG 150 equivalent) before initial startup<\/p>\n<\/li>\n<li>\n<p class=\"ds-markdown-paragraph\">In sub-zero conditions (&lt;0\u00b0C), use\u00a0<strong>low-temperature synthetic lubricant<\/strong><\/p>\n<\/li>\n<li>\n<p class=\"ds-markdown-paragraph\">Replace oil after\u00a0<strong>30 days of operation<\/strong>dann\u00a0<strong>alle 500 Betriebsstunden<\/strong>\u00a0(or 6 months)<\/p>\n<\/li>\n<li>\n<p class=\"ds-markdown-paragraph\">F\u00fcr\u00a0<strong>heavy-duty positioners<\/strong>\u00a0handling\u00a0<strong>wind tower sections<\/strong>\u00a0oder\u00a0<strong>pressure vessel components<\/strong>, conduct monthly grease replenishment<\/p>\n<\/li>\n<\/ul>\n<p class=\"ds-markdown-paragraph\"><strong>Critical Operational Protocols<\/strong><\/p>\n<ol start=\"1\">\n<li>\n<p class=\"ds-markdown-paragraph\"><strong>Niemals<\/strong>\u00a0use the\u00a0<strong>rotator bed<\/strong>\u00a0as a welding ground \u2013 employ separate grounding clamps to protect\u00a0<strong>precision bearings<\/strong><\/p>\n<\/li>\n<li>\n<p class=\"ds-markdown-paragraph\">Monthly inspections of:<\/p>\n<ul>\n<li>\n<p class=\"ds-markdown-paragraph\"><strong>Hydraulic elevation system<\/strong>\u00a0(40-ton capacity)<\/p>\n<\/li>\n<li>\n<p class=\"ds-markdown-paragraph\"><strong>Anti-slip roller alignment<\/strong><\/p>\n<\/li>\n<li>\n<p class=\"ds-markdown-paragraph\"><strong>PLC control connections<\/strong><\/p>\n<\/li>\n<\/ul>\n<\/li>\n<\/ol>\n<p class=\"ds-markdown-paragraph\"><strong>Manufacturer Assurance<\/strong><br \/>\nWUXI ABK brings\u00a0<strong>20+ years of welding positioner expertise<\/strong>, delivering:<br \/>\n\u2713\u00a0<strong>5-400 ton capacity range<\/strong>\u00a0f\u00fcr\u00a0<strong>Beh\u00e4lterfertigung<\/strong>\u00a0und\u00a0<strong>Strukturschwei\u00dfen<\/strong><br \/>\n\u2713\u00a0<strong>CE &amp; ISO 9001 zertifiziert<\/strong>\u00a0manufacturing processes<br \/>\n\u2713\u00a0<strong>2 Jahre Garantie<\/strong>\u00a0auf\u00a0<strong>Getriebereduzierer<\/strong>\u00a0und\u00a0<strong>free wearing parts<\/strong>\u00a0replacement<br \/>\n\u2713\u00a0<strong>24\/7 technische Unterst\u00fctzung<\/strong>\u00a0f\u00fcr\u00a0<strong>offshore platform<\/strong>\u00a0und\u00a0<strong>wind turbine projects<\/strong><\/p>\n<p><img loading=\"lazy\" decoding=\"async\" class=\"alignnone wp-image-819 size-full\" src=\"https:\/\/www.weldmc.com\/wp-content\/uploads\/2025\/05\/Adjustable-Welding-Rotator-HGK.png\" alt=\"Adjustable Welding Rotator HGK-40\" width=\"1500\" height=\"1500\" srcset=\"https:\/\/www.weldmc.com\/wp-content\/uploads\/2025\/05\/Adjustable-Welding-Rotator-HGK.png 1500w, https:\/\/www.weldmc.com\/wp-content\/uploads\/2025\/05\/Adjustable-Welding-Rotator-HGK-300x300.png 300w, https:\/\/www.weldmc.com\/wp-content\/uploads\/2025\/05\/Adjustable-Welding-Rotator-HGK-1024x1024.png 1024w, https:\/\/www.weldmc.com\/wp-content\/uploads\/2025\/05\/Adjustable-Welding-Rotator-HGK-150x150.png 150w, https:\/\/www.weldmc.com\/wp-content\/uploads\/2025\/05\/Adjustable-Welding-Rotator-HGK-768x768.png 768w, https:\/\/www.weldmc.com\/wp-content\/uploads\/2025\/05\/Adjustable-Welding-Rotator-HGK-500x500.png 500w, https:\/\/www.weldmc.com\/wp-content\/uploads\/2025\/05\/Adjustable-Welding-Rotator-HGK-600x600.png 600w, https:\/\/www.weldmc.com\/wp-content\/uploads\/2025\/05\/Adjustable-Welding-Rotator-HGK-100x100.png 100w\" sizes=\"(max-width: 1500px) 100vw, 1500px\" \/><\/p>\n<p>Wuxi ABK Machinery Co.Ltd ist ein professioneller Hersteller von Schwei\u00dfrotatoren in China. Und unser Schwei\u00dfrotator umfasst haupts\u00e4chlich Standard-Schwei\u00dfrotator, einstellbarer Schwei\u00dfrotator und spezieller Schwei\u00dfrotator. Wir k\u00f6nnen unseren Kunden auf der ganzen Welt auch viele andere Produkte anbieten, einschlie\u00dflich Schwei\u00dfdrehtisch, Pfahlschwei\u00dfmaschine, Windturm-Produktionslinie, H-Tr\u00e4ger-Schwei\u00dflinie, Rohrschwei\u00dfausr\u00fcstung, CNC-Schneidemaschine, Schleifmaschine, Walzprofiliermaschine, Blechbiegemaschine, etc. Wir haben die ISO- und CE-Zertifizierung erhalten und bieten auch OEM-Service an.<\/p>\n<p>&nbsp;<\/p>","protected":false},"excerpt":{"rendered":"<p><strong>WUXI ABK 40-Tonnen verstellbarer Schwei\u00dfrotator<\/strong>\u00a0liefert Pr\u00e4zisionsrotation f\u00fcr schwere industrielle Anwendungen wie\u00a0<strong>Druckbeh\u00e4lter-Fertigung<\/strong>\u00a0und\u00a0<strong>Schwei\u00dfen von Windt\u00fcrmen<\/strong>. Mit\u00a0<strong>hydraulische H\u00f6henverstellung<\/strong>,\u00a0<strong>Anti-Rutsch-Rollen<\/strong>und\u00a0<strong>SPS-Steuerung<\/strong>diese\u00a0<strong>CE-zertifizierter Stellungsregler<\/strong>\u00a0gew\u00e4hrleistet eine stabile Leistung mit einer Genauigkeit von \u00b10,2\u00b0. Ideal f\u00fcr\u00a0<strong>Schiffbau<\/strong>\u00a0und\u00a0<strong>Baustahl<\/strong>\u00a0Projekte.<\/p>","protected":false},"featured_media":2134,"comment_status":"open","ping_status":"closed","template":"","meta":{"_acf_changed":false},"product_brand":[],"product_cat":[21,39,30],"product_tag":[],"class_list":{"0":"post-867","1":"product","2":"type-product","3":"status-publish","4":"has-post-thumbnail","6":"product_cat-welding-automation","7":"product_cat-adjustable-welding-rotator","8":"product_cat-welding-rotator","10":"first","11":"instock","12":"shipping-taxable","13":"product-type-simple"},"acf":[],"_links":{"self":[{"href":"https:\/\/www.weldmc.com\/de\/wp-json\/wp\/v2\/product\/867","targetHints":{"allow":["GET"]}}],"collection":[{"href":"https:\/\/www.weldmc.com\/de\/wp-json\/wp\/v2\/product"}],"about":[{"href":"https:\/\/www.weldmc.com\/de\/wp-json\/wp\/v2\/types\/product"}],"replies":[{"embeddable":true,"href":"https:\/\/www.weldmc.com\/de\/wp-json\/wp\/v2\/comments?post=867"}],"wp:featuredmedia":[{"embeddable":true,"href":"https:\/\/www.weldmc.com\/de\/wp-json\/wp\/v2\/media\/2134"}],"wp:attachment":[{"href":"https:\/\/www.weldmc.com\/de\/wp-json\/wp\/v2\/media?parent=867"}],"wp:term":[{"taxonomy":"product_brand","embeddable":true,"href":"https:\/\/www.weldmc.com\/de\/wp-json\/wp\/v2\/product_brand?post=867"},{"taxonomy":"product_cat","embeddable":true,"href":"https:\/\/www.weldmc.com\/de\/wp-json\/wp\/v2\/product_cat?post=867"},{"taxonomy":"product_tag","embeddable":true,"href":"https:\/\/www.weldmc.com\/de\/wp-json\/wp\/v2\/product_tag?post=867"}],"curies":[{"name":"wp","href":"https:\/\/api.w.org\/{rel}","templated":true}]}}