{"id":865,"date":"2025-05-24T20:43:16","date_gmt":"2025-05-24T12:43:16","guid":{"rendered":"http:\/\/111.170.148.214:8095\/?post_type=product&#038;p=865"},"modified":"2025-10-13T16:21:22","modified_gmt":"2025-10-13T08:21:22","slug":"einstellbare-schweispositioniereinrichtung-30-tonnen","status":"publish","type":"product","link":"https:\/\/www.weldmc.com\/de\/product\/einstellbare-schweispositioniereinrichtung-30-tonnen\/","title":{"rendered":"Einstellbare Schwei\u00dfpositioniereinrichtung 30 Tonnen"},"content":{"rendered":"<p>30 Tonnen H\u00f6henverstellbarer Positionierer Parametertisch<\/p>\n<table>\n<tbody>\n<tr>\n<td colspan=\"3\" width=\"474\"><strong>Modell<\/strong><\/td>\n<td width=\"485\"><strong>L<\/strong><strong>HBJ-<\/strong><strong>30 mit Heben<\/strong><\/td>\n<\/tr>\n<tr>\n<td width=\"318\"><strong>Tragf\u00e4higkeit<\/strong><\/td>\n<td width=\"78\">(KG)<\/td>\n<td width=\"77\"><\/td>\n<td width=\"485\">3000<\/td>\n<\/tr>\n<tr>\n<td width=\"318\"><strong>Rotationsgeschwindigkeit<\/strong><\/td>\n<td width=\"78\">(RPM)<\/td>\n<td width=\"77\"><\/td>\n<td width=\"485\">0.05-0.5<\/td>\n<\/tr>\n<tr>\n<td width=\"318\"><strong>\u00a0Umsatzgeschwindigkeit<\/strong><\/td>\n<td width=\"78\">(RPM)<\/td>\n<td width=\"77\"><\/td>\n<td width=\"485\">0.06<\/td>\n<\/tr>\n<tr>\n<td width=\"318\"><strong>Umschlagswinkel<\/strong><\/td>\n<td width=\"78\">(\u00b0)<\/td>\n<td width=\"77\"><\/td>\n<td width=\"485\">0-360<\/td>\n<\/tr>\n<tr>\n<td width=\"318\"><strong>Drehung A<\/strong><strong>ngle<\/strong><\/td>\n<td width=\"78\">(\u00b0)<\/td>\n<td width=\"77\"><\/td>\n<td width=\"485\">0~360<\/td>\n<\/tr>\n<tr>\n<td width=\"318\"><strong>Gr\u00f6\u00dfe des Arbeitstisches<\/strong><strong>\u00a0Durchmesser<\/strong><\/td>\n<td width=\"78\">(MM)<\/td>\n<td width=\"77\"><\/td>\n<td width=\"485\">600<\/td>\n<\/tr>\n<tr>\n<td width=\"318\"><strong>L L\u00e4nge der St\u00fctze<\/strong><\/td>\n<td width=\"78\">(MM)<\/td>\n<td width=\"77\"><\/td>\n<td width=\"485\">800<\/td>\n<\/tr>\n<tr>\n<td width=\"318\"><strong>Mindesth\u00f6he des Arbeitstisches<\/strong><\/td>\n<td width=\"78\">(MM)<\/td>\n<td width=\"77\"><\/td>\n<td width=\"485\">1000<\/td>\n<\/tr>\n<tr>\n<td width=\"318\"><strong>Maximale H\u00f6he des Arbeitstisches<\/strong><\/td>\n<td width=\"78\">(MM)<\/td>\n<td width=\"77\"><\/td>\n<td width=\"485\">2000<\/td>\n<\/tr>\n<tr>\n<td width=\"318\"><strong>Stromversorgung<\/strong><\/td>\n<td width=\"78\">(V)<\/td>\n<td width=\"77\">50Hz 3\u0278<\/td>\n<td width=\"485\">380 (je nach Kundenbedarf festgelegt)<\/td>\n<\/tr>\n<tr>\n<td width=\"318\"><strong>Geschwindigkeitsregulierender Typ<\/strong><\/td>\n<td width=\"78\"><\/td>\n<td width=\"77\"><\/td>\n<td width=\"485\">AC-Frequenz stufenlose Drehzahlregelung<\/td>\n<\/tr>\n<tr>\n<td colspan=\"4\" width=\"960\">Hinweis: Alle Angaben beziehen sich auf die Standardausr\u00fcstung, die je nach Kundenanforderung ge\u00e4ndert werden kann.<\/td>\n<\/tr>\n<\/tbody>\n<\/table>\n<p>1. drehbares Lager<\/p>\n<p><img fetchpriority=\"high\" decoding=\"async\" class=\"alignnone wp-image-876\" src=\"http:\/\/111.170.148.214:8095\/wp-content\/uploads\/2025\/05\/Slewing-bearing.jpg\" alt=\"Gro\u00dfw\u00e4lzlager\" width=\"800\" height=\"746\" \/><\/p>\n<p>Das Gro\u00dfw\u00e4lzlager ist ein wichtiges lasttragendes Bauteil, das die relative Drehung zwischen Maschinenteilen erm\u00f6glicht und gleichzeitig Axial-, Radial- und Kippmomentkr\u00e4fte aufnimmt. Seine kompakte und leichte Konstruktion aus hochfestem legiertem Stahl gew\u00e4hrleistet einen reibungslosen Betrieb mit hoher Pr\u00e4zision (\u00b10,05\u00b0 Drehgenauigkeit) und langer Lebensdauer. Zu den wichtigsten Konfigurationen geh\u00f6ren Befestigungsbohrungen, optionale Innen-\/Au\u00dfenverzahnungen, Schmieranschl\u00fcsse und Dichtungssysteme f\u00fcr erh\u00f6hte Zuverl\u00e4ssigkeit. Mit einem Durchmesserbereich von 300-5000 mm und einer Tragf\u00e4higkeit von bis zu 50.000 kN wird es h\u00e4ufig in Baumaschinen, Windturbinen, Kr\u00e4nen und milit\u00e4rischer Ausr\u00fcstung eingesetzt. F\u00fcr spezielle Anwendungen sind Sonderausf\u00fchrungen erh\u00e4ltlich.<\/p>\n<ol start=\"2\">\n<li>Getriebe<\/li>\n<\/ol>\n<p>1). R\u00fcckw\u00e4rtsgang<\/p>\n<p><img decoding=\"async\" class=\"alignnone wp-image-882\" src=\"http:\/\/111.170.148.214:8095\/wp-content\/uploads\/2025\/05\/Gear-2.jpg\" alt=\"Getriebe-2\" width=\"800\" height=\"601\" \/><\/p>\n<p>Im Allgemeinen betr\u00e4gt der Drehwinkel der Drehvorrichtung 0\u00b0bis 90\u00b0. Die Funktion der Verschiebung wird durch Drehen des Tisches erreicht.<\/p>\n<p>2). R\u00fcckw\u00e4rtsgang<\/p>\n<p><img decoding=\"async\" class=\"alignnone wp-image-883\" src=\"http:\/\/111.170.148.214:8095\/wp-content\/uploads\/2025\/05\/Reverse-Gear-1.jpg\" alt=\"R\u00fcckw\u00e4rtsgang-1\" width=\"800\" height=\"600\" \/> <img loading=\"lazy\" decoding=\"async\" class=\"alignnone wp-image-881\" src=\"http:\/\/111.170.148.214:8095\/wp-content\/uploads\/2025\/05\/Reverse-Gear.jpg\" alt=\"R\u00fcckw\u00e4rtsgang\" width=\"800\" height=\"600\" \/> <img loading=\"lazy\" decoding=\"async\" class=\"alignnone wp-image-878\" src=\"http:\/\/111.170.148.214:8095\/wp-content\/uploads\/2025\/05\/Gear-1.jpg\" alt=\"Getriebe-1\" width=\"800\" height=\"598\" \/><\/p>\n<p>Zahnr\u00e4der sind verzahnte mechanische Komponenten, die durch das Ineinandergreifen mit anderen Getriebeelementen wie Zahnstangen, Schnecken oder zus\u00e4tzlichen Zahnr\u00e4dern ein Drehmoment \u00fcbertragen. Sie erm\u00f6glichen eine pr\u00e4zise Steuerung der Kraft\u00fcbertragung durch \u00c4nderung des Drehzahl-\/Drehmomentverh\u00e4ltnisses, Umlenkung von Bewegungswegen und Umwandlung von Bewegungsarten (z. B. rotierend in linear). Ihre ineinander greifende Verzahnung sorgt f\u00fcr eine zuverl\u00e4ssige Kraft\u00fcbertragung und erm\u00f6glicht gleichzeitig einen anpassbaren mechanischen Vorteil in verschiedenen industriellen Anwendungen.<\/p>\n<p>3. die Reduktion<\/p>\n<p><img loading=\"lazy\" decoding=\"async\" class=\"alignnone size-full wp-image-879\" src=\"http:\/\/111.170.148.214:8095\/wp-content\/uploads\/2025\/05\/Reducer.jpg\" alt=\"Reduzierst\u00fcck\" width=\"750\" height=\"496\" \/><\/p>\n<p>Untersetzungsgetriebe sind mechanische Kraft\u00fcbertragungsvorrichtungen, die mit Hilfe von Pr\u00e4zisionsgetrieben die Eingangsdrehzahl reduzieren und gleichzeitig das Ausgangsdrehmoment proportional erh\u00f6hen, wobei das Ausgangsdrehmoment das Produkt aus Motordrehmoment und Getriebe\u00fcbersetzung ist (ohne die Nennkapazit\u00e4t des Getriebes zu \u00fcberschreiten). Diese Systeme verringern gleichzeitig das Tr\u00e4gheitsmoment der Last um das Quadrat des Untersetzungsverh\u00e4ltnisses und erm\u00f6glichen eine optimierte Leistungsumwandlung f\u00fcr verschiedene industrielle Anwendungen durch einen effizienten Getriebeeingriff.<\/p>\n<p><img loading=\"lazy\" decoding=\"async\" class=\"alignnone wp-image-875\" src=\"http:\/\/111.170.148.214:8095\/wp-content\/uploads\/2025\/05\/Motor.jpg\" alt=\"Motor\" width=\"800\" height=\"312\" \/> <img loading=\"lazy\" decoding=\"async\" class=\"alignnone wp-image-877\" src=\"http:\/\/111.170.148.214:8095\/wp-content\/uploads\/2025\/05\/Motor-1.jpg\" alt=\"Motor-1\" width=\"800\" height=\"601\" \/><\/p>\n<p class=\"ds-markdown-paragraph\"><strong>Umfassendes Wartungsprotokoll<\/strong><br \/>\nRichtige Pflege unserer\u00a0<strong>Einstellbarer 30-Tonnen-Schwei\u00dfpositionierer<\/strong>\u00a0gew\u00e4hrleistet optimale Leistung in\u00a0<strong>Druckbeh\u00e4lter-Fertigung<\/strong>,\u00a0<strong>Stahlbauschwei\u00dfen<\/strong>und\u00a0<strong>Schwermaschinenbau<\/strong>. Die t\u00e4gliche Wartung sollte die Entfernung von\u00a0<strong>Schwei\u00dfschlacke<\/strong>\u00a0Einlagen und \u00dcberpr\u00fcfung von\u00a0<strong>Schmierstoffmengen<\/strong>\u00a0in allen\u00a0<strong>Getriebereduzierer<\/strong>zusammen mit einer gr\u00fcndlichen\u00a0<strong>Elektrische Sicherheitspr\u00fcfungen<\/strong>\u00a0\u00fcber Kontrollsysteme.<\/p>\n<p class=\"ds-markdown-paragraph\">F\u00fcr\u00a0<strong>regelm\u00e4\u00dfige Wartungszyklen<\/strong>\u00a0(empfohlen alle 250 Betriebsstunden):<br \/>\n\u2713 Alles festziehen\u00a0<strong>hochfeste Bolzen<\/strong>\u00a0bis 90-110Nm Drehmoment-Spezifikationen<br \/>\n\u2713 Pr\u00fcfen\u00a0<strong>Schneckenradgetriebe<\/strong>\u00a0Komponenten f\u00fcr Verschlei\u00df<br \/>\n\u2713 Test Not-Aus und\u00a0<strong>\u00dcberlastungsschutz<\/strong>\u00a0Funktionen<\/p>\n<p class=\"ds-markdown-paragraph\"><strong>J\u00e4hrliche Tiefenpflege<\/strong>\u00a0erfordert:<\/p>\n<ul>\n<li>\n<p class=\"ds-markdown-paragraph\">Ersatz von\u00a0<strong>verschlei\u00dfanf\u00e4llige Komponenten<\/strong>\u00a0(Lager, Dichtungen)<\/p>\n<\/li>\n<li>\n<p class=\"ds-markdown-paragraph\">Vollst\u00e4ndig\u00a0<strong>Nachschmierung<\/strong>\u00a0aller beweglichen Teile mit Mobilith SHC 220-Fett<\/p>\n<\/li>\n<li>\n<p class=\"ds-markdown-paragraph\">Vollst\u00e4ndig\u00a0<strong>System-Neukalibrierung<\/strong>\u00a0um eine Positionierungsgenauigkeit von \u00b10,5\u00b0 beizubehalten<\/p>\n<\/li>\n<\/ul>\n<p class=\"ds-markdown-paragraph\"><strong>Betriebliche Sicherheitswarnungen<\/strong><br \/>\nHalten Sie den Betrieb sofort an, wenn Sie etwas entdecken:<br \/>\n-\u00a0<strong>Abnormes Ger\u00e4usch<\/strong>\u00a0von Antriebssystemen (Hinweis auf m\u00f6gliche Getriebesch\u00e4den)<br \/>\n-\u00a0<strong>Ungleichm\u00e4\u00dfige Rotation<\/strong>\u00a0(was auf Probleme mit der Rollenausrichtung hindeutet)<br \/>\n-\u00a0<strong>Elektrische St\u00f6rungen<\/strong>\u00a0im\u00a0<strong>Siemens PLC-Steuerung<\/strong>\u00a0Schnittstelle<\/p>\n<p class=\"ds-markdown-paragraph\"><strong>Bew\u00e4hrte Wartungsvorteile<\/strong><br \/>\nUnser Protokoll liefert:<br \/>\n\u2713\u00a0<strong>30% verl\u00e4ngerte Nutzungsdauer<\/strong>\u00a0f\u00fcr\u00a0<strong>Industrielle Schwei\u00dfpositionierer<\/strong><br \/>\n\u2713\u00a0<strong>50% Erm\u00e4\u00dfigung<\/strong>\u00a0an ungeplanter Ausfallzeit<br \/>\n\u2713 Konsequent\u00a0<strong>Schwei\u00dfgenauigkeit<\/strong>\u00a0(\u00b10,2 mm Wiederholbarkeit)<\/p>\n<p class=\"ds-markdown-paragraph\"><strong>Zertifizierungen &amp; Innovation<\/strong><br \/>\nAlle\u00a0<strong>ABK einstellbarer Stellungsregler<\/strong>\u00a0tr\u00e4gt:<\/p>\n<ul>\n<li>\n<p class=\"ds-markdown-paragraph\"><strong>CE- und ISO 9001-Zertifizierung<\/strong>\u00a0f\u00fcr Schwei\u00dfmaschinen<\/p>\n<\/li>\n<li>\n<p class=\"ds-markdown-paragraph\"><strong>Explosionsgesch\u00fctzte Optionen<\/strong>\u00a0(ATEX Zone 2 konform)<\/p>\n<\/li>\n<li>\n<p class=\"ds-markdown-paragraph\"><strong>IoT-f\u00e4hig<\/strong>\u00a0Schnittstellen f\u00fcr\u00a0<strong>Smart Factory-Integration<\/strong><\/p>\n<\/li>\n<\/ul>\n<p><img loading=\"lazy\" decoding=\"async\" class=\"alignnone size-full wp-image-880\" src=\"http:\/\/111.170.148.214:8095\/wp-content\/uploads\/2025\/05\/Product-certification.jpg\" alt=\"Produktzertifizierung\" width=\"832\" height=\"832\" \/><br \/>\nWuxi ABK Machinery Co.Ltd ist ein professioneller Hersteller von Schwei\u00dfrotatoren in China. Und unser Schwei\u00dfrotator umfasst haupts\u00e4chlich Standard-Schwei\u00dfrotator, einstellbarer Schwei\u00dfrotator und spezieller Schwei\u00dfrotator. Wir k\u00f6nnen unseren Kunden auf der ganzen Welt auch viele andere Produkte anbieten, einschlie\u00dflich Schwei\u00dfdrehtisch, Pfahlschwei\u00dfmaschine, Windturm-Produktionslinie, H-Tr\u00e4ger-Schwei\u00dflinie, Rohrschwei\u00dfausr\u00fcstung, CNC-Schneidemaschine, Schleifmaschine, Walzprofiliermaschine, Blechbiegemaschine, etc. Wir haben die ISO- und CE-Zertifizierung erhalten und bieten auch OEM-Service an.<\/p>","protected":false},"excerpt":{"rendered":"<p><strong>WUXI ABK 30-Tonnen-H\u00f6henverstellger\u00e4t<\/strong>\u00a0liefert Pr\u00e4zisionsrotation f\u00fcr\u00a0<strong>industrielle Schwei\u00dfanwendungen<\/strong>. Mit\u00a0<strong>hydraulische H\u00f6henverstellung<\/strong>\u00a0(300mm Reichweite) und\u00a0<strong>\u00b10,5\u00b0 Neigungsgenauigkeit<\/strong>behandelt er\u00a0<strong>Druckbeh\u00e4lter<\/strong>,\u00a0<strong>Baustahl<\/strong>und\u00a0<strong>Windturmkomponenten<\/strong>. Mit\u00a0<strong>Siemens PLC-Steuerung<\/strong>\u00a0und\u00a0<strong>Zweimotoriger Antrieb<\/strong>\u00a0(0,5-5 RPM), diese\u00a0<strong>CE-zertifizierter Stellungsregler<\/strong>\u00a0gew\u00e4hrleistet eine stabile Leistung in\u00a0<strong>schwere Fabrikation<\/strong>.<\/p>","protected":false},"featured_media":1504,"comment_status":"open","ping_status":"closed","template":"","meta":{"_acf_changed":false},"product_brand":[],"product_cat":[21,33,29],"product_tag":[],"class_list":{"0":"post-865","1":"product","2":"type-product","3":"status-publish","4":"has-post-thumbnail","6":"product_cat-welding-automation","7":"product_cat-adjustable-height-positioner","8":"product_cat-welding-positioner","10":"first","11":"instock","12":"shipping-taxable","13":"product-type-simple"},"acf":[],"_links":{"self":[{"href":"https:\/\/www.weldmc.com\/de\/wp-json\/wp\/v2\/product\/865","targetHints":{"allow":["GET"]}}],"collection":[{"href":"https:\/\/www.weldmc.com\/de\/wp-json\/wp\/v2\/product"}],"about":[{"href":"https:\/\/www.weldmc.com\/de\/wp-json\/wp\/v2\/types\/product"}],"replies":[{"embeddable":true,"href":"https:\/\/www.weldmc.com\/de\/wp-json\/wp\/v2\/comments?post=865"}],"wp:featuredmedia":[{"embeddable":true,"href":"https:\/\/www.weldmc.com\/de\/wp-json\/wp\/v2\/media\/1504"}],"wp:attachment":[{"href":"https:\/\/www.weldmc.com\/de\/wp-json\/wp\/v2\/media?parent=865"}],"wp:term":[{"taxonomy":"product_brand","embeddable":true,"href":"https:\/\/www.weldmc.com\/de\/wp-json\/wp\/v2\/product_brand?post=865"},{"taxonomy":"product_cat","embeddable":true,"href":"https:\/\/www.weldmc.com\/de\/wp-json\/wp\/v2\/product_cat?post=865"},{"taxonomy":"product_tag","embeddable":true,"href":"https:\/\/www.weldmc.com\/de\/wp-json\/wp\/v2\/product_tag?post=865"}],"curies":[{"name":"wp","href":"https:\/\/api.w.org\/{rel}","templated":true}]}}