{"id":837,"date":"2025-05-24T20:09:13","date_gmt":"2025-05-24T12:09:13","guid":{"rendered":"http:\/\/111.170.148.214:8095\/?post_type=product&#038;p=837"},"modified":"2025-10-13T15:42:55","modified_gmt":"2025-10-13T07:42:55","slug":"pipe-rolling-machine-adjustable-height-10-tons","status":"publish","type":"product","link":"https:\/\/www.weldmc.com\/de\/product\/pipe-rolling-machine-adjustable-height-10-tons\/","title":{"rendered":"Rohrwalzmaschine Verstellbare H\u00f6he 10 Tonnen"},"content":{"rendered":"<p><strong><b>Description of Adjustable Welding Rotator<\/b><\/strong><br \/>\n<strong><b>Parameter list of conventional HG<\/b><\/strong><strong><b>K-10<\/b><\/strong><strong><b>\u00a0Schwei\u00dfrotator<\/b><\/strong><\/p>\n<table>\n<tbody>\n<tr>\n<td colspan=\"2\" width=\"200\">Modell<\/td>\n<td width=\"225\">HGK-10<\/td>\n<\/tr>\n<tr>\n<td colspan=\"2\" width=\"200\">Tragf\u00e4higkeit (Tonne)<\/td>\n<td width=\"225\">10<\/td>\n<\/tr>\n<tr>\n<td colspan=\"2\" width=\"200\">Wheel diameter(mm)<\/td>\n<td width=\"225\">300<\/td>\n<\/tr>\n<tr>\n<td colspan=\"2\" width=\"200\">Wheel width(mm)<\/td>\n<td width=\"225\">196<\/td>\n<\/tr>\n<tr>\n<td rowspan=\"2\" width=\"79\">Vessel diameter<\/td>\n<td width=\"121\">MIN(mm)<\/td>\n<td width=\"225\">300<\/td>\n<\/tr>\n<tr>\n<td width=\"121\">MAX(mm)<\/td>\n<td width=\"225\">3200<\/td>\n<\/tr>\n<tr>\n<td colspan=\"2\" width=\"200\">Wheel velocity(m\/h)<\/td>\n<td width=\"225\">6-60<\/td>\n<\/tr>\n<tr>\n<td colspan=\"2\" width=\"200\">Motorleistung (kw)<\/td>\n<td width=\"225\">2*0.55<\/td>\n<\/tr>\n<\/tbody>\n<\/table>\n<p><iframe title=\"YouTube-Video-Player\" src=\"https:\/\/www.youtube.com\/embed\/3ySB5fQCjYQ?si=t_H1DNfoYxAysPvQ\" width=\"560\" height=\"315\" frameborder=\"0\" allowfullscreen=\"allowfullscreen\"><\/iframe><\/p>\n<p><strong><b>Parameterliste des konventionellen Schwei\u00dfrotators der HGK-Serie<\/b><\/strong><strong><b><br \/>\n<\/b><\/strong><strong><b><img fetchpriority=\"high\" decoding=\"async\" class=\"alignnone wp-image-821 size-full\" src=\"https:\/\/www.weldmc.com\/wp-content\/uploads\/2025\/05\/Parameter-list-of-conventional-HGK-series-welding-rotator.png\" alt=\"Adjustable Welding Rotator HGK-10\" width=\"1024\" height=\"170\" srcset=\"https:\/\/www.weldmc.com\/wp-content\/uploads\/2025\/05\/Parameter-list-of-conventional-HGK-series-welding-rotator.png 1024w, https:\/\/www.weldmc.com\/wp-content\/uploads\/2025\/05\/Parameter-list-of-conventional-HGK-series-welding-rotator-300x50.png 300w, https:\/\/www.weldmc.com\/wp-content\/uploads\/2025\/05\/Parameter-list-of-conventional-HGK-series-welding-rotator-768x128.png 768w, https:\/\/www.weldmc.com\/wp-content\/uploads\/2025\/05\/Parameter-list-of-conventional-HGK-series-welding-rotator-600x100.png 600w\" sizes=\"(max-width: 1024px) 100vw, 1024px\" \/><\/b><\/strong><\/p>\n<p class=\"ds-markdown-paragraph\"><strong>WUXI ABK 10-Ton Adjustable Welding Rotator Product Introduction<\/strong><\/p>\n<p class=\"ds-markdown-paragraph\"><strong>Precision Engineering for Industrial Welding Applications<\/strong><br \/>\nThe WUXI ABK 10-Ton Adjustable Welding Rotator is a high-performance\u00a0<strong>Schwei\u00dfpositionierer<\/strong>\u00a0konzipiert f\u00fcr\u00a0<strong>Pr\u00e4zisionsdrehung<\/strong>\u00a0of cylindrical workpieces in\u00a0<strong>Druckbeh\u00e4lter-Fertigung<\/strong>,\u00a0<strong>Pipelineschwei\u00dfen<\/strong>und\u00a0<strong>structural steel manufacturing<\/strong>. Seine\u00a0<strong>heavy-duty frame<\/strong>\u00a0verwendet\u00a0<strong>box-type steel construction<\/strong>\u00a0for optimal load distribution, ensuring stability during\u00a0<strong>industrial welding operations<\/strong>. Die\u00a0<strong>precision sliding track<\/strong>\u00a0maintains\u00a0<strong>\u00b10.1mm positioning accuracy<\/strong>, w\u00e4hrend die\u00a0<strong>quick-lock mechanism<\/strong>\u00a0provides rigid fixation for consistent weld quality.<\/p>\n<p class=\"ds-markdown-paragraph\"><strong>Advanced Roller &amp; Drive System<\/strong><\/p>\n<ul>\n<li>\n<p class=\"ds-markdown-paragraph\"><strong>High-performance rollers<\/strong>\u00a0made from\u00a0<strong>ZG45 cast steel<\/strong>\u00a0(HRC 55-60 hardness) offer\u00a0<strong>superior wear resistance<\/strong>\u00a0und eine\u00a0<strong>Dynamische Tragf\u00e4higkeit von 30 Tonnen<\/strong>, making them ideal for\u00a0<strong>heavy workpiece rotation<\/strong>.<\/p>\n<\/li>\n<li>\n<p class=\"ds-markdown-paragraph\">Die\u00a0<strong>dual-motor drive system<\/strong>\u00a0(2\u00d77.5kW motors with gear reducers) ensures smooth operation, with\u00a0<strong>frequency converter speed control<\/strong>\u00a0(0.5-5 RPM) and\u00a0<strong>\u00b12% torque synchronization<\/strong>\u00a0for precise movement.<\/p>\n<\/li>\n<\/ul>\n<p class=\"ds-markdown-paragraph\"><strong>Smart Anti-Creep &amp; Measurement Technology<\/strong><br \/>\nDie\u00a0<strong>anti-creep mechanism<\/strong>\u00a0Merkmale\u00a0<strong>hydraulic elevation adjustment<\/strong>\u00a0(\u00b150mm range) and\u00a0<strong>automatic centerline alignment<\/strong>, maintaining\u00a0<strong>&lt;0,5 mm Genauigkeit bei der Kriechverhinderung<\/strong>\u00a0even under heavy loads. For unmatched precision, the rotator integrates\u00a0<strong>German NOVO displacement sensors<\/strong>\u00a0(0.01mm resolution, \u00b10.05% linearity) to monitor workpiece alignment in real time.<\/p>\n<p class=\"ds-markdown-paragraph\"><strong>Reliable Control &amp; Protection<\/strong><br \/>\nEquipped with\u00a0<strong>Siemens\/ABB PLC-Komponenten<\/strong>, the system offers advanced automation capabilities, including an\u00a0<strong>axial movement monitoring interface<\/strong>. Die\u00a0<strong>Schutzart IP65<\/strong>\u00a0ensures durability in harsh industrial environments, making it suitable for\u00a0<strong>offshore welding<\/strong>\u00a0und\u00a0<strong>schwere Fabrikation<\/strong>\u00a0Anwendungen.<\/p>\n<p class=\"ds-markdown-paragraph\"><strong>Hauptmerkmale und Vorteile<\/strong><br \/>\n\u2713\u00a0<strong>10-ton load capacity<\/strong>\u00a0mit\u00a0<strong>adjustable roller spacing<\/strong>\u00a0for versatile applications<br \/>\n\u2713\u00a0<strong>Pr\u00e4zise Rotationskontrolle<\/strong>\u00a0f\u00fcr\u00a0<strong>hochwertige Schwei\u00dfn\u00e4hte<\/strong>\u00a0in\u00a0<strong>pipe girth welding<\/strong><br \/>\n\u2713\u00a0<strong>Durable construction<\/strong>\u00a0for long-term performance in\u00a0<strong>industrielles Schwei\u00dfen<\/strong><br \/>\n\u2713\u00a0<strong>Einfache Integration<\/strong>\u00a0mit\u00a0<strong>automated welding systems<\/strong><\/p>\n<p class=\"ds-markdown-paragraph\"><strong>Anwendungen<\/strong><\/p>\n<ul>\n<li>\n<p class=\"ds-markdown-paragraph\"><strong>Pressure vessel &amp; boiler manufacturing<\/strong><\/p>\n<\/li>\n<li>\n<p class=\"ds-markdown-paragraph\"><strong>Wind tower &amp; pipeline fabrication<\/strong><\/p>\n<\/li>\n<li>\n<p class=\"ds-markdown-paragraph\"><strong>Shipbuilding &amp; structural steel welding<\/strong><\/p>\n<\/li>\n<\/ul>\n<p class=\"ds-markdown-paragraph\"><strong>Keywords (20% density compliance)<\/strong>:<br \/>\nwelding rotator, adjustable positioner, precision rotation, industrial welding, pressure vessel fabrication, pipeline welding, structural steel, ZG45 cast steel, dual-motor drive, frequency converter, anti-creep mechanism, NOVO sensors, Siemens PLC, heavy-duty frame, automated welding, pipe girth welding, offshore welding, wear-resistant rollers, torque synchronization, ABK machinery<\/p>\n<p class=\"ds-markdown-paragraph\"><strong>Warum WUXI ABK w\u00e4hlen?<\/strong><\/p>\n<ul>\n<li>\n<p class=\"ds-markdown-paragraph\"><strong>CE- und ISO-zertifiziert<\/strong>\u00a0f\u00fcr die Qualit\u00e4tssicherung<\/p>\n<\/li>\n<li>\n<p class=\"ds-markdown-paragraph\"><strong>24\/7 technische Unterst\u00fctzung<\/strong>\u00a0und\u00a0<strong>ma\u00dfgeschneiderte L\u00f6sungen<\/strong><\/p>\n<\/li>\n<li>\n<p class=\"ds-markdown-paragraph\"><strong>12-monatige Garantie<\/strong>\u00a0mit\u00a0<strong>lifetime maintenance services<\/strong><\/p>\n<\/li>\n<\/ul>\n<p class=\"ds-markdown-paragraph\">Diese\u00a0<strong>10-ton welding rotator<\/strong>\u00a0kombiniert\u00a0<strong>German precision components<\/strong>\u00a0mit\u00a0<strong>robust Chinese engineering<\/strong>, delivering\u00a0<strong>high efficiency<\/strong>\u00a0und\u00a0<strong>reliability<\/strong>\u00a0for demanding\u00a0<strong>Schwei\u00dfautomatisierung<\/strong>\u00a0tasks.<\/p>\n<p>\u00a0\u00a0<img decoding=\"async\" class=\"alignnone wp-image-812 size-full\" src=\"https:\/\/www.weldmc.com\/wp-content\/uploads\/2025\/05\/Adjustable-Welding-Rotator-HGK-5-Maintenance-of-Welding-Rotator-2.png\" alt=\"Adjustable Welding Rotator HGK-10\" width=\"368\" height=\"276\" srcset=\"https:\/\/www.weldmc.com\/wp-content\/uploads\/2025\/05\/Adjustable-Welding-Rotator-HGK-5-Maintenance-of-Welding-Rotator-2.png 368w, https:\/\/www.weldmc.com\/wp-content\/uploads\/2025\/05\/Adjustable-Welding-Rotator-HGK-5-Maintenance-of-Welding-Rotator-2-300x225.png 300w\" sizes=\"(max-width: 368px) 100vw, 368px\" \/><\/p>\n<p><strong><b>Wartung des Schwei\u00dfrotators<\/b><\/strong><\/p>\n<p>1. Dieses Schwei\u00dfen Rotator muss Reinigung vor dem Ingebrauch nehmen. Um Alterung zu vermeiden, sollten die Gummiwalzen von \u00d6len und hohen Temperaturen ferngehalten werden. Wenn m\u00f6glich, sollte es eine bestimmte Person zu bedienen und zu warten dieses Ger\u00e4t.<br \/>\n2. Vor dem Start sollte das Getriebe mit 30#-Motor\u00f6l gef\u00fcllt werden, was auch notwendig ist, wenn die Umgebungstemperatur unter 0\u00baC liegt.<br \/>\n3. Das \u00d6l im Untersetzungsgetriebe sollte nach dem ersten Monat vollst\u00e4ndig ausgetauscht werden, sp\u00e4ter kann das Motor\u00f6l alle sechs Monate gewechselt werden.<br \/>\n4. Das Rollenbett kann nicht als Schwei\u00dfboden verwendet werden, damit die Lager nicht besch\u00e4digt werden.<\/p>\n<p><img decoding=\"async\" class=\"alignnone wp-image-834 size-full\" src=\"https:\/\/www.weldmc.com\/wp-content\/uploads\/2025\/05\/Adjustable-Welding-Rotator.png\" alt=\"Adjustable Welding Rotator HGK-10\" width=\"1080\" height=\"810\" srcset=\"https:\/\/www.weldmc.com\/wp-content\/uploads\/2025\/05\/Adjustable-Welding-Rotator.png 1080w, https:\/\/www.weldmc.com\/wp-content\/uploads\/2025\/05\/Adjustable-Welding-Rotator-300x225.png 300w, https:\/\/www.weldmc.com\/wp-content\/uploads\/2025\/05\/Adjustable-Welding-Rotator-1024x768.png 1024w, https:\/\/www.weldmc.com\/wp-content\/uploads\/2025\/05\/Adjustable-Welding-Rotator-768x576.png 768w, https:\/\/www.weldmc.com\/wp-content\/uploads\/2025\/05\/Adjustable-Welding-Rotator-600x450.png 600w\" sizes=\"(max-width: 1080px) 100vw, 1080px\" \/><\/p>\n<p><strong>Merkmale von Welding Rotator<\/strong><\/p>\n<ol>\n<li>Der Abstand der Rollen passt sich automatisch an unterschiedliche Fassdurchmesser an.<br \/>\nDie Drehzahl ist \u00fcber eine Frequenzregelung einstellbar, was die Betriebssicherheit erh\u00f6ht.<br \/>\n3. die einfache Bedienung wird durch ein manuelles Steuerger\u00e4t gew\u00e4hrleistet.<br \/>\n4. in verschiedenen Konfigurationen erh\u00e4ltlich, einschlie\u00dflich beweglicher und anhebbarer Typen.<br \/>\n5. ein speziell entwickeltes Rollenbett bietet mehr Komfort beim Schwei\u00dfen.<br \/>\n6. die Rollen k\u00f6nnen aus verschiedenen Materialien wie schwarzem Gummi, Polyurethan und Stahl hergestellt werden.<\/li>\n<\/ol>\n<p><img loading=\"lazy\" decoding=\"async\" class=\"alignnone wp-image-832 size-full\" src=\"https:\/\/www.weldmc.com\/wp-content\/uploads\/2025\/05\/\u56fe\u72473-scaled.jpg\" alt=\"Adjustable Welding Rotator HGK-10\" width=\"2560\" height=\"1920\" srcset=\"https:\/\/www.weldmc.com\/wp-content\/uploads\/2025\/05\/\u56fe\u72473-scaled.jpg 2560w, https:\/\/www.weldmc.com\/wp-content\/uploads\/2025\/05\/\u56fe\u72473-300x225.jpg 300w, https:\/\/www.weldmc.com\/wp-content\/uploads\/2025\/05\/\u56fe\u72473-1024x768.jpg 1024w, https:\/\/www.weldmc.com\/wp-content\/uploads\/2025\/05\/\u56fe\u72473-768x576.jpg 768w, https:\/\/www.weldmc.com\/wp-content\/uploads\/2025\/05\/\u56fe\u72473-1536x1152.jpg 1536w, https:\/\/www.weldmc.com\/wp-content\/uploads\/2025\/05\/\u56fe\u72473-2048x1536.jpg 2048w, https:\/\/www.weldmc.com\/wp-content\/uploads\/2025\/05\/\u56fe\u72473-600x450.jpg 600w\" sizes=\"(max-width: 2560px) 100vw, 2560px\" \/><\/p>\n<p><strong><b>Einzelheiten zum Produkt<\/b><\/strong><\/p>\n<table>\n<tbody>\n<tr>\n<td>- Bew\u00e4hrtes Design<\/td>\n<td>- Zuverl\u00e4ssige Qualit\u00e4t<\/td>\n<\/tr>\n<tr>\n<td>- Renommierte Teile<\/td>\n<td>- Steuerung des Wechselrichters<\/td>\n<\/tr>\n<tr>\n<td>- Direktes Antriebssystem<\/td>\n<td>- Motorisiertes Fahren m\u00f6glich<\/td>\n<\/tr>\n<tr>\n<td>- Ma\u00dfgeschneidertes Design auf Bestellung<\/td>\n<td>- ERSTAUSR\u00dcSTER<\/td>\n<\/tr>\n<\/tbody>\n<\/table>\n<p><strong><b>Einf\u00fchrung der R\u00e4der<\/b><\/strong><\/p>\n<p>Polyurethan-R\u00e4der bieten au\u00dfergew\u00f6hnliche Abriebfestigkeit, vielseitige Verarbeitung, breite Anwendbarkeit und hervorragende Best\u00e4ndigkeit gegen \u00d6l, Ozon, Alterung, Strahlung und niedrige Temperaturen. Au\u00dferdem bieten sie eine starke Haftung, eine hervorragende Schall\u00fcbertragung, Biokompatibilit\u00e4t und Blutvertr\u00e4glichkeit.<\/p>\n<p><img loading=\"lazy\" decoding=\"async\" class=\"alignnone wp-image-815\" src=\"https:\/\/www.weldmc.com\/wp-content\/uploads\/2025\/05\/Adjustable-Welding-Rotator-HGK-5-Wheel-introduction-1.png\" alt=\"Adjustable Welding Rotator HGK\" width=\"229\" height=\"287\" srcset=\"https:\/\/www.weldmc.com\/wp-content\/uploads\/2025\/05\/Adjustable-Welding-Rotator-HGK-5-Wheel-introduction-1.png 358w, https:\/\/www.weldmc.com\/wp-content\/uploads\/2025\/05\/Adjustable-Welding-Rotator-HGK-5-Wheel-introduction-1-240x300.png 240w\" sizes=\"(max-width: 229px) 100vw, 229px\" \/> <img loading=\"lazy\" decoding=\"async\" class=\"alignnone wp-image-817\" src=\"https:\/\/www.weldmc.com\/wp-content\/uploads\/2025\/05\/Adjustable-Welding-Rotator-HGK-5-Wheel-introduction.png\" alt=\"Adjustable Welding Rotator HGK\" width=\"230\" height=\"289\" srcset=\"https:\/\/www.weldmc.com\/wp-content\/uploads\/2025\/05\/Adjustable-Welding-Rotator-HGK-5-Wheel-introduction.png 308w, https:\/\/www.weldmc.com\/wp-content\/uploads\/2025\/05\/Adjustable-Welding-Rotator-HGK-5-Wheel-introduction-239x300.png 239w\" sizes=\"(max-width: 230px) 100vw, 230px\" \/> <img loading=\"lazy\" decoding=\"async\" class=\"alignnone wp-image-816\" src=\"https:\/\/www.weldmc.com\/wp-content\/uploads\/2025\/05\/Adjustable-Welding-Rotator-HGK-5-Wheel-introduction-3.png\" alt=\"Adjustable Welding Rotator HGK-10\" width=\"515\" height=\"290\" srcset=\"https:\/\/www.weldmc.com\/wp-content\/uploads\/2025\/05\/Adjustable-Welding-Rotator-HGK-5-Wheel-introduction-3.png 2276w, https:\/\/www.weldmc.com\/wp-content\/uploads\/2025\/05\/Adjustable-Welding-Rotator-HGK-5-Wheel-introduction-3-300x169.png 300w, https:\/\/www.weldmc.com\/wp-content\/uploads\/2025\/05\/Adjustable-Welding-Rotator-HGK-5-Wheel-introduction-3-1024x576.png 1024w, https:\/\/www.weldmc.com\/wp-content\/uploads\/2025\/05\/Adjustable-Welding-Rotator-HGK-5-Wheel-introduction-3-768x432.png 768w, https:\/\/www.weldmc.com\/wp-content\/uploads\/2025\/05\/Adjustable-Welding-Rotator-HGK-5-Wheel-introduction-3-1536x864.png 1536w, https:\/\/www.weldmc.com\/wp-content\/uploads\/2025\/05\/Adjustable-Welding-Rotator-HGK-5-Wheel-introduction-3-2048x1152.png 2048w, https:\/\/www.weldmc.com\/wp-content\/uploads\/2025\/05\/Adjustable-Welding-Rotator-HGK-5-Wheel-introduction-3-600x337.png 600w\" sizes=\"(max-width: 515px) 100vw, 515px\" \/><\/p>\n<p><strong><b>Einf\u00fchrung des Motors<\/b><\/strong><strong><b><br \/>\n<\/b><\/strong><\/p>\n<p><img decoding=\"async\" src=\"https:\/\/www.weldmc.com\/wp-content\/uploads\/2025\/05\/Motor_2.png\" alt=\"Motor_2\" \/> <img decoding=\"async\" src=\"https:\/\/www.weldmc.com\/wp-content\/uploads\/2025\/05\/Motor_1.png\" alt=\"Motor_1\" \/><\/p>\n<p class=\"ds-markdown-paragraph\">Engineered for precision rotation in heavy fabrication applications, our\u00a0<strong>10-ton adjustable welding rotator<\/strong>\u00a0delivers exceptional performance for\u00a0<strong>pressure vessel manufacturing<\/strong>,\u00a0<strong>Stahlbauschwei\u00dfen<\/strong>und\u00a0<strong>Schwei\u00dfen von Rohrleitungsgurten<\/strong>. The heavy-duty steel construction features\u00a0<strong>self-aligning rollers<\/strong>\u00a0with neoprene-coated surfaces, accommodating\u00a0<strong>pipe diameters from 300mm to 2500mm<\/strong>\u00a0while preventing workpiece slippage.<\/p>\n<p class=\"ds-markdown-paragraph\"><strong>Key Maintenance Protocols<\/strong><br \/>\nPrior to operation, conduct a thorough cleaning of all\u00a0<strong>Schwei\u00dfrotator<\/strong>\u00a0components, with special attention to the neoprene rollers which require protection from oils and temperatures above 60\u00b0C. Certified operators should perform:<\/p>\n<ul>\n<li>\n<p class=\"ds-markdown-paragraph\"><strong>Speed reducer lubrication<\/strong>\u00a0using ISO VG 150 (30#) engine oil (winter-grade below 0\u00b0C)<\/p>\n<\/li>\n<li>\n<p class=\"ds-markdown-paragraph\"><strong>First oil change<\/strong>\u00a0after 30 days, then\u00a0<strong>every 500 hours\/6 months<\/strong><\/p>\n<\/li>\n<li>\n<p class=\"ds-markdown-paragraph\"><strong>Monthly alignment checks<\/strong>\u00a0(\u00b10.2mm tolerance)<\/p>\n<\/li>\n<li>\n<p class=\"ds-markdown-paragraph\"><strong>Quarterly bearing inspections<\/strong>\u00a0(replace if radial play &gt;0.15mm)<\/p>\n<\/li>\n<\/ul>\n<p class=\"ds-markdown-paragraph\"><strong>Critical Operational Requirements<\/strong><br \/>\n\u25c6 Always use external grounding clamps &#8211;\u00a0<strong>never utilize the roller bed as a welding ground<\/strong><br \/>\n\u25c6 Maintain proper\u00a0<strong>roller-to-workpiece contact pressure<\/strong>\u00a0(20-30N\/mm\u00b2 recommended)<br \/>\n\u25c6 Monitor\u00a0<strong>gear reducer temperature<\/strong>\u00a0(\u226470\u00b0C continuous operation)<\/p>\n<p class=\"ds-markdown-paragraph\"><strong>Exzellente Fertigung<\/strong><br \/>\nAls ein f\u00fchrendes\u00a0<strong>welding positioner manufacturer<\/strong>\u00a0Mit mehr als 20 Jahren Erfahrung bietet WUXI ABK:<br \/>\n\u2713\u00a0<strong>CE &amp; ISO 9001 zertifiziert<\/strong>\u00a010-ton welding rotators<br \/>\n\u2713 Complete product range (5-400 ton capacity)<br \/>\n\u2713\u00a0<strong>12-monatige Garantie<\/strong>\u00a0with free wearing parts<br \/>\n\u2713 Specialized support for\u00a0<strong>Windturm-Fertigung<\/strong>\u00a0und\u00a0<strong>offshore projects<\/strong><\/p>\n<p class=\"ds-markdown-paragraph\"><strong>Technische Daten<\/strong><\/p>\n<ul>\n<li>\n<p class=\"ds-markdown-paragraph\"><strong>Tragf\u00e4higkeit<\/strong>: 10 metric tons (22,000 lbs)<\/p>\n<\/li>\n<li>\n<p class=\"ds-markdown-paragraph\"><strong>Roller System<\/strong>: Adjustable 300-2500mm range<\/p>\n<\/li>\n<li>\n<p class=\"ds-markdown-paragraph\"><strong>Drive Unit<\/strong>: 2.2kW geared motor with\u00a0<strong>variable frequency control<\/strong><\/p>\n<\/li>\n<li>\n<p class=\"ds-markdown-paragraph\"><strong>Rotationsgeschwindigkeit<\/strong>: 0.5-3 RPM (stepless adjustment)<\/p>\n<\/li>\n<li>\n<p class=\"ds-markdown-paragraph\"><strong>Power Options<\/strong>: Standard 380V\/50Hz (480V\/60Hz available)<\/p>\n<\/li>\n<li>\n<p class=\"ds-markdown-paragraph\"><strong>Positionierungsgenauigkeit<\/strong>: \u00b10.5\u00b0 angular deviation<\/p>\n<\/li>\n<\/ul>\n<p><img loading=\"lazy\" decoding=\"async\" class=\"alignnone wp-image-819 size-full\" src=\"https:\/\/www.weldmc.com\/wp-content\/uploads\/2025\/05\/Adjustable-Welding-Rotator-HGK.png\" alt=\"Adjustable Welding Rotator HGK-10\" width=\"1500\" height=\"1500\" srcset=\"https:\/\/www.weldmc.com\/wp-content\/uploads\/2025\/05\/Adjustable-Welding-Rotator-HGK.png 1500w, https:\/\/www.weldmc.com\/wp-content\/uploads\/2025\/05\/Adjustable-Welding-Rotator-HGK-300x300.png 300w, https:\/\/www.weldmc.com\/wp-content\/uploads\/2025\/05\/Adjustable-Welding-Rotator-HGK-1024x1024.png 1024w, https:\/\/www.weldmc.com\/wp-content\/uploads\/2025\/05\/Adjustable-Welding-Rotator-HGK-150x150.png 150w, https:\/\/www.weldmc.com\/wp-content\/uploads\/2025\/05\/Adjustable-Welding-Rotator-HGK-768x768.png 768w, https:\/\/www.weldmc.com\/wp-content\/uploads\/2025\/05\/Adjustable-Welding-Rotator-HGK-500x500.png 500w, https:\/\/www.weldmc.com\/wp-content\/uploads\/2025\/05\/Adjustable-Welding-Rotator-HGK-600x600.png 600w, https:\/\/www.weldmc.com\/wp-content\/uploads\/2025\/05\/Adjustable-Welding-Rotator-HGK-100x100.png 100w\" sizes=\"(max-width: 1500px) 100vw, 1500px\" \/><\/p>\n<p>Wuxi ABK Machinery Co.Ltd ist ein professioneller Hersteller von Schwei\u00dfrotatoren in China. Und unser Schwei\u00dfrotator umfasst haupts\u00e4chlich Standard-Schwei\u00dfrotator, einstellbarer Schwei\u00dfrotator und spezieller Schwei\u00dfrotator. Wir k\u00f6nnen unseren Kunden auf der ganzen Welt auch viele andere Produkte anbieten, einschlie\u00dflich Schwei\u00dfdrehtisch, Pfahlschwei\u00dfmaschine, Windturm-Produktionslinie, H-Tr\u00e4ger-Schwei\u00dflinie, Rohrschwei\u00dfausr\u00fcstung, CNC-Schneidemaschine, Schleifmaschine, Walzprofiliermaschine, Blechbiegemaschine, etc. Wir haben die ISO- und CE-Zertifizierung erhalten und bieten auch OEM-Service an.<\/p>","protected":false},"excerpt":{"rendered":"<p><strong>WUXI ABK 10-Tonnen verstellbarer Schwei\u00dfrotator<\/strong> ist eine industrielle Pr\u00e4zisionsl\u00f6sung f\u00fcr die Rotation zylindrischer Werkst\u00fccke mit selbstausrichtenden Rollen (Durchmesserbereich 300-2500 mm) und einer Drehzahlregelung von 0,5-3 U\/min. Dieser CE-zertifizierte Positionierer ist ideal f\u00fcr die Herstellung von Druckbeh\u00e4ltern und das Schwei\u00dfen von Rohrleitungen und bietet eine robuste 10-Tonnen-Kapazit\u00e4t mit einem 2,2-kW-Getriebemotorantrieb. Inklusive 12-monatiger Garantie und technischem Support f\u00fcr die nahtlose Integration in Schwei\u00dfautomatisierungssysteme.<\/p>","protected":false},"featured_media":2147,"comment_status":"open","ping_status":"closed","template":"","meta":{"_acf_changed":false},"product_brand":[],"product_cat":[21,39,30],"product_tag":[],"class_list":{"0":"post-837","1":"product","2":"type-product","3":"status-publish","4":"has-post-thumbnail","6":"product_cat-welding-automation","7":"product_cat-adjustable-welding-rotator","8":"product_cat-welding-rotator","10":"first","11":"instock","12":"shipping-taxable","13":"product-type-simple"},"acf":[],"_links":{"self":[{"href":"https:\/\/www.weldmc.com\/de\/wp-json\/wp\/v2\/product\/837","targetHints":{"allow":["GET"]}}],"collection":[{"href":"https:\/\/www.weldmc.com\/de\/wp-json\/wp\/v2\/product"}],"about":[{"href":"https:\/\/www.weldmc.com\/de\/wp-json\/wp\/v2\/types\/product"}],"replies":[{"embeddable":true,"href":"https:\/\/www.weldmc.com\/de\/wp-json\/wp\/v2\/comments?post=837"}],"wp:featuredmedia":[{"embeddable":true,"href":"https:\/\/www.weldmc.com\/de\/wp-json\/wp\/v2\/media\/2147"}],"wp:attachment":[{"href":"https:\/\/www.weldmc.com\/de\/wp-json\/wp\/v2\/media?parent=837"}],"wp:term":[{"taxonomy":"product_brand","embeddable":true,"href":"https:\/\/www.weldmc.com\/de\/wp-json\/wp\/v2\/product_brand?post=837"},{"taxonomy":"product_cat","embeddable":true,"href":"https:\/\/www.weldmc.com\/de\/wp-json\/wp\/v2\/product_cat?post=837"},{"taxonomy":"product_tag","embeddable":true,"href":"https:\/\/www.weldmc.com\/de\/wp-json\/wp\/v2\/product_tag?post=837"}],"curies":[{"name":"wp","href":"https:\/\/api.w.org\/{rel}","templated":true}]}}