{"id":833,"date":"2025-05-24T20:00:39","date_gmt":"2025-05-24T12:00:39","guid":{"rendered":"http:\/\/111.170.148.214:8095\/?post_type=product&#038;p=833"},"modified":"2025-10-14T13:34:58","modified_gmt":"2025-10-14T05:34:58","slug":"3-achsen-schweispositionierer-3-tonnen","status":"publish","type":"product","link":"https:\/\/www.weldmc.com\/de\/product\/3-achsen-schweispositionierer-3-tonnen\/","title":{"rendered":"3-Achsen-Schwei\u00dfpositionierer 3 Tonnen"},"content":{"rendered":"<p>3 Tonnen 3-Achsen-Stellungsregler Parametertabelle<\/p>\n<p>&nbsp;<\/p>\n<p><img decoding=\"async\" src=\"https:\/\/www.weldmc.com\/wp-content\/uploads\/2025\/05\/3-Tons-3-Axis-Positioner-Parameter-Table.png\" alt=\"3 Tonnen 3-Achsen-Stellungsregler Parametertabelle\" \/><\/p>\n<p class=\"ds-markdown-paragraph\">Die\u00a0<strong>WUXI ABK 3-Tonnen 3-Achsen-Stellungsregler<\/strong>\u00a0ist ein hochpr\u00e4zises industrielles Schwei\u00dfger\u00e4t, das f\u00fcr komplexe Fertigungsaufgaben entwickelt wurde und Folgendes bietet\u00a0<strong>Drei-Achsen-Synchronbewegung<\/strong>\u00a0mit Dreh- (180\u00b0), Rotations- (360\u00b0 kontinuierlich) und Neigungsm\u00f6glichkeiten (0-90\u00b0). Sein\u00a0<strong>\u00b10,05 mm Positioniergenauigkeit<\/strong>\u00a0und\u00a0<strong>0,02 mm Wiederholbarkeit<\/strong>\u00a0gew\u00e4hrleisten eine hervorragende Schwei\u00dfqualit\u00e4t f\u00fcr\u00a0<strong>Schwei\u00dfroboter-Systeme<\/strong>\u00a0und\u00a0<strong>automatisierte Produktionslinien<\/strong>.<\/p>\n<p class=\"ds-markdown-paragraph\"><strong>Strukturelle Vorteile<\/strong><br \/>\nGebaut mit einer\u00a0<strong>hochbelastbarer Guss-Sockel<\/strong>diese\u00a0<strong>Schwei\u00dfpositionierer<\/strong>\u00a0unterst\u00fctzt dynamische Lasten bis zu\u00a0<strong>5 Tonnen<\/strong>, verst\u00e4rkt mit\u00a0<strong>Japan THK-Linearf\u00fchrungen<\/strong>\u00a0und\u00a0<strong>Deutschland SEW-Reduzierer<\/strong>\u00a0f\u00fcr un\u00fcbertroffene Stabilit\u00e4t. Die\u00a0<strong>intelligentes Sicherheitssystem<\/strong>\u00a0Merkmale\u00a0<strong>\u00dcberlast-Autoabschaltung<\/strong>\u00a0und\u00a0<strong>Notbremsung (&lt;0,1s Reaktionszeit)<\/strong>und damit ideal f\u00fcr\u00a0<strong>risikoreiche Schwei\u00dfumgebungen<\/strong>.<\/p>\n<p class=\"ds-markdown-paragraph\"><strong>Wesentliche Merkmale<\/strong><\/p>\n<ul>\n<li>\n<p class=\"ds-markdown-paragraph\"><strong>Kompatibilit\u00e4t mit Mehrmarkenrobotern<\/strong>\u00a0(ABB, KUKA, FANUC, usw.)<\/p>\n<\/li>\n<li>\n<p class=\"ds-markdown-paragraph\"><strong>Duale Kontrollmodi<\/strong>\u00a0(PLC + Touchscreen) f\u00fcr flexible Bedienung<\/p>\n<\/li>\n<li>\n<p class=\"ds-markdown-paragraph\"><strong>CE- und ISO-zertifiziert<\/strong>\u00a0mit\u00a0<strong>Schutzart IP54<\/strong>\u00a0f\u00fcr raue Bedingungen<\/p>\n<\/li>\n<li>\n<p class=\"ds-markdown-paragraph\"><strong>Anpassungsf\u00e4hig an Lichtbogen-, Laser- und Plasmaschwei\u00dfanwendungen<\/strong><\/p>\n<\/li>\n<\/ul>\n<p class=\"ds-markdown-paragraph\"><strong>Anwendungen<\/strong><br \/>\nPerfekt f\u00fcr\u00a0<strong>Kfz-Fahrwerkschwei\u00dfen<\/strong>,\u00a0<strong>Luft- und Raumfahrtkomponenten<\/strong>und\u00a0<strong>Herstellung von Pr\u00e4zisionsmaschinen<\/strong>diese\u00a0<strong>3-Achsen-Positionierer<\/strong>\u00a0steigert die Produktivit\u00e4t in\u00a0<strong>Produktion mit hohem Mischungsanteil und geringen St\u00fcckzahlen<\/strong>.<\/p>\n<p><b><\/b><strong><b>1. drehbares Lager<\/b><\/strong><br \/>\n<img decoding=\"async\" src=\"https:\/\/www.weldmc.com\/wp-content\/uploads\/2025\/05\/Slewing-bearing.png\" alt=\"Gro\u00dfw\u00e4lzlager\" \/><br \/>\nSeine Hauptfunktion besteht darin, mit Hilfe von Schrauben an den oberen und unteren Halterungen der mechanischen Ausr\u00fcstung befestigt zu werden, um Kraft und Antrieb zu \u00fcbertragen und so die relative Drehung zwischen den beiden Teilen der mechanischen Ausr\u00fcstung zu realisieren. Es hat die Eigenschaften der kompakten Struktur, geringes Gewicht, gute Stahlkonstruktion, reibungslosen Betrieb, hohe Genauigkeit, Sicherheit und Zuverl\u00e4ssigkeit.<br \/>\nGro\u00dfw\u00e4lzlager sind ein Grundbestandteil der mechanischen Ausr\u00fcstung und werden in verschiedenen Industriezweigen der Volkswirtschaft weit verbreitet. Es ist weit verbreitet in Baumaschinen, Hafenmaschinen, metallurgische Maschinen, Bergbaumaschinen, Erd\u00f6lmaschinen, chemische Maschinen, medizinische Ger\u00e4te, Schiffsmaschinen, leichte Industriemaschinen, Umweltschutzmaschinen, Unterhaltungsger\u00e4te, Transportmaschinen Ausr\u00fcstung.Swing unterst\u00fctzt werden zunehmend in Energieeinsparung und Umweltschutz-Projekte, wie Windkraftanlagen, die eine Vielzahl von Pr\u00e4zisions-Pol Swing Support Kits erfordern.<\/p>\n<p><strong><b>2.Getriebe<\/b><\/strong><br \/>\n<img decoding=\"async\" src=\"https:\/\/www.weldmc.com\/wp-content\/uploads\/2025\/05\/Gear_1.png\" alt=\"Getriebe_1\" \/><br \/>\nEin Zahnrad ist ein rad\u00e4hnliches mechanisches Teil, das das Drehmoment durch den Eingriff der Z\u00e4hne \u00fcbertr\u00e4gt. Durch die \u00dcbertragung mit anderen gezahnten mechanischen Teilen (wie z. B. einem anderen Zahnrad, einer Dao-Zahnstange und einer Schnecke) kann das Zahnrad die Geschwindigkeit und das Drehmoment \u00e4ndern, die Bewegungsrichtung \u00e4ndern und die Bewegungsform \u00e4ndern.<br \/>\n<img decoding=\"async\" src=\"https:\/\/www.weldmc.com\/wp-content\/uploads\/2025\/05\/Gear_2.png\" alt=\"Getriebe_2\" \/><br \/>\n<strong><b>3. die Reduktion<\/b><\/strong><br \/>\n<img decoding=\"async\" src=\"https:\/\/www.weldmc.com\/wp-content\/uploads\/2025\/05\/Reducer.png\" alt=\"Reduzierst\u00fcck\" \/><br \/>\nDas Untersetzungsgetriebe ist eine Art Kraft\u00fcbertragungsmechanismus, der den Drehzahlwandler des Getriebes verwendet, um die Drehzahl des Motors auf die erforderliche Drehzahl zu reduzieren und eine Struktur mit gro\u00dfem Drehmoment zu erhalten.<br \/>\nFunktion des Untersetzungsgetriebes: Verringern der Geschwindigkeit und gleichzeitiges Erh\u00f6hen des Ausgangsdrehmoments. Das Ausgangsdrehmoment wird mit dem Verz\u00f6gerungsverh\u00e4ltnis des Motors multipliziert, darf jedoch das Nenndrehmoment des Untersetzungsgetriebes nicht \u00fcberschreiten.<br \/>\n<strong><b>4.Motor<\/b><\/strong><\/p>\n<p><img decoding=\"async\" src=\"https:\/\/www.weldmc.com\/wp-content\/uploads\/2025\/05\/Motor_1.png\" alt=\"Motor_1\" \/> <img decoding=\"async\" src=\"https:\/\/www.weldmc.com\/wp-content\/uploads\/2025\/05\/Motor_2.png\" alt=\"Motor_2\" \/><\/p>\n<p class=\"ds-markdown-paragraph\"><strong>WUXI ABK 3-Tonnen 3-Achsen-Schwei\u00dfpositionierer Leitfaden f\u00fcr Wartung und Zertifizierung<\/strong><\/p>\n<p class=\"ds-markdown-paragraph\"><strong>Umfassendes Wartungsprotokoll<\/strong><br \/>\nDie ordnungsgem\u00e4\u00dfe Instandhaltung unserer\u00a0<strong>3-Achsen-Schwei\u00dfpositionierer<\/strong>\u00a0gew\u00e4hrleistet optimale Leistung in\u00a0<strong>Schwei\u00dfroboterzellen<\/strong>\u00a0und\u00a0<strong>Pr\u00e4zisionsfertigung<\/strong>\u00a0Anwendungen. Die t\u00e4gliche Wartung sollte die gr\u00fcndliche Entfernung von\u00a0<strong>Schwei\u00dfspritzer<\/strong>\u00dcberpr\u00fcfung der Schmiermittelst\u00e4nde in allen\u00a0<strong>Kippmechanismus<\/strong>\u00a0Verbindungen und die Inspektion der elektrischen Anschl\u00fcsse. F\u00fcr\u00a0<strong>automatisierte Produktionslinien<\/strong>empfehlen wir den Einsatz unserer patentierten\u00a0<strong>Laserausrichtungspr\u00fcfung<\/strong>\u00a0Verfahren w\u00f6chentlich, um eine Positionierungsgenauigkeit von \u00b10,5\u00b0 zu gew\u00e4hrleisten.<\/p>\n<p class=\"ds-markdown-paragraph\"><strong>Planm\u00e4\u00dfige Wartungsanforderungen<\/strong><\/p>\n<ol start=\"1\">\n<li>\n<p class=\"ds-markdown-paragraph\"><strong>Monatlich<\/strong>:<\/p>\n<ul>\n<li>\n<p class=\"ds-markdown-paragraph\">Ziehen Sie alle\u00a0<strong>Drehtisch<\/strong>\u00a0Befestigungsschrauben (85-95Nm Drehmoment)<\/p>\n<\/li>\n<li>\n<p class=\"ds-markdown-paragraph\">\u00dcberpr\u00fcfen Sie\u00a0<strong>Reduktionsschnecke<\/strong>\u00a0f\u00fcr Spiel (&lt;0,1mm Toleranz)<\/p>\n<\/li>\n<li>\n<p class=\"ds-markdown-paragraph\">Test der Not-Aus-Funktionalit\u00e4t<\/p>\n<\/li>\n<\/ul>\n<\/li>\n<li>\n<p class=\"ds-markdown-paragraph\"><strong>Viertelj\u00e4hrlich<\/strong>:<\/p>\n<ul>\n<li>\n<p class=\"ds-markdown-paragraph\">Ersetzen Sie\u00a0<strong>Achsantrieb<\/strong>\u00a0Schmierfett (Mobilith SHC 220 empfohlen)<\/p>\n<\/li>\n<li>\n<p class=\"ds-markdown-paragraph\">Kalibrieren Sie\u00a0<strong>PLC-Kontrollsystem<\/strong>\u00a0Parameter<\/p>\n<\/li>\n<li>\n<p class=\"ds-markdown-paragraph\">\u00dcberpr\u00fcfen Sie\u00a0<strong>W\u00e4gezelle<\/strong>\u00a0Genauigkeit in allen drei Achsen<\/p>\n<\/li>\n<\/ul>\n<\/li>\n<li>\n<p class=\"ds-markdown-paragraph\"><strong>J\u00e4hrlich<\/strong>:<\/p>\n<ul>\n<li>\n<p class=\"ds-markdown-paragraph\">Vollst\u00e4ndig\u00a0<strong>Lagerwechsel<\/strong>\u00a0in\u00a0<strong>Kippmechanismus<\/strong><\/p>\n<\/li>\n<li>\n<p class=\"ds-markdown-paragraph\">\u00dcberholung\u00a0<strong>Servomotor<\/strong>\u00a0B\u00fcrsten und Geber<\/p>\n<\/li>\n<li>\n<p class=\"ds-markdown-paragraph\">Vollst\u00e4ndig ausf\u00fchren\u00a0<strong>Laser Tracker<\/strong>\u00a0\u00dcberpr\u00fcfung der Ausrichtung<\/p>\n<\/li>\n<\/ul>\n<\/li>\n<\/ol>\n<p class=\"ds-markdown-paragraph\"><strong>Leistungserhalt Vorteile<\/strong><br \/>\nDie Befolgung dieses Erhaltungsprogramms ist erfolgreich:<br \/>\n\u2713\u00a0<strong>40% l\u00e4ngere Nutzungsdauer<\/strong>\u00a0f\u00fcr\u00a0<strong>Stellungsregler-Komponenten<\/strong><br \/>\n\u2713\u00a0<strong>50% Erm\u00e4\u00dfigung<\/strong>\u00a0an ungeplanter Ausfallzeit<br \/>\n\u2713 Konsequente Pflege von\u00a0<strong>0,1 mm Wiederholbarkeit<\/strong>\u00a0in\u00a0<strong>Lichtbogenschwei\u00dfanwendungen<\/strong><br \/>\n\u2713 Konservierung von\u00a0<strong>CE-Sicherheitszertifizierung<\/strong>\u00a0Compliance<\/p>\n<p class=\"ds-markdown-paragraph\"><strong>Erweiterte Zertifizierung und Technologie<\/strong><br \/>\nUnser\u00a0<strong>3-Tonnen-Stellungsregler<\/strong>\u00a0Serie trifft:<\/p>\n<ul>\n<li>\n<p class=\"ds-markdown-paragraph\"><strong>ISO 12100-2010<\/strong>\u00a0Maschinensicherheitsstandards<\/p>\n<\/li>\n<li>\n<p class=\"ds-markdown-paragraph\"><strong>ANSI\/RIA R15.06<\/strong>\u00a0Anforderungen an die Integration von Robotern<\/p>\n<\/li>\n<li>\n<p class=\"ds-markdown-paragraph\"><strong>ATEX-Richtlinie 2014\/34\/EU<\/strong>\u00a0f\u00fcr explosionsgef\u00e4hrdete Umgebungen<\/p>\n<\/li>\n<\/ul>\n<p class=\"ds-markdown-paragraph\"><strong>Innovative Merkmale des Positionierers<\/strong><br \/>\nDie\u00a0<strong>WUXI ABK 3-Achsen-System<\/strong>\u00a0einschlie\u00dft:<\/p>\n<ul>\n<li>\n<p class=\"ds-markdown-paragraph\"><strong>Harmonische Antriebe aus deutscher Produktion<\/strong>\u00a0in allen Rotationsachsen<\/p>\n<\/li>\n<li>\n<p class=\"ds-markdown-paragraph\"><strong>Siemens S7-1200 SPS<\/strong>\u00a0mit \u00fcber 100 Voreinstellungen\u00a0<strong>Schwei\u00dfprogramme<\/strong><\/p>\n<\/li>\n<li>\n<p class=\"ds-markdown-paragraph\"><strong>IP54-zertifiziert<\/strong>\u00a0Geh\u00e4use f\u00fcr raue Produktionsumgebungen<\/p>\n<\/li>\n<\/ul>\n<p><strong>Warum WUXI ABK w\u00e4hlen?<\/strong><br \/>\nMit\u00a0<strong>20+ Jahre<\/strong>\u00a0in\u00a0<strong>Schwei\u00dfautomatisierung<\/strong>bieten wir\u00a0<strong>24\/7 technische Unterst\u00fctzung<\/strong>,\u00a0<strong>individuelle Konfigurationen<\/strong>und\u00a0<strong>3-Jahres-Garantien f\u00fcr die wichtigsten Komponenten<\/strong>. Unser\u00a0<strong>3-Tonnen-Stellungsregler<\/strong>\u00a0ist konzipiert f\u00fcr\u00a0<strong>Null-Fehler-Schwei\u00dfen<\/strong>\u00a0in unternehmenskritischen Branchen.<\/p>\n<p><img decoding=\"async\" src=\"https:\/\/www.weldmc.com\/wp-content\/uploads\/2025\/05\/Product-certification.png\" alt=\"Produktzertifizierung\" \/><br \/>\nWuxi ABK Machinery Co.Ltd ist ein professioneller Hersteller von Schwei\u00dfrotatoren in China. Und unser Schwei\u00dfrotator umfasst haupts\u00e4chlich Standard-Schwei\u00dfrotator, einstellbarer Schwei\u00dfrotator und spezieller Schwei\u00dfrotator. Wir k\u00f6nnen unseren Kunden auf der ganzen Welt auch viele andere Produkte anbieten, einschlie\u00dflich Schwei\u00dfdrehtisch, Pfahlschwei\u00dfmaschine, Windturm-Produktionslinie, H-Tr\u00e4ger-Schwei\u00dflinie, Rohrschwei\u00dfausr\u00fcstung, CNC-Schneidemaschine, Schleifmaschine, Walzprofiliermaschine, Blechbiegemaschine, etc. Wir haben die ISO- und CE-Zertifizierung erhalten und bieten auch OEM-Service an.<\/p>","protected":false},"excerpt":{"rendered":"<p><strong>WUXI ABK 3-Tonnen 3-Achsen-Schwei\u00dfpositionierer<\/strong>\u00a0bietet eine pr\u00e4zise Werkst\u00fcckpositionierung f\u00fcr das Roboterschwei\u00dfen und die Fertigung. Mit einer Neigungs- und Drehgenauigkeit von \u00b10,5\u00b0, servogesteuerten Achsen und CNC-Synchronisierung eignet sich dieser kompakte Positionierer hervorragend f\u00fcr die Automobil-, Luft- und Raumfahrtindustrie sowie die Herstellung von Pr\u00e4zisionsteilen. Mit einer kontinuierlichen 360\u00b0-Drehung und einem Kippbereich von 135\u00b0 gew\u00e4hrleistet er einen optimalen Zugang zur Schwei\u00dfnaht. CE\/ISO-zertifiziert mit Schutzart IP54 f\u00fcr industrielle Umgebungen.<\/p>","protected":false},"featured_media":2018,"comment_status":"open","ping_status":"closed","template":"","meta":{"_acf_changed":false},"product_brand":[],"product_cat":[21,32,29],"product_tag":[],"class_list":{"0":"post-833","1":"product","2":"type-product","3":"status-publish","4":"has-post-thumbnail","6":"product_cat-welding-automation","7":"product_cat-3-axis-hydraulic-positioner","8":"product_cat-welding-positioner","10":"first","11":"instock","12":"shipping-taxable","13":"product-type-simple"},"acf":[],"_links":{"self":[{"href":"https:\/\/www.weldmc.com\/de\/wp-json\/wp\/v2\/product\/833","targetHints":{"allow":["GET"]}}],"collection":[{"href":"https:\/\/www.weldmc.com\/de\/wp-json\/wp\/v2\/product"}],"about":[{"href":"https:\/\/www.weldmc.com\/de\/wp-json\/wp\/v2\/types\/product"}],"replies":[{"embeddable":true,"href":"https:\/\/www.weldmc.com\/de\/wp-json\/wp\/v2\/comments?post=833"}],"wp:featuredmedia":[{"embeddable":true,"href":"https:\/\/www.weldmc.com\/de\/wp-json\/wp\/v2\/media\/2018"}],"wp:attachment":[{"href":"https:\/\/www.weldmc.com\/de\/wp-json\/wp\/v2\/media?parent=833"}],"wp:term":[{"taxonomy":"product_brand","embeddable":true,"href":"https:\/\/www.weldmc.com\/de\/wp-json\/wp\/v2\/product_brand?post=833"},{"taxonomy":"product_cat","embeddable":true,"href":"https:\/\/www.weldmc.com\/de\/wp-json\/wp\/v2\/product_cat?post=833"},{"taxonomy":"product_tag","embeddable":true,"href":"https:\/\/www.weldmc.com\/de\/wp-json\/wp\/v2\/product_tag?post=833"}],"curies":[{"name":"wp","href":"https:\/\/api.w.org\/{rel}","templated":true}]}}