{"id":822,"date":"2025-05-24T19:29:58","date_gmt":"2025-05-24T11:29:58","guid":{"rendered":"http:\/\/111.170.148.214:8095\/?post_type=product&#038;p=822"},"modified":"2025-10-13T16:28:37","modified_gmt":"2025-10-13T08:28:37","slug":"3-axis-rotating-table-2-tons","status":"publish","type":"product","link":"https:\/\/www.weldmc.com\/de\/product\/3-axis-rotating-table-2-tons\/","title":{"rendered":"3-Achsen-Drehtisch 2 Tonnen"},"content":{"rendered":"<p>2 Tons 3 Axis Positioner Parameter Table<\/p>\n<p><img decoding=\"async\" src=\"https:\/\/www.weldmc.com\/wp-content\/uploads\/2025\/05\/2-Tons-3-Axis-Positioner_2.png\" alt=\"2 Tons 3 Axis Positioner_2\" \/><\/p>\n<p>\u2705 Three-axis linkage control<\/p>\n<p>Synchronize the actions of turning (180), rotating (360 continuous) and tilting (0-90).<\/p>\n<p>The positioning accuracy is \u00b10.05mm, and the repeated positioning accuracy is 0.02 mm.<\/p>\n<p>\u2705 Heavy-load stable structure<\/p>\n<p>Integral casting base, dynamic load can reach 5 tons.<\/p>\n<p>Japan THK linear guide rail+Germany SEW reducer<\/p>\n<p>\u2705 Intelligent security system<\/p>\n<p>Overload automatic power-off protection<\/p>\n<p>Emergency braking response time &lt; 0.1 second.<\/p>\n<p>\u2705 Full scene adaptation<\/p>\n<p>Compatible with mainstream manipulator interfaces such as ABB\/KUKA.<\/p>\n<p>Support PLC\/ touch screen dual control mode<\/p>\n<p><b><\/b><strong><b>1. drehbares Lager<\/b><\/strong><br \/>\n<img decoding=\"async\" src=\"https:\/\/www.weldmc.com\/wp-content\/uploads\/2025\/05\/Slewing-bearing.png\" alt=\"Gro\u00dfw\u00e4lzlager\" \/><br \/>\nSeine Hauptfunktion besteht darin, mit Hilfe von Schrauben an den oberen und unteren Halterungen der mechanischen Ausr\u00fcstung befestigt zu werden, um Kraft und Antrieb zu \u00fcbertragen und so die relative Drehung zwischen den beiden Teilen der mechanischen Ausr\u00fcstung zu realisieren. Es hat die Eigenschaften der kompakten Struktur, geringes Gewicht, gute Stahlkonstruktion, reibungslosen Betrieb, hohe Genauigkeit, Sicherheit und Zuverl\u00e4ssigkeit.<br \/>\nGro\u00dfw\u00e4lzlager sind ein Grundbestandteil der mechanischen Ausr\u00fcstung und werden in verschiedenen Industriezweigen der Volkswirtschaft weit verbreitet. Es ist weit verbreitet in Baumaschinen, Hafenmaschinen, metallurgische Maschinen, Bergbaumaschinen, Erd\u00f6lmaschinen, chemische Maschinen, medizinische Ger\u00e4te, Schiffsmaschinen, leichte Industriemaschinen, Umweltschutzmaschinen, Unterhaltungsger\u00e4te, Transportmaschinen Ausr\u00fcstung.Swing unterst\u00fctzt werden zunehmend in Energieeinsparung und Umweltschutz-Projekte, wie Windkraftanlagen, die eine Vielzahl von Pr\u00e4zisions-Pol Swing Support Kits erfordern.<\/p>\n<p><strong><b>2.Getriebe<\/b><\/strong><br \/>\n<img decoding=\"async\" src=\"https:\/\/www.weldmc.com\/wp-content\/uploads\/2025\/05\/Gear_1.png\" alt=\"Getriebe_1\" \/><br \/>\nEin Zahnrad ist ein rad\u00e4hnliches mechanisches Teil, das das Drehmoment durch den Eingriff der Z\u00e4hne \u00fcbertr\u00e4gt. Durch die \u00dcbertragung mit anderen gezahnten mechanischen Teilen (wie z. B. einem anderen Zahnrad, einer Dao-Zahnstange und einer Schnecke) kann das Zahnrad die Geschwindigkeit und das Drehmoment \u00e4ndern, die Bewegungsrichtung \u00e4ndern und die Bewegungsform \u00e4ndern.<br \/>\n<img decoding=\"async\" src=\"https:\/\/www.weldmc.com\/wp-content\/uploads\/2025\/05\/Gear_2.png\" alt=\"Getriebe_2\" \/><br \/>\n<strong><b>3. die Reduktion<\/b><\/strong><\/p>\n<p>Das Untersetzungsgetriebe ist eine Art Kraft\u00fcbertragungsmechanismus, der den Drehzahlwandler des Getriebes verwendet, um die Drehzahl des Motors auf die erforderliche Drehzahl zu reduzieren und eine Struktur mit gro\u00dfem Drehmoment zu erhalten.<br \/>\nFunktion des Untersetzungsgetriebes: Verringern der Geschwindigkeit und gleichzeitiges Erh\u00f6hen des Ausgangsdrehmoments. Das Ausgangsdrehmoment wird mit dem Verz\u00f6gerungsverh\u00e4ltnis des Motors multipliziert, darf jedoch das Nenndrehmoment des Untersetzungsgetriebes nicht \u00fcberschreiten.<br \/>\n<strong><b>4.Motor<\/b><\/strong><\/p>\n<p>&nbsp;<\/p>\n<p class=\"ds-markdown-paragraph\">Die ordnungsgem\u00e4\u00dfe Instandhaltung unserer\u00a0<strong>3-Achsen-Schwei\u00dfpositionierer<\/strong>\u00a0ensures optimal performance for\u00a0<strong>precision welding applications<\/strong>\u00a0in\u00a0<strong>Schwei\u00dfroboterzellen<\/strong>\u00a0und\u00a0<strong>small part fabrication<\/strong>. Diese\u00a0<strong>Schwei\u00dfdrehtisch<\/strong>\u00a0requires three-level care to maintain its\u00a0<strong>\u00b10,5\u00b0 Positioniergenauigkeit<\/strong>\u00a0und\u00a0<strong>2-ton load capacity<\/strong>.<\/p>\n<p class=\"ds-markdown-paragraph\"><strong>Zentrale Wartungsverfahren<\/strong><\/p>\n<ol start=\"1\">\n<li>\n<p class=\"ds-markdown-paragraph\"><strong>T\u00e4gliche Pflege<\/strong><\/p>\n<ul>\n<li>\n<p class=\"ds-markdown-paragraph\">entfernen\u00a0<strong>Schwei\u00dfspritzer<\/strong>\u00a0using approved tools<\/p>\n<\/li>\n<li>\n<p class=\"ds-markdown-paragraph\">Verify lubrication levels in\u00a0<strong>Kippmechanismus<\/strong>\u00a0und\u00a0<strong>rotary axis<\/strong><\/p>\n<\/li>\n<li>\n<p class=\"ds-markdown-paragraph\">\u00dcberpr\u00fcfen Sie\u00a0<strong>elektrische Anschl\u00fcsse<\/strong>\u00a0und Not-Aus-Funktion<\/p>\n<\/li>\n<\/ul>\n<\/li>\n<li>\n<p class=\"ds-markdown-paragraph\"><strong>Scheduled Service<\/strong>\u00a0(Every 500 operating hours)<\/p>\n<ul>\n<li>\n<p class=\"ds-markdown-paragraph\">Ziehen Sie alle\u00a0<strong>clamping bolts<\/strong>\u00a0(torque to 45Nm)<\/p>\n<\/li>\n<li>\n<p class=\"ds-markdown-paragraph\">Check\u00a0<strong>Reduktionsschnecke<\/strong>\u00a0alignment<\/p>\n<\/li>\n<li>\n<p class=\"ds-markdown-paragraph\">Test\u00a0<strong>Sicherheitsverriegelungen<\/strong>\u00a0and limit switches<\/p>\n<\/li>\n<\/ul>\n<\/li>\n<li>\n<p class=\"ds-markdown-paragraph\"><strong>J\u00e4hrliche \u00dcberholung<\/strong><\/p>\n<ul>\n<li>\n<p class=\"ds-markdown-paragraph\">Ersetzen Sie\u00a0<strong>Verschlei\u00dfkomponenten<\/strong>\u00a0(Lager, Dichtungen)<\/p>\n<\/li>\n<li>\n<p class=\"ds-markdown-paragraph\">Re-grease\u00a0<strong>tilting axis gears<\/strong>\u00a0with Mobilith SHC 220<\/p>\n<\/li>\n<li>\n<p class=\"ds-markdown-paragraph\">Neu kalibrieren\u00a0<strong>positioning sensors<\/strong>\u00a0und\u00a0<strong>PLC-Kontrollsystem<\/strong><\/p>\n<\/li>\n<\/ul>\n<\/li>\n<\/ol>\n<p class=\"ds-markdown-paragraph\"><strong>Kritische Fehlerindikatoren<\/strong><br \/>\n\u2713\u00a0<strong>Abnormal noises<\/strong>\u00a0from\u00a0<strong>Antriebsmotor<\/strong>\u00a0oder\u00a0<strong>reducer<\/strong><br \/>\n\u2713\u00a0<strong>Irregular rotation<\/strong>\u00a0in\u00a0<strong>horizontal axis<\/strong><br \/>\n\u2713\u00a0<strong>Position drift<\/strong>\u00a0exceeding \u00b11\u00b0<\/p>\n<p class=\"ds-markdown-paragraph\"><strong>Wartung Vorteile<\/strong><\/p>\n<ul>\n<li>\n<p class=\"ds-markdown-paragraph\">Extends\u00a0<strong>equipment lifespan<\/strong>\u00a0von 30%+<\/p>\n<\/li>\n<li>\n<p class=\"ds-markdown-paragraph\">Reduces\u00a0<strong>unplanned downtime<\/strong>\u00a0by 50%<\/p>\n<\/li>\n<li>\n<p class=\"ds-markdown-paragraph\">Maintains\u00a0<strong>Schwei\u00dfgenauigkeit<\/strong>\u00a0f\u00fcr\u00a0<strong>automated production<\/strong><\/p>\n<\/li>\n<\/ul>\n<p class=\"ds-markdown-paragraph\"><strong>Certification &amp; Support<\/strong><br \/>\nUnser\u00a0<strong>2-ton positioner<\/strong>\u00a0tr\u00e4gt\u00a0<strong>CE\/ISO-Zertifizierung<\/strong>\u00a0and includes:<\/p>\n<ul>\n<li>\n<p class=\"ds-markdown-paragraph\"><strong>12-monatige Garantie<\/strong>\u00a0auf\u00a0<strong>Kernkomponenten<\/strong><\/p>\n<\/li>\n<li>\n<p class=\"ds-markdown-paragraph\"><strong>Free technical training<\/strong>\u00a0for operators<\/p>\n<\/li>\n<li>\n<p class=\"ds-markdown-paragraph\"><strong>24\/7 support<\/strong>\u00a0f\u00fcr\u00a0<strong>emergency repairs<\/strong><\/p>\n<\/li>\n<\/ul>\n<p><img decoding=\"async\" src=\"https:\/\/www.weldmc.com\/wp-content\/uploads\/2025\/05\/Reducer.png\" alt=\"Reduzierst\u00fcck\" \/><img decoding=\"async\" src=\"https:\/\/www.weldmc.com\/wp-content\/uploads\/2025\/05\/Motor_1.png\" alt=\"Motor_1\" \/> <img decoding=\"async\" src=\"https:\/\/www.weldmc.com\/wp-content\/uploads\/2025\/05\/Motor_2.png\" alt=\"Motor_2\" \/><br \/>\nWuxi ABK Machinery Co.Ltd ist ein professioneller Hersteller von Schwei\u00dfrotatoren in China. Und unser Schwei\u00dfrotator umfasst haupts\u00e4chlich Standard-Schwei\u00dfrotator, einstellbarer Schwei\u00dfrotator und spezieller Schwei\u00dfrotator. Wir k\u00f6nnen unseren Kunden auf der ganzen Welt auch viele andere Produkte anbieten, einschlie\u00dflich Schwei\u00dfdrehtisch, Pfahlschwei\u00dfmaschine, Windturm-Produktionslinie, H-Tr\u00e4ger-Schwei\u00dflinie, Rohrschwei\u00dfausr\u00fcstung, CNC-Schneidemaschine, Schleifmaschine, Walzprofiliermaschine, Blechbiegemaschine, etc. Wir haben die ISO- und CE-Zertifizierung erhalten und bieten auch OEM-Service an.<\/p>","protected":false},"excerpt":{"rendered":"<p><strong>WUXI ABK 2-Tonnen 3-Achsen-Stellungsregler<\/strong>\u00a0bietet Pr\u00e4zisionspositionierung f\u00fcr kleine bis mittlere Schwei\u00dfanwendungen. Mit 360\u00b0 Drehung, \u00b190\u00b0 Neigung und 180\u00b0 axialer Bewegung gew\u00e4hrleistet dieser kompakte Positionierer optimale Schwei\u00dfwinkel mit 0,5\u00b0 Wiederholgenauigkeit. Die servogesteuerten Achsen sind ideal f\u00fcr Roboterschwei\u00dfzellen und die Rohrherstellung und sorgen f\u00fcr eine reibungslose Bewegung bei MIG\/TIG-Prozessen. CE-zertifiziert mit Schutzart IP54.<\/p>","protected":false},"featured_media":2014,"comment_status":"open","ping_status":"closed","template":"","meta":{"_acf_changed":false},"product_brand":[],"product_cat":[21,32,29],"product_tag":[],"class_list":{"0":"post-822","1":"product","2":"type-product","3":"status-publish","4":"has-post-thumbnail","6":"product_cat-welding-automation","7":"product_cat-3-axis-hydraulic-positioner","8":"product_cat-welding-positioner","10":"first","11":"instock","12":"shipping-taxable","13":"product-type-simple"},"acf":[],"_links":{"self":[{"href":"https:\/\/www.weldmc.com\/de\/wp-json\/wp\/v2\/product\/822","targetHints":{"allow":["GET"]}}],"collection":[{"href":"https:\/\/www.weldmc.com\/de\/wp-json\/wp\/v2\/product"}],"about":[{"href":"https:\/\/www.weldmc.com\/de\/wp-json\/wp\/v2\/types\/product"}],"replies":[{"embeddable":true,"href":"https:\/\/www.weldmc.com\/de\/wp-json\/wp\/v2\/comments?post=822"}],"wp:featuredmedia":[{"embeddable":true,"href":"https:\/\/www.weldmc.com\/de\/wp-json\/wp\/v2\/media\/2014"}],"wp:attachment":[{"href":"https:\/\/www.weldmc.com\/de\/wp-json\/wp\/v2\/media?parent=822"}],"wp:term":[{"taxonomy":"product_brand","embeddable":true,"href":"https:\/\/www.weldmc.com\/de\/wp-json\/wp\/v2\/product_brand?post=822"},{"taxonomy":"product_cat","embeddable":true,"href":"https:\/\/www.weldmc.com\/de\/wp-json\/wp\/v2\/product_cat?post=822"},{"taxonomy":"product_tag","embeddable":true,"href":"https:\/\/www.weldmc.com\/de\/wp-json\/wp\/v2\/product_tag?post=822"}],"curies":[{"name":"wp","href":"https:\/\/api.w.org\/{rel}","templated":true}]}}