{"id":784,"date":"2025-05-24T18:48:52","date_gmt":"2025-05-24T10:48:52","guid":{"rendered":"http:\/\/111.170.148.214:8095\/?post_type=product&#038;p=784"},"modified":"2025-07-31T10:42:49","modified_gmt":"2025-07-31T02:42:49","slug":"windturm-schweisanlage","status":"publish","type":"product","link":"https:\/\/www.weldmc.com\/de\/product\/windturm-schweisanlage\/","title":{"rendered":"Windturm-Schwei\u00dfanlage"},"content":{"rendered":"<p><strong><b>Wesentliche Merkmale<\/b><\/strong><\/p>\n<ul>\n<li><b><\/b><strong><b>Effizienter Freischwinger-Arbeitsplatz<\/b><\/strong><\/li>\n<li>Modulare freitragende Struktur, die die Kombination mehrerer Stationen unterst\u00fctzt<\/li>\n<li>Mehrlagiges und mehrlagiges kontinuierliches Schwei\u00dfen kann realisiert werden, und der Wirkungsgrad wird um mehr als 50% verbessert.<\/li>\n<\/ul>\n<p><img fetchpriority=\"high\" decoding=\"async\" class=\"alignnone size-full wp-image-792\" src=\"http:\/\/111.170.148.214:8095\/wp-content\/uploads\/2025\/05\/Wind-Tower-Welding-Line-Core-characteristics-scaled.jpg\" alt=\"Windturm-Schwei\u00dflinie Kernmerkmale\" width=\"2560\" height=\"1920\" srcset=\"https:\/\/www.weldmc.com\/wp-content\/uploads\/2025\/05\/Wind-Tower-Welding-Line-Core-characteristics-scaled.jpg 2560w, https:\/\/www.weldmc.com\/wp-content\/uploads\/2025\/05\/Wind-Tower-Welding-Line-Core-characteristics-300x225.jpg 300w, https:\/\/www.weldmc.com\/wp-content\/uploads\/2025\/05\/Wind-Tower-Welding-Line-Core-characteristics-1024x768.jpg 1024w, https:\/\/www.weldmc.com\/wp-content\/uploads\/2025\/05\/Wind-Tower-Welding-Line-Core-characteristics-768x576.jpg 768w, https:\/\/www.weldmc.com\/wp-content\/uploads\/2025\/05\/Wind-Tower-Welding-Line-Core-characteristics-1536x1152.jpg 1536w, https:\/\/www.weldmc.com\/wp-content\/uploads\/2025\/05\/Wind-Tower-Welding-Line-Core-characteristics-2048x1536.jpg 2048w, https:\/\/www.weldmc.com\/wp-content\/uploads\/2025\/05\/Wind-Tower-Welding-Line-Core-characteristics-600x450.jpg 600w\" sizes=\"(max-width: 2560px) 100vw, 2560px\" \/><\/p>\n<ul>\n<li><b><\/b><strong><b>Vollst\u00e4ndig prozessintegriertes System<\/b><\/strong><\/li>\n<li>Besteht aus einer Blechbiegemaschine, einer numerisch gesteuerten Schneidemaschine, einer Schwei\u00dfausr\u00fcstung, einer Schwei\u00dfverschiebeeinheit und einer Sandstrahl- und Lackierwalze.<\/li>\n<li>Alle Einheiten arbeiten zusammen, um die komplette Bearbeitung des Turms von der Platte bis zum fertigen Produkt zu realisieren.<\/li>\n<\/ul>\n<p><img decoding=\"async\" class=\"alignnone size-full wp-image-793\" src=\"http:\/\/111.170.148.214:8095\/wp-content\/uploads\/2025\/05\/Wind-Tower-Welding-Line-Full-process-integrated-system.jpg\" alt=\"Windturm-Schwei\u00dfanlage Integriertes System f\u00fcr den gesamten Prozess\" width=\"1024\" height=\"908\" \/><\/p>\n<ul>\n<li><b><\/b><strong><b>E<\/b><\/strong><b><\/b><strong><b>Intelligente Schwei\u00dfsteuerung<\/b><\/strong><\/li>\n<li>Digitale Einstellung der Schwei\u00dfparameter, um die Konsistenz des Gurtschwei\u00dfens zu gew\u00e4hrleisten.<\/li>\n<li>Anpassung an T\u00fcrme mit unterschiedlichen Durchmessern (2,5-6 m).<\/li>\n<\/ul>\n<p><strong><b>Typische Konfiguration<\/b><\/strong><\/p>\n<ul>\n<li><b><\/b><strong><b>Vorbehandlungseinheit: <\/b><\/strong>CNC-Schneiden und Stanzen<\/li>\n<li><b><\/b><strong><b>Formgebende Einheit:<\/b><\/strong>Dreiwalzen-Blechbiegemaschine<\/li>\n<li><b><\/b><strong><b>Schweissger\u00e4t:<\/b><\/strong>freitragende Unterpulverschwei\u00dfanlage (einschlie\u00dflich Staubabsaugvorrichtung)<\/li>\n<li><b><\/b><strong><b>Nachbearbeitungseinheit: <\/b><\/strong>Sandstrahlen und Entrosten+automatische Lackierdrehscheibe<\/li>\n<\/ul>\n<p><strong><b>Industrielle Anwendung<\/b><\/strong><\/p>\n<p>Es eignet sich f\u00fcr die Massenfertigung von Onshore-\/Offshore-Windturbinent\u00fcrmen mit einer Leistung von 2 MW bis 8 MW und ist mit Kohlenstoffstahl\/hochfesten Stahlwerkstoffen kompatibel.<\/p>\n<p><img decoding=\"async\" class=\"alignnone size-full wp-image-797\" src=\"http:\/\/111.170.148.214:8095\/wp-content\/uploads\/2025\/05\/\u56fe\u72471-scaled.png\" alt=\"Windturm-Schwei\u00dfanlage Produktionsprozess f\u00fcr einzelne Turmrohre\" width=\"2560\" height=\"1707\" srcset=\"https:\/\/www.weldmc.com\/wp-content\/uploads\/2025\/05\/\u56fe\u72471-scaled.png 2560w, https:\/\/www.weldmc.com\/wp-content\/uploads\/2025\/05\/\u56fe\u72471-300x200.png 300w, https:\/\/www.weldmc.com\/wp-content\/uploads\/2025\/05\/\u56fe\u72471-1024x683.png 1024w, https:\/\/www.weldmc.com\/wp-content\/uploads\/2025\/05\/\u56fe\u72471-768x512.png 768w, https:\/\/www.weldmc.com\/wp-content\/uploads\/2025\/05\/\u56fe\u72471-1536x1024.png 1536w, https:\/\/www.weldmc.com\/wp-content\/uploads\/2025\/05\/\u56fe\u72471-2048x1365.png 2048w, https:\/\/www.weldmc.com\/wp-content\/uploads\/2025\/05\/\u56fe\u72471-600x400.png 600w\" sizes=\"(max-width: 2560px) 100vw, 2560px\" \/><\/p>\n<p class=\"ds-markdown-paragraph\"><strong>WUXI ABK Windturm-Schwei\u00dfanlage Technische L\u00f6sung<\/strong><\/p>\n<p class=\"ds-markdown-paragraph\"><strong>Pr\u00e4zisionsschneidverfahren f\u00fcr konische Turmabschnitte<\/strong><br \/>\nUnser\u00a0<strong>Produktionslinie f\u00fcr Windt\u00fcrme<\/strong>\u00a0implementiert eine strenge Ma\u00dfkontrolle f\u00fcr die Herstellung konischer Einzelprofile, bei denen die Toleranzen f\u00fcr den oberen und unteren Durchmesser kritisch sind. Die\u00a0<strong>automatisches Austastsystem<\/strong>\u00a0Beibehaltung der Genauigkeit von \u00b11,5 mm bei den Hauptstahlplatten durch\u00a0<strong>Lasergef\u00fchrte F\u00fctterungstechnik<\/strong>wesentlich f\u00fcr die Gew\u00e4hrleistung der sp\u00e4teren\u00a0<strong>Rundnahtschwei\u00dfen<\/strong>\u00a0Qualit\u00e4t. Dieser Prozess wird unterst\u00fctzt durch unser\u00a0<strong>CNC-Schneideausr\u00fcstung<\/strong>\u00a0mit Echtzeit-Dickenkompensation.<\/p>\n<p class=\"ds-markdown-paragraph\"><strong>Kontrolle der Verformung beim Flanschschwei\u00dfen<\/strong><br \/>\nZur Bew\u00e4ltigung der Herausforderungen der Flanschverzerrung in\u00a0<strong>Herstellung von Windkraftt\u00fcrmen<\/strong>setzen wir ein:<\/p>\n<ol start=\"1\">\n<li>\n<p class=\"ds-markdown-paragraph\"><strong>Segmentierte symmetrische Schwei\u00dftechnik<\/strong>\u00a0mit unserem\u00a0<strong>SAW (Submerged Arc Welding) Systeme<\/strong><\/p>\n<\/li>\n<li>\n<p class=\"ds-markdown-paragraph\"><strong>Automatische Rundnahtbegradiger<\/strong>\u00a0mit einem Hydraulikdruck von bis zu 300 Tonnen<\/p>\n<\/li>\n<li>\n<p class=\"ds-markdown-paragraph\"><strong>W\u00e4rmebehandlungsstationen nach dem Schwei\u00dfen<\/strong>\u00a0zum Stressabbau<\/p>\n<\/li>\n<\/ol>\n<p class=\"ds-markdown-paragraph\">Diese L\u00f6sungen reduzieren den Flanschrundlauf auf &lt;2mm\/m und \u00fcbertreffen\u00a0<strong>EN 1090-2<\/strong>\u00a0Normen f\u00fcr\u00a0<strong>Herstellung von Offshore-Windt\u00fcrmen<\/strong>.<\/p>\n<p class=\"ds-markdown-paragraph\"><strong>Optimierung der Montage von Turmabschnitten<\/strong><br \/>\nF\u00fcr T\u00fcrme mit langem Querschnitt (12-30 m) ist unsere Produktionslinie integriert:<\/p>\n<ul>\n<li>\n<p class=\"ds-markdown-paragraph\"><strong>Laser-Zentriersysteme<\/strong>\u00a0mit \u00b10,5 mm Ausrichtungsgenauigkeit<\/p>\n<\/li>\n<li>\n<p class=\"ds-markdown-paragraph\"><strong>Digitale Vormontageplattformen<\/strong>\u00a0die die Effizienz um 40% steigern<\/p>\n<\/li>\n<li>\n<p class=\"ds-markdown-paragraph\"><strong>Automatisierte Spannvorrichtungen<\/strong>\u00a0f\u00fcr\u00a0<strong>Flansch-zu-Schale-Anpassung<\/strong><\/p>\n<\/li>\n<\/ul>\n<p class=\"ds-markdown-paragraph\">Die\u00a0<strong>Schwei\u00dfpositionierer<\/strong>\u00a0und\u00a0<strong>Rotatoren<\/strong>\u00a0in unserem Sortiment sind f\u00fcr Durchmesser bis zu 6 m geeignet, w\u00e4hrend\u00a0<strong>adaptive Schwei\u00dftraktoren<\/strong>\u00a0einheitlich gew\u00e4hrleisten\u00a0<strong>Qualit\u00e4t der Rundnaht<\/strong>\u00a0im gesamten\u00a0<strong>Walzverfahren f\u00fcr Turmsegmente<\/strong>.<\/p>\n<p class=\"ds-markdown-paragraph\"><strong>Schl\u00fcsseltechnologien und Ausr\u00fcstung<\/strong><br \/>\n\u2713\u00a0<strong>Schwei\u00dfroboterzellen<\/strong>\u00a0f\u00fcr L\u00e4ngsn\u00e4hte<br \/>\n\u2713\u00a0<strong>3D-Scansysteme<\/strong>\u00a0f\u00fcr die \u00dcberpr\u00fcfung der Dimensionen<br \/>\n\u2713\u00a0<strong>Intelligente Schwei\u00dfparameter-Datenbank<\/strong>\u00a0mit \u00fcber 100 voreingestellten Programmen<br \/>\n\u2713\u00a0<strong>Schl\u00fcsselfertige Produktionsl\u00f6sungen<\/strong>\u00a0vom Stanzen bis zur Endkontrolle<\/p>\n<p class=\"ds-markdown-paragraph\"><strong>Qualit\u00e4tssicherung<\/strong><br \/>\nAlle Systeme entsprechen den Anforderungen:<br \/>\n-\u00a0<strong>GL-Zertifizierung<\/strong>\u00a0f\u00fcr Windenergiekomponenten<br \/>\n-\u00a0<strong>ISO 3834-2<\/strong>\u00a0Qualit\u00e4tsstandards f\u00fcr das Schwei\u00dfen<br \/>\n-\u00a0<strong>CE-Maschinenrichtlinie<\/strong>\u00a0Anforderungen<\/p>\n<p><strong><b>Verfahren zur Herstellung von Einzelturmrohren:<\/b><\/strong><\/p>\n<p><img loading=\"lazy\" decoding=\"async\" class=\"alignnone size-full wp-image-795\" src=\"http:\/\/111.170.148.214:8095\/wp-content\/uploads\/2025\/05\/Wind-Tower-Welding-Line-Single-Tower-Tube-Production-Process.jpg\" alt=\"Windturm-Schwei\u00dfanlage Produktionsprozess f\u00fcr einzelne Turmrohre\" width=\"600\" height=\"175\" srcset=\"https:\/\/www.weldmc.com\/wp-content\/uploads\/2025\/05\/Wind-Tower-Welding-Line-Single-Tower-Tube-Production-Process.jpg 600w, https:\/\/www.weldmc.com\/wp-content\/uploads\/2025\/05\/Wind-Tower-Welding-Line-Single-Tower-Tube-Production-Process-300x88.jpg 300w\" sizes=\"(max-width: 600px) 100vw, 600px\" \/><\/p>\n<p><strong><b>Produktionsverfahren f\u00fcr Mehrfachturmrohre:<\/b><\/strong><\/p>\n<p><img loading=\"lazy\" decoding=\"async\" class=\"alignnone size-full wp-image-786\" src=\"http:\/\/111.170.148.214:8095\/wp-content\/uploads\/2025\/05\/Wind-Tower-Welding-Line-Tower-Tube-Sandblasting-and-Painting-Production-Process.jpg\" alt=\"Windturm-Schwei\u00dfanlage Produktionsprozess f\u00fcr einzelne Turmrohre\" width=\"600\" height=\"177\" srcset=\"https:\/\/www.weldmc.com\/wp-content\/uploads\/2025\/05\/Wind-Tower-Welding-Line-Tower-Tube-Sandblasting-and-Painting-Production-Process.jpg 600w, https:\/\/www.weldmc.com\/wp-content\/uploads\/2025\/05\/Wind-Tower-Welding-Line-Tower-Tube-Sandblasting-and-Painting-Production-Process-300x89.jpg 300w\" sizes=\"(max-width: 600px) 100vw, 600px\" \/><\/p>\n<p><strong><b>Turmrohr Sandstrahlen und Lackieren Produktionsprozess:<\/b><\/strong><\/p>\n<p><strong><b>Hauptkomponenten der Windturm-Schwei\u00dfanlage:<\/b><\/strong><\/p>\n<p>1. eine Biegemaschine:<\/p>\n<p><img loading=\"lazy\" decoding=\"async\" class=\"alignnone size-full wp-image-789\" src=\"http:\/\/111.170.148.214:8095\/wp-content\/uploads\/2025\/05\/Main-Components-of-Wind-Tower-Welding-Line.jpg\" alt=\"Windturm-Schwei\u00dfanlage Produktionsprozess f\u00fcr einzelne Turmrohre\" width=\"1010\" height=\"400\" srcset=\"https:\/\/www.weldmc.com\/wp-content\/uploads\/2025\/05\/Main-Components-of-Wind-Tower-Welding-Line.jpg 1010w, https:\/\/www.weldmc.com\/wp-content\/uploads\/2025\/05\/Main-Components-of-Wind-Tower-Welding-Line-300x119.jpg 300w, https:\/\/www.weldmc.com\/wp-content\/uploads\/2025\/05\/Main-Components-of-Wind-Tower-Welding-Line-768x304.jpg 768w, https:\/\/www.weldmc.com\/wp-content\/uploads\/2025\/05\/Main-Components-of-Wind-Tower-Welding-Line-600x238.jpg 600w\" sizes=\"(max-width: 1010px) 100vw, 1010px\" \/><\/p>\n<p>2.<strong><b>Windturm-Schwei\u00dfanlage<\/b><\/strong>\u00a0CNC-Schneidemaschine:<\/p>\n<p><img loading=\"lazy\" decoding=\"async\" class=\"alignnone size-full wp-image-791\" src=\"http:\/\/111.170.148.214:8095\/wp-content\/uploads\/2025\/05\/Wind-Tower-Welding-Line-CNC-Cutting-Machine.jpg\" alt=\"Windturm-Schwei\u00dfanlage Produktionsprozess f\u00fcr einzelne Turmrohre\" width=\"1010\" height=\"400\" srcset=\"https:\/\/www.weldmc.com\/wp-content\/uploads\/2025\/05\/Wind-Tower-Welding-Line-CNC-Cutting-Machine.jpg 1010w, https:\/\/www.weldmc.com\/wp-content\/uploads\/2025\/05\/Wind-Tower-Welding-Line-CNC-Cutting-Machine-300x119.jpg 300w, https:\/\/www.weldmc.com\/wp-content\/uploads\/2025\/05\/Wind-Tower-Welding-Line-CNC-Cutting-Machine-768x304.jpg 768w, https:\/\/www.weldmc.com\/wp-content\/uploads\/2025\/05\/Wind-Tower-Welding-Line-CNC-Cutting-Machine-600x238.jpg 600w\" sizes=\"(max-width: 1010px) 100vw, 1010px\" \/><\/p>\n<p>Es gibt zwei Arten von CNC-Schneidemaschinen, die Sie w\u00e4hlen k\u00f6nnen: CNC-Brennschneidmaschine und CNC-Plasmaschneidmaschine, und beide k\u00f6nnen gleichzeitig mehrere Platten schneiden, so dass die Schneidemaschine sehr effizient ist.<\/p>\n<ol start=\"3\">\n<li>Ausr\u00fcstung zum Schwei\u00dfen:<\/li>\n<\/ol>\n<p><img loading=\"lazy\" decoding=\"async\" class=\"alignnone size-full wp-image-787\" src=\"http:\/\/111.170.148.214:8095\/wp-content\/uploads\/2025\/05\/Wind-Tower-Welding-Line-Welding-Equipment.jpg\" alt=\"\" width=\"1020\" height=\"816\" srcset=\"https:\/\/www.weldmc.com\/wp-content\/uploads\/2025\/05\/Wind-Tower-Welding-Line-Welding-Equipment.jpg 1020w, https:\/\/www.weldmc.com\/wp-content\/uploads\/2025\/05\/Wind-Tower-Welding-Line-Welding-Equipment-300x240.jpg 300w, https:\/\/www.weldmc.com\/wp-content\/uploads\/2025\/05\/Wind-Tower-Welding-Line-Welding-Equipment-768x614.jpg 768w, https:\/\/www.weldmc.com\/wp-content\/uploads\/2025\/05\/Wind-Tower-Welding-Line-Welding-Equipment-600x480.jpg 600w\" sizes=\"(max-width: 1020px) 100vw, 1020px\" \/><\/p>\n<p>Die Schwei\u00dfausr\u00fcstung besteht haupts\u00e4chlich aus einem Schwei\u00dfmanipulator, einem Unterpulverschwei\u00dfsystem, einem automatischen Recycling-Zuf\u00fchrungssystem und einem Schwei\u00dfrotator.<\/p>\n<p>4. schwei\u00dfen Rotator Set:<br \/>\nDie Schwei\u00dfsektion des Windturmrohrs besteht haupts\u00e4chlich aus dem Schwei\u00dfmanipulator, dem Unterpulverschwei\u00dfsystem, dem automatischen Recycling-Zuf\u00fchrungssystem und dem Schwei\u00dfrotator.<\/p>\n<p><img loading=\"lazy\" decoding=\"async\" class=\"alignnone size-full wp-image-788\" src=\"http:\/\/111.170.148.214:8095\/wp-content\/uploads\/2025\/05\/Wind-Tower-Welding-Line-Welding-Rotator-Set.jpg\" alt=\"\" width=\"1020\" height=\"816\" srcset=\"https:\/\/www.weldmc.com\/wp-content\/uploads\/2025\/05\/Wind-Tower-Welding-Line-Welding-Rotator-Set.jpg 1020w, https:\/\/www.weldmc.com\/wp-content\/uploads\/2025\/05\/Wind-Tower-Welding-Line-Welding-Rotator-Set-300x240.jpg 300w, https:\/\/www.weldmc.com\/wp-content\/uploads\/2025\/05\/Wind-Tower-Welding-Line-Welding-Rotator-Set-768x614.jpg 768w, https:\/\/www.weldmc.com\/wp-content\/uploads\/2025\/05\/Wind-Tower-Welding-Line-Welding-Rotator-Set-600x480.jpg 600w\" sizes=\"(max-width: 1020px) 100vw, 1020px\" \/><\/p>\n<p>5. sandstrahlen und streichen<br \/>\nZur Erleichterung der Sandstrahl- und Lackierarbeiten an den Turmrohren sind drehbare Walzen eingebaut, die auch laufen k\u00f6nnen. Die Drehrollen f\u00fcr die Lackierung sind mit mittelkonkaven Rollen ausgestattet, die zur Unterst\u00fctzung der Flansche verwendet werden k\u00f6nnen, so dass die Lackierarbeiten bequem abgeschlossen werden k\u00f6nnen. Der Motor ist explosionssicher und staubgesch\u00fctzt.<\/p>\n<p><img loading=\"lazy\" decoding=\"async\" class=\"alignnone size-full wp-image-790\" src=\"http:\/\/111.170.148.214:8095\/wp-content\/uploads\/2025\/05\/Wind-Tower-Welding-Line-1.jpg\" alt=\"Windturm-Schwei\u00dflinie-1\" width=\"1020\" height=\"816\" srcset=\"https:\/\/www.weldmc.com\/wp-content\/uploads\/2025\/05\/Wind-Tower-Welding-Line-1.jpg 1020w, https:\/\/www.weldmc.com\/wp-content\/uploads\/2025\/05\/Wind-Tower-Welding-Line-1-300x240.jpg 300w, https:\/\/www.weldmc.com\/wp-content\/uploads\/2025\/05\/Wind-Tower-Welding-Line-1-768x614.jpg 768w, https:\/\/www.weldmc.com\/wp-content\/uploads\/2025\/05\/Wind-Tower-Welding-Line-1-600x480.jpg 600w\" sizes=\"(max-width: 1020px) 100vw, 1020px\" \/><\/p>\n<p><img loading=\"lazy\" decoding=\"async\" class=\"alignnone size-full wp-image-794\" src=\"http:\/\/111.170.148.214:8095\/wp-content\/uploads\/2025\/05\/Wind-Tower-Welding-Line-Sandblasting-and-Painting.jpg\" alt=\"\" width=\"1500\" height=\"1500\" srcset=\"https:\/\/www.weldmc.com\/wp-content\/uploads\/2025\/05\/Wind-Tower-Welding-Line-Sandblasting-and-Painting.jpg 1500w, https:\/\/www.weldmc.com\/wp-content\/uploads\/2025\/05\/Wind-Tower-Welding-Line-Sandblasting-and-Painting-300x300.jpg 300w, https:\/\/www.weldmc.com\/wp-content\/uploads\/2025\/05\/Wind-Tower-Welding-Line-Sandblasting-and-Painting-1024x1024.jpg 1024w, https:\/\/www.weldmc.com\/wp-content\/uploads\/2025\/05\/Wind-Tower-Welding-Line-Sandblasting-and-Painting-150x150.jpg 150w, https:\/\/www.weldmc.com\/wp-content\/uploads\/2025\/05\/Wind-Tower-Welding-Line-Sandblasting-and-Painting-768x768.jpg 768w, https:\/\/www.weldmc.com\/wp-content\/uploads\/2025\/05\/Wind-Tower-Welding-Line-Sandblasting-and-Painting-500x500.jpg 500w, https:\/\/www.weldmc.com\/wp-content\/uploads\/2025\/05\/Wind-Tower-Welding-Line-Sandblasting-and-Painting-600x600.jpg 600w, https:\/\/www.weldmc.com\/wp-content\/uploads\/2025\/05\/Wind-Tower-Welding-Line-Sandblasting-and-Painting-100x100.jpg 100w\" sizes=\"(max-width: 1500px) 100vw, 1500px\" \/><\/p>\n<p>Wuxi ABK Machinery Co.Ltd ist ein professioneller Hersteller von Schwei\u00dfrotatoren in China. Und unser Schwei\u00dfrotator umfasst haupts\u00e4chlich Standard-Schwei\u00dfrotator, einstellbarer Schwei\u00dfrotator und spezieller Schwei\u00dfrotator. Wir k\u00f6nnen unseren Kunden auf der ganzen Welt auch viele andere Produkte anbieten, einschlie\u00dflich Schwei\u00dfdrehtisch, Pfahlschwei\u00dfmaschine, Windturm-Produktionslinie, H-Tr\u00e4ger-Schwei\u00dflinie, Rohrschwei\u00dfausr\u00fcstung, CNC-Schneidemaschine, Schleifmaschine, Walzprofiliermaschine, Blechbiegemaschine, etc. Wir haben die ISO- und CE-Zertifizierung erhalten und bieten auch OEM-Service an.<\/p>","protected":false},"excerpt":{"rendered":"<p><strong>WUXI ABK Windturm-Schwei\u00dfanlage<\/strong>\u00a0liefert automatisierte Pr\u00e4zision f\u00fcr\u00a0<strong>Herstellung von Turmteilen<\/strong>mit\u00a0<strong>Roboter-Gurtschwei\u00dfen<\/strong>\u00a0und\u00a0<strong>Flanschausrichtsysteme<\/strong>. Unser\u00a0<strong>CNC-gesteuerte Stellungsregler<\/strong>\u00a0gew\u00e4hrleisten \u00b11mm Genauigkeit f\u00fcr\u00a0<strong>Gro\u00dfraumgelenke<\/strong>, w\u00e4hrend die\u00a0<strong>integrierte Nahtverfolgung<\/strong>\u00a0beh\u00e4lt die Konsistenz bei\u00a0<strong>Einbrandverhalten<\/strong>. Ideal f\u00fcr\u00a0<strong>4-8MW-Turbinent\u00fcrme<\/strong>diese\u00a0<strong>CE-zertifizierte Linie<\/strong>\u00a0steigert die Produktivit\u00e4t um 40% mit\u00a0<strong>intelligente Prozess\u00fcberwachung<\/strong>.<\/p>","protected":false},"featured_media":798,"comment_status":"open","ping_status":"closed","template":"","meta":{"_acf_changed":false},"product_brand":[],"product_cat":[31],"product_tag":[],"class_list":{"0":"post-784","1":"product","2":"type-product","3":"status-publish","4":"has-post-thumbnail","6":"product_cat-wind-tower-welding-line","8":"first","9":"instock","10":"shipping-taxable","11":"product-type-simple"},"acf":[],"_links":{"self":[{"href":"https:\/\/www.weldmc.com\/de\/wp-json\/wp\/v2\/product\/784","targetHints":{"allow":["GET"]}}],"collection":[{"href":"https:\/\/www.weldmc.com\/de\/wp-json\/wp\/v2\/product"}],"about":[{"href":"https:\/\/www.weldmc.com\/de\/wp-json\/wp\/v2\/types\/product"}],"replies":[{"embeddable":true,"href":"https:\/\/www.weldmc.com\/de\/wp-json\/wp\/v2\/comments?post=784"}],"wp:featuredmedia":[{"embeddable":true,"href":"https:\/\/www.weldmc.com\/de\/wp-json\/wp\/v2\/media\/798"}],"wp:attachment":[{"href":"https:\/\/www.weldmc.com\/de\/wp-json\/wp\/v2\/media?parent=784"}],"wp:term":[{"taxonomy":"product_brand","embeddable":true,"href":"https:\/\/www.weldmc.com\/de\/wp-json\/wp\/v2\/product_brand?post=784"},{"taxonomy":"product_cat","embeddable":true,"href":"https:\/\/www.weldmc.com\/de\/wp-json\/wp\/v2\/product_cat?post=784"},{"taxonomy":"product_tag","embeddable":true,"href":"https:\/\/www.weldmc.com\/de\/wp-json\/wp\/v2\/product_tag?post=784"}],"curies":[{"name":"wp","href":"https:\/\/api.w.org\/{rel}","templated":true}]}}