{"id":753,"date":"2025-05-24T17:53:41","date_gmt":"2025-05-24T09:53:41","guid":{"rendered":"http:\/\/111.170.148.214:8095\/?post_type=product&#038;p=753"},"modified":"2025-11-21T09:05:06","modified_gmt":"2025-11-21T01:05:06","slug":"schweismanipulator","status":"publish","type":"product","link":"https:\/\/www.weldmc.com\/de\/product\/schweismanipulator\/","title":{"rendered":"Manipulator zum Schwei\u00dfen"},"content":{"rendered":"<p>Technische Parameter des Schwei\u00dfmanipulators (Manipulator mit S\u00e4ulenausleger):<\/p>\n<table class=\"table\" cellspacing=\"1\" cellpadding=\"0\">\n<tbody>\n<tr class=\"top_t\">\n<td>Modell<\/td>\n<td>LH8080<\/td>\n<td>LH4580<\/td>\n<td>LH5060<\/td>\n<td>LH3040<\/td>\n<td>LH1235<\/td>\n<\/tr>\n<tr>\n<td>Horizontaler Verfahrweg (mm)<\/td>\n<td>8000<\/td>\n<td>4500<\/td>\n<td>5000<\/td>\n<td>3000<\/td>\n<td>1200<\/td>\n<\/tr>\n<tr>\n<td>Vertikaler Weg (mm)<\/td>\n<td>8000<\/td>\n<td>8000<\/td>\n<td>6000<\/td>\n<td>4000<\/td>\n<td>3500<\/td>\n<\/tr>\n<tr>\n<td>Drehwinkel(mm)<\/td>\n<td>\u00b1180\u00b0<\/td>\n<td>\u00b1180\u00b0<\/td>\n<td>\u00b1180\u00b0<\/td>\n<td>\u00b1180\u00b0<\/td>\n<td>Manuelle Steuerung<br \/>\n\u00b1360\u00b0<\/td>\n<\/tr>\n<tr>\n<td>Drehgeschwindigkeit (m\/min)<\/td>\n<td>0.12<\/td>\n<td>0.12<\/td>\n<td>0.12<\/td>\n<td>0.12<\/td>\n<td><\/td>\n<\/tr>\n<tr>\n<td>Hubgeschwindigkeit des Auslegers (m\/min)<\/td>\n<td>0.4<\/td>\n<td>0.4<\/td>\n<td>0.4<\/td>\n<td>0.4<\/td>\n<td>0.4<\/td>\n<\/tr>\n<tr>\n<td>Fahrgeschwindigkeit des Auslegers (m\/min)<\/td>\n<td>0.12-1.2<\/td>\n<td>0.12-1.2<\/td>\n<td>0.12-1.2<\/td>\n<td>0.12-1.2<\/td>\n<td>0.12-1.2<\/td>\n<\/tr>\n<tr>\n<td>Tablor vorw\u00e4rts-r\u00fcckw\u00e4rts Geschwindigkeit(m\/min)<\/td>\n<td>0.2-2<\/td>\n<td>0.2-2<\/td>\n<td>0.2-2<\/td>\n<td>0.2-2<\/td>\n<td>Manuelle Steuerung<\/td>\n<\/tr>\n<tr>\n<td>Abstand der Tischschiene (mm)<\/td>\n<td>2700<\/td>\n<td>2000<\/td>\n<td>2000<\/td>\n<td>1500<\/td>\n<td>1000<\/td>\n<\/tr>\n<\/tbody>\n<\/table>\n<p>&nbsp;<\/p>\n<p>&nbsp;<\/p>\n<p><img decoding=\"async\" src=\"https:\/\/www.weldmc.com\/wp-content\/uploads\/2025\/05\/welding-manipulator-1.png\" alt=\"Schwei\u00dfmanipulator-1\" \/><\/p>\n<p><img fetchpriority=\"high\" decoding=\"async\" class=\"\" src=\"https:\/\/www.weldmc.com\/wp-content\/uploads\/2025\/05\/column-boom_1.png\" alt=\"Spalte boom_1\" width=\"769\" height=\"433\" \/> <img decoding=\"async\" class=\"\" src=\"https:\/\/www.weldmc.com\/wp-content\/uploads\/2025\/05\/column-boom_2.png\" alt=\"Spalte boom_2\" width=\"768\" height=\"465\" \/><\/p>\n<p>Hauptstruktur<\/p>\n<p><img decoding=\"async\" class=\"alignright\" src=\"https:\/\/www.weldmc.com\/wp-content\/uploads\/2025\/05\/IMG_9530.jpg\" alt=\"Schwei\u00dfmanipulator_2\" width=\"459\" height=\"612\" \/><\/p>\n<p>S\u00e4ule+Kreuzarm+F\u00fchrungssitz+Mobiler Wagen<\/p>\n<p>Zusammensetzung eines vollst\u00e4ndigen Satzes<\/p>\n<p>* S\u00e4ule<\/p>\n<p>* Boom<\/p>\n<p>* Basis<\/p>\n<p>* Sattel<\/p>\n<p>* Hebesystem<\/p>\n<p>* Durchwahlsystem<\/p>\n<p>* Rotationssystem<\/p>\n<p>* Rotationssperre<\/p>\n<p>* Art der Bewegung und Drehung<\/p>\n<p>* Anti-Fall<\/p>\n<p>* Kopfecke<\/p>\n<p>* Schlitten auf Ausleger<\/p>\n<p>* Power-Slides<\/p>\n<p>* Kontrollsystem<\/p>\n<p>&nbsp;<\/p>\n<ol>\n<li>Motor<\/li>\n<li><img loading=\"lazy\" decoding=\"async\" class=\"aligncenter\" src=\"https:\/\/www.weldmc.com\/wp-content\/uploads\/2025\/05\/Motor_2-1.png\" alt=\"\" width=\"676\" height=\"508\" \/><img decoding=\"async\" class=\"aligncenter\" src=\"https:\/\/www.weldmc.com\/wp-content\/uploads\/2025\/05\/Motor_1-1.png\" alt=\"Motor_1\" \/>Reduzierst\u00fcck<\/li>\n<\/ol>\n<p><img decoding=\"async\" src=\"https:\/\/www.weldmc.com\/wp-content\/uploads\/2025\/05\/reducer1.png\" alt=\"Reduzierst\u00fcck1\" \/><\/p>\n<p>In den meisten F\u00e4llen hat dieses Getriebe zwei- und dreistufige gew\u00f6hnliche Stirnradgetriebe und zylindrische Schneckengetriebe ersetzt und ist in der Milit\u00e4rindustrie, der Luft- und Raumfahrt, der Metallurgie, dem Bergbau, der Erd\u00f6lindustrie, der chemischen Industrie, der Schifffahrt, der Leichtindustrie, der Lebensmittelindustrie, der Textilindustrie, der Druck- und F\u00e4rberei, der pharmazeutischen Industrie, der Gummi- und Kunststoffindustrie sowie im Hebe- und Transportwesen weit verbreitet.<\/p>\n<p>Produktmerkmale\uff1a<\/p>\n<p><img decoding=\"async\" src=\"https:\/\/www.weldmc.com\/wp-content\/uploads\/2025\/05\/Reverse-gear_1-1.png\" alt=\"R\u00fcckw\u00e4rtsgang_1\" \/><\/p>\n<ol>\n<li>Hohes \u00dcbersetzungsverh\u00e4ltnis.<\/li>\n<li>Hohe \u00dcbertragungseffizienz.<\/li>\n<li>Kompakte Struktur, geringe Gr\u00f6\u00dfe und geringes Gewicht.<\/li>\n<li>Weniger Ausf\u00e4lle, lange Lebensdauer.<\/li>\n<li>Reibungsloser und zuverl\u00e4ssiger Betrieb.<\/li>\n<li>Einfache Demontage und Reparatur.<\/li>\n<li>Starke \u00dcberlastbarkeit, Sto\u00dffestigkeit, geringes Tr\u00e4gheitsmoment, geeignet f\u00fcr h\u00e4ufiges Anfahren und f\u00fcr den Betrieb im Vorw\u00e4rts- und R\u00fcckw\u00e4rtsgang.<\/li>\n<\/ol>\n<p><img decoding=\"async\" src=\"https:\/\/www.weldmc.com\/wp-content\/uploads\/2025\/05\/Reverse-gear_3-1.png\" alt=\"R\u00fcckw\u00e4rtsgang_3\" \/><\/p>\n<p>Das Untersetzungsgetriebe ist eine Art Kraft\u00fcbertragungsmechanismus, der den Drehzahlwandler des Getriebes verwendet, um die Drehzahl des Motors auf die erforderliche Drehzahl zu reduzieren und eine Struktur mit gro\u00dfem Drehmoment zu erhalten.<\/p>\n<p><img decoding=\"async\" src=\"https:\/\/www.weldmc.com\/wp-content\/uploads\/2025\/05\/Reducer-2.png\" alt=\"Reduzierst\u00fcck\" \/><\/p>\n<p>Funktion des Untersetzungsgetriebes\uff1aReduzieren Sie die Geschwindigkeit und erh\u00f6hen Sie gleichzeitig das Ausgangsdrehmoment. Das Ausgangsdrehmoment wird mit dem Motorausgangsverz\u00f6gerungsgrad multipliziert, darf aber das Nenndrehmoment des Untersetzungsgetriebes nicht \u00fcberschreiten. Gleichzeitig wird die Tr\u00e4gheit des Getriebes auf das Quadrat der Verz\u00f6gerungsrate reduziert.<\/p>\n<ol start=\"3\">\n<li>Gro\u00dfw\u00e4lzlager<\/li>\n<\/ol>\n<p><img decoding=\"async\" src=\"https:\/\/www.weldmc.com\/wp-content\/uploads\/2025\/05\/Reverse-gear-1.png\" alt=\"R\u00fcckw\u00e4rtsgang\" \/><\/p>\n<p>Seine Hauptfunktion besteht darin, mit Hilfe von Schrauben an den oberen und unteren Tr\u00e4gern der mechanischen Ausr\u00fcstung befestigt zu werden, um Kraft und Antrieb zu \u00fcbertragen und so die relative Drehung zwischen den beiden Teilen der mechanischen Ausr\u00fcstung zu realisieren. Es hat die Eigenschaften der kompakten Struktur, geringes Gewicht, gute Stahlkonstruktion, reibungslosen Betrieb, hohe Genauigkeit, Sicherheit und Zuverl\u00e4ssigkeit.<\/p>\n<p>Gro\u00dfw\u00e4lzlager sind ein Grundbestandteil mechanischer Ausr\u00fcstungen und werden in verschiedenen Branchen der Volkswirtschaft eingesetzt. Sie sind weit verbreitet in Baumaschinen, Hafenmaschinen, Metallurgiemaschinen, Bergbaumaschinen, Erd\u00f6lmaschinen, chemischen Maschinen, medizinischen Ger\u00e4ten, Schiffsmaschinen, Leichtindustriemaschinen, Umweltschutzmaschinen, Unterhaltungsger\u00e4ten, Transportmaschinen und milit\u00e4rischen Ger\u00e4ten. Pendelst\u00fctzen werden zunehmend bei Energiespar- und Umweltschutzprojekten eingesetzt, wie z. B. bei Windkraftanlagen, die eine Vielzahl von Pr\u00e4zisionsmastst\u00fctzen erfordern.<\/p>\n<ol start=\"4\">\n<li>Getriebe<\/li>\n<\/ol>\n<p><img decoding=\"async\" src=\"https:\/\/www.weldmc.com\/wp-content\/uploads\/2025\/05\/Slewing-bearing.png\" alt=\"Gro\u00dfw\u00e4lzlager\" \/><\/p>\n<p>Ein Zahnrad ist ein rad\u00e4hnliches mechanisches Teil, das das Drehmoment durch den Eingriff der Z\u00e4hne \u00fcbertr\u00e4gt. Durch die \u00dcbertragung mit anderen gezahnten mechanischen Teilen (wie z. B. einem anderen Zahnrad, einer Dao-Zahnstange und einer Schnecke) kann das Zahnrad die Geschwindigkeit und das Drehmoment \u00e4ndern, die Bewegungsrichtung \u00e4ndern und die Bewegungsform \u00e4ndern.<\/p>\n<ol start=\"5\">\n<li>Achse<\/li>\n<\/ol>\n<p>Die Transpositionsmaschine treibt die Drehung des internen Getriebes durch die Drehung der Welle an und treibt dann die Drehung des externen Getriebes an, wodurch die Funktion der Transposition erreicht wird.<\/p>\n<p><img decoding=\"async\" src=\"https:\/\/www.weldmc.com\/wp-content\/uploads\/2025\/05\/axis1.png\" alt=\"Achse1\" \/><\/p>\n<p class=\"ds-markdown-paragraph\"><strong>WUXI ABK Schwei\u00dfer-Manipulator Produkteinf\u00fchrung<\/strong><\/p>\n<p class=\"ds-markdown-paragraph\">Als Pionier in der Schwei\u00dfautomatisierungstechnologie hat WUXI ABK MACHINERY branchenf\u00fchrende Schwei\u00dfmanipulatorsysteme entwickelt, die speziell f\u00fcr die Herstellung von Lagertanks, Druckbeh\u00e4ltern und schweren Stahlkonstruktionen konzipiert sind. Unsere Schwei\u00dfs\u00e4ulen- und Auslegersysteme verf\u00fcgen \u00fcber patentierte Technologien, die in anspruchsvollen industriellen Anwendungen un\u00fcbertroffene Pr\u00e4zision und Zuverl\u00e4ssigkeit bieten.<\/p>\n<p class=\"ds-markdown-paragraph\"><strong>Vorteile der Kerntechnologie<\/strong><br \/>\nDer Schwei\u00dfs\u00e4ulenausleger besteht aus einer hochfesten Kastentr\u00e4gerstruktur mit Pr\u00e4zisions-Spannungsabbau, die eine langfristige Stabilit\u00e4t f\u00fcr den Dauerbetrieb gew\u00e4hrleistet. Unser Manipulatorsystem zum Schwei\u00dfen von Tanks umfasst hochpr\u00e4zise Linearf\u00fchrungen und Zahnstangen\u00fcbertragungsmechanismen, die eine au\u00dfergew\u00f6hnliche Betriebsstabilit\u00e4t von \u00b10,1 mm\/m erreichen - entscheidend f\u00fcr das Schwei\u00dfen von Lagertanks mit gro\u00dfem Durchmesser. Das intelligente Steuerungssystem kombiniert die automatische Nahtverfolgung mit der Prozess\u00fcberwachung in Echtzeit und steigert sowohl die Schwei\u00dfqualit\u00e4t als auch die Produktivit\u00e4t um bis zu 40% im Vergleich zu herk\u00f6mmlichen Methoden.<\/p>\n<p><img decoding=\"async\" src=\"https:\/\/www.weldmc.com\/wp-content\/uploads\/2025\/10\/column-style-manipulator.png\" alt=\"S\u00e4ulenmanipulator\" \/><\/p>\n<p class=\"ds-markdown-paragraph\"><strong>Konfigurationsoptionen f\u00fcr verschiedene Anwendungen<\/strong><br \/>\nWUXI ABK bietet umfassende L\u00f6sungen f\u00fcr Schwei\u00dfmanipulatoren:<\/p>\n<ul>\n<li>\n<p class=\"ds-markdown-paragraph\"><strong>Feststehende Schwei\u00dfmanipulatoren<\/strong>: Kompakte, wirtschaftliche Systeme, ideal f\u00fcr das Schwei\u00dfen von L\u00e4ngsn\u00e4hten in kleinen bis mittelgro\u00dfen Lagertanks<\/p>\n<\/li>\n<li>\n<p class=\"ds-markdown-paragraph\"><strong>Feste Drehkonfigurationen<\/strong>: Funktion zur S\u00e4ulendrehung f\u00fcr das Schwei\u00dfen von Beh\u00e4ltern mit mehreren Winkeln hinzugef\u00fcgt<\/p>\n<\/li>\n<li>\n<p class=\"ds-markdown-paragraph\"><strong>Mobile Drehtankmanipulatoren<\/strong>: Omnidirektionale Bewegung und 360\u00b0-Drehbarkeit f\u00fcr den Bau gro\u00dfer Tankfelder<br \/>\nAlle Modelle lassen sich nahtlos mit Positionierern, Drehtischen und anderen Schwei\u00dfhilfsger\u00e4ten kombinieren.<\/p>\n<\/li>\n<\/ul>\n<p class=\"ds-markdown-paragraph\"><strong>Erh\u00f6hte Sicherheit und Kontrolle<\/strong><br \/>\nDas System verf\u00fcgt \u00fcber mehrere Schutzfunktionen:<br \/>\n\u2713 Selbsthemmende Absturzsicherung mit mehrstufigen Endschaltern<br \/>\n\u2713 Umfassende elektrische Schutzfunktionen (\u00dcberlast\/\u00dcberstrom\/Unterspannung\/Kurzschluss)<br \/>\n\u2713 Benutzerfreundliche Schnittstelle mit visuellem Bedienfeld und Handheld-Fernbedienung<br \/>\n\u2713 200mm Schwei\u00dfbrenner-Einstellbereich f\u00fcr pr\u00e4zise Positionierung<\/p>\n<p class=\"ds-markdown-paragraph\"><strong>Erweiterte Anpassungsm\u00f6glichkeiten<\/strong><br \/>\nUnsere Schwei\u00dfs\u00e4ulenauslegersysteme unterst\u00fctzen verschiedene intelligente Zusatzger\u00e4te:<\/p>\n<ul>\n<li>\n<p class=\"ds-markdown-paragraph\">Systeme zur Flussmittelr\u00fcckgewinnung<\/p>\n<\/li>\n<li>\n<p class=\"ds-markdown-paragraph\">Module zur Schwei\u00dfnaht\u00fcberwachung in Echtzeit<\/p>\n<\/li>\n<li>\n<p class=\"ds-markdown-paragraph\">Automatisierte Parameteranpassung<\/p>\n<\/li>\n<li>\n<p class=\"ds-markdown-paragraph\">Schnittstellen zur Qualit\u00e4tspr\u00fcfung<\/p>\n<\/li>\n<\/ul>\n<p class=\"ds-markdown-paragraph\"><strong>Bew\u00e4hrte Leistung in der Industrie<\/strong><br \/>\nWUXI ABK Schwei\u00dfmanipulatoren wurden bereits in \u00fcber 200 Gro\u00dfprojekten erfolgreich eingesetzt:<\/p>\n<ul>\n<li>\n<p class=\"ds-markdown-paragraph\">\u00d6ltanklager<\/p>\n<\/li>\n<li>\n<p class=\"ds-markdown-paragraph\">Chemische Verarbeitungsbeh\u00e4lter<\/p>\n<\/li>\n<li>\n<p class=\"ds-markdown-paragraph\">Stromerzeugungsanlagen<\/p>\n<\/li>\n<li>\n<p class=\"ds-markdown-paragraph\">Strukturen von Offshore-Plattformen<br \/>\nAlle Systeme entsprechen den ASME-, EN 1090- und anderen internationalen Normen.<\/p>\n<\/li>\n<\/ul>\n<p class=\"ds-markdown-paragraph\"><strong>Komplettes Servicepaket<\/strong><br \/>\nWir bieten End-to-End-L\u00f6sungen, einschlie\u00dflich:<\/p>\n<ul>\n<li>\n<p class=\"ds-markdown-paragraph\">Ma\u00dfgeschneiderte Auswahl der Ausr\u00fcstung<\/p>\n<\/li>\n<li>\n<p class=\"ds-markdown-paragraph\">Installation und Inbetriebnahme vor Ort<\/p>\n<\/li>\n<li>\n<p class=\"ds-markdown-paragraph\">Schulungsprogramme f\u00fcr Bediener<\/p>\n<\/li>\n<li>\n<p class=\"ds-markdown-paragraph\">24\/7 technische Unterst\u00fctzung<\/p>\n<\/li>\n<li>\n<p class=\"ds-markdown-paragraph\">Regelm\u00e4\u00dfige Wartungsdienste<\/p>\n<\/li>\n<\/ul>\n<p class=\"ds-markdown-paragraph\"><strong>Technische Daten<\/strong><\/p>\n<ul>\n<li>\n<p class=\"ds-markdown-paragraph\">Positioniergenauigkeit: \u00b10,1mm\/m<\/p>\n<\/li>\n<li>\n<p class=\"ds-markdown-paragraph\">Brennereinstellung: 200mm Bereich<\/p>\n<\/li>\n<li>\n<p class=\"ds-markdown-paragraph\">Fahrgeschwindigkeit: 0,1-1,2m\/min (variabel)<\/p>\n<\/li>\n<li>\n<p class=\"ds-markdown-paragraph\">Tragf\u00e4higkeit: 500-5000kg (anpassbar)<\/p>\n<\/li>\n<li>\n<p class=\"ds-markdown-paragraph\">Stromversorgung: 380V\/50Hz (andere Spannungen verf\u00fcgbar)<\/p>\n<\/li>\n<\/ul>\n<p>&nbsp;<\/p>\n<p><img loading=\"lazy\" decoding=\"async\" class=\"\" src=\"https:\/\/www.weldmc.com\/wp-content\/uploads\/2025\/05\/welding-manipulator_11.jpg\" alt=\"Schwei\u00dfmanipulator_11\" width=\"917\" height=\"688\" \/><\/p>\n<p>Merkmale des Schwei\u00dfmanipulators:<br \/>\n<strong><b>Struktureller Vorteil<\/b><\/strong><\/p>\n<p><strong><b>V-f\u00f6rmiges Design der F\u00fchrungsschiene<\/b><\/strong>-V-f\u00f6rmige F\u00fchrungsschienen mit hoher Tragf\u00e4higkeit werden sowohl f\u00fcr Pfosten als auch f\u00fcr Traversen verwendet.<\/p>\n<p><strong><b>Zweifaches Sicherheitssystem<\/b><\/strong><\/p>\n<ul>\n<li>Die S\u00e4ule ist mit einem Bremsmotor ausgestattet, um eine stabile Positionierung zu gew\u00e4hrleisten.<\/li>\n<li>Bruchsicherung von F\u00fchrungssitz-Sicherungsstift+S\u00e4ulen-Sicherungslochkette<\/li>\n<\/ul>\n<p><strong><b>Pr\u00e4zises \u00dcbertragungssystem<\/b><\/strong><\/p>\n<ul>\n<li>Zykloidstiftrad+Schneckengetriebe Untersetzung<\/li>\n<li>Konstruktion einer vollst\u00e4ndig abgedichteten \u00d6ltauchschmierung und Staubschutz<\/li>\n<\/ul>\n<p>Intelligente Steuerung<\/p>\n<ul>\n<li>Stufenlos drehzahlregelnder Umrichter (mit Fehlererkennung und Alarmfunktion)<\/li>\n<li>Elektrischer Kreuzversteller f\u00fcr den Querarm<\/li>\n<li>Die schwenkbare Auflagefl\u00e4che erm\u00f6glicht das synchrone Schwei\u00dfen von mehreren Werkst\u00fccken<\/li>\n<\/ul>\n<p>&nbsp;<\/p>\n<p><img decoding=\"async\" src=\"https:\/\/www.weldmc.com\/wp-content\/uploads\/2025\/05\/welding-manipulator_6.jpg\" alt=\"Schwei\u00dfmanipulator_6\" \/><\/p>\n<p class=\"ds-markdown-paragraph\"><strong>Industrielle Anwendungen<\/strong><br \/>\nUnser Schwei\u00dfmanipulatorsystem wurde f\u00fcr das Pr\u00e4zisionsschwei\u00dfen in kritischen Industriesektoren entwickelt, darunter\u00a0<strong>Kesselbau<\/strong>,\u00a0<strong>Druckbeh\u00e4lter-Fertigung<\/strong>,\u00a0<strong>Petrochemischer Anlagenbau<\/strong>und\u00a0<strong>metallurgische Verarbeitung<\/strong>. Das Ger\u00e4t zeichnet sich sowohl durch\u00a0<strong>L\u00e4ngsnahtschwei\u00dfen<\/strong>\u00a0und\u00a0<strong>Rundnahtschwei\u00dfen<\/strong>, die beide\u00a0<strong>Innenschwei\u00dfen von Zylindern<\/strong>\u00a0und\u00a0<strong>Au\u00dfenmantelschwei\u00dfen<\/strong>\u00a0mit gleichem K\u00f6nnen. Sein robustes Design macht ihn ideal f\u00fcr\u00a0<strong>Schwerindustrielle Schwei\u00dfanwendungen<\/strong>\u00a0die konsistente, hochwertige Ergebnisse erfordern.<\/p>\n<p class=\"ds-markdown-paragraph\"><strong>Konfigurationsoptionen<\/strong><br \/>\nDer WUXI ABK-Schwei\u00dfmanipulator bietet flexible Einstellm\u00f6glichkeiten f\u00fcr die unterschiedlichsten Produktionsanforderungen:<\/p>\n<ul>\n<li>\n<p class=\"ds-markdown-paragraph\"><strong>Feste Konfiguration<\/strong>\u00a0f\u00fcr stabile, hochpr\u00e4zise Schwei\u00dfaufgaben<\/p>\n<\/li>\n<li>\n<p class=\"ds-markdown-paragraph\"><strong>Feste Drehkonfiguration<\/strong>\u00a0f\u00fcr kontrollierte Rotationsschwei\u00dfvorg\u00e4nge<\/p>\n<\/li>\n<li>\n<p class=\"ds-markdown-paragraph\"><strong>Bewegliche Drehkonfiguration<\/strong>\u00a0f\u00fcr dynamische, gro\u00df angelegte Schwei\u00dfprojekte<\/p>\n<\/li>\n<\/ul>\n<p class=\"ds-markdown-paragraph\"><strong>Betriebsbedingungen<\/strong><br \/>\nUm eine optimale Leistung zu gew\u00e4hrleisten, arbeitet der Schwei\u00dfmanipulator unter den folgenden Bedingungen:<\/p>\n<ul>\n<li>\n<p class=\"ds-markdown-paragraph\"><strong>H\u00f6henlage<\/strong>: Unterhalb von 1000m<\/p>\n<\/li>\n<li>\n<p class=\"ds-markdown-paragraph\"><strong>Temperaturbereich der Umgebung<\/strong>-5\u00b0C bis 40\u00b0C<\/p>\n<\/li>\n<li>\n<p class=\"ds-markdown-paragraph\"><strong>Grenzwerte f\u00fcr die Luftfeuchtigkeit<\/strong>: Maximale monatliche durchschnittliche relative Luftfeuchtigkeit \u226490% bei \u226425\u00b0C<\/p>\n<\/li>\n<li>\n<p class=\"ds-markdown-paragraph\"><strong>Stabilit\u00e4t der Leistung<\/strong>: Spannungsschwankungen innerhalb \u00b110% (bei Nennfrequenz); Frequenzschwankungen \u2264\u00b11% (bei Nennspannung)<\/p>\n<\/li>\n<\/ul>\n<p class=\"ds-markdown-paragraph\"><strong>Optionales Zubeh\u00f6r<\/strong><br \/>\nErweitern Sie die Funktionalit\u00e4t mit unseren speziellen Add-ons:<\/p>\n<ul>\n<li>\n<p class=\"ds-markdown-paragraph\"><strong>Flussmittel-R\u00fcckgewinnungssystem<\/strong>\u00a0f\u00fcr die effiziente Sammlung und Wiederverwendung von Schlacke<\/p>\n<\/li>\n<li>\n<p class=\"ds-markdown-paragraph\"><strong>\u00dcberwachungssystem in Echtzeit<\/strong>\u00a0mit Schwei\u00dfparameterverfolgung<\/p>\n<\/li>\n<li>\n<p class=\"ds-markdown-paragraph\"><strong>Verstellbare Regale<\/strong>\u00a0f\u00fcr Werkzeug- und Materialorganisation<\/p>\n<\/li>\n<li>\n<p class=\"ds-markdown-paragraph\"><strong>Laser-Nahtverfolgung<\/strong>\u00a0f\u00fcr die automatische Schwei\u00dfbahnkorrektur<\/p>\n<\/li>\n<li>\n<p class=\"ds-markdown-paragraph\"><strong>K\u00fchlungssysteme<\/strong>\u00a0f\u00fcr l\u00e4ngeren Betrieb in Umgebungen mit hoher Hitzeentwicklung<\/p>\n<\/li>\n<\/ul>\n<p class=\"ds-markdown-paragraph\"><strong>Hauptmerkmale und Vorteile<\/strong><br \/>\n\u2713\u00a0<strong>Hochbelastbare Konstruktion<\/strong>\u00a0f\u00fcr\u00a0<strong>industrielles Schwei\u00dfen<\/strong>\u00a0Haltbarkeit<br \/>\n\u2713\u00a0<strong>Pr\u00e4zise Positionierung<\/strong>\u00a0f\u00fcr\u00a0<strong>Nahtschwei\u00dfen<\/strong>\u00a0Genauigkeit<br \/>\n\u2713\u00a0<strong>Modularer Aufbau<\/strong>\u00a0unter\u00a0<strong>Schwei\u00dfautomatisierung<\/strong>\u00a0Integration<br \/>\n\u2713\u00a0<strong>Energieeffizient<\/strong>\u00a0Betriebsreduzierung\u00a0<strong>Produktionskosten f\u00fcr Schwei\u00dfarbeiten<\/strong><br \/>\n\u2713\u00a0<strong>CE\/ISO-zertifiziert<\/strong>\u00a0Komponenten, die sicherstellen\u00a0<strong>Einhaltung der Sicherheitsvorschriften beim Schwei\u00dfen<\/strong><\/p>\n<p><img decoding=\"async\" src=\"https:\/\/www.weldmc.com\/wp-content\/uploads\/2025\/05\/Product-certification.png\" alt=\"Produktzertifizierung\" \/><\/p>\n<p>Wuxi ABK Machinery Co.Ltd ist ein professioneller Hersteller von verstellbaren Schwei\u00dfrotatoren in China. Und wir k\u00f6nnen auch unsere Kunden auf der ganzen Welt mit vielen anderen Produkten wie spezielle Schwei\u00dfrotator, Windturm-Produktionslinie, H-Tr\u00e4ger-Schwei\u00dflinie, Rohrschwei\u00dfger\u00e4te, CNC-Schneidemaschine, Schleifmaschine, Walzprofiliermaschine, Blechbiegemaschine, etc. bieten. Wir haben die ISO- und CE-Zertifizierung erhalten und bieten auch OEM-Service an. Unsere Produkte sind bei Kunden aus vielen L\u00e4ndern wie Spanien, Indien, Deutschland, S\u00fcdafrika, Brasilien, Chile, Argentinien, Russland, Italien, Frankreich, Vietnam usw. gut angekommen. Wenn Sie an unserem einstellbaren Schwei\u00dfrotator interessiert sind, z\u00f6gern Sie bitte nicht, uns zu kontaktieren, wann immer Sie wollen.<\/p>\n<p>&nbsp;<\/p>","protected":false},"excerpt":{"rendered":"<p><strong>WUXI ABK Schweissmanipulator<\/strong>\u00a0liefert Pr\u00e4zisionsschwei\u00dfn\u00e4hte f\u00fcr Kessel, Druckbeh\u00e4lter und petrochemische Anwendungen. Mit automatischer Nachf\u00fchrung und einstellbaren Konfigurationen verarbeitet dieses industrietaugliche System sowohl L\u00e4ngs- als auch Rundn\u00e4hte mit einer Genauigkeit von \u00b10,2 mm. Optionale Systeme zur Flussmittelr\u00fcckgewinnung und -\u00fcberwachung steigern die Produktivit\u00e4t. Ideal f\u00fcr die Schwerindustrie in den Bereichen Metallurgie und Energie.<\/p>","protected":false},"featured_media":1497,"comment_status":"open","ping_status":"closed","template":"","meta":{"_acf_changed":false},"product_brand":[],"product_cat":[21,28],"product_tag":[],"class_list":{"0":"post-753","1":"product","2":"type-product","3":"status-publish","4":"has-post-thumbnail","6":"product_cat-welding-automation","7":"product_cat-welding-manipulator","9":"first","10":"instock","11":"shipping-taxable","12":"product-type-simple"},"acf":[],"_links":{"self":[{"href":"https:\/\/www.weldmc.com\/de\/wp-json\/wp\/v2\/product\/753","targetHints":{"allow":["GET"]}}],"collection":[{"href":"https:\/\/www.weldmc.com\/de\/wp-json\/wp\/v2\/product"}],"about":[{"href":"https:\/\/www.weldmc.com\/de\/wp-json\/wp\/v2\/types\/product"}],"replies":[{"embeddable":true,"href":"https:\/\/www.weldmc.com\/de\/wp-json\/wp\/v2\/comments?post=753"}],"wp:featuredmedia":[{"embeddable":true,"href":"https:\/\/www.weldmc.com\/de\/wp-json\/wp\/v2\/media\/1497"}],"wp:attachment":[{"href":"https:\/\/www.weldmc.com\/de\/wp-json\/wp\/v2\/media?parent=753"}],"wp:term":[{"taxonomy":"product_brand","embeddable":true,"href":"https:\/\/www.weldmc.com\/de\/wp-json\/wp\/v2\/product_brand?post=753"},{"taxonomy":"product_cat","embeddable":true,"href":"https:\/\/www.weldmc.com\/de\/wp-json\/wp\/v2\/product_cat?post=753"},{"taxonomy":"product_tag","embeddable":true,"href":"https:\/\/www.weldmc.com\/de\/wp-json\/wp\/v2\/product_tag?post=753"}],"curies":[{"name":"wp","href":"https:\/\/api.w.org\/{rel}","templated":true}]}}