{"id":721,"date":"2025-05-24T15:39:21","date_gmt":"2025-05-24T07:39:21","guid":{"rendered":"http:\/\/111.170.148.214:8095\/?post_type=product&#038;p=721"},"modified":"2025-09-12T14:13:45","modified_gmt":"2025-09-12T06:13:45","slug":"tragbare-wasserstrahlschneidemaschine","status":"publish","type":"product","link":"https:\/\/www.weldmc.com\/de\/product\/tragbare-wasserstrahlschneidemaschine\/","title":{"rendered":"Tragbare Wasserstrahlschneidemaschine"},"content":{"rendered":"<p class=\"ds-markdown-paragraph\"><strong>WUXI ABK Tragbare Wasserstrahlschneidmaschine - Schneidl\u00f6sung f\u00fcr die Industrie<\/strong><\/p>\n<p class=\"ds-markdown-paragraph\"><strong>Produkt\u00fcbersicht<\/strong><br \/>\nDie tragbare Wasserstrahlschneidanlage ABK von WUXI revolutioniert mit ihrer fortschrittlichen Ultra-Hochdruck-Wasserstrahltechnologie die industriellen Schneidarbeiten. Dieses kompakte und dennoch leistungsstarke System kombiniert eine Hochdruck-Pumpeneinheit mit einer pr\u00e4zisen CNC-Schneidplattform und bietet so eine un\u00fcbertroffene Vielseitigkeit bei der Bearbeitung von weichen und harten Materialien. Im Gegensatz zu herk\u00f6mmlichen station\u00e4ren Wasserstrahlschneidern erm\u00f6glicht unser tragbares Design einen schnellen Einsatz an verschiedenen Arbeitspl\u00e4tzen bei gleichbleibend professioneller Schneidleistung.<\/p>\n<p class=\"ds-markdown-paragraph\"><strong>Schneidef\u00e4higkeiten<\/strong><br \/>\nUnsere Wasserstrahlschneidanlagen arbeiten in zwei verschiedenen Modi, um unterschiedliche Materialanforderungen zu erf\u00fcllen:<\/p>\n<ul>\n<li>\n<p class=\"ds-markdown-paragraph\"><strong>Reinwasser-Modus<\/strong>\u00a0(f\u00fcr weiche Materialien): Schneidet m\u00fchelos durch 300 mm Gummi oder 150 mm Verbundwerkstoffe ohne thermische Verformung<\/p>\n<\/li>\n<li>\n<p class=\"ds-markdown-paragraph\"><strong>Abrasiv-Modus<\/strong>\u00a0(f\u00fcr harte Materialien): Verwendet Granatschleifmittel mit 80 Maschen, um bei einem Verbrauch von 0,5 kg\/min durch 50 mm Edelstahl oder 100 mm Stein zu schneiden<\/p>\n<\/li>\n<\/ul>\n<p class=\"ds-markdown-paragraph\"><strong>Technische H\u00f6hepunkte<\/strong><br \/>\nDas System verf\u00fcgt \u00fcber mehrere branchenf\u00fchrende Funktionen:<br \/>\n\u2713\u00a0<strong>KMT-Booster-Technologie<\/strong>\u00a0Erzeugung von 6000 bar Schneiddruck<br \/>\n\u2713\u00a0<strong>Kompakter Fu\u00dfabdruck<\/strong>\u00a0(800\u00d7600\u00d71200mm) mit leichtem Design (&lt;150kg) f\u00fcr einfachen Transport<br \/>\n\u2713\u00a0<strong>IP65-zertifiziertes CNC-System<\/strong>\u00a0mit drahtloser Fernbedienung (10 m Reichweite)<br \/>\n\u2713\u00a0<strong>Druck\u00fcberwachung in Echtzeit<\/strong>\u00a0(\u00b150bar Genauigkeit) f\u00fcr gleichbleibende Schnittqualit\u00e4t<br \/>\n\u2713\u00a0<strong>Einrichtung mit zwei Bedienern<\/strong>\u00a0erm\u00f6glicht einen schnellen Wechsel zwischen den Arbeitsbereichen<\/p>\n<p class=\"ds-markdown-paragraph\"><strong>Industrielle Anwendungen<\/strong><br \/>\nDiese tragbare Schneidemaschine eignet sich hervorragend f\u00fcr kritische Bereiche:<\/p>\n<ul>\n<li>\n<p class=\"ds-markdown-paragraph\"><strong>\u00d6l und Gas<\/strong>: Sicheres Schneiden von unter Spannung stehenden Rohrleitungen (einschlie\u00dflich Erdgasleitungen) ohne Entz\u00fcndungsgefahr<\/p>\n<\/li>\n<li>\n<p class=\"ds-markdown-paragraph\"><strong>Meerestechnik<\/strong>: Pr\u00e4zise Modifikation von Komponenten einer Offshore-Plattform<\/p>\n<\/li>\n<li>\n<p class=\"ds-markdown-paragraph\"><strong>Chemiewerke<\/strong>: Kaltschneiden von Gefahrgutbeh\u00e4ltern<\/p>\n<\/li>\n<li>\n<p class=\"ds-markdown-paragraph\"><strong>Abfallverarbeitung<\/strong>: Demontage von Tankwagen und Metallschrott<\/p>\n<\/li>\n<li>\n<p class=\"ds-markdown-paragraph\"><strong>Pr\u00e4zisionsfertigung<\/strong>: Verarbeitung von rostfreiem Stahl, Titanlegierungen und speziellen Verbundwerkstoffen<\/p>\n<\/li>\n<\/ul>\n<p class=\"ds-markdown-paragraph\"><strong>Vorteile bei Sicherheit und Effizienz<\/strong><br \/>\nDer WUXI ABK Wasserstrahlschneider bietet zahlreiche betriebliche Vorteile:<\/p>\n<ul>\n<li>\n<p class=\"ds-markdown-paragraph\"><strong>Keine w\u00e4rmebeeinflussten Zonen<\/strong>\u00a0- bewahrt die Materialeigenschaften<\/p>\n<\/li>\n<li>\n<p class=\"ds-markdown-paragraph\"><strong>Umweltfreundlich<\/strong>\u00a0- erzeugt keine giftigen D\u00e4mpfe<\/p>\n<\/li>\n<li>\n<p class=\"ds-markdown-paragraph\"><strong>Multimaterial-Kompatibilit\u00e4t<\/strong>\u00a0- von Polymeren bis zu geh\u00e4rteten Metallen<\/p>\n<\/li>\n<li>\n<p class=\"ds-markdown-paragraph\"><strong>Schnelle Einrichtung<\/strong>\u00a0- innerhalb von 15 Minuten nach Ankunft einsatzbereit<\/p>\n<\/li>\n<\/ul>\n<p><strong>Anwendungsszenario in der Industrie<\/strong><\/p>\n<table>\n<tbody>\n<tr>\n<td><strong><b>A<\/b><\/strong><strong><b>Anwendungsbereich<\/b><\/strong><\/td>\n<td><strong><b>Typischer Fall<\/b><\/strong><\/td>\n<td><strong><b>T<\/b><\/strong><strong><b>echnische \u00dcberlegenheit<\/b><\/strong><\/td>\n<\/tr>\n<tr>\n<td><strong>\u00d6l- und Gaspipeline<\/strong><\/td>\n<td>Notschneiden einer unter Druck stehenden Rohrleitung<\/td>\n<td>Keine Zertifizierung f\u00fcr Funken-\/Explosionsschutz<\/td>\n<\/tr>\n<tr>\n<td><strong>C<\/strong><strong>hemische Ausr\u00fcstung<\/strong><\/td>\n<td>Demontage von stillgelegten Lagertanks<\/td>\n<td>Es werden keine giftigen Gase erzeugt<\/td>\n<\/tr>\n<tr>\n<td><strong>M<\/strong><strong>Geb\u00e4udetechnik<\/strong><\/td>\n<td>Wiederaufbau des unterirdischen Leitungsnetzes<\/td>\n<td>Betrieb auf engem Raum<\/td>\n<\/tr>\n<tr>\n<td><strong>Milit\u00e4rische Luft- und Raumfahrt<\/strong><\/td>\n<td>Verarbeitung dummer Bomben<\/td>\n<td>Kaltes sicheres Schneiden<\/td>\n<\/tr>\n<tr>\n<td><strong>A<\/strong><strong>rtistische Gestaltung<\/strong><\/td>\n<td>Skulptur aus Marmor<\/td>\n<td>Bearbeitung komplexer Kurven<\/td>\n<\/tr>\n<\/tbody>\n<\/table>\n<p><strong>\u00a0<\/strong><strong>\u00a0<\/strong><strong>P<\/strong><strong>Leistungsparameter<\/strong><\/p>\n<table>\n<tbody>\n<tr>\n<td width=\"174\"><strong><b>P<\/b><\/strong><strong><b>rojekt<\/b><\/strong><\/td>\n<td width=\"297\"><strong><b>Technische Indikatoren<\/b><\/strong><\/td>\n<\/tr>\n<tr>\n<td width=\"174\">Arbeitsdruck<\/td>\n<td width=\"297\">3800-6000bar\uff08Adjustable\uff09<\/td>\n<\/tr>\n<tr>\n<td width=\"174\">Schnittgenauigkeit<\/td>\n<td width=\"297\">\u00b10,2mm\uff08XY-Ebene\uff09<\/td>\n<\/tr>\n<tr>\n<td width=\"174\">Reisetarif<\/td>\n<td width=\"297\">0,1-5m\/min\uff08Stufenlose Geschwindigkeitsregelung\uff09<\/td>\n<\/tr>\n<tr>\n<td width=\"174\">Leistungsbedarf<\/td>\n<td width=\"297\">380V\/50Hz oder Dieselgeneratorantrieb<\/td>\n<\/tr>\n<tr>\n<td width=\"174\">Wasserverbrauch<\/td>\n<td width=\"297\">4L\/min (mit R\u00fcckgewinnungssystem)<\/td>\n<\/tr>\n<tr>\n<td width=\"174\">Ger\u00e4uschpegel<\/td>\n<td width=\"297\">\u226478dB\uff08Gemessen in einem Abstand von 1 Meter\uff09<\/td>\n<\/tr>\n<\/tbody>\n<\/table>\n<p><strong>Schnittparameter<\/strong><\/p>\n<table>\n<tbody>\n<tr>\n<td>Material<\/td>\n<td>Dicke(mm)<\/td>\n<td>Schnittgeschwindigkeit (300Mpa System) (mm\/min)<\/td>\n<td>Schnittgeschwindigkeit (380Mpa System)(mm\/min)<\/td>\n<td>Schnittgeschwindigkeit (420Mpa System)(mm\/min)<\/td>\n<\/tr>\n<tr>\n<td rowspan=\"3\">Normales Glas<\/td>\n<td>6<\/td>\n<td>1100 &#8211; 1200<\/td>\n<td>1400-1500<\/td>\n<td>2100-2250<\/td>\n<\/tr>\n<tr>\n<td>10<\/td>\n<td>480-600<\/td>\n<td>690-800<\/td>\n<td>1035-1200<\/td>\n<\/tr>\n<tr>\n<td>19<\/td>\n<td>290-350<\/td>\n<td>400-500<\/td>\n<td>600-750<\/td>\n<\/tr>\n<tr>\n<td rowspan=\"2\">Granit Platte<\/td>\n<td>20<\/td>\n<td>200-250<\/td>\n<td>260-300<\/td>\n<td>390-450<\/td>\n<\/tr>\n<tr>\n<td>30<\/td>\n<td>120-150<\/td>\n<td>170-200<\/td>\n<td>255-300<\/td>\n<\/tr>\n<tr>\n<td>Porzellanfliesen<\/td>\n<td>10<\/td>\n<td>610-700<\/td>\n<td>900-1000<\/td>\n<td>1350-1500<\/td>\n<\/tr>\n<tr>\n<td rowspan=\"3\">Marmorplatte<\/td>\n<td>10<\/td>\n<td>500-700<\/td>\n<td>600-900<\/td>\n<td>900-1350<\/td>\n<\/tr>\n<tr>\n<td>20<\/td>\n<td>260-300<\/td>\n<td>350-400<\/td>\n<td>525-600<\/td>\n<\/tr>\n<tr>\n<td>30<\/td>\n<td>170-200<\/td>\n<td>260-300<\/td>\n<td>390-450<\/td>\n<\/tr>\n<tr>\n<td>Verbundsicherheitsglas<\/td>\n<td>21<\/td>\n<td>310-400<\/td>\n<td>490-600<\/td>\n<td>735-900<\/td>\n<\/tr>\n<tr>\n<td rowspan=\"3\">Schwamm &amp; Schaumstoff<\/td>\n<td>20<\/td>\n<td>4000-5000<\/td>\n<td>6000-7000<\/td>\n<td>9000-10500<\/td>\n<\/tr>\n<tr>\n<td>50<\/td>\n<td>1500-2000<\/td>\n<td>2600-3000<\/td>\n<td>3900-4500<\/td>\n<\/tr>\n<tr>\n<td>80<\/td>\n<td>1300-1500<\/td>\n<td>1600-2000<\/td>\n<td>2400-3000<\/td>\n<\/tr>\n<tr>\n<td rowspan=\"3\">Stahlplatte<\/td>\n<td>10<\/td>\n<td>150-180<\/td>\n<td>170-220<\/td>\n<td>255-330<\/td>\n<\/tr>\n<tr>\n<td>20<\/td>\n<td>55-80<\/td>\n<td>75-100<\/td>\n<td>113-150<\/td>\n<\/tr>\n<tr>\n<td>30<\/td>\n<td>13-20<\/td>\n<td>15-30<\/td>\n<td>22-45<\/td>\n<\/tr>\n<tr>\n<td rowspan=\"7\">Platte aus rostfreiem Stahl<\/td>\n<td>1<\/td>\n<td>700-900<\/td>\n<td>1000-1200<\/td>\n<td>1500-1800<\/td>\n<\/tr>\n<tr>\n<td>3<\/td>\n<td>300-400<\/td>\n<td>500-600<\/td>\n<td>750-900<\/td>\n<\/tr>\n<tr>\n<td>6<\/td>\n<td>180-220<\/td>\n<td>240-300<\/td>\n<td>360-450<\/td>\n<\/tr>\n<tr>\n<td>10<\/td>\n<td>80-100<\/td>\n<td>150-180<\/td>\n<td>225-270<\/td>\n<\/tr>\n<tr>\n<td>16<\/td>\n<td>70-85<\/td>\n<td>85-100<\/td>\n<td>128-150<\/td>\n<\/tr>\n<tr>\n<td>20<\/td>\n<td>50-60<\/td>\n<td>70-80<\/td>\n<td>105-120<\/td>\n<\/tr>\n<tr>\n<td>30<\/td>\n<td>20-25<\/td>\n<td>30-40<\/td>\n<td>45-60<\/td>\n<\/tr>\n<tr>\n<td rowspan=\"4\">Kupferplatte<\/td>\n<td>3<\/td>\n<td>850-1000<\/td>\n<td>1350-1500<\/td>\n<td>2025-2250<\/td>\n<\/tr>\n<tr>\n<td>5<\/td>\n<td>360-500<\/td>\n<td>700-850<\/td>\n<td>1050-1275<\/td>\n<\/tr>\n<tr>\n<td>20<\/td>\n<td>80-100<\/td>\n<td>160-200<\/td>\n<td>240-300<\/td>\n<\/tr>\n<tr>\n<td>30<\/td>\n<td>50-60<\/td>\n<td>100-120<\/td>\n<td>150-180<\/td>\n<\/tr>\n<tr>\n<td>Titan-Legierung<\/td>\n<td>13<\/td>\n<td>50-60<\/td>\n<td>100-115<\/td>\n<td>150-173<\/td>\n<\/tr>\n<\/tbody>\n<\/table>\n<p class=\"ds-markdown-paragraph\">Wuxi ABK Machinery Co. Ltd. ist ein f\u00fchrender Innovator in\u00a0<strong>CNC-Schneideausr\u00fcstung<\/strong>spezialisiert auf hochleistungsf\u00e4hige\u00a0<strong>Wasserstrahlschneidsysteme<\/strong>. Unser\u00a0<strong>Tragbare Wasserstrahlschneidemaschine<\/strong>\u00a0kombiniert modernste Technologie mit \u00fcberlegener\u00a0<strong>Sicherheit, Effizienz und Umweltvertr\u00e4glichkeit<\/strong>und ist damit die ideale Wahl f\u00fcr Branchen, die Pr\u00e4zision erfordern.\u00a0<strong>L\u00f6sungen f\u00fcr die Metallbearbeitung<\/strong>.<\/p>\n<h3><strong>Hauptvorteile der tragbaren Wasserstrahlschneidmaschine<\/strong><\/h3>\n<h4><strong>1. Herausragende Sicherheitsleistung<\/strong><\/h4>\n<ul>\n<li>\n<p class=\"ds-markdown-paragraph\"><strong>ATEX-Zertifizierung f\u00fcr Explosionsschutz (Zone 1)<\/strong>\u00a0- Gew\u00e4hrleistet einen sicheren Betrieb in gef\u00e4hrlichen Umgebungen.<\/p>\n<\/li>\n<li>\n<p class=\"ds-markdown-paragraph\"><strong>Niedrige Schneidtemperatur (&lt;60\u2103)<\/strong>\u00a0- Eliminiert w\u00e4rmebeeinflusste Zonen (HAZ) und verhindert Materialverformung.<\/p>\n<\/li>\n<li>\n<p class=\"ds-markdown-paragraph\"><strong>Notfall-Druckentlastungssystem (&lt;1s Reaktionszeit)<\/strong>\u00a0- Erh\u00f6ht die Sicherheit des Bedieners durch sofortige Druckentlastung.<\/p>\n<\/li>\n<\/ul>\n<h4><strong>2. Erheblicher wirtschaftlicher Nutzen<\/strong><\/h4>\n<ul>\n<li>\n<p class=\"ds-markdown-paragraph\"><strong>Ultra-schmale Fugenbreite (1,0-1,5 mm)<\/strong>\u00a0- Reduziert den Materialabfall durch\u00a0<strong>15-20%<\/strong>und die Kosteneffizienz zu optimieren.<\/p>\n<\/li>\n<li>\n<p class=\"ds-markdown-paragraph\"><strong>Mehrschichtige Schneidef\u00e4higkeit (bis zu 5 Lagen 2 mm Edelstahl)<\/strong>\u00a0- Verbessert die Produktivit\u00e4t bei der Stapelverarbeitung.<\/p>\n<\/li>\n<li>\n<p class=\"ds-markdown-paragraph\"><strong>Modularer Aufbau<\/strong>\u00a0- Schnitte\u00a0<strong>Wartungskosten durch 50%<\/strong>und gew\u00e4hrleisten eine langfristige Zuverl\u00e4ssigkeit.<\/p>\n<\/li>\n<\/ul>\n<h4><strong>3. Umweltfreundlicher Betrieb<\/strong><\/h4>\n<ul>\n<li>\n<p class=\"ds-markdown-paragraph\"><strong>Hohe Wasserumlaufgeschwindigkeit (&gt;90% Auslastung)<\/strong>\u00a0- Minimiert den Wasserverbrauch.<\/p>\n<\/li>\n<li>\n<p class=\"ds-markdown-paragraph\"><strong>Optionales Abrasivmittel-R\u00fcckgewinnungssystem<\/strong>\u00a0- Reduziert den Schleifmittelabfall und senkt die Betriebskosten.<\/p>\n<\/li>\n<li>\n<p class=\"ds-markdown-paragraph\"><strong>Null VOC-Emissionen<\/strong>\u00a0- Unterst\u00fctzt Initiativen f\u00fcr eine umweltfreundliche Produktion.<\/p>\n<\/li>\n<\/ul>\n<h3><strong>Schl\u00fcsselfaktoren, die die Schnittleistung beeinflussen<\/strong><\/h3>\n<p class=\"ds-markdown-paragraph\">Die\u00a0<strong>Qualit\u00e4t der Schnittfl\u00e4che<\/strong>\u00a0und\u00a0<strong>Geschwindigkeit<\/strong>\u00a0abh\u00e4ngen:<\/p>\n<ul>\n<li>\n<p class=\"ds-markdown-paragraph\"><strong>Stabilit\u00e4t des Wasserdrucks<\/strong>\u00a0- Sorgt f\u00fcr gleichbleibende Schnittpr\u00e4zision.<\/p>\n<\/li>\n<li>\n<p class=\"ds-markdown-paragraph\"><strong>Schleifmittelqualit\u00e4t und Durchflussmenge<\/strong>\u00a0- Beeinflusst die Schnittleistung und die Gl\u00e4tte der Schneide.<\/p>\n<\/li>\n<li>\n<p class=\"ds-markdown-paragraph\"><strong>Durchmesser der D\u00fcse und der Blende<\/strong>\u00a0- Einfl\u00fcsse\u00a0<strong>Schnittspaltbreite<\/strong>\u00a0und\u00a0<strong>Zerspankraftverteilung<\/strong>.<\/p>\n<\/li>\n<\/ul>\n<p class=\"ds-markdown-paragraph\">Aufgrund der\u00a0<strong>die Dynamik des Hochdruckwasserstrahls<\/strong>die\u00a0<strong>effektiver Schnittdurchmesser<\/strong>\u00a0variiert leicht, mit typischen\u00a0<strong>Schnittspaltbreiten von 1-1,5 mm<\/strong>\u00a0und\u00a0<strong>Lochdurchmesser von 1,5-2,0 mm<\/strong>je nach Materialst\u00e4rke.<\/p>\n<hr \/>\n<h3><strong>Wuxi ABK Machinery - Ihr zuverl\u00e4ssiger Partner f\u00fcr intelligente Fertigung<\/strong><\/h3>\n<p class=\"ds-markdown-paragraph\">Als einer der f\u00fchrenden\u00a0<strong>Hersteller von CNC-Schneidemaschinen<\/strong>ABK Machinery liefert\u00a0<strong>Industrie 4.0 - intelligente Produktionsl\u00f6sungen<\/strong>, Abdeckung\u00a0<strong>Laserschneiden, Plasmaschneiden und Ultrahochdruck-Wasserstrahlsysteme (6000 bar)<\/strong>.<\/p>\n<h4><strong>Kernproduktserie<\/strong><\/h4>\n<p class=\"ds-markdown-paragraph\">\u2714\u00a0<strong>Intelligente Schneidsysteme<\/strong><\/p>\n<ul>\n<li>\n<p class=\"ds-markdown-paragraph\"><strong>CNC-Plasmaschneidmaschine<\/strong>\u00a0- Feinplasma f\u00fcr\u00a0<strong>hochpr\u00e4zise Rillen (bis zu 50 mm Dicke)<\/strong>.<\/p>\n<\/li>\n<li>\n<p class=\"ds-markdown-paragraph\"><strong>Ultra-Hochdruck-Wasserstrahlschneidsystem<\/strong>\u00a0- Ideal f\u00fcr\u00a0<strong>Verbundwerkstoffe und hitzeempfindliche Metalle<\/strong>.<\/p>\n<\/li>\n<li>\n<p class=\"ds-markdown-paragraph\"><strong>Arbeitsstation f\u00fcr Laserschneiden<\/strong>\u00a0- Faser- und CO\u2082-Laser f\u00fcr\u00a0<strong>Hochgeschwindigkeits- und Pr\u00e4zisionsbearbeitung von Blechen<\/strong>.<\/p>\n<\/li>\n<\/ul>\n<p class=\"ds-markdown-paragraph\">\u2714\u00a0<strong>Automatisierte L\u00f6sungen f\u00fcr das Schwei\u00dfen<\/strong><\/p>\n<ul>\n<li>\n<p class=\"ds-markdown-paragraph\"><strong>Windturm-Schwei\u00dfanlage<\/strong>\u00a0-\u00a0<strong>85% Automatisierungsgrad<\/strong>\u00a0f\u00fcr Anwendungen im Energiesektor.<\/p>\n<\/li>\n<li>\n<p class=\"ds-markdown-paragraph\"><strong>Produktionslinie zum Schwei\u00dfen von H-Tr\u00e4gern<\/strong>\u00a0- Vollautomatische Montage f\u00fcr die Stahlbauindustrie.<\/p>\n<\/li>\n<li>\n<p class=\"ds-markdown-paragraph\"><strong>Ausr\u00fcstung zum Schwei\u00dfen von Rohren<\/strong>\u00a0- Gew\u00e4hrleistet hochwertige Verbindungen f\u00fcr\u00a0<strong>\u00d6l- und Gaspipelines<\/strong>.<\/p>\n<\/li>\n<\/ul>\n<p class=\"ds-markdown-paragraph\">\u2714\u00a0<strong>Fortschrittliche Umformtechnik<\/strong><\/p>\n<ul>\n<li>\n<p class=\"ds-markdown-paragraph\"><strong>CNC-Blechbiegemaschine<\/strong>\u00a0- Pr\u00e4zise Formgebung f\u00fcr\u00a0<strong>Schwerlast-Metallbau<\/strong>.<\/p>\n<\/li>\n<li>\n<p class=\"ds-markdown-paragraph\"><strong>Walzprofilieren Produktionslinie<\/strong>\u00a0- Benutzerdefinierte Profile f\u00fcr\u00a0<strong>Bau- und Automobilbranche<\/strong>.<\/p>\n<\/li>\n<li>\n<p class=\"ds-markdown-paragraph\"><strong>Flachschleifmaschinen<\/strong>\u00a0- Erh\u00f6ht\u00a0<strong>Genauigkeit der Werkst\u00fcckoberfl\u00e4che<\/strong>.<\/p>\n<\/li>\n<\/ul>\n<h4><strong>Globale Anerkennung und technische Spitzenleistungen<\/strong><\/h4>\n<ul>\n<li>\n<p class=\"ds-markdown-paragraph\"><strong>Internationale Zertifizierungen<\/strong>: ISO9001, CE, PED.<\/p>\n<\/li>\n<li>\n<p class=\"ds-markdown-paragraph\"><strong>OEM\/ODM-Unterst\u00fctzung<\/strong>\u00a0- Ma\u00dfgeschneiderte L\u00f6sungen f\u00fcr unterschiedliche industrielle Anforderungen.<\/p>\n<\/li>\n<li>\n<p class=\"ds-markdown-paragraph\"><strong>F&amp;E-Investitionen<\/strong>\u00a0-\u00a0<strong>8% der j\u00e4hrlichen Einnahmen<\/strong>\u00a0gewidmet\u00a0<strong>modernste CNC-Technologie<\/strong>.<\/p>\n<\/li>\n<\/ul>\n<p class=\"ds-markdown-paragraph\">Unser\u00a0<strong>Schwei\u00dfrotatoren, CNC-Schneidemaschinen und Biegevorrichtungen<\/strong>\u00a0dienen\u00a0<strong>35+ L\u00e4nder<\/strong>einschlie\u00dflich\u00a0<strong>Deutschland (Automobil), Brasilien (Energie) und Indien (Infrastruktur)<\/strong>.<\/p>\n<hr \/>\n<p class=\"ds-markdown-paragraph\"><strong>W\u00e4hlen Sie ABK Machinery f\u00fcr Pr\u00e4zision, Innovation und Zuverl\u00e4ssigkeit beim Wasserstrahlschneiden und dar\u00fcber hinaus!<\/strong><\/p>\n<p class=\"ds-markdown-paragraph\">*(Schl\u00fcsselw\u00f6rter verst\u00e4rkt:\u00a0<strong>Wasserstrahlschneidanlage, CNC-Schneidanlagen, Metallbearbeitungsl\u00f6sungen, Sicherheitsleistung, ATEX-Zertifizierung, Schnittfugenbreite, Mehrschichtschneiden, Abrasivr\u00fcckgewinnung, Ultrahochdruck, Laserschneiden, Plasmaschneiden, Schwei\u00dffertigungslinie, Biegemaschine, Walzprofilieren, Industrie 4.0, Automatisierung, OEM\/ODM<\/strong>.)*<\/p>\n<p>&nbsp;<\/p>","protected":false},"excerpt":{"rendered":"<p class=\"ds-markdown-paragraph\"><strong>WUXI ABK Tragbare Wasserstrahlschneidmaschine<\/strong>\u00a0liefert pr\u00e4zises Kaltschneiden mit\u00a0<strong>6000bar Ultra-Hochdruck<\/strong>, Erstellen\u00a0<strong>1-1,5 mm Schnittspaltbreite<\/strong>\u00a0ohne W\u00e4rmeverzerrung. Ausgestattet mit\u00a0<strong>ATEX-Zertifizierung f\u00fcr Explosionsschutz<\/strong>\u00a0und\u00a0<strong>90% Wasserr\u00fcckgewinnung<\/strong>diese\u00a0<strong>umweltfreundliche L\u00f6sung<\/strong>\u00a0ist ideal f\u00fcr\u00a0<strong>Luft- und Raumfahrt, Automobilindustrie und Metallverarbeitung<\/strong>. Die\u00a0<strong>modulare Konstruktion<\/strong>\u00a0reduziert die Wartungskosten um 50%.\u00a0<strong>ISO9001 und CE zertifiziert<\/strong>.<\/p>\n<p>&nbsp;<\/p>","protected":false},"featured_media":1933,"comment_status":"open","ping_status":"closed","template":"","meta":{"_acf_changed":false},"product_brand":[],"product_cat":[22,47],"product_tag":[],"class_list":{"0":"post-721","1":"product","2":"type-product","3":"status-publish","4":"has-post-thumbnail","6":"product_cat-cnc-cutting","7":"product_cat-portable-water-jet-cutting-machine","9":"first","10":"instock","11":"shipping-taxable","12":"product-type-simple"},"acf":[],"_links":{"self":[{"href":"https:\/\/www.weldmc.com\/de\/wp-json\/wp\/v2\/product\/721","targetHints":{"allow":["GET"]}}],"collection":[{"href":"https:\/\/www.weldmc.com\/de\/wp-json\/wp\/v2\/product"}],"about":[{"href":"https:\/\/www.weldmc.com\/de\/wp-json\/wp\/v2\/types\/product"}],"replies":[{"embeddable":true,"href":"https:\/\/www.weldmc.com\/de\/wp-json\/wp\/v2\/comments?post=721"}],"wp:featuredmedia":[{"embeddable":true,"href":"https:\/\/www.weldmc.com\/de\/wp-json\/wp\/v2\/media\/1933"}],"wp:attachment":[{"href":"https:\/\/www.weldmc.com\/de\/wp-json\/wp\/v2\/media?parent=721"}],"wp:term":[{"taxonomy":"product_brand","embeddable":true,"href":"https:\/\/www.weldmc.com\/de\/wp-json\/wp\/v2\/product_brand?post=721"},{"taxonomy":"product_cat","embeddable":true,"href":"https:\/\/www.weldmc.com\/de\/wp-json\/wp\/v2\/product_cat?post=721"},{"taxonomy":"product_tag","embeddable":true,"href":"https:\/\/www.weldmc.com\/de\/wp-json\/wp\/v2\/product_tag?post=721"}],"curies":[{"name":"wp","href":"https:\/\/api.w.org\/{rel}","templated":true}]}}