{"id":703,"date":"2025-05-24T15:27:33","date_gmt":"2025-05-24T07:27:33","guid":{"rendered":"http:\/\/111.170.148.214:8095\/?post_type=product&#038;p=703"},"modified":"2025-09-12T14:14:20","modified_gmt":"2025-09-12T06:14:20","slug":"cnc-wasserstrahlschneidmaschine","status":"publish","type":"product","link":"https:\/\/www.weldmc.com\/de\/product\/cnc-wasserstrahlschneidmaschine\/","title":{"rendered":"CNC-Wasserstrahlschneidmaschine"},"content":{"rendered":"<h2><strong>Fortschrittliche Wasserstrahlschneidetechnik<\/strong><\/h2>\n<p class=\"ds-markdown-paragraph\">Wuxi ABK Machinery Co., Ltd. ist auf die Herstellung von hochmodernen CNC-Wasserstrahlschneidmaschinen spezialisiert, die au\u00dfergew\u00f6hnliche Pr\u00e4zision und Vielseitigkeit bieten. Unsere Schneidsysteme nutzen die Ultra-Hochdruck-Wasserstrahltechnologie, die bis zu 90.000 PSI erreicht und saubere, gratfreie Schnitte ohne thermische Verformung oder Materialverh\u00e4rtung gew\u00e4hrleistet. Diese fortschrittliche Technologie erm\u00f6glicht enge Toleranzen von bis zu \u00b10,05 mm bei gleichzeitiger Wahrung der Materialintegrit\u00e4t bei verschiedenen Substraten wie Metallen, Verbundstoffen, Stein und Kunststoffen.<\/p>\n<h2><strong>Unerreichte Schnittleistung<\/strong><\/h2>\n<h3><strong>Material Vielseitigkeit<\/strong><\/h3>\n<p class=\"ds-markdown-paragraph\">Unsere CNC-Wasserstrahlschneidmaschinen bearbeiten eine breite Palette von Materialien mit h\u00f6chster Pr\u00e4zision. Von 300 mm dickem Edelstahl bis hin zu empfindlichen Verbundwerkstoffen und hitzeempfindlichen Kunststoffen liefert das System konsistente Ergebnisse ohne hitzebeeinflusste Zonen. Das macht sie ideal f\u00fcr Komponenten der Luft- und Raumfahrt, f\u00fcr Anlagen im Energiesektor und f\u00fcr Pr\u00e4zisionsteile in der Automobilindustrie, bei denen die Materialintegrit\u00e4t entscheidend ist.<\/p>\n<h3><strong>Feinmechanik<\/strong><\/h3>\n<p class=\"ds-markdown-paragraph\">Das Herzst\u00fcck unserer Wasserstrahlanlage ist eine firmeneigene Hochdruckpumpe, die einen konstanten Ultrahochdruck von bis zu 90.000 PSI liefert. Die fortschrittliche 5-Achsen-CNC-Steuerung erm\u00f6glicht komplexe 3D-Konturen und Fasenschnitte mit einem Winkel von bis zu 60 Grad - perfekt f\u00fcr die Vorbereitung pr\u00e4ziser Schwei\u00dfkanten. Ein intelligentes Abrasivmittelzufuhrsystem optimiert den Granatdurchfluss (0,3-1,2 kg\/min), um ein Gleichgewicht zwischen Schneidgeschwindigkeit und -qualit\u00e4t zu erreichen und gleichzeitig den Verbrauch zu minimieren.<\/p>\n<h2><strong>Kundenspezifische Schnittl\u00f6sungen<\/strong><\/h2>\n<h3><strong>Konfigurierbare Workstations<\/strong><\/h3>\n<p class=\"ds-markdown-paragraph\">Wir bieten vollst\u00e4ndig anpassbare CNC-Wasserstrahlschneidl\u00f6sungen f\u00fcr spezifische Produktionsanforderungen. Unser Angebot umfasst kompakte 1m\u00d71m-Tische bis hin zu gro\u00dfformatigen 6m\u00d720m-Systemen f\u00fcr \u00fcbergro\u00dfe Bauteile, mit Optionen f\u00fcr mehrere Schneidk\u00f6pfe und integrierte Materialhandhabungssysteme.<\/p>\n<h3><strong>Spezialisierte Anwendungen<\/strong><\/h3>\n<p class=\"ds-markdown-paragraph\">F\u00fcr ger\u00e4uschempfindliche Umgebungen sind einzigartige Konfigurationen wie das Unterwasserschneiden erh\u00e4ltlich. Die dynamische H\u00f6hensteuerung h\u00e4lt den optimalen Abstand zwischen D\u00fcse und Werkst\u00fcck in Echtzeit aufrecht und sorgt so f\u00fcr eine gleichbleibende Schnittqualit\u00e4t auch auf unebenen Oberfl\u00e4chen bei l\u00e4ngeren Eins\u00e4tzen.<\/p>\n<h2><strong>Branchenspezifische Anwendungen<\/strong><\/h2>\n<h3><strong>L\u00f6sungen f\u00fcr den Energiesektor<\/strong><\/h3>\n<p class=\"ds-markdown-paragraph\">Unsere Maschinen eignen sich hervorragend zum Pr\u00e4zisionsschneiden von Rohrleitungsstahl (API 5L X80\/X100) und zur Vorbereitung von Flanschen f\u00fcr \u00d6l- und Gasanlagen. Durch das hitzefreie Schneiden bleiben die Materialeigenschaften erhalten, die f\u00fcr Drucksicherungsanwendungen entscheidend sind.<\/p>\n<h3><strong>Luft- und Raumfahrtindustrie<\/strong><\/h3>\n<p class=\"ds-markdown-paragraph\">Das System erm\u00f6glicht das spannungsfreie Schneiden von Flugzeugkomponenten aus Titan und die empfindliche Bearbeitung von Verbundwerkstoffen. Das Fehlen w\u00e4rmebeeinflusster Zonen gew\u00e4hrleistet die strukturelle Integrit\u00e4t flugkritischer Teile.<\/p>\n<h3><strong>Automobilproduktion<\/strong><\/h3>\n<p class=\"ds-markdown-paragraph\">Automobilhersteller profitieren von unseren Hochgeschwindigkeits-Zerspanungsm\u00f6glichkeiten f\u00fcr moderne hochfeste St\u00e4hle und die Entwicklung von Prototypen. Durch das Pr\u00e4zisionsschneiden werden Nachbearbeitungen reduziert und die Produktionseffizienz verbessert.<\/p>\n<h2><strong>Technische Daten<\/strong><\/h2>\n<div class=\"markdown-table-wrapper\">\n<table>\n<thead>\n<tr>\n<th>Parameter<\/th>\n<th>Spezifikation<\/th>\n<\/tr>\n<\/thead>\n<tbody>\n<tr>\n<td>Schneidedruck<\/td>\n<td>60.000-90.000 PSI<\/td>\n<\/tr>\n<tr>\n<td>Positionierungsgenauigkeit<\/td>\n<td>\u00b10,05 mm<\/td>\n<\/tr>\n<tr>\n<td>Reproduzierbarkeit<\/td>\n<td>\u00b10,02 mm<\/td>\n<\/tr>\n<tr>\n<td>Maximale Schnittdicke<\/td>\n<td>300 mm (Stahl)<\/td>\n<\/tr>\n<tr>\n<td>Schnittgeschwindigkeit<\/td>\n<td>0,1-15m\/min<\/td>\n<\/tr>\n<tr>\n<td>CNC-Steuerungssystem<\/td>\n<td>Siemens 840D sl<\/td>\n<\/tr>\n<tr>\n<td>Betriebsspannung<\/td>\n<td>380V\u00b110% 50\/60Hz<\/td>\n<\/tr>\n<\/tbody>\n<\/table>\n<\/div>\n<h2><strong>Warum sollten Sie sich f\u00fcr unsere Wasserstrahlsysteme entscheiden?<\/strong><\/h2>\n<p class=\"ds-markdown-paragraph\">Mit \u00fcber 30 Jahren Erfahrung seit 1992 kombiniert ABK Machinery deutsche Ingenieurspr\u00e4zision mit einem au\u00dfergew\u00f6hnlichen Produktionswert. Unser globales Support-Netzwerk gew\u00e4hrleistet einen prompten Service weltweit, unterst\u00fctzt durch kontinuierliche F&amp;E-Investitionen, die 8% des Jahresumsatzes ausmachen. Umweltaspekte sind integraler Bestandteil unserer Systeme, die \u00fcber eine Wasserrecycling-Technologie verf\u00fcgen, die den Verbrauch um 80% reduziert.<\/p>\n<h2><strong>Erleben Sie den ABK-Unterschied<\/strong><\/h2>\n<p class=\"ds-markdown-paragraph\">Entdecken Sie, wie unsere CNC-Wasserstrahlschneidmaschinen Ihre Produktionsm\u00f6glichkeiten ver\u00e4ndern k\u00f6nnen. Wenden Sie sich noch heute an unser technisches Team, um eine kostenlose Schneiddemonstration und einen ma\u00dfgeschneiderten L\u00f6sungsvorschlag f\u00fcr Ihre spezifischen Anforderungen zu erhalten. Unsere Systeme stellen die perfekte Verbindung von Spitzentechnologie, robuster Konstruktion und intelligentem Betrieb f\u00fcr die anspruchsvollsten industriellen Anwendungen dar.<\/p>\n<p>&nbsp;<\/p>","protected":false},"excerpt":{"rendered":"<p>Der CNC-Wasserstrahlschneider von WUXI ABK bietet Pr\u00e4zisionskaltschneiden bei 6000 bar Ultrahochdruck und erreicht eine Schnittfugenbreite von 1-1,5 mm ohne W\u00e4rmeverzug. Er ist ATEX-zertifiziert und verf\u00fcgt \u00fcber ein 90%-Wasserrecyclingsystem, das sich ideal f\u00fcr Anwendungen in der Luft- und Raumfahrt sowie in der Automobilindustrie eignet. Das modulare Design reduziert die Wartungskosten um 50%. ISO9001- und CE-zertifiziert zur Qualit\u00e4tssicherung.<\/p>\n<p>&nbsp;<\/p>","protected":false},"featured_media":1929,"comment_status":"open","ping_status":"closed","template":"","meta":{"_acf_changed":false},"product_brand":[],"product_cat":[22,46],"product_tag":[],"class_list":{"0":"post-703","1":"product","2":"type-product","3":"status-publish","4":"has-post-thumbnail","6":"product_cat-cnc-cutting","7":"product_cat-cnc-water-jet-cutting-machine","9":"first","10":"instock","11":"shipping-taxable","12":"product-type-simple"},"acf":[],"_links":{"self":[{"href":"https:\/\/www.weldmc.com\/de\/wp-json\/wp\/v2\/product\/703","targetHints":{"allow":["GET"]}}],"collection":[{"href":"https:\/\/www.weldmc.com\/de\/wp-json\/wp\/v2\/product"}],"about":[{"href":"https:\/\/www.weldmc.com\/de\/wp-json\/wp\/v2\/types\/product"}],"replies":[{"embeddable":true,"href":"https:\/\/www.weldmc.com\/de\/wp-json\/wp\/v2\/comments?post=703"}],"wp:featuredmedia":[{"embeddable":true,"href":"https:\/\/www.weldmc.com\/de\/wp-json\/wp\/v2\/media\/1929"}],"wp:attachment":[{"href":"https:\/\/www.weldmc.com\/de\/wp-json\/wp\/v2\/media?parent=703"}],"wp:term":[{"taxonomy":"product_brand","embeddable":true,"href":"https:\/\/www.weldmc.com\/de\/wp-json\/wp\/v2\/product_brand?post=703"},{"taxonomy":"product_cat","embeddable":true,"href":"https:\/\/www.weldmc.com\/de\/wp-json\/wp\/v2\/product_cat?post=703"},{"taxonomy":"product_tag","embeddable":true,"href":"https:\/\/www.weldmc.com\/de\/wp-json\/wp\/v2\/product_tag?post=703"}],"curies":[{"name":"wp","href":"https:\/\/api.w.org\/{rel}","templated":true}]}}