{"id":689,"date":"2025-05-24T15:02:07","date_gmt":"2025-05-24T07:02:07","guid":{"rendered":"http:\/\/111.170.148.214:8095\/?post_type=product&#038;p=689"},"modified":"2025-09-12T14:15:43","modified_gmt":"2025-09-12T06:15:43","slug":"cnc-plasmaschneidmaschine","status":"publish","type":"product","link":"https:\/\/www.weldmc.com\/de\/product\/cnc-plasmaschneidmaschine\/","title":{"rendered":"CNC-Plasmaschneidmaschine"},"content":{"rendered":"<h2><strong>Produkt\u00fcbersicht<\/strong><\/h2>\n<p class=\"ds-markdown-paragraph\">Die CNC-Plasmaschneidanlage stellt einen bedeutenden Fortschritt in der industriellen Metallverarbeitungstechnologie dar. Dieses hochpr\u00e4zise Schneidsystem liefert au\u00dfergew\u00f6hnliche Leistungen bei verschiedenen Metallst\u00e4rken, von empfindlichen d\u00fcnnen Blechen bis hin zu robusten dicken Platten von bis zu 50 mm. Dank der fortschrittlichen Plasmalichtbogentechnologie erzeugt die Maschine saubere, effiziente Schnitte in allen leitf\u00e4higen Metallen und h\u00e4lt dabei enge Toleranzen von \u00b10,1 mm\/m ein. Ihre Vielseitigkeit macht sie f\u00fcr kritische Industriezweige wie die \u00d6l- und Gasinfrastruktur, die Herstellung von Druckbeh\u00e4ltern und die Fertigung von Baustahl unverzichtbar.<\/p>\n<h2><strong>Technische Daten<\/strong><\/h2>\n<p class=\"ds-markdown-paragraph\">Unsere CNC-Plasmaschneidsysteme verf\u00fcgen \u00fcber Schneidf\u00e4higkeiten von 0,5 mm bis 50 mm Dicke mit maximalen Schneidgeschwindigkeiten von 15 m\/min f\u00fcr d\u00fcnne Materialien. Die Maschinen sind entweder mit Hypertherm- oder Haibao-Plasmastromversorgungen ausgestattet und werden von dem branchenf\u00fchrenden Siemens 840D sl CNC-System gesteuert. Diese Systeme werden mit 380V\u00b110% 50\/60Hz Standardstrom betrieben und liefern zuverl\u00e4ssige Leistung in anspruchsvollen industriellen Umgebungen bei gleichzeitiger Energieeffizienz.<\/p>\n<h2><strong>Schnittleistung und Merkmale<\/strong><\/h2>\n<p class=\"ds-markdown-paragraph\">Die hochpr\u00e4zise Schneidleistung der Maschine ist auf das fortschrittliche CNC-Steuerungssystem zur\u00fcckzuf\u00fchren, das genaue Schneidpfade und gleichbleibende Ergebnisse gew\u00e4hrleistet. Die automatische Brennerh\u00f6hensteuerung h\u00e4lt den optimalen Schneidabstand w\u00e4hrend des gesamten Betriebs aufrecht, w\u00e4hrend das Lichtbogen-Spannungsh\u00f6hensteuerungssystem (AVHC) Echtzeitanpassungen f\u00fcr unterschiedliche Materialbedingungen bietet. Die flexible Konfiguration unterst\u00fctzt 1-3 Plasmaschneidbrenner mit optionaler Brennschneidkompatibilit\u00e4t und erm\u00f6glicht sowohl synchrone als auch asynchrone Schneidmodi zur Maximierung der Produktionseffizienz.<\/p>\n<h2><strong>Strukturelles Design und Langlebigkeit<\/strong><\/h2>\n<p class=\"ds-markdown-paragraph\">Die Maschine wurde f\u00fcr eine lange Lebensdauer in der Industrie entwickelt und verf\u00fcgt \u00fcber einen gegl\u00fchten Stahlrahmen, der innere Spannungen eliminiert und die strukturelle Stabilit\u00e4t verbessert. Pr\u00e4zisionsgeschliffene F\u00fchrungsschienen mit spiegelpolierten Oberfl\u00e4chen (Ra0,8\u03bcm) gew\u00e4hrleisten einen reibungslosen Betrieb w\u00e4hrend der gesamten Lebensdauer der Maschine. Das dreischichtige Korrosionsschutzsystem bietet selbst in rauen Fertigungsumgebungen einen hervorragenden Schutz gegen Rost und Verschlei\u00df, w\u00e4hrend die modulare Bauweise die Wartung vereinfacht und Ausfallzeiten reduziert.<\/p>\n<h2><strong>Intelligente Kontroll- und Sicherheitssysteme<\/strong><\/h2>\n<p class=\"ds-markdown-paragraph\">Die integrierte Steuerung verbindet deutsche Ingenieurspr\u00e4zision mit benutzerfreundlicher Bedienung. Die zuverl\u00e4ssige Selbstz\u00fcndungsfunktion der 100% sorgt f\u00fcr gleichm\u00e4\u00dfige Starts, w\u00e4hrend ein umfassender \u00dcberlastungsschutz die Plasmaversorgung w\u00e4hrend des Betriebs sichert. Die intuitive Benutzeroberfl\u00e4che erm\u00f6glicht es dem Bediener, auf einfache Weise komplexe Schneidmuster zu programmieren und h\u00e4ufig verwendete Parameter zu speichern, wobei das System automatisch die Schneidsequenzen f\u00fcr maximale Effizienz optimiert.<\/p>\n<h2><strong>Industrielle Anwendungen<\/strong><\/h2>\n<p class=\"ds-markdown-paragraph\">Diese CNC-Plasmaschneidmaschinen eignen sich hervorragend f\u00fcr Anwendungen im Energiesektor, wo sie pr\u00e4zise Komponenten f\u00fcr \u00d6l- und Gaspipelines und Druckbeh\u00e4lter herstellen. Die Technologie ist ebenso wertvoll f\u00fcr die Herstellung von Strukturelementen in Windkraftanlagen und f\u00fcr architektonische Metallarbeiten. Hersteller in der Automobil- und Luftfahrtindustrie profitieren von der F\u00e4higkeit des Systems, die Materialeigenschaften bei der Herstellung komplexer Komponenten aus verschiedenen Legierungen zu erhalten. Die Kombination aus Geschwindigkeit und Pr\u00e4zision steigert die Produktivit\u00e4t bei der Herstellung von Stahlkonstruktionen f\u00fcr Geb\u00e4ude und Infrastrukturprojekte erheblich.<\/p>\n<h2><strong>Sicherung von Qualit\u00e4t und Service<\/strong><\/h2>\n<p class=\"ds-markdown-paragraph\">Jede CNC-Plasmaschneidmaschine wird vor der Auslieferung strengen Qualit\u00e4tskontrolltests unterzogen, um eine optimale Leistung zu gew\u00e4hrleisten. Unser umfassendes Servicenetz bietet prompte technische Unterst\u00fctzung und Wartungsdienste weltweit. Die Systeme sind durch eine branchenf\u00fchrende Garantie abgesichert, wobei optionale Servicevertr\u00e4ge f\u00fcr eine kontinuierliche Leistungs\u00fcberwachung und vorbeugende Wartung erh\u00e4ltlich sind. Wir bieten kundenspezifische Schulungsprogramme an, die den Bedienern helfen, die F\u00e4higkeiten und die Produktivit\u00e4t der Maschine zu maximieren.<\/p>\n<h2><strong>T<\/strong><strong>Technischer Parameter<\/strong><\/h2>\n<table>\n<tbody>\n<tr>\n<td width=\"100\"><strong><b>P<\/b><\/strong><strong><b>rojekt<\/b><\/strong><\/td>\n<td><strong><b>Technische Indikatoren<\/b><\/strong><\/td>\n<\/tr>\n<tr>\n<td width=\"100\">Schnittgenauigkeit<\/td>\n<td>\u2264\u00b10,15mm\/m<\/td>\n<\/tr>\n<tr>\n<td width=\"100\">Maximale Schnittgeschwindigkeit<\/td>\n<td>15m\/min<\/td>\n<\/tr>\n<tr>\n<td width=\"100\">Betriebsspannung<\/td>\n<td>380V\u00b110% 50\/60Hz<\/td>\n<\/tr>\n<tr>\n<td width=\"100\">Plasma-Stromversorgung<\/td>\n<td>Haibao \/Hypertherm wahlweise<\/td>\n<\/tr>\n<tr>\n<td width=\"100\">Numerisches Steuerungssystem<\/td>\n<td>Siemens 840D sl<\/td>\n<\/tr>\n<tr>\n<td width=\"100\">Betriebliche Umgebungstemperatur<\/td>\n<td>-10\u2103~45\u2103<\/td>\n<\/tr>\n<\/tbody>\n<\/table>\n<h2><strong>\u00a0<\/strong><strong>Anwendungsfall Industrie<\/strong><\/h2>\n<p>Erd\u00f6l-Pipeline: X80 hochfester Stahl Rillenschneiden<\/p>\n<p>Windkraftanlagen: Pr\u00e4zisionsstanzen von Turmflanschen<\/p>\n<p>Druckbeh\u00e4lter: Schneiden der Kopfkurve<\/p>\n<p>Baumaschinen: Verarbeitung von Bauteilen aus hochfestem Stahl<\/p>\n<h2><strong>Q<\/strong><strong>Qualit\u00e4tssicherung<\/strong><\/h2>\n<p>\u25c7 3 Jahre Garantie f\u00fcr die wichtigsten Komponenten<\/p>\n<p>\u25c7 Kostenlose Schulung zur Bedienung<\/p>\n<p><strong>\u25c7 <\/strong>24-monatiger pr\u00e4ventiver Wartungsplan<\/p>\n<h2><strong>Technische Parameter der CNC-Plasmaschneidmaschine:<\/strong><\/h2>\n<table>\n<tbody>\n<tr>\n<td rowspan=\"2\">Modell<\/td>\n<td rowspan=\"2\">Fahrformular<\/td>\n<td rowspan=\"2\">Schienenl\u00fccke<br \/>\n(mm)<\/td>\n<td rowspan=\"2\">Effektive Breite<br \/>\n(mm)<\/td>\n<td colspan=\"2\">Schnittst\u00e4rke(mm)<\/td>\n<td colspan=\"2\">Schnittgeschwindigkeit (mm\/min)<\/td>\n<td rowspan=\"2\">Maximale Geschwindigkeit (mm\/min)<\/td>\n<td rowspan=\"2\">Vertikaler Bereich (mm)<\/td>\n<\/tr>\n<tr>\n<td>Brennschneiden<\/td>\n<td>Plasma-Schneidemaschine<\/td>\n<td>Brennschneiden<\/td>\n<td>Plasmaschneiden<\/td>\n<\/tr>\n<tr>\n<td>CNC\u2160-2500<\/td>\n<td>Eine Seite<\/td>\n<td>2500<\/td>\n<td>1600<\/td>\n<td rowspan=\"12\">6-200 (siehe Leistung des Schneidkopfs)<\/td>\n<td rowspan=\"12\">Variiert bei verschiedenen Modellen<\/td>\n<td rowspan=\"12\">100-750 (je nach Leistung des Schneidkopfes)<\/td>\n<td rowspan=\"12\">Variiert mit der Stromversorgung<\/td>\n<td>6000<\/td>\n<td>200<\/td>\n<\/tr>\n<tr>\n<td>CNC\u2160-3000<\/td>\n<td>Eine Seite<\/td>\n<td>3500<\/td>\n<td>2100<\/td>\n<td>6000<\/td>\n<td>200<\/td>\n<\/tr>\n<tr>\n<td>CNC\u2160-4000<\/td>\n<td>Eine Seite<\/td>\n<td>4000<\/td>\n<td>3100<\/td>\n<td>12000<\/td>\n<td>200<\/td>\n<\/tr>\n<tr>\n<td>CNC\u2161-4000<\/td>\n<td>Doppelte Seite<\/td>\n<td>4000<\/td>\n<td>3100<\/td>\n<td>12000<\/td>\n<td>200<\/td>\n<\/tr>\n<tr>\n<td>CNC\u2161-5000<\/td>\n<td>Doppelte Seite<\/td>\n<td>5000<\/td>\n<td>4100<\/td>\n<td>12000<\/td>\n<td>200<\/td>\n<\/tr>\n<tr>\n<td>CNC\u2161-6000<\/td>\n<td>Doppelte Seite<\/td>\n<td>6000<\/td>\n<td>5100<\/td>\n<td>12000<\/td>\n<td>200<\/td>\n<\/tr>\n<tr>\n<td>CNC\u2161-7000<\/td>\n<td>Doppelte Seite<\/td>\n<td>7000<\/td>\n<td>6100<\/td>\n<td>12000<\/td>\n<td>200<\/td>\n<\/tr>\n<tr>\n<td>CNC\u2161-8000<\/td>\n<td>Doppelte Seite<\/td>\n<td>8000<\/td>\n<td>7100<\/td>\n<td>12000<\/td>\n<td>200<\/td>\n<\/tr>\n<tr>\n<td>CNC\u2161-9000<\/td>\n<td>Doppelte Seite<\/td>\n<td>90000<\/td>\n<td>8100<\/td>\n<td>12000<\/td>\n<td>200<\/td>\n<\/tr>\n<tr>\n<td>CNC\u2161-11000<\/td>\n<td>Doppelte Seite<\/td>\n<td>11000<\/td>\n<td>10100<\/td>\n<td>12000<\/td>\n<td>200<\/td>\n<\/tr>\n<tr>\n<td>CNC\u2161-12000<\/td>\n<td>Doppelte Seite<\/td>\n<td>12000<\/td>\n<td>11100<\/td>\n<td>12000<\/td>\n<td>200<\/td>\n<\/tr>\n<tr>\n<td>CNC\u2161-13000<\/td>\n<td>Doppelte Seite<\/td>\n<td>13000<\/td>\n<td>12100<\/td>\n<td>12000<\/td>\n<td>200<\/td>\n<\/tr>\n<\/tbody>\n<\/table>\n<h2><strong>Technische Parameter der CNC-Serie Digital Multi-Head Straight Cutter:<\/strong><\/h2>\n<table>\n<tbody>\n<tr>\n<td>Modell<\/td>\n<td>Fahrformular<\/td>\n<td>Schienenabstand (mm)<\/td>\n<td>Effektive Breite(mm)<\/td>\n<td>Schnittst\u00e4rke (mm)<\/td>\n<td>Schnittgeschwindigkeit (mm\/min)<\/td>\n<td>Max. Geschwindigkeit (mm\/min)<\/td>\n<td>Vertikaler Bereich (mm)<\/td>\n<\/tr>\n<tr>\n<td>CNC-3000<\/td>\n<td>Eine Seite<\/td>\n<td>3000<\/td>\n<td>2100<\/td>\n<td rowspan=\"12\">6-200 (siehe Leistung des Schneidkopfs)<\/td>\n<td rowspan=\"12\">100-750 (je nach Leistung des Schneidkopfes)<\/td>\n<td>6000<\/td>\n<td>150<\/td>\n<\/tr>\n<tr>\n<td>CNC-3500<\/td>\n<td>Eine Seite<\/td>\n<td>3500<\/td>\n<td>2600<\/td>\n<td>6000<\/td>\n<td>150<\/td>\n<\/tr>\n<tr>\n<td>CNC-4000<\/td>\n<td>Eine Seite<\/td>\n<td>4000<\/td>\n<td>3100<\/td>\n<td>12000<\/td>\n<td>150<\/td>\n<\/tr>\n<tr>\n<td>CNC\u2161-5000<\/td>\n<td>Doppelte Seite<\/td>\n<td>5000<\/td>\n<td>4100<\/td>\n<td>12000<\/td>\n<td>150<\/td>\n<\/tr>\n<tr>\n<td>CNC\u2161-6000<\/td>\n<td>Doppelte Seite<\/td>\n<td>6000<\/td>\n<td>5100<\/td>\n<td>12000<\/td>\n<td>150<\/td>\n<\/tr>\n<tr>\n<td>CNC\u2161-7000<\/td>\n<td>Doppelte Seite<\/td>\n<td>7000<\/td>\n<td>6100<\/td>\n<td>12000<\/td>\n<td>150<\/td>\n<\/tr>\n<tr>\n<td>CNC\u2161-8000<\/td>\n<td>Doppelte Seite<\/td>\n<td>8000<\/td>\n<td>7100<\/td>\n<td>12000<\/td>\n<td>150<\/td>\n<\/tr>\n<tr>\n<td>CNC\u2161-9000<\/td>\n<td>Doppelte Seite<\/td>\n<td>9000<\/td>\n<td>8100<\/td>\n<td>12000<\/td>\n<td>150<\/td>\n<\/tr>\n<tr>\n<td>CNC\u2161-10000<\/td>\n<td>Doppelte Seite<\/td>\n<td>10000<\/td>\n<td>9000<\/td>\n<td>12000<\/td>\n<td>150<\/td>\n<\/tr>\n<tr>\n<td>CNC\u2161-11000<\/td>\n<td>Doppelte Seite<\/td>\n<td>11000<\/td>\n<td>10100<\/td>\n<td>12000<\/td>\n<td>150<\/td>\n<\/tr>\n<tr>\n<td>CNC\u2161-12000<\/td>\n<td>Doppelte Seite<\/td>\n<td>12000<\/td>\n<td>11100<\/td>\n<td>12000<\/td>\n<td>150<\/td>\n<\/tr>\n<tr>\n<td>CNC\u2161-13000<\/td>\n<td>Doppelte Seite<\/td>\n<td>13000<\/td>\n<td>12100<\/td>\n<td>12000<\/td>\n<td>150<\/td>\n<\/tr>\n<\/tbody>\n<\/table>\n<p><strong><b>Wuxi ABK machinery co., ltd. - Experten f\u00fcr intelligente Fertigungsl\u00f6sungen<\/b><\/strong><\/p>\n<p><strong><b>C<\/b><\/strong><strong><b>Unternehmensprofil<\/b><\/strong><\/p>\n<p>Als f\u00fchrender Hersteller von CNC-Zerspanungsmaschinen in China konzentriert sich ABK Machinery auf die Bereitstellung von hochwertigen Metallbearbeitungsl\u00f6sungen f\u00fcr Kunden in der ganzen Welt. Wir verf\u00fcgen \u00fcber eine komplette intelligente Industrie 4.0-Produktionslinie, und die Produkte decken die gesamte Prozessausr\u00fcstung vom Stanzen bis zum Gie\u00dfen ab.<\/p>\n<p><strong><b>Kernproduktreihe<\/b><\/strong><\/p>\n<p>\u2714 Intelligentes Schneidesystem<\/p>\n<p>CNC-Plasmaschneidmaschine (Feinplasma\/Hochpr\u00e4zisionsrille)<\/p>\n<p>Ultra-Hochdruck-Wasserstrahlschneidsystem (6000bar)<\/p>\n<p>Laserschneidarbeitsplatz (Lichtwellenleiter\/CO\u2082)<\/p>\n<p>\u2714 Professionelle Produktionslinie zum Schwei\u00dfen<\/p>\n<p>Intelligentes Schwei\u00dfsystem f\u00fcr Windkraftt\u00fcrme<\/p>\n<p>Vollautomatische Montage- und Schwei\u00dffertigungslinie f\u00fcr H-Tr\u00e4ger<\/p>\n<p>Intelligentes Schwei\u00dfzentrum f\u00fcr Pipelines<\/p>\n<p>\u2714 Gie\u00dfereiausr\u00fcstung<\/p>\n<p>Hochpr\u00e4zise Blechbiegemaschine (CNC\/Hydraulisch)<\/p>\n<p>Produktionslinie f\u00fcr Walzprofile<\/p>\n<p>Flachschleifmaschinen-Serie<\/p>\n<p><strong><b>Qualifizierung und Dienstleistung<\/b><\/strong><\/p>\n<p>\u25fc Internationale Zertifizierung: ISO9001\/CE\/PED<\/p>\n<p>\u25fc Kundenspezifischer Service: OEM\/ODM-Unterst\u00fctzung<\/p>\n<p>\u25fc FuE-Kapazit\u00e4t: 8% des Jahresumsatzes werden in technologische Innovation investiert.<\/p>\n<p><strong><b>Globales Gesch\u00e4ftsnetzwerk<\/b><\/strong><\/p>\n<p>Unsere Ger\u00e4te wurden bereits in mehr als 35 L\u00e4ndern und Regionen erfolgreich eingesetzt, darunter auch in Deutschland:<\/p>\n<p>Europa: Deutschland\/Italien\/Frankreich (Bereich Automobilbau)<\/p>\n<p>S\u00fcdamerika: Brasilien\/Chile\/Argentinien (Energieausr\u00fcstungsprojekt)<\/p>\n<p>Asien: Indien\/Vietnam (Infrastrukturanwendungen)<\/p>\n<p>Technische \u00dcberlegenheit<\/p>\n<p>\u2606 Plasmaschneiden Dicke kann 50mm (Feinschneiden) erreichen<\/p>\n<p>\u2606 Der h\u00f6chste Automatisierungsgrad der Schwei\u00dflinie ist 85%<\/p>\n<p>\u2606 Intelligentes Steuerungssystem unterst\u00fctzt Fernbetrieb und -wartung.<\/p>\n<p>&nbsp;<\/p>","protected":false},"excerpt":{"rendered":"<p>WUXI ABK's\u00a0<strong>CNC-Plasmaschneidmaschine<\/strong>\u00a0liefert\u00a0<strong>Hochgeschwindigkeits- und Pr\u00e4zisionsschneiden<\/strong>\u00a0f\u00fcr\u00a0<strong>Stahl, Rohre und Metallverarbeitung<\/strong>. Mit\u00a0<strong>Multi-Brenner-Betrieb, automatische H\u00f6henkontrolle und robuste HIWIN-Schienen<\/strong>gew\u00e4hrleistet sie\u00a0<strong>Effizienz und Genauigkeit<\/strong>\u00a0in Branchen wie\u00a0<strong>\u00d6l, Windenergie und Automobilindustrie<\/strong>. Zuverl\u00e4ssig\u00a0<strong>Plasmanetzteil<\/strong>\u00a0und\u00a0<strong>Selbstz\u00fcndung<\/strong>\u00a0die Produktivit\u00e4t zu steigern.<\/p>","protected":false},"featured_media":1940,"comment_status":"open","ping_status":"closed","template":"","meta":{"_acf_changed":false},"product_brand":[],"product_cat":[22,45],"product_tag":[],"class_list":{"0":"post-689","1":"product","2":"type-product","3":"status-publish","4":"has-post-thumbnail","6":"product_cat-cnc-cutting","7":"product_cat-cnc-plasma-cutting-machine","9":"first","10":"instock","11":"shipping-taxable","12":"product-type-simple"},"acf":[],"_links":{"self":[{"href":"https:\/\/www.weldmc.com\/de\/wp-json\/wp\/v2\/product\/689","targetHints":{"allow":["GET"]}}],"collection":[{"href":"https:\/\/www.weldmc.com\/de\/wp-json\/wp\/v2\/product"}],"about":[{"href":"https:\/\/www.weldmc.com\/de\/wp-json\/wp\/v2\/types\/product"}],"replies":[{"embeddable":true,"href":"https:\/\/www.weldmc.com\/de\/wp-json\/wp\/v2\/comments?post=689"}],"wp:featuredmedia":[{"embeddable":true,"href":"https:\/\/www.weldmc.com\/de\/wp-json\/wp\/v2\/media\/1940"}],"wp:attachment":[{"href":"https:\/\/www.weldmc.com\/de\/wp-json\/wp\/v2\/media?parent=689"}],"wp:term":[{"taxonomy":"product_brand","embeddable":true,"href":"https:\/\/www.weldmc.com\/de\/wp-json\/wp\/v2\/product_brand?post=689"},{"taxonomy":"product_cat","embeddable":true,"href":"https:\/\/www.weldmc.com\/de\/wp-json\/wp\/v2\/product_cat?post=689"},{"taxonomy":"product_tag","embeddable":true,"href":"https:\/\/www.weldmc.com\/de\/wp-json\/wp\/v2\/product_tag?post=689"}],"curies":[{"name":"wp","href":"https:\/\/api.w.org\/{rel}","templated":true}]}}