{"id":681,"date":"2025-05-24T14:38:57","date_gmt":"2025-05-24T06:38:57","guid":{"rendered":"http:\/\/111.170.148.214:8095\/?post_type=product&#038;p=681"},"modified":"2025-09-12T14:21:17","modified_gmt":"2025-09-12T06:21:17","slug":"automatische-h-trager-montagemaschine","status":"publish","type":"product","link":"https:\/\/www.weldmc.com\/de\/product\/automatische-h-trager-montagemaschine\/","title":{"rendered":"Automatische H-Tr\u00e4ger-Montagemaschine"},"content":{"rendered":"<p class=\"ds-markdown-paragraph\">Die\u00a0<strong>Automatische H-Tr\u00e4ger-Montagemaschine<\/strong>\u00a0ist eine fortschrittliche Industrieausr\u00fcstung, die f\u00fcr die hochpr\u00e4zise Montage und das Punktschwei\u00dfen von verschiedenen\u00a0<strong>H-Tr\u00e4ger-Stahl<\/strong>\u00a0Profile, einschlie\u00dflich\u00a0<strong>symmetrische H-Tr\u00e4ger, asymmetrische H-Tr\u00e4ger, exzentrische H-Tr\u00e4ger und H-Tr\u00e4ger mit variablem Querschnitt<\/strong>. Durch die Integration von\u00a0<strong>intelligentes Zentrieren, hydraulisches Spannen und automatisiertes Schwei\u00dfen<\/strong>Mit dieser Maschine wird die Produktionseffizienz erheblich gesteigert und gleichzeitig eine hervorragende Montagegenauigkeit gew\u00e4hrleistet.<\/p>\n<h3><strong>Breite Anpassungsf\u00e4higkeit f\u00fcr die Herstellung von H-Tr\u00e4gern \u00fcber die gesamte Bandbreite<\/strong><\/h3>\n<p class=\"ds-markdown-paragraph\">Diese\u00a0<strong>H-Tr\u00e4ger-Montagemaschine<\/strong>\u00a0unterst\u00fctzt eine Vielzahl von Stahlprofilen und eignet sich daher ideal f\u00fcr die Herstellung von Baustahl:<\/p>\n<ul>\n<li>\n<p class=\"ds-markdown-paragraph\"><strong>Symmetrische Standard-H-Tr\u00e4ger<\/strong>\u00a0(gleiche Flanschbreite)<\/p>\n<\/li>\n<li>\n<p class=\"ds-markdown-paragraph\"><strong>Asymmetrische H-Tr\u00e4ger<\/strong>\u00a0(ungleiche Flanschbreite)<\/p>\n<\/li>\n<li>\n<p class=\"ds-markdown-paragraph\"><strong>Exzentrische H-Tr\u00e4ger<\/strong>\u00a0(Rollenoffsetdesign)<\/p>\n<\/li>\n<li>\n<p class=\"ds-markdown-paragraph\"><strong>H-Tr\u00e4ger mit variablem Querschnitt<\/strong>\u00a0(Anwendungen mit kegelf\u00f6rmigem Flansch)<br \/>\nMit einem\u00a0<strong>maximale Aufbauh\u00f6he von 1200mm (erweiterbar auf 1500mm)<\/strong>\u00a0und eine\u00a0<strong>maximale Flanschbreite von 600 mm (erweiterbar auf 800 mm)<\/strong>Diese Maschine eignet sich f\u00fcr gro\u00df angelegte\u00a0<strong>H-Tr\u00e4ger-Produktion<\/strong>\u00a0mit Flexibilit\u00e4t f\u00fcr zuk\u00fcnftige Upgrades.<\/p>\n<\/li>\n<\/ul>\n<h3><strong>Zentrale funktionale Vorteile<\/strong><\/h3>\n<h4><strong>1. Intelligentes Zentriersystem f\u00fcr Pr\u00e4zisionsausrichtung<\/strong><\/h4>\n<p class=\"ds-markdown-paragraph\">Die\u00a0<strong>H-Tr\u00e4ger-Montagemaschine<\/strong>\u00a0bietet eine\u00a0<strong>automatisches Laser-Vision-Doppelpositionierungssystem<\/strong>die eine einwandfreie Ausrichtung der\u00a0<strong>Stegplatte und Fl\u00fcgelplatten<\/strong>\u00a0mit einer\u00a0<strong>Positionierungsgenauigkeit von 0,3 mm<\/strong>. Zu den wichtigsten Innovationen geh\u00f6ren:<\/p>\n<ul>\n<li>\n<p class=\"ds-markdown-paragraph\"><strong>Hochpr\u00e4zise Lasersensoren<\/strong>\u00a0kombiniert mit\u00a0<strong>Bildverarbeitungstechnologie<\/strong>\u00a0f\u00fcr die Ausrichtungskorrektur in Echtzeit.<\/p>\n<\/li>\n<li>\n<p class=\"ds-markdown-paragraph\"><strong>SPS-gesteuerter intelligenter Toleranzausgleich<\/strong>und passt sich automatisch an Materialschwankungen an.<\/p>\n<\/li>\n<li>\n<p class=\"ds-markdown-paragraph\"><strong>60% schnelleres Zentrieren<\/strong>\u00a0im Vergleich zur manuellen Einstellung, was die Einrichtungszeit verk\u00fcrzt und die Produktivit\u00e4t erh\u00f6ht.<\/p>\n<\/li>\n<\/ul>\n<h4><strong>2. Dreifaches hydraulisches Klemmsystem f\u00fcr stabile Montage<\/strong><\/h4>\n<p class=\"ds-markdown-paragraph\">Um das Wackeln w\u00e4hrend der\u00a0<strong>Bahnplattenvorschub<\/strong>arbeitet die Maschine mit\u00a0<strong>drei unabh\u00e4ngige hydraulische Spanneinheiten (zwei f\u00fcr die Fl\u00fcgelplatten, eine f\u00fcr die Stegplatte)<\/strong>, mit:<\/p>\n<ul>\n<li>\n<p class=\"ds-markdown-paragraph\"><strong>Deutsches Rexroth-Hydrauliksystem<\/strong>\u00a0mit\u00a0<strong>5-15MPa einstellbarer Druck<\/strong>\u00a0f\u00fcr optimale Griffst\u00e4rke.<\/p>\n<\/li>\n<li>\n<p class=\"ds-markdown-paragraph\"><strong>Druck\u00fcberwachung in Echtzeit<\/strong>\u00a0\u00fcber eingebettete Sensoren, um eine konstante Spannkraft zu gew\u00e4hrleisten.<\/p>\n<\/li>\n<li>\n<p class=\"ds-markdown-paragraph\"><strong>Anti-Rutsch-Klemmbl\u00f6cke<\/strong>\u00a0um Materialverschiebungen w\u00e4hrend der Montage zu verhindern.<\/p>\n<\/li>\n<\/ul>\n<h4><strong>3. Hocheffizientes intelligentes Schwei\u00dfsystem<\/strong><\/h4>\n<p class=\"ds-markdown-paragraph\">Die\u00a0<strong>H-Balken-Schwei\u00dfmaschine<\/strong>\u00a0integriert eine\u00a0<strong>16-Punkt-Positionierungsschwei\u00dfautomatik<\/strong>anbieten:<\/p>\n<ul>\n<li>\n<p class=\"ds-markdown-paragraph\"><strong>Einstellbare L\u00f6tstellenabst\u00e4nde<\/strong>\u00a0f\u00fcr individuelle Schwei\u00dfmuster.<\/p>\n<\/li>\n<li>\n<p class=\"ds-markdown-paragraph\"><strong>Stufenlose Geschwindigkeitsregelung (0,5-2m\/min)<\/strong>\u00a0um unterschiedlichen Schwei\u00dfanforderungen gerecht zu werden.<\/p>\n<\/li>\n<li>\n<p class=\"ds-markdown-paragraph\"><strong>Optionale Laser-Nahtverfolgung<\/strong>\u00a0f\u00fcr verbesserte Schwei\u00dfpr\u00e4zision.<\/p>\n<\/li>\n<li>\n<p class=\"ds-markdown-paragraph\"><strong>Datenbank f\u00fcr Schwei\u00dfparameter<\/strong>\u00a0f\u00fcr die schnelle Einrichtung verschiedener\u00a0<strong>H-Tr\u00e4ger-Schwei\u00dfen<\/strong>\u00a0Prozesse.<\/p>\n<\/li>\n<li>\n<p class=\"ds-markdown-paragraph\"><strong>Automatische Pistolenreinigung und Staubabsaugung<\/strong>\u00a0um die Schwei\u00dfqualit\u00e4t und einen sauberen Arbeitsbereich zu erhalten.<\/p>\n<\/li>\n<\/ul>\n<h3><strong>Technologische Innovationen f\u00fcr \u00fcberragende Leistung<\/strong><\/h3>\n<p class=\"ds-markdown-paragraph\">Die\u00a0<strong>Automatische H-Tr\u00e4ger-Montagemaschine<\/strong>\u00a0zeichnet sich durch seine\u00a0<strong>Automatisierung, Pr\u00e4zision und Anpassungsf\u00e4higkeit<\/strong>und ist damit die erste Wahl f\u00fcr\u00a0<strong>Stahlproduktionsanlagen<\/strong>. Durch die Kombination\u00a0<strong>hydraulisches Spannen, intelligentes Zentrieren und Roboterschwei\u00dfen<\/strong>gew\u00e4hrleistet sie\u00a0<strong>Hochgeschwindigkeits- und Hochpr\u00e4zisionsproduktion von H-Tr\u00e4gern<\/strong>\u00a0mit minimalen manuellen Eingriffen.<\/p>\n<p class=\"ds-markdown-paragraph\">F\u00fcr Hersteller, die\u00a0<strong>Automatisierte H-Tr\u00e4ger-Montagel\u00f6sungen<\/strong>liefert diese Maschine\u00a0<strong>un\u00fcbertroffene Effizienz, Zuverl\u00e4ssigkeit und Skalierbarkeit<\/strong>-perfekt f\u00fcr moderne\u00a0<strong>Herstellung von Stahlkonstruktionen<\/strong>.<\/p>\n<p>Wichtigste technische Parameter:<\/p>\n<table style=\"height: 546px;\" width=\"987\">\n<tbody>\n<tr>\n<td rowspan=\"3\" width=\"313\">Gr\u00f6\u00dfe der Stegplatte<\/td>\n<td width=\"168\">H\u00f6he<\/td>\n<td width=\"583\">200-2000mm<\/td>\n<\/tr>\n<tr>\n<td width=\"168\">Dicke<\/td>\n<td width=\"583\">6-32mm<\/td>\n<\/tr>\n<tr>\n<td width=\"168\">L\u00e4nge<\/td>\n<td width=\"583\">4000-15000mm<\/td>\n<\/tr>\n<tr>\n<td rowspan=\"3\" width=\"313\">Gr\u00f6\u00dfe der Flanschplatte<\/td>\n<td width=\"168\">Breite<\/td>\n<td width=\"583\">200-600mm<\/td>\n<\/tr>\n<tr>\n<td width=\"168\">Dicke<\/td>\n<td width=\"583\">6-40mm<\/td>\n<\/tr>\n<tr>\n<td width=\"168\">L\u00e4nge<\/td>\n<td width=\"583\">4000-1500mm<\/td>\n<\/tr>\n<tr>\n<td colspan=\"2\" width=\"481\">Geschwindigkeit beim Schwei\u00dfen<\/td>\n<td width=\"583\">500-1200mm\/min<\/td>\n<\/tr>\n<tr>\n<td colspan=\"2\" width=\"481\">Gesamtleistung<\/td>\n<td width=\"583\">8Kw (au\u00dfer Schwei\u00dfstromquelle)<\/td>\n<\/tr>\n<tr>\n<td colspan=\"2\" width=\"481\">Richtgeschwindigkeit<\/td>\n<td width=\"583\">500-6000mm\/min<\/td>\n<\/tr>\n<\/tbody>\n<\/table>\n<p>Durch die Absorption von Verdiensten von \u00e4hnlichen automatischen H-Tr\u00e4ger-Montage-Maschine und mit neuen Technologien aus dem Ausland und China inl\u00e4ndischen, Wuxi ABK ist der professionelle Hersteller zu entwickeln und zu produzieren, die Familie automatische H-Tr\u00e4ger-Montage-Maschine Produkte sowie H-Tr\u00e4ger (schwere Stahl) Schwei\u00dfen Produktionslinie, sowie Box-Tr\u00e4ger automatische Schwei\u00dfen Produktionslinie, T-Tr\u00e4ger Schwei\u00dfen Produktionslinie, Br\u00fccke-Gesicht U-Steifer Schwei\u00dfen Produktionslinie und Stahlkonstruktion kalt Walzprofilieren Produktionslinie sowie CNC-Wasserstrahlschneidmaschine. Mit jahrelanger Entwicklung, ABK automatische H-Tr\u00e4ger-Montage-Maschine haben \u00fcber Saudi-Arabien, Russland, Mittelasien, S\u00fcdostasien, Australien, Europa, S\u00fcdamerika, Nordamerika, etc. verbreitet worden. Wir freuen uns auf eine f\u00fcr beide Seiten vorteilhafte Zusammenarbeit.<\/p>","protected":false},"excerpt":{"rendered":"<p>WUXI ABK's\u00a0<strong>Automatische H-Tr\u00e4ger-Montagemaschine<\/strong>\u00a0gew\u00e4hrleistet hohe Geschwindigkeit,\u00a0<strong>Pr\u00e4zisionsschwei\u00dfen<\/strong>\u00a0f\u00fcr\u00a0<strong>H-Balken, I-Balken<\/strong>und\u00a0<strong>Stahlkonstruktionen<\/strong>. Mit\u00a0<strong>PLC-Steuerung, automatische Ausrichtung<\/strong>und\u00a0<strong>effizientes Spannen<\/strong>Sie steigert die Produktivit\u00e4t in\u00a0<strong>Stahlbau<\/strong>. Ideal f\u00fcr\u00a0<strong>Br\u00fcckentr\u00e4ger, Konstruktionsbalken<\/strong>und\u00a0<strong>industrielle Rahmenbedingungen<\/strong>.<\/p>","protected":false},"featured_media":1966,"comment_status":"open","ping_status":"closed","template":"","meta":{"_acf_changed":false},"product_brand":[],"product_cat":[21,27],"product_tag":[],"class_list":{"0":"post-681","1":"product","2":"type-product","3":"status-publish","4":"has-post-thumbnail","6":"product_cat-welding-automation","7":"product_cat-h-beam-welding-line","9":"first","10":"instock","11":"shipping-taxable","12":"product-type-simple"},"acf":[],"_links":{"self":[{"href":"https:\/\/www.weldmc.com\/de\/wp-json\/wp\/v2\/product\/681","targetHints":{"allow":["GET"]}}],"collection":[{"href":"https:\/\/www.weldmc.com\/de\/wp-json\/wp\/v2\/product"}],"about":[{"href":"https:\/\/www.weldmc.com\/de\/wp-json\/wp\/v2\/types\/product"}],"replies":[{"embeddable":true,"href":"https:\/\/www.weldmc.com\/de\/wp-json\/wp\/v2\/comments?post=681"}],"wp:featuredmedia":[{"embeddable":true,"href":"https:\/\/www.weldmc.com\/de\/wp-json\/wp\/v2\/media\/1966"}],"wp:attachment":[{"href":"https:\/\/www.weldmc.com\/de\/wp-json\/wp\/v2\/media?parent=681"}],"wp:term":[{"taxonomy":"product_brand","embeddable":true,"href":"https:\/\/www.weldmc.com\/de\/wp-json\/wp\/v2\/product_brand?post=681"},{"taxonomy":"product_cat","embeddable":true,"href":"https:\/\/www.weldmc.com\/de\/wp-json\/wp\/v2\/product_cat?post=681"},{"taxonomy":"product_tag","embeddable":true,"href":"https:\/\/www.weldmc.com\/de\/wp-json\/wp\/v2\/product_tag?post=681"}],"curies":[{"name":"wp","href":"https:\/\/api.w.org\/{rel}","templated":true}]}}