{"id":660,"date":"2025-05-24T12:55:43","date_gmt":"2025-05-24T04:55:43","guid":{"rendered":"http:\/\/111.170.148.214:8095\/?post_type=product&#038;p=660"},"modified":"2025-09-12T14:19:49","modified_gmt":"2025-09-12T06:19:49","slug":"cnc-brennschneidmaschine","status":"publish","type":"product","link":"https:\/\/www.weldmc.com\/de\/product\/cnc-brennschneidmaschine\/","title":{"rendered":"CNC-Brennschneidmaschine"},"content":{"rendered":"<p class=\"ds-markdown-paragraph\">Unser\u00a0<strong>CNC-Brennschneidmaschine<\/strong>\u00a0(auch bekannt als\u00a0<strong>CNC-Brennschneider<\/strong>) ist ein hochleistungsf\u00e4higes industrielles Schneidsystem, das f\u00fcr die Bearbeitung einer breiten Palette von Metallen entwickelt wurde, darunter\u00a0<strong>Baustahl, kohlenstoffreicher Stahl, rostfreier Stahl, Aluminium, Kupfer<\/strong>und andere\u00a0<strong>Nichteisenmetalle<\/strong>. Ausgestattet mit fortschrittlicher Automatisierung und Pr\u00e4zisionstechnik, ist diese\u00a0<strong>CNC-Schneidemaschine<\/strong>\u00a0ist weit verbreitet in Branchen wie\u00a0<strong>Rohrproduktion, Automobilbau, Schiffbau, petrochemische Verarbeitung, milit\u00e4rische Verteidigung, Metallurgie, Luft- und Raumfahrt, Kesselbau, Druckbeh\u00e4lterbau und Lokomotivbau<\/strong>.<\/p>\n<h3><strong>Hauptmerkmale der CNC-Brennschneidmaschine<\/strong><\/h3>\n<ol start=\"1\">\n<li>\n<p class=\"ds-markdown-paragraph\"><strong>Hohe Steifigkeit und pr\u00e4zise Schnittleistung<\/strong><\/p>\n<ul>\n<li>\n<p class=\"ds-markdown-paragraph\">Mit verst\u00e4rkten Strukturkomponenten gebaut, ist dieses\u00a0<strong>CNC-Brennschneider<\/strong>\u00a0gew\u00e4hrleistet\u00a0<strong>hohe Stabilit\u00e4t und Schnittgenauigkeit<\/strong>und ist damit ideal f\u00fcr schwere industrielle Anwendungen.<\/p>\n<\/li>\n<li>\n<p class=\"ds-markdown-paragraph\">Alle kritischen Teile werden\u00a0<strong>Gl\u00fchen, Pr\u00e4zisionspolieren und Korrosionsschutzlackierung<\/strong>\u00a0um die Haltbarkeit zu erh\u00f6hen.<\/p>\n<\/li>\n<\/ul>\n<\/li>\n<li>\n<p class=\"ds-markdown-paragraph\"><strong>Dual-Mode-Schneidsystem f\u00fcr mehr Flexibilit\u00e4t<\/strong><\/p>\n<ul>\n<li>\n<p class=\"ds-markdown-paragraph\"><strong>Standard-Brennschneiden<\/strong>\u00a0(optimal f\u00fcr\u00a0<strong>6-200mm Kohlenstoffstahl<\/strong>) liefert saubere, hochwertige Schnitte mit minimaler Schlacke.<\/p>\n<\/li>\n<li>\n<p class=\"ds-markdown-paragraph\"><strong>Optionaler Plasmaschneidbrenner<\/strong>\u00a0(kompatibel mit allen g\u00e4ngigen\u00a0<strong>Marken f\u00fcr Plasmanetzteile<\/strong>) erm\u00f6glicht eine schnellere Verarbeitung von\u00a0<strong>rostfreier Stahl, Aluminium und andere leitf\u00e4hige Metalle<\/strong>.<\/p>\n<\/li>\n<li>\n<p class=\"ds-markdown-paragraph\"><strong>Stufenlos einstellbare Schnittgeschwindigkeit (100-750mm\/min)<\/strong>\u00a0gew\u00e4hrleistet optimale Leistung bei unterschiedlichen Materialst\u00e4rken.<\/p>\n<\/li>\n<\/ul>\n<\/li>\n<li>\n<p class=\"ds-markdown-paragraph\"><strong>Hochpr\u00e4zise \u00dcbertragung und Bewegungssteuerung<\/strong><\/p>\n<ul>\n<li>\n<p class=\"ds-markdown-paragraph\"><strong>Importierte Linearf\u00fchrungsschienen<\/strong>\u00a0kombiniert mit\u00a0<strong>Ritzel-Zahnstangen-Antriebssysteme<\/strong>\u00a0sorgen f\u00fcr reibungslose Hochgeschwindigkeitsbewegungen mit\u00a0<strong>\u00b10,2 mm\/m wiederholte Positioniergenauigkeit<\/strong>.<\/p>\n<\/li>\n<li>\n<p class=\"ds-markdown-paragraph\"><strong>Automatisches Fackelhubsystem<\/strong>\u00a0(Kugelschienenf\u00fchrung, 200 mm Verfahrweg) sorgt f\u00fcr eine gleichbleibende Schnitth\u00f6he und damit f\u00fcr eine bessere Kantenqualit\u00e4t.<\/p>\n<\/li>\n<\/ul>\n<\/li>\n<li>\n<p class=\"ds-markdown-paragraph\"><strong>Intelligentes CNC-Steuerungssystem<\/strong><\/p>\n<ul>\n<li>\n<p class=\"ds-markdown-paragraph\"><strong>Selbstz\u00fcndungsfunktion<\/strong>\u00a0vereinfacht die Bedienung und verbessert die Sicherheit.<\/p>\n<\/li>\n<li>\n<p class=\"ds-markdown-paragraph\"><strong>Speicher f\u00fcr die Schnittparameter<\/strong>\u00a0erm\u00f6glicht eine schnelle Einrichtung f\u00fcr sich wiederholende Aufgaben.<\/p>\n<\/li>\n<li>\n<p class=\"ds-markdown-paragraph\"><strong>System zur Selbstdiagnose von Fehlern<\/strong>\u00a0minimiert Ausfallzeiten durch Erkennung und Meldung von Betriebsproblemen.<\/p>\n<\/li>\n<li>\n<p class=\"ds-markdown-paragraph\"><strong>Direkter CAD-Dateiimport<\/strong>\u00a0unterst\u00fctzt die nahtlose Workflow-Integration f\u00fcr komplexe Schnittmuster.<\/p>\n<\/li>\n<\/ul>\n<\/li>\n<\/ol>\n<h3><strong>Kernvorteile unserer CNC-Brennschneidmaschine<\/strong><\/h3>\n<p class=\"ds-markdown-paragraph\">\u2705\u00a0<strong>\u00dcberlegene Vielseitigkeit beim Schneiden<\/strong>\u00a0- Griffe\u00a0<strong>Kohlenstoffstahl, rostfreier Stahl, Aluminium und Nichteisenmetalle<\/strong>\u00a0mit Flammen- oder Plasmaoptionen.<br \/>\n\u2705\u00a0<strong>Hochgeschwindigkeits- und Pr\u00e4zisionsschneiden<\/strong>\u00a0- Optimiert\u00a0<strong>CNC-Brennschneiden<\/strong>\u00a0und\u00a0<strong>Plasmaschneiden<\/strong>\u00a0F\u00e4higkeiten f\u00fcr Effizienz auf Industrie-Niveau.<br \/>\n\u2705\u00a0<strong>Langlebiges und wartungsarmes Design<\/strong>\u00a0- Robuste Konstruktion mit\u00a0<strong>gegl\u00fchte und polierte Komponenten<\/strong>\u00a0gew\u00e4hrleistet langfristige Zuverl\u00e4ssigkeit.<br \/>\n\u2705\u00a0<strong>Intelligente Automatisierungsfunktionen<\/strong>\u00a0-\u00a0<strong>Automatische H\u00f6heneinstellung, Z\u00fcndung und Fehlererkennung<\/strong>\u00a0die Produktivit\u00e4t zu steigern.<\/p>\n<p class=\"ds-markdown-paragraph\">Ob f\u00fcr\u00a0<strong>Schwermaschinenbau, Schiffbau oder Luft- und Raumfahrtindustrie<\/strong>unser\u00a0<strong>CNC-Brennschneidmaschine<\/strong>\u00a0liefert\u00a0<strong>Hochgeschwindigkeits-, Hochpr\u00e4zisions- und multifunktionale Schneidleistung<\/strong>\u00a0um die anspruchsvollsten industriellen Anforderungen zu erf\u00fcllen. R\u00fcsten Sie Ihre Produktionslinie mit einer\u00a0<strong>CNC-Schneidl\u00f6sung<\/strong>\u00a0der die\u00a0<strong>Flammen- und Plasmatechnologien<\/strong>\u00a0f\u00fcr un\u00fcbertroffene Flexibilit\u00e4t und Effizienz.<\/p>\n<p><strong>Technische Parameter der CNC-Brennschneidmaschine:<\/strong><\/p>\n<table>\n<tbody>\n<tr>\n<td rowspan=\"2\">Modell<\/td>\n<td rowspan=\"2\">Fahrformular<\/td>\n<td rowspan=\"2\">Schienenl\u00fccke<br \/>\n(mm)<\/td>\n<td rowspan=\"2\">Effektive Breite<br \/>\n(mm)<\/td>\n<td colspan=\"2\">Schnittst\u00e4rke(mm)<\/td>\n<td colspan=\"2\">Schnittgeschwindigkeit (mm\/min)<\/td>\n<td rowspan=\"2\">Maximale Geschwindigkeit (mm\/min)<\/td>\n<td rowspan=\"2\">Vertikaler Bereich (mm)<\/td>\n<\/tr>\n<tr>\n<td>Brennschneiden<\/td>\n<td>Plasma-Schneidemaschine<\/td>\n<td>Brennschneiden<\/td>\n<td>Plasmaschneiden<\/td>\n<\/tr>\n<tr>\n<td>CNC\u2160-2500<\/td>\n<td>Eine Seite<\/td>\n<td>2500<\/td>\n<td>1600<\/td>\n<td rowspan=\"12\">6-200 (siehe Leistung des Schneidkopfs)<\/td>\n<td rowspan=\"12\">Variiert bei verschiedenen Modellen<\/td>\n<td rowspan=\"12\">100-750 (je nach Leistung des Schneidkopfes)<\/td>\n<td rowspan=\"12\">Variiert mit der Stromversorgung<\/td>\n<td>6000<\/td>\n<td>200<\/td>\n<\/tr>\n<tr>\n<td>CNC\u2160-3000<\/td>\n<td>Eine Seite<\/td>\n<td>3500<\/td>\n<td>2100<\/td>\n<td>6000<\/td>\n<td>200<\/td>\n<\/tr>\n<tr>\n<td>CNC\u2160-4000<\/td>\n<td>Eine Seite<\/td>\n<td>4000<\/td>\n<td>3100<\/td>\n<td>12000<\/td>\n<td>200<\/td>\n<\/tr>\n<tr>\n<td>CNC\u2161-4000<\/td>\n<td>Doppelte Seite<\/td>\n<td>4000<\/td>\n<td>3100<\/td>\n<td>12000<\/td>\n<td>200<\/td>\n<\/tr>\n<tr>\n<td>CNC\u2161-5000<\/td>\n<td>Doppelte Seite<\/td>\n<td>5000<\/td>\n<td>4100<\/td>\n<td>12000<\/td>\n<td>200<\/td>\n<\/tr>\n<tr>\n<td>CNC\u2161-6000<\/td>\n<td>Doppelte Seite<\/td>\n<td>6000<\/td>\n<td>5100<\/td>\n<td>12000<\/td>\n<td>200<\/td>\n<\/tr>\n<tr>\n<td>CNC\u2161-7000<\/td>\n<td>Doppelte Seite<\/td>\n<td>7000<\/td>\n<td>6100<\/td>\n<td>12000<\/td>\n<td>200<\/td>\n<\/tr>\n<tr>\n<td>CNC\u2161-8000<\/td>\n<td>Doppelte Seite<\/td>\n<td>8000<\/td>\n<td>7100<\/td>\n<td>12000<\/td>\n<td>200<\/td>\n<\/tr>\n<tr>\n<td>CNC\u2161-9000<\/td>\n<td>Doppelte Seite<\/td>\n<td>90000<\/td>\n<td>8100<\/td>\n<td>12000<\/td>\n<td>200<\/td>\n<\/tr>\n<tr>\n<td>CNC\u2161-11000<\/td>\n<td>Doppelte Seite<\/td>\n<td>11000<\/td>\n<td>10100<\/td>\n<td>12000<\/td>\n<td>200<\/td>\n<\/tr>\n<tr>\n<td>CNC\u2161-12000<\/td>\n<td>Doppelte Seite<\/td>\n<td>12000<\/td>\n<td>11100<\/td>\n<td>12000<\/td>\n<td>200<\/td>\n<\/tr>\n<tr>\n<td>CNC\u2161-13000<\/td>\n<td>Doppelte Seite<\/td>\n<td>13000<\/td>\n<td>12100<\/td>\n<td>12000<\/td>\n<td>200<\/td>\n<\/tr>\n<\/tbody>\n<\/table>\n<p><strong>\u00a0<\/strong><strong>Technische Parameter der CNC-Serie Digital Multi-Head Straight Cutter:<\/strong><\/p>\n<table>\n<tbody>\n<tr>\n<td>Modell<\/td>\n<td>Fahrformular<\/td>\n<td>Schienenabstand (mm)<\/td>\n<td>Effektive Breite(mm)<\/td>\n<td>Schnittst\u00e4rke (mm)<\/td>\n<td>Schnittgeschwindigkeit (mm\/min)<\/td>\n<td>Maximale Geschwindigkeit (mm\/min)<\/td>\n<td>Vertikaler Bereich (mm)<\/td>\n<\/tr>\n<tr>\n<td>CNC-3000<\/td>\n<td>Eine Seite<\/td>\n<td>3000<\/td>\n<td>2100<\/td>\n<td rowspan=\"12\">6-200 (siehe Leistung des Schneidkopfs)<\/td>\n<td rowspan=\"12\">100-750 (je nach Leistung des Schneidkopfes)<\/td>\n<td>6000<\/td>\n<td>150<\/td>\n<\/tr>\n<tr>\n<td>CNC-3500<\/td>\n<td>Eine Seite<\/td>\n<td>3500<\/td>\n<td>2600<\/td>\n<td>6000<\/td>\n<td>150<\/td>\n<\/tr>\n<tr>\n<td>CNC-4000<\/td>\n<td>Eine Seite<\/td>\n<td>4000<\/td>\n<td>3100<\/td>\n<td>12000<\/td>\n<td>150<\/td>\n<\/tr>\n<tr>\n<td>CNC\u2161-5000<\/td>\n<td>Doppelte Seite<\/td>\n<td>5000<\/td>\n<td>4100<\/td>\n<td>12000<\/td>\n<td>150<\/td>\n<\/tr>\n<tr>\n<td>CNC\u2161-6000<\/td>\n<td>Doppelte Seite<\/td>\n<td>6000<\/td>\n<td>5100<\/td>\n<td>12000<\/td>\n<td>150<\/td>\n<\/tr>\n<tr>\n<td>CNC\u2161-7000<\/td>\n<td>Doppelte Seite<\/td>\n<td>7000<\/td>\n<td>6100<\/td>\n<td>12000<\/td>\n<td>150<\/td>\n<\/tr>\n<tr>\n<td>CNC\u2161-8000<\/td>\n<td>Doppelte Seite<\/td>\n<td>8000<\/td>\n<td>7100<\/td>\n<td>12000<\/td>\n<td>150<\/td>\n<\/tr>\n<tr>\n<td>CNC\u2161-9000<\/td>\n<td>Doppelte Seite<\/td>\n<td>9000<\/td>\n<td>8100<\/td>\n<td>12000<\/td>\n<td>150<\/td>\n<\/tr>\n<tr>\n<td>CNC\u2161-10000<\/td>\n<td>Doppelte Seite<\/td>\n<td>10000<\/td>\n<td>9000<\/td>\n<td>12000<\/td>\n<td>150<\/td>\n<\/tr>\n<tr>\n<td>CNC\u2161-11000<\/td>\n<td>Doppelte Seite<\/td>\n<td>11000<\/td>\n<td>10100<\/td>\n<td>12000<\/td>\n<td>150<\/td>\n<\/tr>\n<tr>\n<td>CNC\u2161-12000<\/td>\n<td>Doppelte Seite<\/td>\n<td>12000<\/td>\n<td>11100<\/td>\n<td>12000<\/td>\n<td>150<\/td>\n<\/tr>\n<tr>\n<td>CNC\u2161-13000<\/td>\n<td>Doppelte Seite<\/td>\n<td>13000<\/td>\n<td>12100<\/td>\n<td>12000<\/td>\n<td>150<\/td>\n<\/tr>\n<\/tbody>\n<\/table>\n<p><strong><b>Produktmerkmale<\/b><\/strong><\/p>\n<p><strong><b>\u2160.<\/b><\/strong><strong><b>Strukturelle Konstruktion nach milit\u00e4rischem Standard<\/b><\/strong><\/p>\n<ul>\n<li>Integrales Gl\u00fchen zum Spannungsabbau<\/li>\n<li>Pr\u00e4zisionspolieren und Spr\u00fchbehandlung<\/li>\n<li>Lebensdauer der wichtigsten Komponenten \u22655 Jahre.<\/li>\n<\/ul>\n<p><strong><b>\u2161.<\/b><\/strong><strong><b>Multifunktionale Erweiterung<\/b><\/strong><\/p>\n<ul>\n<li>Erweiterbare Mehrkopf-Direktschneidefunktion<\/li>\n<li>Unterst\u00fctzung des gleichzeitigen Betriebs mehrerer Stationen<\/li>\n<li>Optionales automatisches F\u00fctterungssystem<\/li>\n<\/ul>\n<p><strong><b>A<\/b><\/strong><strong><b>Anwendungsbereich<\/b><\/strong><\/p>\n<ul>\n<li>Petrochemische Industrie: Schneiden von Druckbeh\u00e4ltern<\/li>\n<li>Schiffbau: Stanzen von Rumpfplatten<\/li>\n<li>Baumaschinen: Gie\u00dfen von Strukturteilen<\/li>\n<li>Luft- und Raumfahrt: spezielle Metallverarbeitung<\/li>\n<\/ul>\n<p><strong><b>St\u00e4rke des Unternehmens<\/b><\/strong><\/p>\n<p>\u25c7 Gegr\u00fcndet 1999, mit 20 Jahren Erfahrung in der Herstellung.<\/p>\n<p>\u25c7ISO9001+CE Doppelauthentifizierung<\/p>\n<p>Die Produkte werden in \u00fcber 30 L\u00e4nder wie Deutschland und Russland exportiert.<\/p>\n<p>\u25c7 J\u00e4hrliche Produktionskapazit\u00e4t von mehr als 200 Ger\u00e4ten.<\/p>\n<p>Service-Garantie<\/p>\n<p><strong><b>24-Stunden-Reaktion auf technische Fragen<\/b><\/strong><\/p>\n<p><strong><b>Kostenlose Betriebsschulung<\/b><\/strong><\/p>\n<p><strong><b>Globale Ersatzteilversorgung<\/b><\/strong><\/p>\n<p><strong><b>Lebenslange Wartung der Ausr\u00fcstung<\/b><\/strong><\/p>\n<p>Unterst\u00fctzende Produktlinie<\/p>\n<p>\u25b8 Cnc-Plasmaschneidmaschine<\/p>\n<p>\u25b8 Produktionslinie f\u00fcr Windkraftt\u00fcrme<\/p>\n<p>\u25b8 Produktionslinie zum Schwei\u00dfen von H-Tr\u00e4gern<\/p>\n<p>\u25b8 Metallumformungsger\u00e4te wie Blechbieger\/Rohrbieger.<\/p>\n<p>Wuxi ABK Machinery Co.Ltd wurde 1999 gegr\u00fcndet und ist ein professioneller Hersteller von CNC-Brennschneidmaschinen in China. Neben der CNC-Brennschneidmaschine haben wir noch viele andere hochwertige Produkte, wie CNC-Plasmaschneidmaschine, CNC-Tischschneidmaschine, Windturm-Produktionslinie, H-Tr\u00e4ger-Schwei\u00dflinie, Schwei\u00dfausr\u00fcstung, Rohrschwei\u00dfausr\u00fcstung, Schleifmaschine, Walzprofiliermaschine, Blechbiegemaschine, etc. Dank der ISO- und CE-Zertifizierung sind unsere Produkte bei Kunden aus Spanien, Indien, Deutschland, S\u00fcdafrika, Brasilien, Chile, Argentinien, Russland, Italien, Frankreich, Vietnam und anderen L\u00e4ndern sehr beliebt. Wenn Sie eine CNC-Brennschneidmaschine ben\u00f6tigen, kontaktieren Sie uns bitte frei.<\/p>\n<p><strong><b>\u00a0<\/b><\/strong><\/p>","protected":false},"excerpt":{"rendered":"<p>Die CNC-Brennschneidmaschine von WUXI ABK liefert Pr\u00e4zisionsschnitte f\u00fcr dicke Kohlenstoffstahlplatten bis zu 300 mm. Mit ihrer fortschrittlichen Gassteuerung und stabilen Leistung gew\u00e4hrleistet sie saubere Schnitte mit minimaler Schlacke. Die robuste Konstruktion und das benutzerfreundliche CNC-System machen sie ideal f\u00fcr schwere industrielle Anwendungen wie Schiffbau und Bauwesen.<\/p>","protected":false},"featured_media":1959,"comment_status":"open","ping_status":"closed","template":"","meta":{"_acf_changed":false},"product_brand":[],"product_cat":[22,43],"product_tag":[],"class_list":{"0":"post-660","1":"product","2":"type-product","3":"status-publish","4":"has-post-thumbnail","6":"product_cat-cnc-cutting","7":"product_cat-cnc-flame-cutting-machine","9":"first","10":"instock","11":"shipping-taxable","12":"product-type-simple"},"acf":[],"_links":{"self":[{"href":"https:\/\/www.weldmc.com\/de\/wp-json\/wp\/v2\/product\/660","targetHints":{"allow":["GET"]}}],"collection":[{"href":"https:\/\/www.weldmc.com\/de\/wp-json\/wp\/v2\/product"}],"about":[{"href":"https:\/\/www.weldmc.com\/de\/wp-json\/wp\/v2\/types\/product"}],"replies":[{"embeddable":true,"href":"https:\/\/www.weldmc.com\/de\/wp-json\/wp\/v2\/comments?post=660"}],"wp:featuredmedia":[{"embeddable":true,"href":"https:\/\/www.weldmc.com\/de\/wp-json\/wp\/v2\/media\/1959"}],"wp:attachment":[{"href":"https:\/\/www.weldmc.com\/de\/wp-json\/wp\/v2\/media?parent=660"}],"wp:term":[{"taxonomy":"product_brand","embeddable":true,"href":"https:\/\/www.weldmc.com\/de\/wp-json\/wp\/v2\/product_brand?post=660"},{"taxonomy":"product_cat","embeddable":true,"href":"https:\/\/www.weldmc.com\/de\/wp-json\/wp\/v2\/product_cat?post=660"},{"taxonomy":"product_tag","embeddable":true,"href":"https:\/\/www.weldmc.com\/de\/wp-json\/wp\/v2\/product_tag?post=660"}],"curies":[{"name":"wp","href":"https:\/\/api.w.org\/{rel}","templated":true}]}}