{"id":649,"date":"2025-05-24T00:58:15","date_gmt":"2025-05-23T16:58:15","guid":{"rendered":"http:\/\/111.170.148.214:8095\/?post_type=product&#038;p=649"},"modified":"2025-09-12T14:24:44","modified_gmt":"2025-09-12T06:24:44","slug":"rohr-zu-rohr-schweismaschine","status":"publish","type":"product","link":"https:\/\/www.weldmc.com\/de\/product\/rohr-zu-rohr-schweismaschine\/","title":{"rendered":"Rohr-an-Rohr-Schwei\u00dfmaschine"},"content":{"rendered":"<div class=\"dad65929\">\n<div class=\"_4f9bf79 d7dc56a8 _43c05b5\">\n<div class=\"ds-markdown ds-markdown--block\">\n<p class=\"ds-markdown-paragraph\">Die\u00a0<strong>Rohr-zu-Rohr-Schwei\u00dfmaschine<\/strong>\u00a0stellt einen Durchbruch in der Rohrverbindungstechnik dar und integriert fortschrittliche Schwei\u00dfverfahren, intelligente Steuerungssysteme und adaptive Software, um un\u00fcbertroffene Pr\u00e4zision und Effizienz zu gew\u00e4hrleisten. Nachfolgend sind die wichtigsten Innovationen aufgef\u00fchrt, die dieses\u00a0<strong>Rohrschwei\u00dfanlage<\/strong>\u00a0von herk\u00f6mmlichen L\u00f6sungen abhebt.<\/p>\n<h3><strong>1. Multiprozess-Schwei\u00dff\u00e4higkeit f\u00fcr mehr Flexibilit\u00e4t<\/strong><\/h3>\n<p class=\"ds-markdown-paragraph\">Diese\u00a0<strong>Rohrschwei\u00dfmaschine<\/strong>\u00a0bietet eine\u00a0<strong>GTAW (WIG) \/ GMAW (MIG) Hybridsystem<\/strong>Dadurch k\u00f6nnen die Bediener zwischen verschiedenen Schwei\u00dfverfahren wechseln, ohne die Ausr\u00fcstung zu wechseln. Die\u00a0<strong>Impulswellensteuerung<\/strong>\u00a0Technologie reduziert den W\u00e4rmeeintrag um\u00a0<strong>30% im Vergleich zum konventionellen Schwei\u00dfen<\/strong>Dadurch wird der Verzug minimiert, w\u00e4hrend die Integrit\u00e4t der Schwei\u00dfnaht erhalten bleibt. Au\u00dferdem ist das System vollst\u00e4ndig konform mit den wichtigsten\u00a0<strong>Kessel- und Druckbeh\u00e4ltercodes<\/strong>einschlie\u00dflich\u00a0<strong>ASME Abschnitt I, EN 12952 und EN 13445<\/strong>und gew\u00e4hrleisten eine zuverl\u00e4ssige Leistung bei kritischen Anwendungen.<\/p>\n<h3><strong>2. Propriet\u00e4res Hei\u00dfdrahtsystem f\u00fcr \u00fcberragende Abscheidungsraten<\/strong><\/h3>\n<p class=\"ds-markdown-paragraph\">Die\u00a0<strong>Rohr-zu-Rohr-Schwei\u00dfmaschine<\/strong>\u00a0enth\u00e4lt eine\u00a0<strong>echter Sinusausgang<\/strong>\u00a0System, das den magnetischen Lichtbogenblitz f\u00fcr eine stabile Lichtbogenleistung eliminiert. Die wichtigsten Vorteile sind:<\/p>\n<ul>\n<li>\n<p class=\"ds-markdown-paragraph\"><strong>Ablagerungsrate um 40% erh\u00f6ht<\/strong>\u00a0im Vergleich zum WIG-Kaltdrahtschwei\u00dfen<\/p>\n<\/li>\n<li>\n<p class=\"ds-markdown-paragraph\"><strong>Verfahrgeschwindigkeiten bis zu 25 cm\/min<\/strong>auch bei Engspaltn\u00e4hten<\/p>\n<\/li>\n<li>\n<p class=\"ds-markdown-paragraph\"><strong>Defektrate unter 0,5%<\/strong>\u00a0zur Vermeidung von Schwei\u00dffehlern und zur Gew\u00e4hrleistung hochwertiger Schwei\u00dfn\u00e4hte<\/p>\n<\/li>\n<\/ul>\n<h3><strong>3. Intelligente Lichtbogen-Spannungssteuerung (AVC) f\u00fcr Pr\u00e4zisionsschwei\u00dfungen<\/strong><\/h3>\n<p class=\"ds-markdown-paragraph\">Um eine optimale Schwei\u00dfnahtqualit\u00e4t zu erhalten, muss die\u00a0<strong>Rohrschwei\u00dfanlage<\/strong>\u00a0verwendet\u00a0<strong>Echtzeit-H\u00f6heneinstellung des Brenners<\/strong>\u00a0mit\u00a0<strong>\u00b10,1mm Genauigkeit<\/strong>. Seine\u00a0<strong>selbstkorrigierender Algorithmus<\/strong>\u00a0automatisch kompensiert:<\/p>\n<ul>\n<li>\n<p class=\"ds-markdown-paragraph\"><strong>Variationen der Ovalit\u00e4t der R\u00f6hre<\/strong><\/p>\n<\/li>\n<li>\n<p class=\"ds-markdown-paragraph\"><strong>Fehlausrichtung der Gelenke<\/strong><\/p>\n<\/li>\n<li>\n<p class=\"ds-markdown-paragraph\"><strong>Thermische Verformung beim Schwei\u00dfen<\/strong><br \/>\nDies gew\u00e4hrleistet eine gleichm\u00e4\u00dfige Durchdringung und verringert die Notwendigkeit manueller Eingriffe.<\/p>\n<\/li>\n<\/ul>\n<h3><strong>4. Adaptive Schwei\u00dfsoftware f\u00fcr intelligente Prozessoptimierung<\/strong><\/h3>\n<p class=\"ds-markdown-paragraph\">Die\u00a0<strong>Rohr-zu-Rohr-Schwei\u00dfmaschine<\/strong>\u00a0ist ausgestattet mit\u00a0<strong>\u00dcber 200 voreingestellte Schwei\u00dfprogramme<\/strong>, optimiert f\u00fcr verschiedene\u00a0<strong>Materialtypen (P91, T22, 304H, usw.)<\/strong>\u00a0und\u00a0<strong>Verbindungskonfigurationen (Stumpf, Muffe, aufgesetzt)<\/strong>. Die\u00a0<strong>selbstlernende Funktion<\/strong>\u00a0verbessert kontinuierlich die Schwei\u00dfparameter nach jeder\u00a0<strong>10 Schwei\u00dfn\u00e4hte<\/strong>Dadurch wird die Effizienz gesteigert und die Einrichtungszeit verk\u00fcrzt.<\/p>\n<p class=\"ds-markdown-paragraph\">Durch die Integration dieser Spitzentechnologien kann die\u00a0<strong>Rohrschwei\u00dfmaschine<\/strong>\u00a0liefert\u00a0<strong>h\u00f6here Produktivit\u00e4t, hervorragende Schwei\u00dfqualit\u00e4t und un\u00fcbertroffene Prozessflexibilit\u00e4t<\/strong>und ist damit die ideale L\u00f6sung f\u00fcr\u00a0<strong>Kessel-, Kraftwerks- und Hochdruck-Rohrleitungsanwendungen<\/strong>.<\/p>\n<\/div>\n<\/div>\n<\/div>\n<h3><strong>System-Spezifikationen<\/strong><\/h3>\n<table>\n<tbody>\n<tr>\n<td><strong>Modell<\/strong><\/td>\n<td><strong><b>TTW-300 (Standard)<\/b><\/strong><\/td>\n<td><strong><b>TTW-500 (Schwerlast)<\/b><\/strong><\/td>\n<\/tr>\n<tr>\n<td><strong>Rohr-Durchmesser<\/strong><\/td>\n<td>25-300 mm<\/td>\n<td>50-500 mm<\/td>\n<\/tr>\n<tr>\n<td><strong>Wanddicke<\/strong><\/td>\n<td>2-25 mm<\/td>\n<td>5-50 mm<\/td>\n<\/tr>\n<tr>\n<td><strong>Geschwindigkeit beim Schwei\u00dfen<\/strong><\/td>\n<td>10-30 cm\/min<\/td>\n<td>8-25 cm\/min<\/td>\n<\/tr>\n<tr>\n<td><strong>Stromquelle<\/strong><\/td>\n<td>400A Gepulstes WIG<\/td>\n<td>600A Synergic MIG\/TIG<\/td>\n<\/tr>\n<\/tbody>\n<\/table>\n<h3><strong>\u00a0<\/strong><strong>Betriebliche Vorteile gegen\u00fcber dem manuellen Schwei\u00dfen<\/strong><\/h3>\n<table>\n<tbody>\n<tr>\n<td><strong>Faktor<\/strong><\/td>\n<td><strong>Manuelles Schwei\u00dfen<\/strong><\/td>\n<td><strong>Unser automatisiertes System<\/strong><\/td>\n<\/tr>\n<tr>\n<td><strong>Produktivit\u00e4t<\/strong><\/td>\n<td>5-8 Schwei\u00dfn\u00e4hte\/Stunde<\/td>\n<td><strong>15-22 Schwei\u00dfn\u00e4hte\/Stunde<\/strong><\/td>\n<\/tr>\n<tr>\n<td><strong>Ablehnungsquote<\/strong><\/td>\n<td>3-8%<\/td>\n<td><strong>&lt;1%<\/strong><\/td>\n<\/tr>\n<tr>\n<td><strong>Anforderung an die Fertigkeiten<\/strong><\/td>\n<td>Schwei\u00dffachmann gesucht<\/td>\n<td><strong>Grundlegende Bedienerschulung<\/strong><\/td>\n<\/tr>\n<\/tbody>\n<\/table>\n<p>Industrieanwendungen<\/p>\n<ul>\n<li>Stromerzeugung: \u00dcberhitzerb\u00fcndel (P91\/T92-Legierungen)<\/li>\n<li>Abw\u00e4rmer\u00fcckgewinnung: Herstellung von W\u00e4rmetauschern<\/li>\n<li>Petrochemie: Hochdrucktauscherrohre<\/li>\n<\/ul>\n<p>Anpassungsoptionen:<\/p>\n<ul>\n<li>Rotierende Schwei\u00dfk\u00f6pfe f\u00fcr Rohr-Sammler-Verbindungen<\/li>\n<li>Integrierte ZfP (RT\/UT-Validierung nach dem Schwei\u00dfen)<\/li>\n<li>Roboterpositionierung f\u00fcr komplexe Serpentinen-Spulen<\/li>\n<\/ul>\n<p>\u00dcbersicht der Spezifikationen\uff1a<\/p>\n<p>Rohrdurchmesser\uff1a 28-76mm<\/p>\n<p>Wanddicke\uff1a 1,5-20mm<\/p>\n<p>Drahtgr\u00f6\u00dfe\uff1a 0,8-1,0mm<\/p>\n<p>Oszillationsbereich \/ Geschwindigkeit\uff1a 0-20mm \/ 0-120mm\/s<\/p>\n<p>Drahtheizung: 5-100 A<\/p>\n<p><img decoding=\"async\" src=\"https:\/\/www.weldmc.com\/wp-content\/uploads\/2025\/05\/Tube-to-Tube-Welding-Machine_2.png\" alt=\"Rohr-zu-Rohr-Schwei\u00dfmaschine_2\" \/><\/p>\n<p>&nbsp;<\/p>\n<p>&nbsp;<\/p>\n<p>Wuxi ABK Machinery Co.Ltd ist ein professioneller Hersteller von Schwei\u00dfrotatoren in China. Und unser Schwei\u00dfrotator umfasst haupts\u00e4chlich Standard-Schwei\u00dfrotator, einstellbarer Schwei\u00dfrotator und spezieller Schwei\u00dfrotator. Wir k\u00f6nnen unseren Kunden auf der ganzen Welt auch viele andere Produkte anbieten, einschlie\u00dflich Schwei\u00dfdrehtisch, Pfahlschwei\u00dfmaschine, Windturm-Produktionslinie, H-Tr\u00e4ger-Schwei\u00dflinie, Rohrschwei\u00dfausr\u00fcstung, CNC-Schneidemaschine, Schleifmaschine, Walzprofiliermaschine, Blechbiegemaschine, etc. Wir haben die ISO- und CE-Zertifizierung erhalten und bieten auch OEM-Service an.<\/p>","protected":false},"excerpt":{"rendered":"<p>Die WUXI ABK Rohr-zu-Rohr-Schwei\u00dfmaschine bietet fortschrittliche L\u00f6sungen f\u00fcr das F\u00fcgen von Rohren mit GTAW\/MIG-Hybridschwei\u00dfen und Hei\u00dfdraht-WIG-Technologie. Mit intelligenter AVC-Steuerung, ASME\/EN-zertifizierter Leistung und 40% schnelleren Abschmelzraten gew\u00e4hrleistet diese Schwei\u00dfmaschine hochwertige Ergebnisse f\u00fcr Kessel-, Kraftwerks- und industrielle Rohrleitungsanwendungen. Die selbstlernende Software steigert die Schwei\u00dfpr\u00e4zision und -effizienz weiter.<\/p>","protected":false},"featured_media":1972,"comment_status":"open","ping_status":"closed","template":"","meta":{"_acf_changed":false},"product_brand":[],"product_cat":[23,52],"product_tag":[],"class_list":{"0":"post-649","1":"product","2":"type-product","3":"status-publish","4":"has-post-thumbnail","6":"product_cat-boiler-production-equipment","7":"product_cat-tube-to-tube-welding-machine","9":"first","10":"instock","11":"shipping-taxable","12":"product-type-simple"},"acf":[],"_links":{"self":[{"href":"https:\/\/www.weldmc.com\/de\/wp-json\/wp\/v2\/product\/649","targetHints":{"allow":["GET"]}}],"collection":[{"href":"https:\/\/www.weldmc.com\/de\/wp-json\/wp\/v2\/product"}],"about":[{"href":"https:\/\/www.weldmc.com\/de\/wp-json\/wp\/v2\/types\/product"}],"replies":[{"embeddable":true,"href":"https:\/\/www.weldmc.com\/de\/wp-json\/wp\/v2\/comments?post=649"}],"wp:featuredmedia":[{"embeddable":true,"href":"https:\/\/www.weldmc.com\/de\/wp-json\/wp\/v2\/media\/1972"}],"wp:attachment":[{"href":"https:\/\/www.weldmc.com\/de\/wp-json\/wp\/v2\/media?parent=649"}],"wp:term":[{"taxonomy":"product_brand","embeddable":true,"href":"https:\/\/www.weldmc.com\/de\/wp-json\/wp\/v2\/product_brand?post=649"},{"taxonomy":"product_cat","embeddable":true,"href":"https:\/\/www.weldmc.com\/de\/wp-json\/wp\/v2\/product_cat?post=649"},{"taxonomy":"product_tag","embeddable":true,"href":"https:\/\/www.weldmc.com\/de\/wp-json\/wp\/v2\/product_tag?post=649"}],"curies":[{"name":"wp","href":"https:\/\/api.w.org\/{rel}","templated":true}]}}