{"id":636,"date":"2025-05-24T00:47:42","date_gmt":"2025-05-23T16:47:42","guid":{"rendered":"http:\/\/111.170.148.214:8095\/?post_type=product&#038;p=636"},"modified":"2025-09-12T14:27:17","modified_gmt":"2025-09-12T06:27:17","slug":"rohrverstarker-biegemaschine","status":"publish","type":"product","link":"https:\/\/www.weldmc.com\/de\/product\/rohrverstarker-biegemaschine\/","title":{"rendered":"Rohrverst\u00e4rker-Biegemaschine"},"content":{"rendered":"<p>&nbsp;<\/p>\n<p class=\"ds-markdown-paragraph\"><strong>Tube Booster Bending Machine - Fortschrittliche technische M\u00f6glichkeiten f\u00fcr das Pr\u00e4zisionsbiegen von Rohren und Schl\u00e4uchen<\/strong><\/p>\n<p class=\"ds-markdown-paragraph\">Die\u00a0<strong>Rohrverst\u00e4rker-Biegemaschine<\/strong>\u00a0wurde entwickelt, um Folgendes zu liefern\u00a0<strong>hochpr\u00e4zise Biegeleistung<\/strong>\u00a0f\u00fcr ein breites Spektrum industrieller Anwendungen. Mit der F\u00e4higkeit zu erreichen\u00a0<strong>enge Biegeradien bis zu 1\u00d7D (Rohrdurchmesser)<\/strong>Diese Maschine gew\u00e4hrleistet eine hervorragende strukturelle Integrit\u00e4t bei gleichzeitiger Einhaltung strenger\u00a0<strong>Einhaltung der Qualit\u00e4t<\/strong>\u00a0Normen, einschlie\u00dflich\u00a0<strong>Ovalit\u00e4t \u226410%<\/strong>\u00a0und\u00a0<strong>Wandausd\u00fcnnung \u226412%<\/strong>. Entwickelt f\u00fcr die Handhabung\u00a0<strong>Rohre aus Kohlenstoffstahl, rostfreiem Stahl und Legierungen<\/strong>die\u00a0<strong>Rohrverst\u00e4rker-Biegemaschine<\/strong>\u00a0ist die ideale L\u00f6sung f\u00fcr Branchen, die\u00a0<strong>Hochpr\u00e4zise Rohrumformung<\/strong>.<\/p>\n<h3><strong>Flexible Integration f\u00fcr unterschiedliche Produktionsbed\u00fcrfnisse<\/strong><\/h3>\n<p class=\"ds-markdown-paragraph\">Die\u00a0<strong>Rohrverst\u00e4rker-Biegemaschine<\/strong>\u00a0bietet vielseitige Einsatzm\u00f6glichkeiten f\u00fcr unterschiedliche Produktionsumgebungen:<\/p>\n<ul>\n<li>\n<p class=\"ds-markdown-paragraph\"><strong>Eigenst\u00e4ndiger Betrieb<\/strong>\u00a0- Perfekt f\u00fcr\u00a0<strong>Werkst\u00e4tten und Wartungseinrichtungen<\/strong>und bietet\u00a0<strong>Rohrbiegen auf Abruf<\/strong>\u00a0ohne komplizierte Einstellungen.<\/p>\n<\/li>\n<li>\n<p class=\"ds-markdown-paragraph\"><strong>Inline-Produktion<\/strong>\u00a0- Nahtlos integrierbar mit\u00a0<strong>Spulenwickelsysteme<\/strong>\u00a0f\u00fcr die automatisierte, hochvolumige Herstellung von\u00a0<strong>W\u00e4rmetauscher, Heizkessel und Rohrleitungssysteme<\/strong>.<\/p>\n<\/li>\n<\/ul>\n<h3><strong>Spezialisierte Modelle f\u00fcr branchenspezifische Anwendungen<\/strong><\/h3>\n<p class=\"ds-markdown-paragraph\">Um den unterschiedlichen Anforderungen der Industrie gerecht zu werden, ist die\u00a0<strong>Rohrverst\u00e4rker-Biegemaschine<\/strong>\u00a0ist in verschiedenen Konfigurationen erh\u00e4ltlich:<\/p>\n<div class=\"markdown-table-wrapper\">\n<table>\n<thead>\n<tr>\n<th><strong>Modell Typ<\/strong><\/th>\n<th><strong>Hauptmerkmal<\/strong><\/th>\n<th><strong>Typische Anwendung<\/strong><\/th>\n<\/tr>\n<\/thead>\n<tbody>\n<tr>\n<td><strong>Standard<\/strong><\/td>\n<td>1-6\u2033 Rohrkapazit\u00e4t<\/td>\n<td>Kraftwerk\u00a0<strong>Kesselschlangen<\/strong>HVAC-Systeme<\/td>\n<\/tr>\n<tr>\n<td><strong>Typ C<\/strong><\/td>\n<td>Kompaktes Design f\u00fcr\u00a0<strong>enge Radien<\/strong><\/td>\n<td><strong>Kompakte W\u00e4rmetauscher<\/strong>, Automobil<\/td>\n<\/tr>\n<tr>\n<td><strong>Heavy-Duty<\/strong><\/td>\n<td>Verarbeitet Rohre bis zu\u00a0<strong>16\u2033 OD<\/strong><\/td>\n<td><strong>Projekte im Bereich Petrochemie und Pipelines<\/strong><\/td>\n<\/tr>\n<\/tbody>\n<\/table>\n<\/div>\n<h3><strong>Warum sollte man sich f\u00fcr die Tube Booster Bending Machine entscheiden?<\/strong><\/h3>\n<p class=\"ds-markdown-paragraph\">\u2705\u00a0<strong>Branchenerprobte Zuverl\u00e4ssigkeit<\/strong>\u00a0- Mit\u00a0<strong>20+ Jahre Erfahrung<\/strong>\u00a0in\u00a0<strong>Herstellung von Kesselkomponenten<\/strong>unser\u00a0<strong>Rohrbiegemaschinen<\/strong>\u00a0sind vertrauensw\u00fcrdig f\u00fcr\u00a0<strong>Hochleistungs-Rohrumformung<\/strong>.<\/p>\n<p class=\"ds-markdown-paragraph\">\u2705\u00a0<strong>Kundenspezifische technische L\u00f6sungen<\/strong>\u00a0- Ma\u00dfgeschneidert f\u00fcr spezielle Bed\u00fcrfnisse, einschlie\u00dflich:<\/p>\n<ul>\n<li>\n<p class=\"ds-markdown-paragraph\"><strong>Biegen von exotischen Legierungen<\/strong>\u00a0(Inconel, Hastelloy, Titan)<\/p>\n<\/li>\n<li>\n<p class=\"ds-markdown-paragraph\"><strong>Automatisierte CNC-Biegezellen<\/strong>\u00a0f\u00fcr die Massenproduktion<\/p>\n<\/li>\n<li>\n<p class=\"ds-markdown-paragraph\"><strong>Rohrleitungsb\u00f6gen mit gro\u00dfem Radius (5D+)<\/strong>\u00a0f\u00fcr \u00d6l- und Gasanwendungen<\/p>\n<\/li>\n<\/ul>\n<p class=\"ds-markdown-paragraph\">\u2705\u00a0<strong>Intelligente Steuerungssysteme<\/strong>\u00a0- Ausgestattet mit einem\u00a0<strong>intuitive Touchscreen-CNC-Schnittstelle<\/strong>\u00a0mit\u00a0<strong>\u00dcber 100 voreingestellte Programme<\/strong>und gew\u00e4hrleistet\u00a0<strong>schnelle Einrichtung und wiederholbares Pr\u00e4zisionsrohrbiegen<\/strong>.<\/p>\n<p class=\"ds-markdown-paragraph\">Ob f\u00fcr\u00a0<strong>Stromerzeugung, Petrochemie oder HLK-Systeme<\/strong>die\u00a0<strong>Rohrverst\u00e4rker-Biegemaschine<\/strong>\u00a0liefert\u00a0<strong>un\u00fcbertroffene Pr\u00e4zision, Haltbarkeit und Effizienz<\/strong>\u00a0in\u00a0<strong>Biegen von Rohren und Rohrleitungen<\/strong>.<\/p>\n<p><img decoding=\"async\" src=\"https:\/\/www.weldmc.com\/wp-content\/uploads\/2025\/05\/Tube-Booster-Bending-Machine_2.png\" alt=\"Rohrverst\u00e4rker-Biegemaschine_2\" \/><\/p>\n<p>&nbsp;<\/p>\n<p>Wuxi ABK Machinery Co.Ltd ist ein professioneller Hersteller von Schwei\u00dfrotatoren in China. Und unser Schwei\u00dfrotator umfasst haupts\u00e4chlich Standard-Schwei\u00dfrotator, einstellbarer Schwei\u00dfrotator und spezieller Schwei\u00dfrotator. Wir k\u00f6nnen unseren Kunden auf der ganzen Welt auch viele andere Produkte anbieten, einschlie\u00dflich Schwei\u00dfdrehtisch, Pfahlschwei\u00dfmaschine, Windturm-Produktionslinie, H-Tr\u00e4ger-Schwei\u00dflinie, Rohrschwei\u00dfausr\u00fcstung, CNC-Schneidemaschine, Schleifmaschine, Walzprofiliermaschine, Blechbiegemaschine, etc. Wir haben die ISO- und CE-Zertifizierung erhalten und bieten auch OEM-Service an.<\/p>\n<p>&nbsp;<\/p>","protected":false},"excerpt":{"rendered":"<p>Die Rohrbooster-Biegemaschine von WUXI ABK liefert Pr\u00e4zisionsbiegungen f\u00fcr Rohre mit gro\u00dfem Durchmesser mit hydraulischer Boost-Technologie. Ausgestattet mit CNC-Steuerung und verst\u00e4rkter Konstruktion gew\u00e4hrleistet sie faltenfreie Ergebnisse f\u00fcr Kessel-, Schiffbau- und Strukturanwendungen. Energiesparend und langlebig, setzt sie neue Ma\u00dfst\u00e4be in der Effizienz der Rohrherstellung.<\/p>","protected":false},"featured_media":1977,"comment_status":"open","ping_status":"closed","template":"","meta":{"_acf_changed":false},"product_brand":[],"product_cat":[23,51],"product_tag":[],"class_list":{"0":"post-636","1":"product","2":"type-product","3":"status-publish","4":"has-post-thumbnail","6":"product_cat-boiler-production-equipment","7":"product_cat-tube-booster-bending-machine","9":"first","10":"instock","11":"shipping-taxable","12":"product-type-simple"},"acf":[],"_links":{"self":[{"href":"https:\/\/www.weldmc.com\/de\/wp-json\/wp\/v2\/product\/636","targetHints":{"allow":["GET"]}}],"collection":[{"href":"https:\/\/www.weldmc.com\/de\/wp-json\/wp\/v2\/product"}],"about":[{"href":"https:\/\/www.weldmc.com\/de\/wp-json\/wp\/v2\/types\/product"}],"replies":[{"embeddable":true,"href":"https:\/\/www.weldmc.com\/de\/wp-json\/wp\/v2\/comments?post=636"}],"wp:featuredmedia":[{"embeddable":true,"href":"https:\/\/www.weldmc.com\/de\/wp-json\/wp\/v2\/media\/1977"}],"wp:attachment":[{"href":"https:\/\/www.weldmc.com\/de\/wp-json\/wp\/v2\/media?parent=636"}],"wp:term":[{"taxonomy":"product_brand","embeddable":true,"href":"https:\/\/www.weldmc.com\/de\/wp-json\/wp\/v2\/product_brand?post=636"},{"taxonomy":"product_cat","embeddable":true,"href":"https:\/\/www.weldmc.com\/de\/wp-json\/wp\/v2\/product_cat?post=636"},{"taxonomy":"product_tag","embeddable":true,"href":"https:\/\/www.weldmc.com\/de\/wp-json\/wp\/v2\/product_tag?post=636"}],"curies":[{"name":"wp","href":"https:\/\/api.w.org\/{rel}","templated":true}]}}