{"id":1507,"date":"2025-07-01T17:25:14","date_gmt":"2025-07-01T09:25:14","guid":{"rendered":"https:\/\/www.weldmc.com\/?post_type=product&#038;p=1507"},"modified":"2025-07-01T17:25:14","modified_gmt":"2025-07-01T09:25:14","slug":"standard-schweisrotator","status":"publish","type":"product","link":"https:\/\/www.weldmc.com\/de\/product\/standard-schweisrotator\/","title":{"rendered":"Standard-Schwei\u00dfrotator"},"content":{"rendered":"<p><strong><b>Industrieanwendungen<\/b><\/strong><\/p>\n<ul>\n<li><b><\/b><strong><b>Schwere Ausr\u00fcstung:<\/b><\/strong>Baggerausleger, Kransegmente<\/li>\n<li><b><\/b><strong><b>Energiesektor:<\/b><\/strong>Flansche f\u00fcr Windkraftanlagen, Druckbeh\u00e4lter<\/li>\n<li><b><\/b><strong><b>Transport:<\/b><\/strong>Eisenbahndrehgestelle, Schiffbaukomponenten<\/li>\n<\/ul>\n<p><strong><b>Merkmale von Schwei\u00dfpositionierern:<\/b><\/strong><br \/>\nVariable Drehzahlregelung<\/p>\n<ul>\n<li>Ausgestattet mit einem Antriebssystem mit Frequenzumwandlung f\u00fcr eine stufenlose Geschwindigkeitseinstellung<\/li>\n<li>Drehzahlbereich: 0,1-2 RPM (stufenlos einstellbar)<\/li>\n<\/ul>\n<p>Stufenlose Drehzahlregelung<\/p>\n<ul>\n<li>Nahtlose Geschwindigkeits\u00fcberg\u00e4nge ohne Schaltvorg\u00e4nge<\/li>\n<li>Wartungsarmes Design reduziert die Betriebskosten<\/li>\n<\/ul>\n<p>Pr\u00e4ziser Kippmechanismus<\/p>\n<ul>\n<li>Zwei halbkreisf\u00f6rmige Zahnr\u00e4der auf der Ausgangswelle<\/li>\n<li>Schneckengetriebe sorgt f\u00fcr stabile Neigung (0-135\u00b0 Bereich)<\/li>\n<\/ul>\n<p>Integrierte Stromableitung<\/p>\n<ul>\n<li>Drehbare elektrische Schnittstelle f\u00fcr die Verbindung von Schwinge und Arbeitstisch<\/li>\n<li>Gleichstrom\u00fcbertragung durch leitende Welle<\/li>\n<li>Verhindert das Verdrehen des Kabels w\u00e4hrend der Drehung<\/li>\n<\/ul>\n<p>Hochbelastbare Konstruktion<\/p>\n<ul>\n<li>Kastenf\u00f6rmiger Sockel mit Q235-A-Stahlkonstruktion<\/li>\n<li>Spannungsabbau durch Gl\u00fchvorgang<\/li>\n<li>Pr\u00e4zise bearbeitete Oberfl\u00e4chen f\u00fcr Ma\u00dfhaltigkeit<\/li>\n<li>Tragf\u00e4higkeit: Bis zu 5.000 kg<\/li>\n<\/ul>","protected":false},"excerpt":{"rendered":"<p>Industry Applications Heavy Equipment:Excavator booms, crane segments Energy Sector:Wind turbine flanges, pressure vessels Transportation:Rail bogies, shipbuilding components Features of Welding Positioner: Variable Speed Control Equipped with frequency conversion drive system for smooth speed adjustment Speed range: 0.1-2 RPM (continuously adjustable) Stepless Speed Regulation Seamless speed transition without gear shifting Low-maintenance design reduces operational costs Precision [&hellip;]<\/p>","protected":false},"featured_media":1503,"comment_status":"open","ping_status":"closed","template":"","meta":{"_acf_changed":false},"product_brand":[],"product_cat":[71],"product_tag":[],"class_list":{"0":"post-1507","1":"product","2":"type-product","3":"status-publish","4":"has-post-thumbnail","6":"product_cat-hot-selling-product","8":"first","9":"instock","10":"shipping-taxable","11":"product-type-simple"},"acf":[],"_links":{"self":[{"href":"https:\/\/www.weldmc.com\/de\/wp-json\/wp\/v2\/product\/1507","targetHints":{"allow":["GET"]}}],"collection":[{"href":"https:\/\/www.weldmc.com\/de\/wp-json\/wp\/v2\/product"}],"about":[{"href":"https:\/\/www.weldmc.com\/de\/wp-json\/wp\/v2\/types\/product"}],"replies":[{"embeddable":true,"href":"https:\/\/www.weldmc.com\/de\/wp-json\/wp\/v2\/comments?post=1507"}],"wp:featuredmedia":[{"embeddable":true,"href":"https:\/\/www.weldmc.com\/de\/wp-json\/wp\/v2\/media\/1503"}],"wp:attachment":[{"href":"https:\/\/www.weldmc.com\/de\/wp-json\/wp\/v2\/media?parent=1507"}],"wp:term":[{"taxonomy":"product_brand","embeddable":true,"href":"https:\/\/www.weldmc.com\/de\/wp-json\/wp\/v2\/product_brand?post=1507"},{"taxonomy":"product_cat","embeddable":true,"href":"https:\/\/www.weldmc.com\/de\/wp-json\/wp\/v2\/product_cat?post=1507"},{"taxonomy":"product_tag","embeddable":true,"href":"https:\/\/www.weldmc.com\/de\/wp-json\/wp\/v2\/product_tag?post=1507"}],"curies":[{"name":"wp","href":"https:\/\/api.w.org\/{rel}","templated":true}]}}