{"id":1506,"date":"2025-07-01T17:21:22","date_gmt":"2025-07-01T09:21:22","guid":{"rendered":"https:\/\/www.weldmc.com\/?post_type=product&#038;p=1506"},"modified":"2025-07-01T17:21:41","modified_gmt":"2025-07-01T09:21:41","slug":"einstellbarer-schweisrotator","status":"publish","type":"product","link":"https:\/\/www.weldmc.com\/de\/product\/einstellbarer-schweisrotator\/","title":{"rendered":"Einstellbarer Schwei\u00dfrotator"},"content":{"rendered":"<p><strong><b>Parameterliste des konventionellen Schwei\u00dfrotators der HGK-Serie<\/b><\/strong><strong><b><br \/>\n<\/b><\/strong><b><\/b><\/p>\n<p><img fetchpriority=\"high\" decoding=\"async\" class=\"size-full wp-image-821\" src=\"http:\/\/111.170.148.214:8095\/wp-content\/uploads\/2025\/05\/Parameter-list-of-conventional-HGK-series-welding-rotator.png\" alt=\"Einstellbarer Schwei\u00dfrotator HGK-60\" width=\"1024\" height=\"170\" srcset=\"https:\/\/www.weldmc.com\/wp-content\/uploads\/2025\/05\/Parameter-list-of-conventional-HGK-series-welding-rotator.png 1024w, https:\/\/www.weldmc.com\/wp-content\/uploads\/2025\/05\/Parameter-list-of-conventional-HGK-series-welding-rotator-300x50.png 300w, https:\/\/www.weldmc.com\/wp-content\/uploads\/2025\/05\/Parameter-list-of-conventional-HGK-series-welding-rotator-768x128.png 768w, https:\/\/www.weldmc.com\/wp-content\/uploads\/2025\/05\/Parameter-list-of-conventional-HGK-series-welding-rotator-600x100.png 600w\" sizes=\"(max-width: 1024px) 100vw, 1024px\" \/><\/p>\n<p><strong><b>Pr\u00e4zisionsrollenrahmensystem - Technische Daten<\/b><\/strong><\/p>\n<p><strong>Hochbelastbare Rahmenkonstruktion<\/strong><\/p>\n<p>Kastenf\u00f6rmige Stahlkonstruktion f\u00fcr optimale Lastverteilung<\/p>\n<p>Pr\u00e4zisionsgleitbahn mit \u00b10,1 mm Positioniergenauigkeit<\/p>\n<p>Quick-Lock-Mechanismus f\u00fcr stabile Fixierung<\/p>\n<p><strong>Leistungsstarke Walzen<\/strong><\/p>\n<p>Stahlgusswerkstoff ZG45 (H\u00e4rte HRC 55-60)<\/p>\n<p>Dynamische Tragf\u00e4higkeit von 30 Tonnen<\/p>\n<p>Hervorragende Verschlei\u00dffestigkeit f\u00fcr schwere Werkst\u00fccke<\/p>\n<p><strong>Zwei-Motoren-Antriebssystem<\/strong><\/p>\n<p>2\u00d77,5kW Motoren mit Untersetzungsgetrieben<\/p>\n<p>Frequenzumrichter-Drehzahlregelung (0,5-5 RPM)<\/p>\n<p>Synchronisierung des Drehmoments: \u00b12%<\/p>\n<p><strong>Anti-Kriech-Mechanismus<\/strong><\/p>\n<p>Hydraulische H\u00f6henverstellung (\u00b150mm Bereich)<\/p>\n<p>Automatische Mittellinienausrichtung<\/p>\n<p>&lt;0,5 mm Genauigkeit bei der Kriechverhinderung<\/p>\n<p><strong>Pr\u00e4zisionsmessung<\/strong><\/p>\n<p>NOVO-Wegsensoren (Deutsch)<\/p>\n<p>0,01mm Aufl\u00f6sung<\/p>\n<p>\u00b10,05% Linearit\u00e4t<\/p>\n<p><strong>Kontrollsystem<\/strong><\/p>\n<p>Siemens\/ABB PLC-Komponenten<\/p>\n<p>Schutzart IP65<\/p>\n<p>Schnittstelle zur \u00dcberwachung der axialen Bewegung<\/p>\n<p><img decoding=\"async\" class=\"alignnone size-full wp-image-812\" src=\"http:\/\/111.170.148.214:8095\/wp-content\/uploads\/2025\/05\/Adjustable-Welding-Rotator-HGK-5-Maintenance-of-Welding-Rotator-2.png\" alt=\"Einstellbarer Schwei\u00dfrotator HGK-100\" width=\"368\" height=\"276\" srcset=\"https:\/\/www.weldmc.com\/wp-content\/uploads\/2025\/05\/Adjustable-Welding-Rotator-HGK-5-Maintenance-of-Welding-Rotator-2.png 368w, https:\/\/www.weldmc.com\/wp-content\/uploads\/2025\/05\/Adjustable-Welding-Rotator-HGK-5-Maintenance-of-Welding-Rotator-2-300x225.png 300w\" sizes=\"(max-width: 368px) 100vw, 368px\" \/> <img decoding=\"async\" class=\"alignnone size-full wp-image-813\" src=\"http:\/\/111.170.148.214:8095\/wp-content\/uploads\/2025\/05\/Adjustable-Welding-Rotator-HGK-5-Maintenance-of-Welding-Rotator-3.png\" alt=\"Einstellbarer Schwei\u00dfrotator HGK-100\" width=\"374\" height=\"280\" srcset=\"https:\/\/www.weldmc.com\/wp-content\/uploads\/2025\/05\/Adjustable-Welding-Rotator-HGK-5-Maintenance-of-Welding-Rotator-3.png 374w, https:\/\/www.weldmc.com\/wp-content\/uploads\/2025\/05\/Adjustable-Welding-Rotator-HGK-5-Maintenance-of-Welding-Rotator-3-300x225.png 300w\" sizes=\"(max-width: 374px) 100vw, 374px\" \/> <img loading=\"lazy\" decoding=\"async\" class=\"alignnone size-full wp-image-814\" src=\"http:\/\/111.170.148.214:8095\/wp-content\/uploads\/2025\/05\/Adjustable-Welding-Rotator-HGK-5-Maintenance-of-Welding-Rotator.png\" alt=\"Einstellbarer Schwei\u00dfrotator HGK-100\" width=\"328\" height=\"248\" srcset=\"https:\/\/www.weldmc.com\/wp-content\/uploads\/2025\/05\/Adjustable-Welding-Rotator-HGK-5-Maintenance-of-Welding-Rotator.png 328w, https:\/\/www.weldmc.com\/wp-content\/uploads\/2025\/05\/Adjustable-Welding-Rotator-HGK-5-Maintenance-of-Welding-Rotator-300x227.png 300w\" sizes=\"(max-width: 328px) 100vw, 328px\" \/><\/p>\n<p><strong><b>Wartung des Schwei\u00dfrotators<\/b><\/strong><\/p>\n<p>1. Dieses Schwei\u00dfen Rotator muss Reinigung vor dem Ingebrauch nehmen. Um Alterung zu vermeiden, sollten die Gummiwalzen von \u00d6len und hohen Temperaturen ferngehalten werden. Wenn m\u00f6glich, sollte es eine bestimmte Person zu bedienen und zu warten dieses Ger\u00e4t.<br \/>\n2. Vor dem Start sollte das Getriebe mit 30#-Motor\u00f6l gef\u00fcllt werden, was auch notwendig ist, wenn die Umgebungstemperatur unter 0\u00baC liegt.<br \/>\n3. Das \u00d6l im Untersetzungsgetriebe sollte nach dem ersten Monat vollst\u00e4ndig ausgetauscht werden, sp\u00e4ter kann das Motor\u00f6l alle sechs Monate gewechselt werden.<br \/>\n4. Das Rollenbett kann nicht als Schwei\u00dfboden verwendet werden, damit die Lager nicht besch\u00e4digt werden.<\/p>\n<p><img loading=\"lazy\" decoding=\"async\" class=\"alignnone size-full wp-image-834\" src=\"http:\/\/111.170.148.214:8095\/wp-content\/uploads\/2025\/05\/Adjustable-Welding-Rotator.png\" alt=\"Einstellbarer Schwei\u00dfrotator HGK-100\" width=\"1080\" height=\"810\" srcset=\"https:\/\/www.weldmc.com\/wp-content\/uploads\/2025\/05\/Adjustable-Welding-Rotator.png 1080w, https:\/\/www.weldmc.com\/wp-content\/uploads\/2025\/05\/Adjustable-Welding-Rotator-300x225.png 300w, https:\/\/www.weldmc.com\/wp-content\/uploads\/2025\/05\/Adjustable-Welding-Rotator-1024x768.png 1024w, https:\/\/www.weldmc.com\/wp-content\/uploads\/2025\/05\/Adjustable-Welding-Rotator-768x576.png 768w, https:\/\/www.weldmc.com\/wp-content\/uploads\/2025\/05\/Adjustable-Welding-Rotator-600x450.png 600w\" sizes=\"(max-width: 1080px) 100vw, 1080px\" \/><\/p>\n<p><strong>Merkmale von Welding Rotator<\/strong><\/p>\n<ol>\n<li>Der Abstand der Rollen passt sich automatisch an unterschiedliche Fassdurchmesser an.<br \/>\nDie Drehzahl ist \u00fcber eine Frequenzregelung einstellbar, was die Betriebssicherheit erh\u00f6ht.<br \/>\n3. die einfache Bedienung wird durch ein manuelles Steuerger\u00e4t gew\u00e4hrleistet.<br \/>\n4. in verschiedenen Konfigurationen erh\u00e4ltlich, einschlie\u00dflich beweglicher und anhebbarer Typen.<br \/>\n5. ein speziell entwickeltes Rollenbett bietet mehr Komfort beim Schwei\u00dfen.<br \/>\n6. die Rollen k\u00f6nnen aus verschiedenen Materialien wie schwarzem Gummi, Polyurethan und Stahl hergestellt werden.<\/li>\n<\/ol>\n<p><img loading=\"lazy\" decoding=\"async\" class=\"alignnone size-full wp-image-832\" src=\"http:\/\/111.170.148.214:8095\/wp-content\/uploads\/2025\/05\/\u56fe\u72473-scaled.jpg\" alt=\"Einstellbarer Schwei\u00dfrotator HGK-100\" width=\"2560\" height=\"1920\" srcset=\"https:\/\/www.weldmc.com\/wp-content\/uploads\/2025\/05\/\u56fe\u72473-scaled.jpg 2560w, https:\/\/www.weldmc.com\/wp-content\/uploads\/2025\/05\/\u56fe\u72473-300x225.jpg 300w, https:\/\/www.weldmc.com\/wp-content\/uploads\/2025\/05\/\u56fe\u72473-1024x768.jpg 1024w, https:\/\/www.weldmc.com\/wp-content\/uploads\/2025\/05\/\u56fe\u72473-768x576.jpg 768w, https:\/\/www.weldmc.com\/wp-content\/uploads\/2025\/05\/\u56fe\u72473-1536x1152.jpg 1536w, https:\/\/www.weldmc.com\/wp-content\/uploads\/2025\/05\/\u56fe\u72473-2048x1536.jpg 2048w, https:\/\/www.weldmc.com\/wp-content\/uploads\/2025\/05\/\u56fe\u72473-600x450.jpg 600w\" sizes=\"(max-width: 2560px) 100vw, 2560px\" \/><\/p>\n<p><strong><b>Einzelheiten zum Produkt<\/b><\/strong><\/p>\n<table>\n<tbody>\n<tr>\n<td>- Bew\u00e4hrtes Design<\/td>\n<td>- Zuverl\u00e4ssige Qualit\u00e4t<\/td>\n<\/tr>\n<tr>\n<td>- Renommierte Teile<\/td>\n<td>- Steuerung des Wechselrichters<\/td>\n<\/tr>\n<tr>\n<td>- Direktes Antriebssystem<\/td>\n<td>- Motorisiertes Fahren m\u00f6glich<\/td>\n<\/tr>\n<tr>\n<td>- Ma\u00dfgeschneidertes Design auf Bestellung<\/td>\n<td>- ERSTAUSR\u00dcSTER<\/td>\n<\/tr>\n<\/tbody>\n<\/table>\n<p><strong><b>Einf\u00fchrung der R\u00e4der<\/b><\/strong><\/p>\n<p>Polyurethan-R\u00e4der bieten au\u00dfergew\u00f6hnliche Abriebfestigkeit, vielseitige Verarbeitung, breite Anwendbarkeit und hervorragende Best\u00e4ndigkeit gegen \u00d6l, Ozon, Alterung, Strahlung und niedrige Temperaturen. Au\u00dferdem bieten sie eine starke Haftung, eine hervorragende Schall\u00fcbertragung, Biokompatibilit\u00e4t und Blutvertr\u00e4glichkeit.<\/p>\n<p><img loading=\"lazy\" decoding=\"async\" class=\"alignnone size-full wp-image-817\" src=\"http:\/\/111.170.148.214:8095\/wp-content\/uploads\/2025\/05\/Adjustable-Welding-Rotator-HGK-5-Wheel-introduction.png\" alt=\"Einstellbarer Schwei\u00dfrotator HGK-100\" width=\"308\" height=\"386\" srcset=\"https:\/\/www.weldmc.com\/wp-content\/uploads\/2025\/05\/Adjustable-Welding-Rotator-HGK-5-Wheel-introduction.png 308w, https:\/\/www.weldmc.com\/wp-content\/uploads\/2025\/05\/Adjustable-Welding-Rotator-HGK-5-Wheel-introduction-239x300.png 239w\" sizes=\"(max-width: 308px) 100vw, 308px\" \/><img loading=\"lazy\" decoding=\"async\" class=\"alignnone size-full wp-image-815\" src=\"http:\/\/111.170.148.214:8095\/wp-content\/uploads\/2025\/05\/Adjustable-Welding-Rotator-HGK-5-Wheel-introduction-1.png\" alt=\"Einstellbarer Schwei\u00dfrotator HGK-100\" width=\"358\" height=\"448\" srcset=\"https:\/\/www.weldmc.com\/wp-content\/uploads\/2025\/05\/Adjustable-Welding-Rotator-HGK-5-Wheel-introduction-1.png 358w, https:\/\/www.weldmc.com\/wp-content\/uploads\/2025\/05\/Adjustable-Welding-Rotator-HGK-5-Wheel-introduction-1-240x300.png 240w\" sizes=\"(max-width: 358px) 100vw, 358px\" \/><img loading=\"lazy\" decoding=\"async\" class=\"alignnone size-full wp-image-816\" src=\"http:\/\/111.170.148.214:8095\/wp-content\/uploads\/2025\/05\/Adjustable-Welding-Rotator-HGK-5-Wheel-introduction-3.png\" alt=\"Einstellbarer Schwei\u00dfrotator HGK-100\" width=\"2276\" height=\"1280\" srcset=\"https:\/\/www.weldmc.com\/wp-content\/uploads\/2025\/05\/Adjustable-Welding-Rotator-HGK-5-Wheel-introduction-3.png 2276w, https:\/\/www.weldmc.com\/wp-content\/uploads\/2025\/05\/Adjustable-Welding-Rotator-HGK-5-Wheel-introduction-3-300x169.png 300w, https:\/\/www.weldmc.com\/wp-content\/uploads\/2025\/05\/Adjustable-Welding-Rotator-HGK-5-Wheel-introduction-3-1024x576.png 1024w, https:\/\/www.weldmc.com\/wp-content\/uploads\/2025\/05\/Adjustable-Welding-Rotator-HGK-5-Wheel-introduction-3-768x432.png 768w, https:\/\/www.weldmc.com\/wp-content\/uploads\/2025\/05\/Adjustable-Welding-Rotator-HGK-5-Wheel-introduction-3-1536x864.png 1536w, https:\/\/www.weldmc.com\/wp-content\/uploads\/2025\/05\/Adjustable-Welding-Rotator-HGK-5-Wheel-introduction-3-2048x1152.png 2048w, https:\/\/www.weldmc.com\/wp-content\/uploads\/2025\/05\/Adjustable-Welding-Rotator-HGK-5-Wheel-introduction-3-600x337.png 600w\" sizes=\"(max-width: 2276px) 100vw, 2276px\" \/><\/p>\n<p><strong><b>Einf\u00fchrung des Motors<\/b><\/strong><strong><b><br \/>\n<\/b><\/strong><strong><b><img loading=\"lazy\" decoding=\"async\" class=\"alignnone size-full wp-image-820\" src=\"http:\/\/111.170.148.214:8095\/wp-content\/uploads\/2025\/05\/Motor-introduction.png\" alt=\"Einstellbarer Schwei\u00dfrotator HGK-100\" width=\"695\" height=\"521\" srcset=\"https:\/\/www.weldmc.com\/wp-content\/uploads\/2025\/05\/Motor-introduction.png 695w, https:\/\/www.weldmc.com\/wp-content\/uploads\/2025\/05\/Motor-introduction-300x225.png 300w, https:\/\/www.weldmc.com\/wp-content\/uploads\/2025\/05\/Motor-introduction-600x450.png 600w\" sizes=\"(max-width: 695px) 100vw, 695px\" \/><\/b><\/strong><\/p>\n<p><img loading=\"lazy\" decoding=\"async\" class=\"alignnone size-full wp-image-818\" src=\"http:\/\/111.170.148.214:8095\/wp-content\/uploads\/2025\/05\/Adjustable-Welding-Rotator-HGK-5.png\" alt=\"Einstellbarer Schwei\u00dfrotator HGK-100\" width=\"1022\" height=\"397\" srcset=\"https:\/\/www.weldmc.com\/wp-content\/uploads\/2025\/05\/Adjustable-Welding-Rotator-HGK-5.png 1022w, https:\/\/www.weldmc.com\/wp-content\/uploads\/2025\/05\/Adjustable-Welding-Rotator-HGK-5-300x117.png 300w, https:\/\/www.weldmc.com\/wp-content\/uploads\/2025\/05\/Adjustable-Welding-Rotator-HGK-5-768x298.png 768w, https:\/\/www.weldmc.com\/wp-content\/uploads\/2025\/05\/Adjustable-Welding-Rotator-HGK-5-600x233.png 600w\" sizes=\"(max-width: 1022px) 100vw, 1022px\" \/><\/p>\n<p><strong>Wartungsrichtlinien f\u00fcr Schwei\u00dfrotatoren<img loading=\"lazy\" decoding=\"async\" class=\"alignnone size-full wp-image-819\" src=\"http:\/\/111.170.148.214:8095\/wp-content\/uploads\/2025\/05\/Adjustable-Welding-Rotator-HGK.png\" alt=\"Einstellbarer Schwei\u00dfrotator HGK-100\" width=\"1500\" height=\"1500\" srcset=\"https:\/\/www.weldmc.com\/wp-content\/uploads\/2025\/05\/Adjustable-Welding-Rotator-HGK.png 1500w, https:\/\/www.weldmc.com\/wp-content\/uploads\/2025\/05\/Adjustable-Welding-Rotator-HGK-300x300.png 300w, https:\/\/www.weldmc.com\/wp-content\/uploads\/2025\/05\/Adjustable-Welding-Rotator-HGK-1024x1024.png 1024w, https:\/\/www.weldmc.com\/wp-content\/uploads\/2025\/05\/Adjustable-Welding-Rotator-HGK-150x150.png 150w, https:\/\/www.weldmc.com\/wp-content\/uploads\/2025\/05\/Adjustable-Welding-Rotator-HGK-768x768.png 768w, https:\/\/www.weldmc.com\/wp-content\/uploads\/2025\/05\/Adjustable-Welding-Rotator-HGK-500x500.png 500w, https:\/\/www.weldmc.com\/wp-content\/uploads\/2025\/05\/Adjustable-Welding-Rotator-HGK-600x600.png 600w, https:\/\/www.weldmc.com\/wp-content\/uploads\/2025\/05\/Adjustable-Welding-Rotator-HGK-100x100.png 100w\" sizes=\"(max-width: 1500px) 100vw, 1500px\" \/><\/strong><\/p>\n<p>Reinigen Sie den Schwei\u00dfrotator vor dem Gebrauch. Halten Sie die Gummirollen von \u00d6len und hohen Temperaturen fern, um Alterung zu vermeiden. Es wird empfohlen, dass eine bestimmte Person das Ger\u00e4t bedient und wartet.<\/p>\n<p>Stellen Sie sicher, dass das Getriebe vor dem Start mit 30#-Motor\u00f6l gef\u00fcllt ist, insbesondere wenn die Temperatur unter 0\u00baC liegt.<\/p>\n<p>Wechseln Sie das \u00d6l im Untersetzungsgetriebe nach dem ersten Monat der Nutzung. Danach sollte das \u00d6l alle sechs Monate gewechselt werden.<\/p>\n<p>Verwenden Sie das Rollenbett nicht als Schwei\u00dfunterlage, um eine Besch\u00e4digung der Lager zu vermeiden.<\/p>\n<p><strong><b>Hersteller von Rotatoren h\u00f6chster Qualit\u00e4t<\/b><\/strong><\/p>\n<p>1. mit \u00fcber 20 Jahren Erfahrung in der Herstellung von selbstausrichtenden Rotatoren.<\/p>\n<p>2) Unsere Produkte haben eine Tragf\u00e4higkeit von 5 bis 400 Tonnen.<\/p>\n<p>3. wir bieten CE- und ISO-Zertifizierungen an, die die Einhaltung der strengen Teilvorschriften gew\u00e4hrleisten. Zus\u00e4tzlich.<\/p>\n<p>4 Wir bieten eine einj\u00e4hrige Garantie und kostenlose Verschlei\u00dfteile.<\/p>\n<p>(5) Unser hochqualifiziertes technisches Team unterst\u00fctzt Sie und Ihre Gro\u00dfprojekte, wie z. B. das Schwei\u00dfen von Windkraftanlagen.<\/p>\n<p>&nbsp;<\/p>\n<p>Wuxi ABK Machinery Co.Ltd ist ein professioneller Hersteller von Schwei\u00dfrotatoren in China. Und unser Schwei\u00dfrotator umfasst haupts\u00e4chlich Standard-Schwei\u00dfrotator, einstellbarer Schwei\u00dfrotator und spezieller Schwei\u00dfrotator. Wir k\u00f6nnen unseren Kunden auf der ganzen Welt auch viele andere Produkte anbieten, einschlie\u00dflich Schwei\u00dfdrehtisch, Pfahlschwei\u00dfmaschine, Windturm-Produktionslinie, H-Tr\u00e4ger-Schwei\u00dflinie, Rohrschwei\u00dfausr\u00fcstung, CNC-Schneidemaschine, Schleifmaschine, Walzprofiliermaschine, Blechbiegemaschine, etc. Wir haben die ISO- und CE-Zertifizierung erhalten und bieten auch OEM-Service an.<\/p>","protected":false},"excerpt":{"rendered":"<p>Parameter list of conventional HGK series welding rotator Precision Roller Frame System &#8211; Technical Specifications Heavy-Duty Frame Design Box-type steel construction for optimal load distribution Precision sliding track with \u00b10.1mm positioning accuracy Quick-lock mechanism for stable fixation High-Performance Rollers ZG45 cast steel material (HRC 55-60 hardness) 30-ton dynamic load capacity Superior wear resistance for heavy [&hellip;]<\/p>","protected":false},"featured_media":1502,"comment_status":"open","ping_status":"closed","template":"","meta":{"_acf_changed":false},"product_brand":[],"product_cat":[71],"product_tag":[],"class_list":{"0":"post-1506","1":"product","2":"type-product","3":"status-publish","4":"has-post-thumbnail","6":"product_cat-hot-selling-product","8":"first","9":"instock","10":"shipping-taxable","11":"product-type-simple"},"acf":[],"_links":{"self":[{"href":"https:\/\/www.weldmc.com\/de\/wp-json\/wp\/v2\/product\/1506","targetHints":{"allow":["GET"]}}],"collection":[{"href":"https:\/\/www.weldmc.com\/de\/wp-json\/wp\/v2\/product"}],"about":[{"href":"https:\/\/www.weldmc.com\/de\/wp-json\/wp\/v2\/types\/product"}],"replies":[{"embeddable":true,"href":"https:\/\/www.weldmc.com\/de\/wp-json\/wp\/v2\/comments?post=1506"}],"wp:featuredmedia":[{"embeddable":true,"href":"https:\/\/www.weldmc.com\/de\/wp-json\/wp\/v2\/media\/1502"}],"wp:attachment":[{"href":"https:\/\/www.weldmc.com\/de\/wp-json\/wp\/v2\/media?parent=1506"}],"wp:term":[{"taxonomy":"product_brand","embeddable":true,"href":"https:\/\/www.weldmc.com\/de\/wp-json\/wp\/v2\/product_brand?post=1506"},{"taxonomy":"product_cat","embeddable":true,"href":"https:\/\/www.weldmc.com\/de\/wp-json\/wp\/v2\/product_cat?post=1506"},{"taxonomy":"product_tag","embeddable":true,"href":"https:\/\/www.weldmc.com\/de\/wp-json\/wp\/v2\/product_tag?post=1506"}],"curies":[{"name":"wp","href":"https:\/\/api.w.org\/{rel}","templated":true}]}}