{"id":1368,"date":"2025-06-23T21:32:40","date_gmt":"2025-06-23T13:32:40","guid":{"rendered":"https:\/\/www.weldmc.com\/?post_type=product&#038;p=1368"},"modified":"2025-07-02T10:38:20","modified_gmt":"2025-07-02T02:38:20","slug":"unterpulverschweistraktor","status":"publish","type":"product","link":"https:\/\/www.weldmc.com\/de\/product\/unterpulverschweistraktor\/","title":{"rendered":"Unterpulverschwei\u00dfen Traktor"},"content":{"rendered":"<p class=\"ds-markdown-paragraph\"><strong>Wesentliche Vorteile<\/strong><br \/>\nDie\u00a0<strong>WUXI ABK CSAW-1000 Unterpulverschwei\u00dftraktor<\/strong>\u00a0integriert hochmoderne Automatisierung und Pr\u00e4zisionssteuerung f\u00fcr industrielle Schwei\u00dfanwendungen. Ausgestattet mit einem\u00a0<strong>intelligentes Lichtbogenkontrollsystem<\/strong>\u00a0mit Closed-Loop-Feedback passt er die Schwei\u00dfparameter dynamisch in Echtzeit an, um eine gleichbleibende Qualit\u00e4t bei unterschiedlichen Bedingungen zu gew\u00e4hrleisten. Ausgestattet mit einem Original\u00a0<strong>Miller\u00ae Schwei\u00dfstromversorgung<\/strong>liefert das System eine hervorragende Lichtbogenstabilit\u00e4t und Ausgangsleistung. Die\u00a0<strong>Schnellwechselvorrichtung<\/strong>\u00a0erm\u00f6glicht einen Stationswechsel in weniger als 15 Minuten, w\u00e4hrend\u00a0<strong>adaptive Schwei\u00dfwerkzeuge<\/strong>\u00a0richten sich automatisch auf die Fugengeometrie aus und erm\u00f6glichen so ein pr\u00e4zises, hocheffizientes Schwei\u00dfen.<\/p>\n<p class=\"ds-markdown-paragraph\"><strong>Magnetische Adsorption Kehlnahtschwei\u00dfung System<\/strong><br \/>\nUnser patentiertes\u00a0<strong>Magnetadsorptionstechnik<\/strong>\u00a0erzeugt bis zu\u00a0<strong>18kN Haltekraft<\/strong>speziell entwickelt f\u00fcr\u00a0<strong>Schwei\u00dfen der Bodenplatte und des St\u00fctzfu\u00dfes des Lagertanks<\/strong>. Im Vergleich zu herk\u00f6mmlichen Vorrichtungen wird die Positionierungszeit um\u00a0<strong>60% (30-Sekunden-Einrichtung)<\/strong>\u00a0und bleibt selbst in Umgebungen mit hohen Temperaturen stabil, wodurch Probleme mit thermischer Verformung, wie sie bei mechanischen Klemmen auftreten, vermieden werden.<\/p>\n<p class=\"ds-markdown-paragraph\"><strong>Intelligente Mobilit\u00e4t &amp; Pr\u00e4zisionsantrieb<\/strong><\/p>\n<ul>\n<li>\n<p class=\"ds-markdown-paragraph\"><strong>3+1-Rad-System<\/strong>: Kombiniert Stabilit\u00e4t (drei tragende R\u00e4der) mit Wendigkeit (1,5 m Wenderadius) auf engstem Raum.<\/p>\n<\/li>\n<li>\n<p class=\"ds-markdown-paragraph\"><strong>Schneckenradgetriebe<\/strong>: Erreicht\u00a0<strong>0,1 mm Bewegungsgenauigkeit<\/strong>\u00a0mit elektromagnetischer Kupplungsunterst\u00fctzung, die den Betriebswiderstand um\u00a0<strong>70%<\/strong>\u00a0f\u00fcr sanfte Schwei\u00df\u00fcberg\u00e4nge.<\/p>\n<\/li>\n<\/ul>\n<p class=\"ds-markdown-paragraph\"><strong>Technische Daten<\/strong><\/p>\n<ul>\n<li>\n<p class=\"ds-markdown-paragraph\"><strong>Drahtdurchmesser<\/strong>2,4-4,8 mm<\/p>\n<\/li>\n<li>\n<p class=\"ds-markdown-paragraph\"><strong>Dicke der Platte<\/strong>: 6-50mm<\/p>\n<\/li>\n<li>\n<p class=\"ds-markdown-paragraph\"><strong>Geschwindigkeit beim Schwei\u00dfen<\/strong>: 200-900mm\/min (stufenlose Einstellung)<\/p>\n<\/li>\n<li>\n<p class=\"ds-markdown-paragraph\"><strong>Genauigkeit bei der Nahtverfolgung<\/strong>: \u00b10,3mm<\/p>\n<\/li>\n<li>\n<p class=\"ds-markdown-paragraph\"><strong>Positionierung<\/strong>: Unterst\u00fctzt flaches\/horizontales Schwei\u00dfen (vertikal optional)<\/p>\n<\/li>\n<\/ul>\n<p class=\"ds-markdown-paragraph\"><strong>Anwendungen<\/strong><br \/>\nIdeal f\u00fcr:<br \/>\n\u2714\u00a0<strong>Herstellung von Lagertanks<\/strong>\u00a0(\u00d6l, Chemie, LNG)<br \/>\n\u2714\u00a0<strong>Schwei\u00dfen von schwerem Baustahl<\/strong>\u00a0(Br\u00fccken, Offshore-Plattformen)<br \/>\n\u2714\u00a0<strong>Druckbeh\u00e4lterbau<\/strong><\/p>\n<p class=\"ds-markdown-paragraph\"><strong>Qualit\u00e4tssicherung<\/strong><\/p>\n<ul>\n<li>\n<p class=\"ds-markdown-paragraph\"><strong>CE- und ISO-zertifiziert<\/strong><\/p>\n<\/li>\n<li>\n<p class=\"ds-markdown-paragraph\"><strong>Robuste Stahlkonstruktion<\/strong>\u00a0mit hitzebest\u00e4ndigen Komponenten<\/p>\n<\/li>\n<li>\n<p class=\"ds-markdown-paragraph\"><strong>24\/7 technische Unterst\u00fctzung<\/strong>\u00a0und schneller Ersatzteilservice<\/p>\n<\/li>\n<\/ul>\n<h3><strong><b>Technische Vorteile Zusammenfassung<\/b><\/strong><\/h3>\n<p>\u2705\u00a0<strong><b>Anpassungsf\u00e4hig<\/b><\/strong>\u00a0- Mehrere Betriebsmodi f\u00fcr unterschiedliche Arbeitsumgebungen<br \/>\n\u2705\u00a0<strong><b>Pr\u00e4zise<\/b><\/strong>\u00a0- Lasergesteuert f\u00fcr pr\u00e4zise Schwei\u00dfnahtplatzierung<br \/>\n\u2705\u00a0<strong><b>Robuste<\/b><\/strong>\u00a0- Hochbelastbare Konstruktion f\u00fcr industrielle Anwendungen<br \/>\n\u2705\u00a0<strong><b>Effiziente<\/b><\/strong>\u00a0- Schnelles Einrichten und Umschalten zwischen Aufgaben<\/p>\n<p><strong><b>LIST:<\/b><\/strong><\/p>\n<p>NAME\uff1aCSAW-1000 conner automatische Schwei\u00dfmaschine<\/p>\n<p>MODELL: CSAW-1000<\/p>\n<p>LIST\uff1aCSAW-1000 Typ automatische Unterpulverschwei\u00dfmaschine f\u00fcr Eingang 380V+10%\/3PH\/50Hz Boxer, Ruf, Boden \/ F\u00fc\u00dfe Nahtschwei\u00dfen Bau, einzelne Maschine umfasst die folgenden Komponenten\uff1a<\/p>\n<table>\n<tbody>\n<tr>\n<td width=\"52\">NO<\/td>\n<td colspan=\"2\" width=\"355\">ZUSAMMENSETZUNG<\/td>\n<td width=\"95\">HERSTELLER<\/td>\n<td width=\"75\">QUA<\/td>\n<td width=\"88\">REMARK<\/td>\n<\/tr>\n<tr>\n<td rowspan=\"6\" width=\"52\">&nbsp;<\/p>\n<p>&nbsp;<\/p>\n<p>&nbsp;<\/p>\n<p>&nbsp;<\/p>\n<p>&nbsp;<\/p>\n<p>1<\/td>\n<td rowspan=\"6\" width=\"92\">Automatisches Schwei\u00dfsystem<\/td>\n<td width=\"264\">3+1 Rad selbstfahrendes Auto<\/td>\n<td rowspan=\"6\" width=\"95\">WUXI ABK<\/td>\n<td rowspan=\"6\" width=\"75\">1SET<\/td>\n<td rowspan=\"6\" width=\"88\">CHINA<\/td>\n<\/tr>\n<tr>\n<td width=\"264\">Der Brennerstellungsregler<\/td>\n<\/tr>\n<tr>\n<td width=\"264\">Brenner-Winkelschneider<\/td>\n<\/tr>\n<tr>\n<td width=\"264\">Sch\u00fcttgutbeh\u00e4lter und unteres Materialteil<\/td>\n<\/tr>\n<tr>\n<td width=\"264\">Infrarot-Laserschwei\u00dfger\u00e4t<\/td>\n<\/tr>\n<tr>\n<td width=\"264\">Innen-\/Au\u00dfenspalt magnetische Adsorption dreiteilig<\/td>\n<\/tr>\n<tr>\n<td rowspan=\"3\" width=\"52\">&nbsp;<\/p>\n<p>&nbsp;<\/p>\n<p>2<\/td>\n<td rowspan=\"3\" width=\"92\">&nbsp;<\/p>\n<p>SCHWEISSSYSTEM<\/td>\n<td width=\"264\">DC1000 LINCOLN<\/td>\n<td rowspan=\"3\" width=\"95\">USA<\/p>\n<p>LINCOLN<\/td>\n<td rowspan=\"3\" width=\"75\">1SET<\/td>\n<td rowspan=\"3\" width=\"88\">Original<\/td>\n<\/tr>\n<tr>\n<td width=\"264\">NA3 FEEDER<\/td>\n<\/tr>\n<tr>\n<td width=\"264\">NA3 CONTROLLER<\/td>\n<\/tr>\n<tr>\n<td rowspan=\"5\" width=\"52\">&nbsp;<\/p>\n<p>&nbsp;<\/p>\n<p>&nbsp;<\/p>\n<p>&nbsp;<\/p>\n<p>3<\/td>\n<td rowspan=\"5\" width=\"92\">&nbsp;<\/p>\n<p>&nbsp;<\/p>\n<p>&nbsp;<\/p>\n<p>KABEL<\/td>\n<td width=\"264\">SCHWEISSKABEL\uff08150mm2 x 60m x1\uff09<\/td>\n<td rowspan=\"5\" width=\"95\"><\/td>\n<td rowspan=\"5\" width=\"75\">1SET<\/td>\n<td rowspan=\"5\" width=\"88\"><\/td>\n<\/tr>\n<tr>\n<td width=\"264\">STEUERKABEL\uff082,5 mm2 x 10p x60m x 1\uff09<\/td>\n<\/tr>\n<tr>\n<td width=\"264\">ERATH\uff08150mm2 x 5m x 1\uff09<\/td>\n<\/tr>\n<tr>\n<td width=\"264\">STROMKABEL\uff084mm2 x3p x60m x 1\uff09<\/td>\n<\/tr>\n<tr>\n<td width=\"264\">SCHNELLVERBINDER<\/td>\n<\/tr>\n<tr>\n<td rowspan=\"2\" width=\"52\">&nbsp;<\/p>\n<p>4<\/td>\n<td rowspan=\"2\" width=\"92\">&nbsp;<\/p>\n<p>POWER RACK<\/td>\n<td width=\"264\">KABINETT<\/td>\n<td rowspan=\"2\" width=\"95\">WUXI ABK<\/td>\n<td rowspan=\"2\" width=\"75\">1SET<\/td>\n<td rowspan=\"2\" width=\"88\"><\/td>\n<\/tr>\n<tr>\n<td width=\"264\">SCHWEISSLEISTUNGSRAHMEN<\/td>\n<\/tr>\n<tr>\n<td width=\"52\">5<\/td>\n<td width=\"92\">WERKZEUGE<\/td>\n<td width=\"264\">WERKZEUGE<\/td>\n<td width=\"95\">WUXI ABK<\/td>\n<td width=\"75\">1SET<\/td>\n<td width=\"88\">CHINA<\/td>\n<\/tr>\n<\/tbody>\n<\/table>\n<p><img fetchpriority=\"high\" decoding=\"async\" class=\"alignnone size-full wp-image-1370\" src=\"https:\/\/www.weldmc.com\/wp-content\/uploads\/2025\/06\/Submerged-Arc-Welding-Tractor-1.webp\" alt=\"Unterpulverschwei\u00dfung Tractor-1\" width=\"1020\" height=\"816\" srcset=\"https:\/\/www.weldmc.com\/wp-content\/uploads\/2025\/06\/Submerged-Arc-Welding-Tractor-1.webp 1020w, https:\/\/www.weldmc.com\/wp-content\/uploads\/2025\/06\/Submerged-Arc-Welding-Tractor-1-300x240.webp 300w, https:\/\/www.weldmc.com\/wp-content\/uploads\/2025\/06\/Submerged-Arc-Welding-Tractor-1-768x614.webp 768w, https:\/\/www.weldmc.com\/wp-content\/uploads\/2025\/06\/Submerged-Arc-Welding-Tractor-1-600x480.webp 600w\" sizes=\"(max-width: 1020px) 100vw, 1020px\" \/><\/p>\n<p>Wuxi ABK Machinery Co.Ltd ist ein professioneller Hersteller von verstellbaren Schwei\u00dfrotatoren in China. Und wir k\u00f6nnen auch unsere Kunden auf der ganzen Welt mit vielen anderen Produkten wie spezielle Schwei\u00dfrotator, Windturm-Produktionslinie, H-Tr\u00e4ger-Schwei\u00dflinie, Rohrschwei\u00dfger\u00e4te, CNC-Schneidemaschine, Schleifmaschine, Walzprofiliermaschine, Blechbiegemaschine, etc. bieten. Wir haben die ISO- und CE-Zertifizierung erhalten und bieten auch OEM-Service an. Unsere Produkte sind bei Kunden aus vielen L\u00e4ndern wie Spanien, Indien, Deutschland, S\u00fcdafrika, Brasilien, Chile, Argentinien, Russland, Italien, Frankreich, Vietnam usw. gut angekommen. Wenn Sie an unserem einstellbaren Schwei\u00dfrotator interessiert sind, z\u00f6gern Sie bitte nicht, uns zu kontaktieren, wann immer Sie wollen.<\/p>\n<p>&nbsp;<\/p>","protected":false},"excerpt":{"rendered":"<p>Als professioneller Hersteller im Bereich der Schwei\u00dfautomatisierung hat WUXI ABK ein automatisches Schwei\u00dfsystem der Serie CSAW-1000 entwickelt, das speziell f\u00fcr das Schwei\u00dfen gro\u00dfer Lagertanks und Druckbeh\u00e4lter geeignet ist. Das System basiert auf einem modularen Designkonzept, das entsprechend den verschiedenen technischen Anforderungen flexibel konfiguriert werden kann und die strengen Schwei\u00dfanforderungen der Petrochemie, der Energiespeicherung und der Transportindustrie erf\u00fcllt.<\/p>","protected":false},"featured_media":1369,"comment_status":"open","ping_status":"closed","template":"","meta":{"_acf_changed":false},"product_brand":[],"product_cat":[21,67,64],"product_tag":[],"class_list":{"0":"post-1368","1":"product","2":"type-product","3":"status-publish","4":"has-post-thumbnail","6":"product_cat-welding-automation","7":"product_cat-submerged-arc-welding-tractor","8":"product_cat-tank-welding-equipment","10":"first","11":"instock","12":"shipping-taxable","13":"product-type-simple"},"acf":[],"_links":{"self":[{"href":"https:\/\/www.weldmc.com\/de\/wp-json\/wp\/v2\/product\/1368","targetHints":{"allow":["GET"]}}],"collection":[{"href":"https:\/\/www.weldmc.com\/de\/wp-json\/wp\/v2\/product"}],"about":[{"href":"https:\/\/www.weldmc.com\/de\/wp-json\/wp\/v2\/types\/product"}],"replies":[{"embeddable":true,"href":"https:\/\/www.weldmc.com\/de\/wp-json\/wp\/v2\/comments?post=1368"}],"wp:featuredmedia":[{"embeddable":true,"href":"https:\/\/www.weldmc.com\/de\/wp-json\/wp\/v2\/media\/1369"}],"wp:attachment":[{"href":"https:\/\/www.weldmc.com\/de\/wp-json\/wp\/v2\/media?parent=1368"}],"wp:term":[{"taxonomy":"product_brand","embeddable":true,"href":"https:\/\/www.weldmc.com\/de\/wp-json\/wp\/v2\/product_brand?post=1368"},{"taxonomy":"product_cat","embeddable":true,"href":"https:\/\/www.weldmc.com\/de\/wp-json\/wp\/v2\/product_cat?post=1368"},{"taxonomy":"product_tag","embeddable":true,"href":"https:\/\/www.weldmc.com\/de\/wp-json\/wp\/v2\/product_tag?post=1368"}],"curies":[{"name":"wp","href":"https:\/\/api.w.org\/{rel}","templated":true}]}}