{"id":1029,"date":"2025-05-25T01:20:24","date_gmt":"2025-05-24T17:20:24","guid":{"rendered":"http:\/\/111.170.148.214:8095\/?post_type=product&#038;p=1029"},"modified":"2025-10-14T14:43:33","modified_gmt":"2025-10-14T06:43:33","slug":"conventional-standard-welding-rotator-50-tons","status":"publish","type":"product","link":"https:\/\/www.weldmc.com\/de\/product\/conventional-standard-welding-rotator-50-tons\/","title":{"rendered":"Konventioneller Standard-Schwei\u00dfrotator 50 Tonnen"},"content":{"rendered":"<p><strong><b>Beschreibung des Standard-Schwei\u00dfrotators:<\/b><\/strong><\/p>\n<p><strong><b>Parameterliste der konventionellen HGZ<\/b><\/strong><strong><b>-50 <\/b><\/strong><strong><b>Schwei\u00dfrotator<\/b><\/strong><\/p>\n<table>\n<tbody>\n<tr>\n<td colspan=\"2\" width=\"200\">Modell<\/td>\n<td width=\"225\">HGZ-50<\/td>\n<\/tr>\n<tr>\n<td colspan=\"2\" width=\"200\">Tragf\u00e4higkeit (Tonne)<\/td>\n<td width=\"225\">50<\/td>\n<\/tr>\n<tr>\n<td colspan=\"2\" width=\"200\">Geeigneter Durchmesser (mm)<\/td>\n<td width=\"225\">750-4500<\/td>\n<\/tr>\n<tr>\n<td rowspan=\"2\" width=\"79\">Radgr\u00f6\u00dfe (mm)<\/td>\n<td width=\"121\">PU<\/td>\n<td width=\"225\">\u03a6400*120<\/td>\n<\/tr>\n<tr>\n<td width=\"121\">Stahl<\/td>\n<td width=\"225\">\u03a6390*40<\/td>\n<\/tr>\n<tr>\n<td colspan=\"2\" width=\"200\">Rotationsgeschwindigkeit (mm\/min)<\/td>\n<td width=\"225\">100-1000<\/td>\n<\/tr>\n<tr>\n<td colspan=\"2\" width=\"200\">Geschwindigkeitskontrolle<\/td>\n<td width=\"225\">Elektrischer Magnetismus der Frequenzumwandlungseinstellung<\/td>\n<\/tr>\n<tr>\n<td colspan=\"2\" width=\"200\">Motorleistung (kw)<\/td>\n<td width=\"225\">4<\/td>\n<\/tr>\n<tr>\n<td colspan=\"2\" width=\"200\">Steuerspannung<\/td>\n<td width=\"225\">24 VAC<\/td>\n<\/tr>\n<tr>\n<td colspan=\"2\" width=\"200\">Anh\u00e4ngendes Kabel<\/td>\n<td width=\"225\">10m\/Drahtlos<\/td>\n<\/tr>\n<tr>\n<td colspan=\"2\" width=\"200\">Eingehende Energie<\/td>\n<td width=\"225\">380V\/400V\/415V\/440V\/460V-3P-50Hz\/60Hz<\/td>\n<\/tr>\n<tr>\n<td colspan=\"2\" width=\"200\">Farbe<\/td>\n<td width=\"225\">RAL 3003 Rot 9005 Schwarz (optional)<\/td>\n<\/tr>\n<\/tbody>\n<\/table>\n<p class=\"ds-markdown-paragraph\">The WUXI ABK 50-Ton Welding Rotator is engineered for precision automated welding of circular metal containers across critical industries. This industrial-grade rotator excels in oil &amp; gas infrastructure, pressure vessel fabrication, wind tower production, and large-diameter pipe manufacturing applications.<\/p>\n<p class=\"ds-markdown-paragraph\">Our welding rotator delivers exceptional performance through its advanced frequency conversion drive system, offering stepless speed regulation from 0.5 to 15 RPM for optimal process control. The robust construction ensures ultra-stable rotation with less than 0.1mm runout, while operating at whisper-quiet levels below 65dB for improved workshop environments.<\/p>\n<p class=\"ds-markdown-paragraph\">Key advantages of this heavy-duty positioner include:<br \/>\n\u2713 Customizable roller configurations for various diameters<br \/>\n\u2713 CE and ISO 9001 certified quality assurance<br \/>\n\u2713 Proven global reliability with installations in 20+ countries<br \/>\n\u2713 Intuitive user interface for seamless operation<\/p>\n<p class=\"ds-markdown-paragraph\">The system&#8217;s precision engineering makes it particularly valuable for:<\/p>\n<ul>\n<li>\n<p class=\"ds-markdown-paragraph\">Girth welding of storage tanks in petroleum refineries<\/p>\n<\/li>\n<li>\n<p class=\"ds-markdown-paragraph\">Fabrication of wind turbine components<\/p>\n<\/li>\n<li>\n<p class=\"ds-markdown-paragraph\">Manufacturing of process equipment for chemical plants<\/p>\n<\/li>\n<li>\n<p class=\"ds-markdown-paragraph\">Production of large-diameter transmission pipelines<\/p>\n<\/li>\n<\/ul>\n<p><iframe title=\"YouTube-Video-Player\" src=\"https:\/\/www.youtube.com\/embed\/Z-Wloh9Aqt8?si=mFF1Cl-SgEIzGpyT\" width=\"560\" height=\"315\" frameborder=\"0\" allowfullscreen=\"allowfullscreen\"><\/iframe><\/p>\n<p><strong><b>Parameterliste des konventionellen Schwei\u00dfrotators der HGZ-Serie<\/b><\/strong><\/p>\n<p><img fetchpriority=\"high\" decoding=\"async\" class=\"alignnone wp-image-988 size-full\" src=\"https:\/\/www.weldmc.com\/wp-content\/uploads\/2025\/05\/\u56fe\u724717.png\" alt=\"Standard Welding Rotator HGZ-50\" width=\"1024\" height=\"398\" srcset=\"https:\/\/www.weldmc.com\/wp-content\/uploads\/2025\/05\/\u56fe\u724717.png 1024w, https:\/\/www.weldmc.com\/wp-content\/uploads\/2025\/05\/\u56fe\u724717-300x117.png 300w, https:\/\/www.weldmc.com\/wp-content\/uploads\/2025\/05\/\u56fe\u724717-768x299.png 768w, https:\/\/www.weldmc.com\/wp-content\/uploads\/2025\/05\/\u56fe\u724717-600x233.png 600w\" sizes=\"(max-width: 1024px) 100vw, 1024px\" \/><\/p>\n<p class=\"ds-markdown-paragraph\">The WUXI ABK 50-Ton Standard Welding Rotator incorporates advanced engineering for precision industrial applications. The system features a heavy-duty box-type steel frame construction that ensures optimal load distribution, combined with a precision linear guide movement system achieving \u00b10.1mm positioning accuracy. A quick-lock mechanism provides rigid fixation during operation.<\/p>\n<p class=\"ds-markdown-paragraph\">Key technical components include:<\/p>\n<ul>\n<li>\n<p class=\"ds-markdown-paragraph\">High-performance ZG45 cast steel rollers with HRC 55-60 hardness rating<\/p>\n<\/li>\n<li>\n<p class=\"ds-markdown-paragraph\">Dual 7.5kW AC motors with reducer for reliable power transmission<\/p>\n<\/li>\n<li>\n<p class=\"ds-markdown-paragraph\">Frequency converter-controlled speed regulation (0.5-5 RPM range)<\/p>\n<\/li>\n<li>\n<p class=\"ds-markdown-paragraph\">Hydraulic elevation adjustment system (\u00b150mm range)<\/p>\n<\/li>\n<li>\n<p class=\"ds-markdown-paragraph\">German-manufactured NOVO displacement sensors (0.01mm resolution)<\/p>\n<\/li>\n<\/ul>\n<p class=\"ds-markdown-paragraph\">The intelligent control system utilizes Siemens\/ABB PLC technology with IP65 protection grade, featuring:<br \/>\n\u2713 \u00b12% torque synchronization accuracy<br \/>\n\u2713 Axial movement monitoring interface<br \/>\n\u2713 Automatic centerline alignment<br \/>\n\u2713 &lt;0.5mm creep prevention accuracy<\/p>\n<p class=\"ds-markdown-paragraph\">Performance advantages include 40% greater positioning accuracy, 35% extended component lifespan, and 50% faster adjustment operations compared to conventional welding rotators. The system&#8217;s \u00b10.05% linearity measurement ensures consistent performance for precision welding applications.<\/p>\n<p><img decoding=\"async\" class=\"alignnone wp-image-990 size-full\" src=\"https:\/\/www.weldmc.com\/wp-content\/uploads\/2025\/05\/\u56fe\u724719.png\" alt=\"Standard Welding Rotator HGZ-50\" width=\"638\" height=\"360\" srcset=\"https:\/\/www.weldmc.com\/wp-content\/uploads\/2025\/05\/\u56fe\u724719.png 638w, https:\/\/www.weldmc.com\/wp-content\/uploads\/2025\/05\/\u56fe\u724719-300x169.png 300w, https:\/\/www.weldmc.com\/wp-content\/uploads\/2025\/05\/\u56fe\u724719-600x339.png 600w\" sizes=\"(max-width: 638px) 100vw, 638px\" \/> <img decoding=\"async\" class=\"alignnone wp-image-989 size-full\" src=\"https:\/\/www.weldmc.com\/wp-content\/uploads\/2025\/05\/\u56fe\u724718.png\" alt=\"Standard Welding Rotator HGZ-50\" width=\"636\" height=\"476\" srcset=\"https:\/\/www.weldmc.com\/wp-content\/uploads\/2025\/05\/\u56fe\u724718.png 636w, https:\/\/www.weldmc.com\/wp-content\/uploads\/2025\/05\/\u56fe\u724718-300x225.png 300w, https:\/\/www.weldmc.com\/wp-content\/uploads\/2025\/05\/\u56fe\u724718-600x449.png 600w\" sizes=\"(max-width: 636px) 100vw, 636px\" \/><\/p>\n<p><strong>Merkmale von Welding Rotator<\/strong><\/p>\n<ol>\n<li>Der Abstand der Rollen passt sich automatisch an unterschiedliche Fassdurchmesser an.<br \/>\nDie Drehzahl ist \u00fcber eine Frequenzregelung einstellbar, was die Betriebssicherheit erh\u00f6ht.<br \/>\n3. die einfache Bedienung wird durch ein manuelles Steuerger\u00e4t gew\u00e4hrleistet.<br \/>\n4. in verschiedenen Konfigurationen erh\u00e4ltlich, einschlie\u00dflich beweglicher und anhebbarer Typen.<br \/>\n5. ein speziell entwickeltes Rollenbett bietet mehr Komfort beim Schwei\u00dfen.<br \/>\n6. die Rollen k\u00f6nnen aus verschiedenen Materialien wie schwarzem Gummi, Polyurethan und Stahl hergestellt werden.<\/li>\n<\/ol>\n<p><img loading=\"lazy\" decoding=\"async\" class=\"alignnone wp-image-991 size-full\" src=\"https:\/\/www.weldmc.com\/wp-content\/uploads\/2025\/05\/1748102710232.jpg\" alt=\"Standard Welding Rotator HGZ-50\" width=\"596\" height=\"228\" srcset=\"https:\/\/www.weldmc.com\/wp-content\/uploads\/2025\/05\/1748102710232.jpg 596w, https:\/\/www.weldmc.com\/wp-content\/uploads\/2025\/05\/1748102710232-300x115.jpg 300w\" sizes=\"(max-width: 596px) 100vw, 596px\" \/><\/p>\n<p><strong><b>Wartung des Schwei\u00dfrotators<\/b><\/strong><\/p>\n<p>1. Dieses Schwei\u00dfen Rotator muss Reinigung vor dem Ingebrauch nehmen. Um Alterung zu vermeiden, sollten die Gummiwalzen von \u00d6len und hohen Temperaturen ferngehalten werden. Wenn m\u00f6glich, sollte es eine bestimmte Person zu bedienen und zu warten dieses Ger\u00e4t.<br \/>\n2. Vor dem Start sollte das Getriebe mit 30#-Motor\u00f6l gef\u00fcllt werden, was auch notwendig ist, wenn die Umgebungstemperatur unter 0\u00baC liegt.<br \/>\n3. Das \u00d6l im Untersetzungsgetriebe sollte nach dem ersten Monat vollst\u00e4ndig ausgetauscht werden, sp\u00e4ter kann das Motor\u00f6l alle sechs Monate gewechselt werden.<br \/>\n4. Das Rollenbett kann nicht als Schwei\u00dfboden verwendet werden, damit die Lager nicht besch\u00e4digt werden.<\/p>\n<p><img loading=\"lazy\" decoding=\"async\" class=\"wp-image-994\" src=\"https:\/\/www.weldmc.com\/wp-content\/uploads\/2025\/05\/\u56fe\u724722-1024x575.png\" alt=\"Standard-Schwei\u00dfrotator\" width=\"744\" height=\"418\" srcset=\"https:\/\/www.weldmc.com\/wp-content\/uploads\/2025\/05\/\u56fe\u724722-1024x575.png 1024w, https:\/\/www.weldmc.com\/wp-content\/uploads\/2025\/05\/\u56fe\u724722-300x169.png 300w, https:\/\/www.weldmc.com\/wp-content\/uploads\/2025\/05\/\u56fe\u724722-768x432.png 768w, https:\/\/www.weldmc.com\/wp-content\/uploads\/2025\/05\/\u56fe\u724722-600x337.png 600w, https:\/\/www.weldmc.com\/wp-content\/uploads\/2025\/05\/\u56fe\u724722.png 1388w\" sizes=\"(max-width: 744px) 100vw, 744px\" \/><\/p>\n<p><img loading=\"lazy\" decoding=\"async\" class=\"alignnone wp-image-992 size-full\" src=\"https:\/\/www.weldmc.com\/wp-content\/uploads\/2025\/05\/\u56fe\u724720.png\" alt=\"Standard Welding Rotator HGZ-50\" width=\"745\" height=\"419\" srcset=\"https:\/\/www.weldmc.com\/wp-content\/uploads\/2025\/05\/\u56fe\u724720.png 745w, https:\/\/www.weldmc.com\/wp-content\/uploads\/2025\/05\/\u56fe\u724720-300x169.png 300w, https:\/\/www.weldmc.com\/wp-content\/uploads\/2025\/05\/\u56fe\u724720-600x337.png 600w\" sizes=\"(max-width: 745px) 100vw, 745px\" \/> <img loading=\"lazy\" decoding=\"async\" class=\"alignnone wp-image-993 size-full\" src=\"https:\/\/www.weldmc.com\/wp-content\/uploads\/2025\/05\/\u56fe\u724721.png\" alt=\"Standard Welding Rotator HGZ-50\" width=\"745\" height=\"419\" srcset=\"https:\/\/www.weldmc.com\/wp-content\/uploads\/2025\/05\/\u56fe\u724721.png 745w, https:\/\/www.weldmc.com\/wp-content\/uploads\/2025\/05\/\u56fe\u724721-300x169.png 300w, https:\/\/www.weldmc.com\/wp-content\/uploads\/2025\/05\/\u56fe\u724721-600x337.png 600w\" sizes=\"(max-width: 745px) 100vw, 745px\" \/><\/p>\n<table>\n<tbody>\n<tr>\n<td>- Bew\u00e4hrtes Design<\/td>\n<td>- Zuverl\u00e4ssige Qualit\u00e4t<\/td>\n<\/tr>\n<tr>\n<td>- Renommierte Teile<\/td>\n<td>- Steuerung des Wechselrichters<\/td>\n<\/tr>\n<tr>\n<td>- Direktes Antriebssystem<\/td>\n<td>- Motorisiertes Fahren m\u00f6glich<\/td>\n<\/tr>\n<tr>\n<td>- Ma\u00dfgeschneidertes Design auf Bestellung<\/td>\n<td>- ERSTAUSR\u00dcSTER<\/td>\n<\/tr>\n<\/tbody>\n<\/table>\n<p><strong><b>Einf\u00fchrung der R\u00e4der<\/b><\/strong><\/p>\n<p>Polyurethan-R\u00e4der bieten au\u00dfergew\u00f6hnliche Abriebfestigkeit, vielseitige Verarbeitung, breite Anwendbarkeit und hervorragende Best\u00e4ndigkeit gegen \u00d6l, Ozon, Alterung, Strahlung und niedrige Temperaturen. Au\u00dferdem bieten sie eine starke Haftung, eine hervorragende Schall\u00fcbertragung, Biokompatibilit\u00e4t und Blutvertr\u00e4glichkeit.<\/p>\n<p><img loading=\"lazy\" decoding=\"async\" class=\"wp-image-987 size-medium\" src=\"https:\/\/www.weldmc.com\/wp-content\/uploads\/2025\/05\/\u56fe\u724724-241x300.png\" alt=\"Standard-Schwei\u00dfrotator\" width=\"241\" height=\"300\" srcset=\"https:\/\/www.weldmc.com\/wp-content\/uploads\/2025\/05\/\u56fe\u724724-241x300.png 241w, https:\/\/www.weldmc.com\/wp-content\/uploads\/2025\/05\/\u56fe\u724724.png 486w\" sizes=\"(max-width: 241px) 100vw, 241px\" \/><\/p>\n<p><img loading=\"lazy\" decoding=\"async\" class=\"alignnone wp-image-997 size-medium\" src=\"https:\/\/www.weldmc.com\/wp-content\/uploads\/2025\/05\/\u56fe\u724723-241x300.png\" alt=\"Standard-Schwei\u00dfroboter\" width=\"241\" height=\"300\" srcset=\"https:\/\/www.weldmc.com\/wp-content\/uploads\/2025\/05\/\u56fe\u724723-241x300.png 241w, https:\/\/www.weldmc.com\/wp-content\/uploads\/2025\/05\/\u56fe\u724723.png 562w\" sizes=\"(max-width: 241px) 100vw, 241px\" \/><\/p>\n<p><strong><b>Einf\u00fchrung des Motors<\/b><\/strong><strong><b><br \/>\n<\/b><\/strong><b><\/b><\/p>\n<p><img loading=\"lazy\" decoding=\"async\" class=\"\" src=\"https:\/\/www.weldmc.com\/wp-content\/uploads\/2025\/05\/Motor-introduction-1.png\" alt=\"Schwei\u00dfrotator\" width=\"715\" height=\"536\" \/><img decoding=\"async\" src=\"https:\/\/www.weldmc.com\/wp-content\/uploads\/2025\/05\/Adjustable-Welding-Rotator-HGK-5-1.png\" alt=\"Rotator zum Schwei\u00dfen\" \/><\/p>\n<p>&nbsp;<\/p>\n<p><strong><b>Hersteller von Rotatoren h\u00f6chster Qualit\u00e4t<\/b><\/strong><\/p>\n<p>1. mit \u00fcber 20 Jahren Erfahrung in der Herstellung von selbstausrichtenden Rotatoren.<br \/>\n2) Unsere Produkte haben eine Tragf\u00e4higkeit von 5 bis 400 Tonnen.<br \/>\n3. wir bieten CE- und ISO-Zertifizierungen an, die die Einhaltung der strengen Teilvorschriften gew\u00e4hrleisten. Zus\u00e4tzlich.<br \/>\n4 Wir bieten eine einj\u00e4hrige Garantie und kostenlose Verschlei\u00dfteile.<br \/>\n(5) Unser hochqualifiziertes technisches Team unterst\u00fctzt Sie und Ihre Gro\u00dfprojekte, wie z. B. das Schwei\u00dfen von Windkraftanlagen.<\/p>\n<p><strong><b>Produktzertifizierung<\/b><\/strong><\/p>\n<p>Steigen Sie mit unseren innovativen L\u00f6sungen in die Zukunft der Schwei\u00dftechnik ein.<br \/>\nVon automatisierten Prozessen bis hin zu intuitiven Steuerungen stehen unsere Produkte an der Spitze der Innovation und geben Ihnen die Werkzeuge an die Hand, die Sie brauchen, um auf dem heutigen wettbewerbsorientierten Markt die Nase vorn zu haben!<\/p>\n<p><img decoding=\"async\" src=\"https:\/\/www.weldmc.com\/wp-content\/uploads\/2025\/05\/Roller-frame-product-certificate.png\" alt=\"Produktzertifikat Rollengestell\" \/><\/p>\n<p>Wuxi ABK Machinery Co.Ltd ist ein professioneller Hersteller von Schwei\u00dfrotatoren in China. Und unser Schwei\u00dfrotator umfasst haupts\u00e4chlich Standard-Schwei\u00dfrotator, einstellbarer Schwei\u00dfrotator und spezieller Schwei\u00dfrotator. Wir k\u00f6nnen unseren Kunden auf der ganzen Welt auch viele andere Produkte anbieten, einschlie\u00dflich Schwei\u00dfdrehtisch, Pfahlschwei\u00dfmaschine, Windturm-Produktionslinie, H-Tr\u00e4ger-Schwei\u00dflinie, Rohrschwei\u00dfausr\u00fcstung, CNC-Schneidemaschine, Schleifmaschine, Walzprofiliermaschine, Blechbiegemaschine, etc. Wir haben die ISO- und CE-Zertifizierung erhalten und bieten auch OEM-Service an.<\/p>","protected":false},"excerpt":{"rendered":"<p><strong>WUXI ABK 50-Tonnen-Schwei\u00dfrotator<\/strong>\u00a0ist eine hochleistungsf\u00e4hige Industriel\u00f6sung f\u00fcr Pr\u00e4zisionsrotation im Druckbeh\u00e4lter- und Stahlbau. Ausgestattet mit zwei 7,5-kW-Motoren (0,5-5 U\/min) und Rollen aus ZG45-Legierung (HRC 55-60) gew\u00e4hrleistet sie eine Genauigkeit von \u00b10,1 mm mit hydraulischer Anti-Kriech-Steuerung (&lt;0,5 mm Abweichung). Das SPS-System von Siemens und die NOVO-Sensoren (0,01 mm Aufl\u00f6sung) garantieren eine zuverl\u00e4ssige Leistung. Dieser robuste Rotator ist CE\/ISO-zertifiziert und hat eine 18-monatige Garantie. Er bietet eine um 40% h\u00f6here Genauigkeit als herk\u00f6mmliche Modelle.<\/p>","protected":false},"featured_media":1862,"comment_status":"open","ping_status":"closed","template":"","meta":{"_acf_changed":false},"product_brand":[],"product_cat":[21,42,30],"product_tag":[],"class_list":{"0":"post-1029","1":"product","2":"type-product","3":"status-publish","4":"has-post-thumbnail","6":"product_cat-welding-automation","7":"product_cat-standard-welding-rotator","8":"product_cat-welding-rotator","10":"first","11":"instock","12":"shipping-taxable","13":"product-type-simple"},"acf":[],"_links":{"self":[{"href":"https:\/\/www.weldmc.com\/de\/wp-json\/wp\/v2\/product\/1029","targetHints":{"allow":["GET"]}}],"collection":[{"href":"https:\/\/www.weldmc.com\/de\/wp-json\/wp\/v2\/product"}],"about":[{"href":"https:\/\/www.weldmc.com\/de\/wp-json\/wp\/v2\/types\/product"}],"replies":[{"embeddable":true,"href":"https:\/\/www.weldmc.com\/de\/wp-json\/wp\/v2\/comments?post=1029"}],"wp:featuredmedia":[{"embeddable":true,"href":"https:\/\/www.weldmc.com\/de\/wp-json\/wp\/v2\/media\/1862"}],"wp:attachment":[{"href":"https:\/\/www.weldmc.com\/de\/wp-json\/wp\/v2\/media?parent=1029"}],"wp:term":[{"taxonomy":"product_brand","embeddable":true,"href":"https:\/\/www.weldmc.com\/de\/wp-json\/wp\/v2\/product_brand?post=1029"},{"taxonomy":"product_cat","embeddable":true,"href":"https:\/\/www.weldmc.com\/de\/wp-json\/wp\/v2\/product_cat?post=1029"},{"taxonomy":"product_tag","embeddable":true,"href":"https:\/\/www.weldmc.com\/de\/wp-json\/wp\/v2\/product_tag?post=1029"}],"curies":[{"name":"wp","href":"https:\/\/api.w.org\/{rel}","templated":true}]}}