{"id":1002,"date":"2025-05-25T00:36:30","date_gmt":"2025-05-24T16:36:30","guid":{"rendered":"http:\/\/111.170.148.214:8095\/?post_type=product&#038;p=1002"},"modified":"2025-10-14T14:45:38","modified_gmt":"2025-10-14T06:45:38","slug":"standard-pipe-welding-rotator-10-tons","status":"publish","type":"product","link":"https:\/\/www.weldmc.com\/de\/product\/standard-pipe-welding-rotator-10-tons\/","title":{"rendered":"Standard-Rohrschwei\u00dfrotator 10 Tonnen"},"content":{"rendered":"<p><strong><b>Beschreibung des Standard-Schwei\u00dfrotators:<\/b><\/strong><\/p>\n<p><strong><b>Parameterliste der konventionellen HGZ<\/b><\/strong><strong><b>-10<\/b><\/strong><strong><b>\u00a0Schwei\u00dfrotator<\/b><\/strong><\/p>\n<table>\n<tbody>\n<tr>\n<td colspan=\"2\" width=\"200\">Modell<\/td>\n<td width=\"225\">HGZ-10<\/td>\n<\/tr>\n<tr>\n<td colspan=\"2\" width=\"200\">Tragf\u00e4higkeit (Tonne)<\/td>\n<td width=\"225\">10<\/td>\n<\/tr>\n<tr>\n<td colspan=\"2\" width=\"200\">Geeigneter Durchmesser (mm)<\/td>\n<td width=\"225\">320-2800<\/td>\n<\/tr>\n<tr>\n<td rowspan=\"2\" width=\"79\">Radgr\u00f6\u00dfe (mm)<\/td>\n<td width=\"121\">PU<\/td>\n<td width=\"225\">\u03a6300*120<\/td>\n<\/tr>\n<tr>\n<td width=\"121\">Stahl<\/td>\n<td width=\"225\">\u03a6290*25<\/td>\n<\/tr>\n<tr>\n<td colspan=\"2\" width=\"200\">Rotationsgeschwindigkeit (mm\/min)<\/td>\n<td width=\"225\">100-1000<\/td>\n<\/tr>\n<tr>\n<td colspan=\"2\" width=\"200\">Geschwindigkeitskontrolle<\/td>\n<td width=\"225\">Elektrischer Magnetismus der Frequenzumwandlungseinstellung<\/td>\n<\/tr>\n<tr>\n<td colspan=\"2\" width=\"200\">Motorleistung (kw)<\/td>\n<td width=\"225\">1.1<\/td>\n<\/tr>\n<tr>\n<td colspan=\"2\" width=\"200\">Steuerspannung<\/td>\n<td width=\"225\">24 VAC<\/td>\n<\/tr>\n<tr>\n<td colspan=\"2\" width=\"200\">Anh\u00e4ngendes Kabel<\/td>\n<td width=\"225\">10m\/Drahtlos<\/td>\n<\/tr>\n<tr>\n<td colspan=\"2\" width=\"200\">Eingehende Energie<\/td>\n<td width=\"225\">380V\/400V\/415V\/440V\/460V-3P-50Hz\/60Hz<\/td>\n<\/tr>\n<tr>\n<td colspan=\"2\" width=\"200\">Farbe<\/td>\n<td width=\"225\">RAL 3003 Rot 9005 Schwarz (optional)<\/td>\n<\/tr>\n<\/tbody>\n<\/table>\n<p class=\"ds-markdown-paragraph\">Konzipiert f\u00fcr\u00a0<strong>Automatisiertes Schwei\u00dfen von runden Metallbeh\u00e4ltern<\/strong>diese\u00a0<strong>industrial welding rotator<\/strong>\u00a0zeichnet sich aus durch\u00a0<strong>\u00d6l- und Gaspipelines<\/strong>,\u00a0<strong>Druckbeh\u00e4lter-Fertigung<\/strong>,\u00a0<strong>Produktion von Windt\u00fcrmen<\/strong>und\u00a0<strong>Rohrherstellung<\/strong>\u00a0applications. The\u00a0<strong>Schwei\u00dfpositionierer<\/strong>\u00a0Merkmale\u00a0<strong>wide diameter compatibility<\/strong>\u00a0(customizable) with\u00a0<strong>precision frequency conversion control<\/strong>\u00a0(0.5-15 RPM stepless speed), ensuring\u00a0<strong>ultra-stable rotation<\/strong>\u00a0(&lt;0.1mm runout) and\u00a0<strong>low-noise operation<\/strong>\u00a0(&lt;65dB).<\/p>\n<p class=\"ds-markdown-paragraph\"><strong>Wichtigste Vorteile:<\/strong><br \/>\n\u2713\u00a0<strong>CE &amp; ISO 9001 zertifiziert<\/strong>\u00a0f\u00fcr\u00a0<strong>welding automation compliance<\/strong><br \/>\n\u2713\u00a0<strong>Global reliability<\/strong>\u00a0\u2013 exported to 20+ countries (UK, EU, Middle East)<br \/>\n\u2713\u00a0<strong>User-friendly PLC interface<\/strong>\u00a0for seamless\u00a0<strong>welding process control<\/strong><\/p>\n<p class=\"ds-markdown-paragraph\">Ideal for\u00a0<strong>schwere Fabrikation<\/strong>,\u00a0<strong>Stahlbauschwei\u00dfen<\/strong>und\u00a0<strong>industrial tank manufacturing<\/strong>diese\u00a0<strong>Schwei\u00dfrotator<\/strong>\u00a0enhances\u00a0<strong>arc welding precision<\/strong>\u00a0while reducing\u00a0<strong>workpiece handling time<\/strong>.<\/p>\n<p><iframe title=\"YouTube-Video-Player\" src=\"https:\/\/www.youtube.com\/embed\/Z-Wloh9Aqt8?si=mFF1Cl-SgEIzGpyT\" width=\"560\" height=\"315\" frameborder=\"0\" allowfullscreen=\"allowfullscreen\"><\/iframe><\/p>\n<p><strong><b>Parameterliste des konventionellen Schwei\u00dfrotators der HGZ-Serie<\/b><\/strong><\/p>\n<p><img fetchpriority=\"high\" decoding=\"async\" class=\"alignnone wp-image-988 size-full\" src=\"https:\/\/www.weldmc.com\/wp-content\/uploads\/2025\/05\/\u56fe\u724717.png\" alt=\"Standard Welding Rotator HGZ-10\" width=\"1024\" height=\"398\" srcset=\"https:\/\/www.weldmc.com\/wp-content\/uploads\/2025\/05\/\u56fe\u724717.png 1024w, https:\/\/www.weldmc.com\/wp-content\/uploads\/2025\/05\/\u56fe\u724717-300x117.png 300w, https:\/\/www.weldmc.com\/wp-content\/uploads\/2025\/05\/\u56fe\u724717-768x299.png 768w, https:\/\/www.weldmc.com\/wp-content\/uploads\/2025\/05\/\u56fe\u724717-600x233.png 600w\" sizes=\"(max-width: 1024px) 100vw, 1024px\" \/><\/p>\n<p class=\"ds-markdown-paragraph\">Die\u00a0<strong>10-ton welding rotator<\/strong>\u00a0ist konzipiert f\u00fcr\u00a0<strong>Pr\u00e4zisionsdrehung<\/strong>\u00a0in\u00a0<strong>industrielle Schwei\u00dfanwendungen<\/strong>mit einem\u00a0<strong>heavy-duty roller frame<\/strong>\u00a0mit\u00a0<strong>box-type steel construction<\/strong>\u00a0for optimal\u00a0<strong>load distribution<\/strong>. Seine\u00a0<strong>precision linear guide system<\/strong>\u00a0gew\u00e4hrleistet\u00a0<strong>\u00b10.1mm positioning accuracy<\/strong>, w\u00e4hrend die\u00a0<strong>quick-lock mechanism<\/strong>\u00a0provides\u00a0<strong>rigid fixation<\/strong>\u00a0during operation. The\u00a0<strong>high-strength ZG45 cast steel rollers<\/strong>\u00a0(HRC 55-60 hardness) deliver a\u00a0<strong>30-ton dynamic load capacity per roller<\/strong>und damit ideal f\u00fcr\u00a0<strong>Druckbeh\u00e4lter-Fertigung<\/strong>,\u00a0<strong>Pipelineschwei\u00dfen<\/strong>und\u00a0<strong>structural steel manufacturing<\/strong>.<\/p>\n<p class=\"ds-markdown-paragraph\">Die\u00a0<strong>dual-motor drive system<\/strong>\u00a0(2\u00d77.5kW AC motors) offers\u00a0<strong>stepless speed control<\/strong>\u00a0(0.5-5 RPM) with\u00a0<strong>\u00b12% torque synchronization<\/strong>, ensuring smooth and stable rotation. Advanced features include:<\/p>\n<ul>\n<li>\n<p class=\"ds-markdown-paragraph\"><strong>Hydraulic elevation adjustment<\/strong>\u00a0(\u00b150mm) with\u00a0<strong>automatic centerline alignment<\/strong><\/p>\n<\/li>\n<li>\n<p class=\"ds-markdown-paragraph\"><strong>Anti-creep mechanism<\/strong>\u00a0(&lt;0.5mm deviation) for consistent weld quality<\/p>\n<\/li>\n<li>\n<p class=\"ds-markdown-paragraph\"><strong>NOVO displacement sensors<\/strong>\u00a0(0.01mm resolution) for\u00a0<strong>precision measurement<\/strong><\/p>\n<\/li>\n<li>\n<p class=\"ds-markdown-paragraph\"><strong>Siemens\/ABB PLC control<\/strong>\u00a0mit\u00a0<strong>IP65 protection<\/strong>\u00a0for reliable operation<\/p>\n<\/li>\n<\/ul>\n<p class=\"ds-markdown-paragraph\"><strong>Leistungsvorteile<\/strong><br \/>\n\u2713\u00a0<strong>40% higher positioning accuracy<\/strong>\u00a0than conventional\u00a0<strong>welding rotators<\/strong><br \/>\n\u2713\u00a0<strong>35% longer service life<\/strong>\u00a0for critical components<br \/>\n\u2713\u00a0<strong>50% faster adjustment<\/strong>\u00a0for improved productivity<\/p>\n<p class=\"ds-markdown-paragraph\"><strong>Anwendungen<\/strong>:<\/p>\n<ul>\n<li>\n<p class=\"ds-markdown-paragraph\"><strong>Wind tower fabrication<\/strong><\/p>\n<\/li>\n<li>\n<p class=\"ds-markdown-paragraph\"><strong>Shipbuilding components<\/strong><\/p>\n<\/li>\n<li>\n<p class=\"ds-markdown-paragraph\"><strong>Energy equipment manufacturing<\/strong><\/p>\n<\/li>\n<\/ul>\n<p>Diese\u00a0<strong>Schwei\u00dfrotator<\/strong>\u00a0kombiniert\u00a0<strong>German precision components<\/strong>\u00a0mit\u00a0<strong>robust Chinese manufacturing<\/strong>, delivering unmatched performance for\u00a0<strong>industrial welding automation<\/strong>. CE and ISO certified, it ensures reliability in the most demanding\u00a0<strong>fabrication environments<\/strong>.<\/p>\n<p><img decoding=\"async\" class=\"alignnone wp-image-989 size-full\" src=\"https:\/\/www.weldmc.com\/wp-content\/uploads\/2025\/05\/\u56fe\u724718.png\" alt=\"Standard-Schwei\u00dfrotator\" width=\"636\" height=\"476\" srcset=\"https:\/\/www.weldmc.com\/wp-content\/uploads\/2025\/05\/\u56fe\u724718.png 636w, https:\/\/www.weldmc.com\/wp-content\/uploads\/2025\/05\/\u56fe\u724718-300x225.png 300w, https:\/\/www.weldmc.com\/wp-content\/uploads\/2025\/05\/\u56fe\u724718-600x449.png 600w\" sizes=\"(max-width: 636px) 100vw, 636px\" \/> <img decoding=\"async\" class=\"alignnone wp-image-990 size-full\" src=\"https:\/\/www.weldmc.com\/wp-content\/uploads\/2025\/05\/\u56fe\u724719.png\" alt=\"Standard Welding Rotator HGZ-10\" width=\"638\" height=\"360\" srcset=\"https:\/\/www.weldmc.com\/wp-content\/uploads\/2025\/05\/\u56fe\u724719.png 638w, https:\/\/www.weldmc.com\/wp-content\/uploads\/2025\/05\/\u56fe\u724719-300x169.png 300w, https:\/\/www.weldmc.com\/wp-content\/uploads\/2025\/05\/\u56fe\u724719-600x339.png 600w\" sizes=\"(max-width: 638px) 100vw, 638px\" \/><\/p>\n<p><strong>Merkmale von Welding Rotator<\/strong><\/p>\n<ol>\n<li>Der Abstand der Rollen passt sich automatisch an unterschiedliche Fassdurchmesser an.<br \/>\nDie Drehzahl ist \u00fcber eine Frequenzregelung einstellbar, was die Betriebssicherheit erh\u00f6ht.<br \/>\n3. die einfache Bedienung wird durch ein manuelles Steuerger\u00e4t gew\u00e4hrleistet.<br \/>\n4. in verschiedenen Konfigurationen erh\u00e4ltlich, einschlie\u00dflich beweglicher und anhebbarer Typen.<br \/>\n5. ein speziell entwickeltes Rollenbett bietet mehr Komfort beim Schwei\u00dfen.<br \/>\n6. die Rollen k\u00f6nnen aus verschiedenen Materialien wie schwarzem Gummi, Polyurethan und Stahl hergestellt werden.<\/li>\n<\/ol>\n<p><img loading=\"lazy\" decoding=\"async\" class=\"alignnone wp-image-991 size-full\" src=\"https:\/\/www.weldmc.com\/wp-content\/uploads\/2025\/05\/1748102710232.jpg\" alt=\"Standard Welding Rotator HGZ-10\" width=\"596\" height=\"228\" srcset=\"https:\/\/www.weldmc.com\/wp-content\/uploads\/2025\/05\/1748102710232.jpg 596w, https:\/\/www.weldmc.com\/wp-content\/uploads\/2025\/05\/1748102710232-300x115.jpg 300w\" sizes=\"(max-width: 596px) 100vw, 596px\" \/><\/p>\n<p><strong><b>Wartung des Schwei\u00dfrotators<\/b><\/strong><\/p>\n<p>1. Dieses Schwei\u00dfen Rotator muss Reinigung vor dem Ingebrauch nehmen. Um Alterung zu vermeiden, sollten die Gummiwalzen von \u00d6len und hohen Temperaturen ferngehalten werden. Wenn m\u00f6glich, sollte es eine bestimmte Person zu bedienen und zu warten dieses Ger\u00e4t.<br \/>\n2. Vor dem Start sollte das Getriebe mit 30#-Motor\u00f6l gef\u00fcllt werden, was auch notwendig ist, wenn die Umgebungstemperatur unter 0\u00baC liegt.<br \/>\n3. Das \u00d6l im Untersetzungsgetriebe sollte nach dem ersten Monat vollst\u00e4ndig ausgetauscht werden, sp\u00e4ter kann das Motor\u00f6l alle sechs Monate gewechselt werden.<br \/>\n4. Das Rollenbett kann nicht als Schwei\u00dfboden verwendet werden, damit die Lager nicht besch\u00e4digt werden.<\/p>\n<p><strong><b>Einzelheiten zum Produkt<\/b><\/strong><strong><b><br \/>\n<\/b><\/strong><\/p>\n<p><img loading=\"lazy\" decoding=\"async\" class=\"alignnone wp-image-993 size-full\" src=\"https:\/\/www.weldmc.com\/wp-content\/uploads\/2025\/05\/\u56fe\u724721.png\" alt=\"Standard Welding Rotator HGZ-10\" width=\"745\" height=\"419\" srcset=\"https:\/\/www.weldmc.com\/wp-content\/uploads\/2025\/05\/\u56fe\u724721.png 745w, https:\/\/www.weldmc.com\/wp-content\/uploads\/2025\/05\/\u56fe\u724721-300x169.png 300w, https:\/\/www.weldmc.com\/wp-content\/uploads\/2025\/05\/\u56fe\u724721-600x337.png 600w\" sizes=\"(max-width: 745px) 100vw, 745px\" \/> <img loading=\"lazy\" decoding=\"async\" class=\"alignnone wp-image-992 size-full\" src=\"https:\/\/www.weldmc.com\/wp-content\/uploads\/2025\/05\/\u56fe\u724720.png\" alt=\"Standard Welding Rotator HGZ-10\" width=\"745\" height=\"419\" srcset=\"https:\/\/www.weldmc.com\/wp-content\/uploads\/2025\/05\/\u56fe\u724720.png 745w, https:\/\/www.weldmc.com\/wp-content\/uploads\/2025\/05\/\u56fe\u724720-300x169.png 300w, https:\/\/www.weldmc.com\/wp-content\/uploads\/2025\/05\/\u56fe\u724720-600x337.png 600w\" sizes=\"(max-width: 745px) 100vw, 745px\" \/> <img loading=\"lazy\" decoding=\"async\" class=\"alignnone wp-image-1871\" src=\"https:\/\/www.weldmc.com\/wp-content\/uploads\/2025\/05\/standard-welding-rotator-product-decomposition-diagram.png\" alt=\"Standard-Schwei\u00dfrotator Produktzerlegungsdiagramm\" width=\"745\" height=\"429\" srcset=\"https:\/\/www.weldmc.com\/wp-content\/uploads\/2025\/05\/standard-welding-rotator-product-decomposition-diagram.png 1347w, https:\/\/www.weldmc.com\/wp-content\/uploads\/2025\/05\/standard-welding-rotator-product-decomposition-diagram-600x345.png 600w\" sizes=\"(max-width: 745px) 100vw, 745px\" \/><strong><b><br \/>\n<\/b><\/strong><\/p>\n<table>\n<tbody>\n<tr>\n<td>- Bew\u00e4hrtes Design<\/td>\n<td>- Zuverl\u00e4ssige Qualit\u00e4t<\/td>\n<\/tr>\n<tr>\n<td>- Renommierte Teile<\/td>\n<td>- Steuerung des Wechselrichters<\/td>\n<\/tr>\n<tr>\n<td>- Direktes Antriebssystem<\/td>\n<td>- Motorisiertes Fahren m\u00f6glich<\/td>\n<\/tr>\n<tr>\n<td>- Ma\u00dfgeschneidertes Design auf Bestellung<\/td>\n<td>- ERSTAUSR\u00dcSTER<\/td>\n<\/tr>\n<\/tbody>\n<\/table>\n<p><strong><b>Einf\u00fchrung der R\u00e4der<\/b><\/strong><\/p>\n<p>Polyurethan-R\u00e4der bieten au\u00dfergew\u00f6hnliche Abriebfestigkeit, vielseitige Verarbeitung, breite Anwendbarkeit und hervorragende Best\u00e4ndigkeit gegen \u00d6l, Ozon, Alterung, Strahlung und niedrige Temperaturen. Au\u00dferdem bieten sie eine starke Haftung, eine hervorragende Schall\u00fcbertragung, Biokompatibilit\u00e4t und Blutvertr\u00e4glichkeit.<\/p>\n<p><img loading=\"lazy\" decoding=\"async\" class=\"alignnone wp-image-987 size-full\" src=\"https:\/\/www.weldmc.com\/wp-content\/uploads\/2025\/05\/\u56fe\u724724.png\" alt=\"Standard Welding Rotator HGZ-10\" width=\"486\" height=\"606\" srcset=\"https:\/\/www.weldmc.com\/wp-content\/uploads\/2025\/05\/\u56fe\u724724.png 486w, https:\/\/www.weldmc.com\/wp-content\/uploads\/2025\/05\/\u56fe\u724724-241x300.png 241w\" sizes=\"(max-width: 486px) 100vw, 486px\" \/> <img loading=\"lazy\" decoding=\"async\" class=\"alignnone wp-image-997\" src=\"https:\/\/www.weldmc.com\/wp-content\/uploads\/2025\/05\/\u56fe\u724723.png\" alt=\"Standard Welding Rotator HGZ-10\" width=\"485\" height=\"604\" srcset=\"https:\/\/www.weldmc.com\/wp-content\/uploads\/2025\/05\/\u56fe\u724723.png 562w, https:\/\/www.weldmc.com\/wp-content\/uploads\/2025\/05\/\u56fe\u724723-241x300.png 241w\" sizes=\"(max-width: 485px) 100vw, 485px\" \/><\/p>\n<p><strong><b>Einf\u00fchrung des Motors<\/b><\/strong><strong><b><br \/>\n<\/b><\/strong><b><\/b><\/p>\n<p><img decoding=\"async\" src=\"https:\/\/www.weldmc.com\/wp-content\/uploads\/2025\/05\/Motor-introduction-1.png\" alt=\"Schwei\u00dfen Rotator_Motor\" \/> <img decoding=\"async\" src=\"https:\/\/www.weldmc.com\/wp-content\/uploads\/2025\/05\/Adjustable-Welding-Rotator-HGK-5-1.png\" alt=\"Schweissrotator_Motor2\" \/><\/p>\n<p><strong><b>Hersteller von Rotatoren h\u00f6chster Qualit\u00e4t<\/b><\/strong><\/p>\n<p>1. mit \u00fcber 20 Jahren Erfahrung in der Herstellung von selbstausrichtenden Rotatoren.<br \/>\n2) Unsere Produkte haben eine Tragf\u00e4higkeit von 5 bis 400 Tonnen.<br \/>\n3. wir bieten CE- und ISO-Zertifizierungen an, die die Einhaltung der strengen Teilvorschriften gew\u00e4hrleisten. Zus\u00e4tzlich.<br \/>\n4 Wir bieten eine einj\u00e4hrige Garantie und kostenlose Verschlei\u00dfteile.<br \/>\n(5) Unser hochqualifiziertes technisches Team unterst\u00fctzt Sie und Ihre Gro\u00dfprojekte, wie z. B. das Schwei\u00dfen von Windkraftanlagen.<\/p>\n<p><strong><b>Produktzertifizierung<\/b><\/strong><\/p>\n<p>Steigen Sie mit unseren innovativen L\u00f6sungen in die Zukunft der Schwei\u00dftechnik ein.<br \/>\nVon automatisierten Prozessen bis hin zu intuitiven Steuerungen stehen unsere Produkte an der Spitze der Innovation und geben Ihnen die Werkzeuge an die Hand, die Sie brauchen, um auf dem heutigen wettbewerbsorientierten Markt die Nase vorn zu haben!<\/p>\n<p>&nbsp;<\/p>\n<p><img decoding=\"async\" src=\"https:\/\/www.weldmc.com\/wp-content\/uploads\/2025\/05\/Roller-frame-product-certificate.png\" alt=\"Produktzertifikat Rollengestell\" \/><\/p>\n<p>Wuxi ABK Machinery Co.Ltd ist ein professioneller Hersteller von Schwei\u00dfrotatoren in China. Und unser Schwei\u00dfrotator umfasst haupts\u00e4chlich Standard-Schwei\u00dfrotator, einstellbarer Schwei\u00dfrotator und spezieller Schwei\u00dfrotator. Wir k\u00f6nnen unseren Kunden auf der ganzen Welt auch viele andere Produkte anbieten, einschlie\u00dflich Schwei\u00dfdrehtisch, Pfahlschwei\u00dfmaschine, Windturm-Produktionslinie, H-Tr\u00e4ger-Schwei\u00dflinie, Rohrschwei\u00dfausr\u00fcstung, CNC-Schneidemaschine, Schleifmaschine, Walzprofiliermaschine, Blechbiegemaschine, etc. Wir haben die ISO- und CE-Zertifizierung erhalten und bieten auch OEM-Service an.<\/p>","protected":false},"excerpt":{"rendered":"<p><strong>WUXI ABK 10-T Schweissrotator<\/strong>\u00a0liefert Pr\u00e4zisionsrotation f\u00fcr die Rohr-\/Beh\u00e4lterfertigung. Verf\u00fcgt \u00fcber eine Kapazit\u00e4t von 10 Tonnen, ZG45-Stahlrollen (HRC55-60), zwei 7,5-kW-Motoren (0,5-5 U\/min), eine Genauigkeit von \u00b10,1 mm, ein Anti-Kriech-System und eine SPS-Steuerung von Siemens. Ideal f\u00fcr industrielle Schwei\u00dfanwendungen. CE\/ISO-zertifiziert.<\/p>","protected":false},"featured_media":1021,"comment_status":"open","ping_status":"closed","template":"","meta":{"_acf_changed":false},"product_brand":[],"product_cat":[21,42,30],"product_tag":[],"class_list":{"0":"post-1002","1":"product","2":"type-product","3":"status-publish","4":"has-post-thumbnail","6":"product_cat-welding-automation","7":"product_cat-standard-welding-rotator","8":"product_cat-welding-rotator","10":"first","11":"instock","12":"shipping-taxable","13":"product-type-simple"},"acf":[],"_links":{"self":[{"href":"https:\/\/www.weldmc.com\/de\/wp-json\/wp\/v2\/product\/1002","targetHints":{"allow":["GET"]}}],"collection":[{"href":"https:\/\/www.weldmc.com\/de\/wp-json\/wp\/v2\/product"}],"about":[{"href":"https:\/\/www.weldmc.com\/de\/wp-json\/wp\/v2\/types\/product"}],"replies":[{"embeddable":true,"href":"https:\/\/www.weldmc.com\/de\/wp-json\/wp\/v2\/comments?post=1002"}],"wp:featuredmedia":[{"embeddable":true,"href":"https:\/\/www.weldmc.com\/de\/wp-json\/wp\/v2\/media\/1021"}],"wp:attachment":[{"href":"https:\/\/www.weldmc.com\/de\/wp-json\/wp\/v2\/media?parent=1002"}],"wp:term":[{"taxonomy":"product_brand","embeddable":true,"href":"https:\/\/www.weldmc.com\/de\/wp-json\/wp\/v2\/product_brand?post=1002"},{"taxonomy":"product_cat","embeddable":true,"href":"https:\/\/www.weldmc.com\/de\/wp-json\/wp\/v2\/product_cat?post=1002"},{"taxonomy":"product_tag","embeddable":true,"href":"https:\/\/www.weldmc.com\/de\/wp-json\/wp\/v2\/product_tag?post=1002"}],"curies":[{"name":"wp","href":"https:\/\/api.w.org\/{rel}","templated":true}]}}