{"id":1000,"date":"2025-05-25T01:12:43","date_gmt":"2025-05-24T17:12:43","guid":{"rendered":"http:\/\/111.170.148.214:8095\/?post_type=product&#038;p=1000"},"modified":"2025-10-14T14:55:40","modified_gmt":"2025-10-14T06:55:40","slug":"industrieller-schweisdrehtisch-30-tonnen","status":"publish","type":"product","link":"https:\/\/www.weldmc.com\/de\/product\/industrieller-schweisdrehtisch-30-tonnen\/","title":{"rendered":"Industrieller Schwei\u00dfdrehtisch 30 Tonnen"},"content":{"rendered":"<p><strong><b>WUXI ABK-Schwei\u00dfger\u00e4te: Pr\u00e4zisions-Rotationsl\u00f6sungen<\/b><\/strong><\/p>\n<p><img fetchpriority=\"high\" decoding=\"async\" class=\"\" src=\"https:\/\/www.weldmc.com\/wp-content\/uploads\/2025\/05\/3cc87cef83089b4640b34d1f52f77d4.jpg\" alt=\"Schwei\u00dfdrehtisch\" width=\"711\" height=\"534\" \/><\/p>\n<p><strong><b>Technische Vorteile<\/b><\/strong><\/p>\n<p>\u2714 Programmierbare Rotation - Digitale Steuerung h\u00e4lt 0,1-1,2 RPM f\u00fcr verschiedene Verbindungsanforderungen aufrecht<\/p>\n<p>\u2714 Lastoptimiert - Standardm\u00e4\u00dfig 1-50 Tonnen Kapazit\u00e4t mit kundenspezifischen Konfigurationen verf\u00fcgbar<\/p>\n<p>\u2714 Anpassungsf\u00e4hige Oberfl\u00e4che - Modularer Arbeitstisch f\u00fcr Baugruppen mit einem Durchmesser von 800-6000mm<\/p>\n<p>\u2714 Pr\u00e4zisionsbewegung - \u00b10,5 mm Wiederholgenauigkeit garantiert Gelenkgenauigkeit<\/p>\n<p><img decoding=\"async\" class=\"\" src=\"https:\/\/www.weldmc.com\/wp-content\/uploads\/2025\/05\/Welding-Turntable-Technical-Advantages_1.png\" alt=\"Schwei\u00dfdrehtisch Technische Vorteile_1\" width=\"707\" height=\"501\" \/> <img decoding=\"async\" class=\"\" src=\"https:\/\/www.weldmc.com\/wp-content\/uploads\/2025\/05\/Welding-Turntable-Technical-Advantages_2.png\" alt=\"Schweissdrehtisch Technische Vorteile_2\" width=\"708\" height=\"398\" \/><\/p>\n<p>&nbsp;<\/p>\n<p><strong><b>Industrielle Umsetzung<\/b><\/strong><\/p>\n<p>Der Schwei\u00dfdrehtisch erf\u00fcllt wichtige Funktionen:<\/p>\n<ul>\n<li>Herstellung von zylindrischen Druckbeh\u00e4ltern<\/li>\n<li>Herstellung von Komponenten f\u00fcr den Energiesektor<\/li>\n<li>Herstellung schwerer Stahlkonstruktionen<\/li>\n<li>Anwendungen im Schiffbau<\/li>\n<\/ul>\n<p><img loading=\"lazy\" decoding=\"async\" class=\"\" src=\"https:\/\/www.weldmc.com\/wp-content\/uploads\/2025\/05\/Welding-Turntable-Technical-Advantages_3.png\" alt=\"Schwei\u00dfdrehtisch Technische Vorteile_3\" width=\"707\" height=\"487\" \/> <img loading=\"lazy\" decoding=\"async\" class=\"\" src=\"https:\/\/www.weldmc.com\/wp-content\/uploads\/2025\/05\/Welding-Turntable-Technical-Advantages_4.png\" alt=\"Schwei\u00dfdrehtisch Technische Vorteile_4\" width=\"709\" height=\"525\" \/><\/p>\n<p>Mechanische Zusammensetzung<\/p>\n<ul>\n<li>Verst\u00e4rkter Sockel mit Industrielagern<\/li>\n<li>Antriebssystem mit variabler Frequenz<\/li>\n<li>Auswechselbare Montagefl\u00e4chen<\/li>\n<li>Optionen f\u00fcr sicherheitsbewertete Geh\u00e4use<\/li>\n<\/ul>\n<p><img decoding=\"async\" src=\"https:\/\/www.weldmc.com\/wp-content\/uploads\/2025\/05\/Welding-Turntable-Technical-Advantages_5.png\" alt=\"Schwei\u00dfdrehtisch Technische Vorteile_5\" \/> <img decoding=\"async\" src=\"https:\/\/www.weldmc.com\/wp-content\/uploads\/2025\/05\/Welding-Turntable-Technical-Advantages_6.png\" alt=\"Schwei\u00dfdrehtisch Technische Vorteile_6\" \/><\/p>\n<p><strong><b>Kundenspezifische technische Dienstleistungen<\/b><\/strong><\/p>\n<p>WUXI ABK bietet:<\/p>\n<ul>\n<li>Spezialisierte Oberfl\u00e4chenbehandlungen<\/li>\n<li>Automatisierte Positionsr\u00fcckmeldesysteme<\/li>\n<li>Integrierte Qualit\u00e4ts\u00fcberwachung<\/li>\n<li>Anpassung der Bedieneroberfl\u00e4che<\/li>\n<\/ul>\n<p>&nbsp;<\/p>\n<p><img decoding=\"async\" src=\"https:\/\/www.weldmc.com\/wp-content\/uploads\/2025\/05\/Welding-Turntable-Technical-Advantages_7.png\" alt=\"Schwei\u00dfdrehtisch Technische Vorteile_7\" \/> <img loading=\"lazy\" decoding=\"async\" class=\"\" src=\"https:\/\/www.weldmc.com\/wp-content\/uploads\/2025\/05\/Welding-Turntable-Technical-Advantages_8.png\" alt=\"Schwei\u00dfdrehtisch Technische Vorteile_8\" width=\"709\" height=\"519\" \/><\/p>\n<p><strong><b>Exzellente Fertigung<\/b><\/strong><\/p>\n<p>Unsere Rotationssysteme zeichnen sich aus:<\/p>\n<ul>\n<li>ISO-zertifizierte Produktionsprozesse<\/li>\n<li>Tests zur Leistungsvalidierung<\/li>\n<li>Erweiterte Serviceabdeckung<\/li>\n<li>Globales Netz f\u00fcr technische Unterst\u00fctzung<\/li>\n<\/ul>\n<table>\n<tbody>\n<tr>\n<td colspan=\"3\" width=\"599\"><strong>Modell<\/strong><\/td>\n<td width=\"354\"><strong>HB-<\/strong><strong>3<\/strong><strong>0<\/strong><strong>0<\/strong><\/td>\n<\/tr>\n<tr>\n<td width=\"363\"><strong>Tragf\u00e4higkeit<\/strong><\/td>\n<td width=\"127\">(KG)<\/td>\n<td width=\"109\"><\/td>\n<td width=\"354\">30000<\/td>\n<\/tr>\n<tr>\n<td width=\"363\"><strong>Rotationsgeschwindigkeit<\/strong><\/td>\n<td width=\"127\">(RPM)<\/td>\n<td width=\"109\"><\/td>\n<td width=\"354\">0.05-0.5<\/td>\n<\/tr>\n<tr>\n<td width=\"363\"><strong>Gr\u00f6\u00dfe des Arbeitstisches<\/strong><strong>\u00a0Durchmesser<\/strong><\/td>\n<td width=\"127\">(MM)<\/td>\n<td width=\"109\"><\/td>\n<td width=\"354\">3000<\/td>\n<\/tr>\n<tr>\n<td width=\"363\"><strong>P<\/strong><strong>ower<\/strong><\/td>\n<td width=\"127\">(KW)<\/td>\n<td width=\"109\"><\/td>\n<td width=\"354\">4<\/td>\n<\/tr>\n<tr>\n<td width=\"363\"><strong>Stromversorgung<\/strong><\/td>\n<td width=\"127\">(V)<\/td>\n<td width=\"109\">50Hz 3\u0278<\/td>\n<td width=\"354\">380<\/td>\n<\/tr>\n<tr>\n<td width=\"363\"><strong>Geschwindigkeitsregulierender Typ<\/strong><\/td>\n<td width=\"127\"><\/td>\n<td width=\"109\"><\/td>\n<td width=\"354\">AC-Frequenz stufenlose Drehzahlregelung<\/td>\n<\/tr>\n<tr>\n<td colspan=\"4\" width=\"954\">Hinweis: Alle Angaben beziehen sich auf die Standardausr\u00fcstung, die je nach Kundenanforderung ge\u00e4ndert werden kann.<\/td>\n<\/tr>\n<\/tbody>\n<\/table>\n<p><iframe title=\"YouTube-Video-Player\" src=\"https:\/\/www.youtube.com\/embed\/ogA4Xe60nSw?si=kQldmzj4am4dQamH\" width=\"560\" height=\"315\" frameborder=\"0\" allowfullscreen=\"allowfullscreen\"><\/iframe><\/p>\n<p class=\"ds-markdown-paragraph\">Als f\u00fchrender Hersteller von Schwei\u00dfger\u00e4ten stellt WUXI ABK seinen 30-Tonnen-Schwei\u00dfdrehtisch vor, der f\u00fcr die Pr\u00e4zisionsdrehung von kleinen bis mittelgro\u00dfen Werkst\u00fccken wie Rohren, Flanschen und Bauteilen entwickelt wurde. Dieser industrietaugliche Drehtisch bietet eine gleichm\u00e4\u00dfige 360\u00b0-Drehung mit einstellbarer Geschwindigkeit (1-10 U\/min) und gew\u00e4hrleistet so eine gleichbleibende Schwei\u00dfnahtqualit\u00e4t bei gleichzeitiger Steigerung der Produktivit\u00e4t um 50% im Vergleich zu manuellen Methoden.<\/p>\n<p class=\"ds-markdown-paragraph\"><strong>Die wichtigsten Vorteile:<\/strong><\/p>\n<ul>\n<li>\n<p class=\"ds-markdown-paragraph\">Robuste Stahlkonstruktion, die bis zu 30 Tonnen tragen kann<\/p>\n<\/li>\n<li>\n<p class=\"ds-markdown-paragraph\">Invertergesteuertes Direktantriebssystem f\u00fcr pr\u00e4zisen Betrieb<\/p>\n<\/li>\n<li>\n<p class=\"ds-markdown-paragraph\">Optionales motorisiertes Verfahren f\u00fcr flexible Positionierung<\/p>\n<\/li>\n<li>\n<p class=\"ds-markdown-paragraph\">Anpassbare Designs f\u00fcr spezielle Anwendungen verf\u00fcgbar<\/p>\n<\/li>\n<\/ul>\n<p class=\"ds-markdown-paragraph\"><strong>Technische Daten:<\/strong><br \/>\n\u2713 CE &amp; ISO zertifizierte Qualit\u00e4tssicherung<br \/>\n\u2713 Wartungsarmes Design mit minimaler Ausfallzeit<br \/>\n\u2713 Kompatibel mit verschiedenen Schwei\u00dfverfahren<\/p>\n<p class=\"ds-markdown-paragraph\"><strong>Anwendungen:<\/strong><br \/>\n- Schwei\u00dfen von Rohren und Flanschen<br \/>\n- Herstellung von Druckbeh\u00e4ltern<br \/>\n- Montage von Stahlkonstruktionen<br \/>\n- Produktion von Automobilkomponenten<\/p>\n<p><img decoding=\"async\" src=\"https:\/\/www.weldmc.com\/wp-content\/uploads\/2025\/05\/Welding-Turntable-Technology-Funcation.png\" alt=\"Schwei\u00dfen Drehtisch Technologie Funcation\" \/><\/p>\n<p><strong><b>Parameterliste des konventionellen Schwei\u00dfdrehtisches\u00a0<\/b><\/strong><\/p>\n<p><img decoding=\"async\" src=\"https:\/\/www.weldmc.com\/wp-content\/uploads\/2025\/05\/Parameter-list-of-conventional-Welding-Turntable-.png\" alt=\"Parameterliste des konventionellen Schwei\u00dfdrehtisches\u00a0\" \/><\/p>\n<p class=\"ds-markdown-paragraph\">Unser industrieller Schwei\u00dfdrehtisch bietet dank seiner robusten Konstruktion und fortschrittlichen Funktionen eine pr\u00e4zise Rotation f\u00fcr Fertigungsanwendungen. Der hochbelastbare Stahlrahmen verf\u00fcgt \u00fcber verst\u00e4rkte St\u00fctzrippen mit Schwei\u00dfn\u00e4hten in Milit\u00e4rqualit\u00e4t, die f\u00fcr au\u00dfergew\u00f6hnliche Stabilit\u00e4t w\u00e4hrend des Betriebs sorgen.<\/p>\n<p class=\"ds-markdown-paragraph\">Zu den wichtigsten Spezifikationen dieses Schwei\u00dfdrehtisches geh\u00f6ren:<\/p>\n<ul>\n<li>\n<p class=\"ds-markdown-paragraph\">Kontinuierliche 360\u00b0-Drehung mit digitaler Drehzahlregelung (0,5-15 RPM)<\/p>\n<\/li>\n<li>\n<p class=\"ds-markdown-paragraph\">T-Nut-Arbeitsfl\u00e4che mit mehreren Stationen (sechs 14-mm-Nuten, 5.000 N Spannkraft)<\/p>\n<\/li>\n<li>\n<p class=\"ds-markdown-paragraph\">Schneckenantriebssystem nach ISO Klasse 5<\/p>\n<\/li>\n<li>\n<p class=\"ds-markdown-paragraph\">200 mm dicke Stahlgrundplatte mit Schwingungsd\u00e4mpfung<\/p>\n<\/li>\n<\/ul>\n<p class=\"ds-markdown-paragraph\">Dieser Schwei\u00dfdrehtisch bietet erhebliche Vorteile:<br \/>\n\u2713 40% schnellere Werkst\u00fcckpositionierung<br \/>\n\u2713 60% Reduzierung der thermischen Verformung<br \/>\n\u2713 30% l\u00e4ngere Lebensdauer im Vergleich zu Standardmodellen<br \/>\n\u2713 \u00b10,1\u00b0 Drehgenauigkeit f\u00fcr Pr\u00e4zisionsschwei\u00dfen<\/p>\n<p class=\"ds-markdown-paragraph\">Technische Highlights unseres Schwei\u00dfdrehtisches:<br \/>\n- Maximale Tragf\u00e4higkeit: 30 Tonnen<br \/>\n- Genauigkeit der Geschwindigkeit: \u00b11%<br \/>\n- Steuerungssystem: Touchscreen-HMI mit Schutzart IP54<br \/>\n- Antriebsmechanismus: Spielfreies Schneckengetriebe<\/p>\n<p class=\"ds-markdown-paragraph\">Dieser CE- und ISO-zertifizierte Schwei\u00dfdrehtisch ist ideal f\u00fcr die Herstellung von Druckbeh\u00e4ltern, die Montage von Stahlkonstruktionen und das Schwei\u00dfen schwerer Komponenten und ist in Standardkonfigurationen oder kundenspezifischen L\u00f6sungen erh\u00e4ltlich. Unterst\u00fctzt durch unsere 24-monatige Garantie und unser globales Support-Netzwerk.<\/p>\n<p>1. Gro\u00dfw\u00e4lzlager<\/p>\n<p><img decoding=\"async\" src=\"https:\/\/www.weldmc.com\/wp-content\/uploads\/2025\/05\/Slewing-bearing.png\" alt=\"Gro\u00dfw\u00e4lzlager\" \/><\/p>\n<p>Seine Hauptfunktion besteht darin, mit Hilfe von Schrauben an den oberen und unteren Halterungen der mechanischen Ausr\u00fcstung befestigt zu werden, um Kraft und Antrieb zu \u00fcbertragen und so die relative Drehung zwischen den beiden Teilen der mechanischen Ausr\u00fcstung zu realisieren. Es hat die Eigenschaften der kompakten Struktur, geringes Gewicht, gute Stahlkonstruktion, reibungslosen Betrieb, hohe Genauigkeit, Sicherheit und Zuverl\u00e4ssigkeit.<br \/>\nGro\u00dfw\u00e4lzlager sind ein Grundbestandteil der mechanischen Ausr\u00fcstung und werden in verschiedenen Industriezweigen der Volkswirtschaft weit verbreitet. Es ist weit verbreitet in Baumaschinen, Hafenmaschinen, metallurgische Maschinen, Bergbaumaschinen, Erd\u00f6lmaschinen, chemische Maschinen, medizinische Ger\u00e4te, Schiffsmaschinen, leichte Industriemaschinen, Umweltschutzmaschinen, Unterhaltungsger\u00e4te, Transportmaschinen Ausr\u00fcstung.Swing unterst\u00fctzt werden zunehmend in Energieeinsparung und Umweltschutz-Projekte, wie Windkraftanlagen, die eine Vielzahl von Pr\u00e4zisions-Pol Swing Support Kits erfordern.<\/p>\n<ol start=\"2\">\n<li>Getriebe<\/li>\n<\/ol>\n<p><img decoding=\"async\" src=\"https:\/\/www.weldmc.com\/wp-content\/uploads\/2025\/05\/Gear_1.png\" alt=\"Getriebe_1\" \/><\/p>\n<p>Ein Zahnrad ist ein rad\u00e4hnliches mechanisches Teil, das das Drehmoment durch den Eingriff der Z\u00e4hne \u00fcbertr\u00e4gt. Durch die \u00dcbertragung mit anderen gezahnten mechanischen Teilen (wie z. B. einem anderen Zahnrad, einer Dao-Zahnstange und einer Schnecke) kann das Zahnrad die Geschwindigkeit und das Drehmoment \u00e4ndern, die Bewegungsrichtung \u00e4ndern und die Bewegungsform \u00e4ndern.<\/p>\n<p><img decoding=\"async\" src=\"https:\/\/www.weldmc.com\/wp-content\/uploads\/2025\/05\/Gear_2.png\" alt=\"Getriebe_2\" \/><\/p>\n<p>3. die Reduktion<\/p>\n<p><img decoding=\"async\" src=\"https:\/\/www.weldmc.com\/wp-content\/uploads\/2025\/05\/Reducer.png\" alt=\"Reduzierst\u00fcck\" \/><\/p>\n<p>Das Untersetzungsgetriebe ist eine Art Kraft\u00fcbertragungsmechanismus, der den Drehzahlwandler des Getriebes verwendet, um die Drehzahl des Motors auf die erforderliche Drehzahl zu reduzieren und eine Struktur mit gro\u00dfem Drehmoment zu erhalten.<\/p>\n<p>Funktion des Untersetzungsgetriebes: Verringern der Geschwindigkeit und gleichzeitiges Erh\u00f6hen des Ausgangsdrehmoments. Das Ausgangsdrehmoment wird mit dem Verz\u00f6gerungsverh\u00e4ltnis des Motors multipliziert, darf jedoch das Nenndrehmoment des Untersetzungsgetriebes nicht \u00fcberschreiten.<\/p>\n<p>4. Motor<\/p>\n<p><img decoding=\"async\" src=\"https:\/\/www.weldmc.com\/wp-content\/uploads\/2025\/05\/Motor_2.png\" alt=\"Motor_2\" \/> <img decoding=\"async\" src=\"https:\/\/www.weldmc.com\/wp-content\/uploads\/2025\/05\/Motor_1.png\" alt=\"Motor_1\" \/><\/p>\n<p>&nbsp;<\/p>\n<p><strong><b>Schwei\u00dfen <\/b><\/strong><strong><b>Drehscheibe<\/b><\/strong><strong><b>\u00a0Leitlinien f\u00fcr die Instandhaltung<\/b><\/strong><\/p>\n<p><strong><b>Grundlegende Wartungsinhalte<\/b><\/strong><\/p>\n<p>T\u00e4gliche Wartung - Reinigung der Schwei\u00dfschlacke, \u00dcberpr\u00fcfung der Schmierung und der elektrischen Sicherheit.<\/p>\n<p>Regelm\u00e4\u00dfige Wartung - Schrauben nachziehen, Getriebemechanismus pr\u00fcfen und Sicherheitsfunktion testen.<\/p>\n<p>Umfassende Wartung - j\u00e4hrlicher Austausch verschlissener Teile, Nachschmierung und Systemkalibrierung<\/p>\n<p>Fehlerfr\u00fchwarnung - Sofortiges Anhalten, wenn abnormale Ger\u00e4usche\/ungleichm\u00e4\u00dfige Drehung auftreten.<\/p>\n<p><strong><b>Wert erhalten<\/b><\/strong><\/p>\n<ul>\n<li>Verl\u00e4ngern Sie die Lebensdauer von Ger\u00e4ten um mehr als 30%<\/li>\n<li>Verringerung pl\u00f6tzlicher Ausfallzeiten<\/li>\n<li>Gew\u00e4hrleisten Sie die Stabilit\u00e4t der Schwei\u00dfgenauigkeit.<\/li>\n<\/ul>\n<p><strong><b>Produktzertifizierung<\/b><\/strong><br \/>\nSteigen Sie mit unseren innovativen L\u00f6sungen in die Zukunft der Schwei\u00dftechnik ein.<br \/>\nVon automatisierten Prozessen bis hin zu intuitiven Steuerungen stehen unsere Produkte an der Spitze der Innovation und geben Ihnen die Werkzeuge an die Hand, die Sie brauchen, um auf dem heutigen wettbewerbsorientierten Markt die Nase vorn zu haben!<\/p>\n<p><img decoding=\"async\" src=\"https:\/\/www.weldmc.com\/wp-content\/uploads\/2025\/05\/Product-certification.png\" alt=\"Produktzertifizierung\" \/><\/p>\n<p>Wuxi ABK Machinery Co.Ltd ist ein professioneller Hersteller von Schwei\u00dfrotatoren in China. Und unser Schwei\u00dfrotator umfasst haupts\u00e4chlich Standard-Schwei\u00dfrotator, einstellbarer Schwei\u00dfrotator und spezieller Schwei\u00dfrotator. Wir k\u00f6nnen unseren Kunden auf der ganzen Welt auch viele andere Produkte anbieten, einschlie\u00dflich Schwei\u00dfdrehtisch, Pfahlschwei\u00dfmaschine, Windturm-Produktionslinie, H-Tr\u00e4ger-Schwei\u00dflinie, Rohrschwei\u00dfausr\u00fcstung, CNC-Schneidemaschine, Schleifmaschine, Walzprofiliermaschine, Blechbiegemaschine, etc. Wir haben die ISO- und CE-Zertifizierung erhalten und bieten auch OEM-Service an.<\/p>","protected":false},"excerpt":{"rendered":"<p>Eine Pr\u00e4zisionsdrehplattform f\u00fcr stabiles 360\u00b0-Schwei\u00dfen von Rohren, Flanschen und Bauteilen. Sie verf\u00fcgt \u00fcber eine stufenlose Geschwindigkeitsregelung (1-10 U\/min), eine robuste Stahlkonstruktion (30 Tonnen Tragf\u00e4higkeit) und eine T-Nut-Spannung. Ideal f\u00fcr die Herstellung von Druckbeh\u00e4ltern und Baustahl.<\/p>","protected":false},"featured_media":2051,"comment_status":"open","ping_status":"closed","template":"","meta":{"_acf_changed":false},"product_brand":[],"product_cat":[21,29,38],"product_tag":[],"class_list":{"0":"post-1000","1":"product","2":"type-product","3":"status-publish","4":"has-post-thumbnail","6":"product_cat-welding-automation","7":"product_cat-welding-positioner","8":"product_cat-welding-turntable","10":"first","11":"instock","12":"shipping-taxable","13":"product-type-simple"},"acf":[],"_links":{"self":[{"href":"https:\/\/www.weldmc.com\/de\/wp-json\/wp\/v2\/product\/1000","targetHints":{"allow":["GET"]}}],"collection":[{"href":"https:\/\/www.weldmc.com\/de\/wp-json\/wp\/v2\/product"}],"about":[{"href":"https:\/\/www.weldmc.com\/de\/wp-json\/wp\/v2\/types\/product"}],"replies":[{"embeddable":true,"href":"https:\/\/www.weldmc.com\/de\/wp-json\/wp\/v2\/comments?post=1000"}],"wp:featuredmedia":[{"embeddable":true,"href":"https:\/\/www.weldmc.com\/de\/wp-json\/wp\/v2\/media\/2051"}],"wp:attachment":[{"href":"https:\/\/www.weldmc.com\/de\/wp-json\/wp\/v2\/media?parent=1000"}],"wp:term":[{"taxonomy":"product_brand","embeddable":true,"href":"https:\/\/www.weldmc.com\/de\/wp-json\/wp\/v2\/product_brand?post=1000"},{"taxonomy":"product_cat","embeddable":true,"href":"https:\/\/www.weldmc.com\/de\/wp-json\/wp\/v2\/product_cat?post=1000"},{"taxonomy":"product_tag","embeddable":true,"href":"https:\/\/www.weldmc.com\/de\/wp-json\/wp\/v2\/product_tag?post=1000"}],"curies":[{"name":"wp","href":"https:\/\/api.w.org\/{rel}","templated":true}]}}