{"id":229,"date":"2025-05-13T14:06:32","date_gmt":"2025-05-13T06:06:32","guid":{"rendered":"http:\/\/111.170.148.214:8095\/?page_id=229"},"modified":"2025-07-08T19:18:37","modified_gmt":"2025-07-08T11:18:37","slug":"uber","status":"publish","type":"page","link":"https:\/\/www.weldmc.com\/de\/uber\/","title":{"rendered":"\u00dcBER"},"content":{"rendered":"<div data-elementor-type=\"wp-page\" data-elementor-id=\"229\" class=\"elementor elementor-229\" data-elementor-post-type=\"page\">\n\t\t\t\t<div class=\"elementor-element elementor-element-6e38129 e-flex e-con-boxed e-con e-parent\" data-id=\"6e38129\" data-element_type=\"container\">\n\t\t\t\t\t<div class=\"e-con-inner\">\n\t\t<div class=\"elementor-element elementor-element-3ced561 e-con-full e-flex e-con e-child\" data-id=\"3ced561\" data-element_type=\"container\">\n\t\t\t\t<div class=\"elementor-element elementor-element-797d025 elementor-widget elementor-widget-heading\" data-id=\"797d025\" data-element_type=\"widget\" data-widget_type=\"heading.default\">\n\t\t\t\t<div class=\"elementor-widget-container\">\n\t\t\t\t\t<h2 class=\"elementor-heading-title elementor-size-default\">SCHWEISSAUTOMATISIERUNG<\/h2>\t\t\t\t<\/div>\n\t\t\t\t<\/div>\n\t\t\t\t<\/div>\n\t\t<div class=\"elementor-element elementor-element-2b64b0d e-con-full e-flex e-con e-child\" data-id=\"2b64b0d\" data-element_type=\"container\" data-settings=\"{&quot;background_background&quot;:&quot;classic&quot;}\">\n\t\t<div class=\"elementor-element elementor-element-f0cfc74 e-con-full e-flex e-con e-child\" data-id=\"f0cfc74\" data-element_type=\"container\">\n\t\t<div class=\"elementor-element elementor-element-ef64646 e-con-full e-flex e-con e-child\" data-id=\"ef64646\" data-element_type=\"container\">\n\t\t\t\t<div class=\"elementor-element elementor-element-1739721 elementor-widget elementor-widget-heading\" data-id=\"1739721\" data-element_type=\"widget\" data-widget_type=\"heading.default\">\n\t\t\t\t<div class=\"elementor-widget-container\">\n\t\t\t\t\t<h2 class=\"elementor-heading-title elementor-size-default\">1999<\/h2>\t\t\t\t<\/div>\n\t\t\t\t<\/div>\n\t\t\t\t<div class=\"elementor-element elementor-element-ed17702 elementor-widget elementor-widget-text-editor\" data-id=\"ed17702\" data-element_type=\"widget\" data-widget_type=\"text-editor.default\">\n\t\t\t\t<div class=\"elementor-widget-container\">\n\t\t\t\t\t\t\t\t\t<p>Gegr\u00fcndet in<\/p>\t\t\t\t\t\t\t\t<\/div>\n\t\t\t\t<\/div>\n\t\t\t\t<\/div>\n\t\t<div class=\"elementor-element elementor-element-df3f504 e-con-full e-flex e-con e-child\" data-id=\"df3f504\" data-element_type=\"container\">\n\t\t<div class=\"elementor-element elementor-element-69c5b6b e-con-full e-flex e-con e-child\" data-id=\"69c5b6b\" data-element_type=\"container\">\n\t\t\t\t<div class=\"elementor-element elementor-element-1e9b8d5 elementor-widget elementor-widget-heading\" data-id=\"1e9b8d5\" data-element_type=\"widget\" data-widget_type=\"heading.default\">\n\t\t\t\t<div class=\"elementor-widget-container\">\n\t\t\t\t\t<h2 class=\"elementor-heading-title elementor-size-default\">$1,4 Millionen<\/h2>\t\t\t\t<\/div>\n\t\t\t\t<\/div>\n\t\t\t\t<div class=\"elementor-element elementor-element-ed2fdd3 elementor-widget elementor-widget-text-editor\" data-id=\"ed2fdd3\" data-element_type=\"widget\" data-widget_type=\"text-editor.default\">\n\t\t\t\t<div class=\"elementor-widget-container\">\n\t\t\t\t\t\t\t\t\t<p>Eingetragenes Kapital<\/p>\t\t\t\t\t\t\t\t<\/div>\n\t\t\t\t<\/div>\n\t\t\t\t<\/div>\n\t\t\t\t<\/div>\n\t\t<div class=\"elementor-element elementor-element-953cdec e-con-full e-flex e-con e-child\" data-id=\"953cdec\" data-element_type=\"container\">\n\t\t<div class=\"elementor-element elementor-element-c39bfb7 e-con-full e-flex e-con e-child\" data-id=\"c39bfb7\" data-element_type=\"container\">\n\t\t\t\t<div class=\"elementor-element elementor-element-5476740 elementor-widget elementor-widget-heading\" data-id=\"5476740\" data-element_type=\"widget\" data-widget_type=\"heading.default\">\n\t\t\t\t<div class=\"elementor-widget-container\">\n\t\t\t\t\t<h2 class=\"elementor-heading-title elementor-size-default\">1000<\/h2>\t\t\t\t<\/div>\n\t\t\t\t<\/div>\n\t\t\t\t<div class=\"elementor-element elementor-element-89fc903 elementor-widget elementor-widget-text-editor\" data-id=\"89fc903\" data-element_type=\"widget\" data-widget_type=\"text-editor.default\">\n\t\t\t\t<div class=\"elementor-widget-container\">\n\t\t\t\t\t\t\t\t\t<p style=\"text-align: center;\">S\u00e4tze von Schwei\u00dfger\u00e4ten\u00a0<br \/>Jedes Jahr<\/p>\t\t\t\t\t\t\t\t<\/div>\n\t\t\t\t<\/div>\n\t\t\t\t<\/div>\n\t\t\t\t<\/div>\n\t\t<div class=\"elementor-element elementor-element-5e81c10 e-con-full e-flex e-con e-child\" data-id=\"5e81c10\" data-element_type=\"container\">\n\t\t<div class=\"elementor-element elementor-element-5559790 e-con-full e-flex e-con e-child\" data-id=\"5559790\" data-element_type=\"container\">\n\t\t\t\t<div class=\"elementor-element elementor-element-2b17a44 elementor-widget elementor-widget-heading\" data-id=\"2b17a44\" data-element_type=\"widget\" data-widget_type=\"heading.default\">\n\t\t\t\t<div class=\"elementor-widget-container\">\n\t\t\t\t\t<h2 class=\"elementor-heading-title elementor-size-default\">200<\/h2>\t\t\t\t<\/div>\n\t\t\t\t<\/div>\n\t\t\t\t<div class=\"elementor-element elementor-element-14ef96d elementor-widget elementor-widget-text-editor\" data-id=\"14ef96d\" data-element_type=\"widget\" data-widget_type=\"text-editor.default\">\n\t\t\t\t<div class=\"elementor-widget-container\">\n\t\t\t\t\t\t\t\t\t<p style=\"text-align: center;\">S\u00e4tze von Schneideger\u00e4ten <br\/>Jedes Jahr<\/p>\t\t\t\t\t\t\t\t<\/div>\n\t\t\t\t<\/div>\n\t\t\t\t<\/div>\n\t\t\t\t<\/div>\n\t\t\t\t<\/div>\n\t\t\t\t<\/div>\n\t\t\t\t\t<\/div>\n\t\t\t\t<\/div>\n\t\t<div class=\"elementor-element elementor-element-af5a1b6 e-flex e-con-boxed e-con e-parent\" data-id=\"af5a1b6\" data-element_type=\"container\">\n\t\t\t\t\t<div class=\"e-con-inner\">\n\t\t<div class=\"elementor-element elementor-element-41bef6a e-con-full e-flex e-con e-child\" data-id=\"41bef6a\" data-element_type=\"container\">\n\t\t\t\t<div class=\"elementor-element elementor-element-4126cc4 elementor-widget elementor-widget-image\" data-id=\"4126cc4\" data-element_type=\"widget\" data-widget_type=\"image.default\">\n\t\t\t\t<div class=\"elementor-widget-container\">\n\t\t\t\t\t\t\t\t\t\t\t\t\t\t\t<img decoding=\"async\" src=\"https:\/\/www.weldmc.com\/wp-content\/plugins\/elementor\/assets\/images\/placeholder.png\" title=\"\" alt=\"\" loading=\"lazy\" \/>\t\t\t\t\t\t\t\t\t\t\t\t\t\t\t<\/div>\n\t\t\t\t<\/div>\n\t\t\t\t<\/div>\n\t\t<div class=\"elementor-element elementor-element-161059f e-con-full e-flex e-con e-child\" data-id=\"161059f\" data-element_type=\"container\">\n\t\t\t\t<div class=\"elementor-element elementor-element-79a7aba elementor-widget elementor-widget-heading\" data-id=\"79a7aba\" data-element_type=\"widget\" data-widget_type=\"heading.default\">\n\t\t\t\t<div class=\"elementor-widget-container\">\n\t\t\t\t\t<h2 class=\"elementor-heading-title elementor-size-default\">Warum uns w\u00e4hlen<\/h2>\t\t\t\t<\/div>\n\t\t\t\t<\/div>\n\t\t\t\t<div class=\"elementor-element elementor-element-fd4b301 elementor-widget elementor-widget-text-editor\" data-id=\"fd4b301\" data-element_type=\"widget\" data-widget_type=\"text-editor.default\">\n\t\t\t\t<div class=\"elementor-widget-container\">\n\t\t\t\t\t\t\t\t\t<p>Wuxi ABK ist ein f\u00fchrender Originalhersteller von Schwei\u00dfhilfsger\u00e4ten, der sich auf Schwei\u00dfrotatoren, Schwei\u00dfpositionierer und Schwei\u00dfmanipulatoren spezialisiert hat. Wir wurden 1999 mit einem Stammkapital von $1,4 Millionen gegr\u00fcndet und verf\u00fcgen \u00fcber mehr als 20 Jahre Erfahrung in der Bereitstellung von hochpr\u00e4zisen, anpassbaren Schwei\u00dfl\u00f6sungen f\u00fcr Branchen wie Druckbeh\u00e4lterherstellung, \u00d6l und Gas, Schiffbau, Windt\u00fcrme, Bauwesen und Schwermaschinen.<\/p>\t\t\t\t\t\t\t\t<\/div>\n\t\t\t\t<\/div>\n\t\t\t\t<\/div>\n\t\t\t\t\t<\/div>\n\t\t\t\t<\/div>\n\t\t<div class=\"elementor-element elementor-element-e3cab36 e-flex e-con-boxed e-con e-parent\" data-id=\"e3cab36\" data-element_type=\"container\">\n\t\t\t\t\t<div class=\"e-con-inner\">\n\t\t<div class=\"elementor-element elementor-element-a94e56f e-con-full e-flex e-con e-child\" data-id=\"a94e56f\" data-element_type=\"container\">\n\t\t\t\t<div class=\"elementor-element elementor-element-711fc28 elementor-widget elementor-widget-heading\" data-id=\"711fc28\" data-element_type=\"widget\" data-widget_type=\"heading.default\">\n\t\t\t\t<div class=\"elementor-widget-container\">\n\t\t\t\t\t<h2 class=\"elementor-heading-title elementor-size-default\">Warum Wuxi ABK w\u00e4hlen?<\/h2>\t\t\t\t<\/div>\n\t\t\t\t<\/div>\n\t\t<div class=\"elementor-element elementor-element-35c8a24 e-con-full e-flex e-con e-child\" data-id=\"35c8a24\" data-element_type=\"container\">\n\t\t<div class=\"elementor-element elementor-element-9288c7f e-con-full e-flex e-con e-child\" data-id=\"9288c7f\" data-element_type=\"container\" data-settings=\"{&quot;background_background&quot;:&quot;classic&quot;}\">\n\t\t\t\t<div class=\"elementor-element elementor-element-6e7660d elementor-widget elementor-widget-heading\" data-id=\"6e7660d\" data-element_type=\"widget\" data-widget_type=\"heading.default\">\n\t\t\t\t<div class=\"elementor-widget-container\">\n\t\t\t\t\t<h2 class=\"elementor-heading-title elementor-size-default\">Werksdirekt <br \/> Herstellung<\/h2>\t\t\t\t<\/div>\n\t\t\t\t<\/div>\n\t\t\t\t<div class=\"elementor-element elementor-element-6b9d92d elementor-widget elementor-widget-text-editor\" data-id=\"6b9d92d\" data-element_type=\"widget\" data-widget_type=\"text-editor.default\">\n\t\t\t\t<div class=\"elementor-widget-container\">\n\t\t\t\t\t\t\t\t\t<p>Wir kontrollieren den gesamten Produktionsprozess und gew\u00e4hrleisten hohe Qualit\u00e4t, wettbewerbsf\u00e4hige Preise und schnelle Lieferung.<\/p>\t\t\t\t\t\t\t\t<\/div>\n\t\t\t\t<\/div>\n\t\t\t\t<\/div>\n\t\t<div class=\"elementor-element elementor-element-3c93f5c e-con-full e-flex e-con e-child\" data-id=\"3c93f5c\" data-element_type=\"container\" data-settings=\"{&quot;background_background&quot;:&quot;classic&quot;}\">\n\t\t\t\t<div class=\"elementor-element elementor-element-0e7b5ac elementor-widget elementor-widget-heading\" data-id=\"0e7b5ac\" data-element_type=\"widget\" data-widget_type=\"heading.default\">\n\t\t\t\t<div class=\"elementor-widget-container\">\n\t\t\t\t\t<h2 class=\"elementor-heading-title elementor-size-default\">Werksdirekt <br \/> Herstellung<\/h2>\t\t\t\t<\/div>\n\t\t\t\t<\/div>\n\t\t\t\t<div class=\"elementor-element elementor-element-fa22fc2 elementor-widget elementor-widget-text-editor\" data-id=\"fa22fc2\" data-element_type=\"widget\" data-widget_type=\"text-editor.default\">\n\t\t\t\t<div class=\"elementor-widget-container\">\n\t\t\t\t\t\t\t\t\t<p>Wir kontrollieren den gesamten Produktionsprozess und gew\u00e4hrleisten hohe Qualit\u00e4t, wettbewerbsf\u00e4hige Preise und schnelle Lieferung.<\/p>\t\t\t\t\t\t\t\t<\/div>\n\t\t\t\t<\/div>\n\t\t\t\t<\/div>\n\t\t<div class=\"elementor-element elementor-element-11ed00d e-con-full e-flex e-con e-child\" data-id=\"11ed00d\" data-element_type=\"container\" data-settings=\"{&quot;background_background&quot;:&quot;classic&quot;}\">\n\t\t\t\t<div class=\"elementor-element elementor-element-5141d3e elementor-widget elementor-widget-heading\" data-id=\"5141d3e\" data-element_type=\"widget\" data-widget_type=\"heading.default\">\n\t\t\t\t<div class=\"elementor-widget-container\">\n\t\t\t\t\t<h2 class=\"elementor-heading-title elementor-size-default\">Werksdirekt <br \/> Herstellung<\/h2>\t\t\t\t<\/div>\n\t\t\t\t<\/div>\n\t\t\t\t<div class=\"elementor-element elementor-element-cc11130 elementor-widget elementor-widget-text-editor\" data-id=\"cc11130\" data-element_type=\"widget\" data-widget_type=\"text-editor.default\">\n\t\t\t\t<div class=\"elementor-widget-container\">\n\t\t\t\t\t\t\t\t\t<p>Wir kontrollieren den gesamten Produktionsprozess und gew\u00e4hrleisten hohe Qualit\u00e4t, wettbewerbsf\u00e4hige Preise und schnelle Lieferung.<\/p>\t\t\t\t\t\t\t\t<\/div>\n\t\t\t\t<\/div>\n\t\t\t\t<\/div>\n\t\t<div class=\"elementor-element elementor-element-2ea34e5 e-con-full e-flex e-con e-child\" data-id=\"2ea34e5\" data-element_type=\"container\" data-settings=\"{&quot;background_background&quot;:&quot;classic&quot;}\">\n\t\t\t\t<div class=\"elementor-element elementor-element-2fb3c89 elementor-widget elementor-widget-heading\" data-id=\"2fb3c89\" data-element_type=\"widget\" data-widget_type=\"heading.default\">\n\t\t\t\t<div class=\"elementor-widget-container\">\n\t\t\t\t\t<h2 class=\"elementor-heading-title elementor-size-default\">Werksdirekt <br \/> Herstellung<\/h2>\t\t\t\t<\/div>\n\t\t\t\t<\/div>\n\t\t\t\t<div class=\"elementor-element elementor-element-b47eefd elementor-widget elementor-widget-text-editor\" data-id=\"b47eefd\" data-element_type=\"widget\" data-widget_type=\"text-editor.default\">\n\t\t\t\t<div class=\"elementor-widget-container\">\n\t\t\t\t\t\t\t\t\t<p>Wir kontrollieren den gesamten Produktionsprozess und gew\u00e4hrleisten hohe Qualit\u00e4t, wettbewerbsf\u00e4hige Preise und schnelle Lieferung.<\/p>\t\t\t\t\t\t\t\t<\/div>\n\t\t\t\t<\/div>\n\t\t\t\t<\/div>\n\t\t\t\t<\/div>\n\t\t\t\t<\/div>\n\t\t\t\t\t<\/div>\n\t\t\t\t<\/div>\n\t\t<div class=\"elementor-element elementor-element-5be638f e-flex e-con-boxed e-con e-parent\" data-id=\"5be638f\" data-element_type=\"container\">\n\t\t\t\t\t<div class=\"e-con-inner\">\n\t\t<div class=\"elementor-element elementor-element-17f529b e-con-full e-flex e-con e-child\" data-id=\"17f529b\" data-element_type=\"container\">\n\t\t\t\t<div class=\"elementor-element elementor-element-a5ef399 elementor-widget elementor-widget-heading\" data-id=\"a5ef399\" data-element_type=\"widget\" data-widget_type=\"heading.default\">\n\t\t\t\t<div class=\"elementor-widget-container\">\n\t\t\t\t\t<h2 class=\"elementor-heading-title elementor-size-default\">Zuverl\u00e4ssige L\u00f6sungen f\u00fcr das Schwei\u00dfen<\/h2>\t\t\t\t<\/div>\n\t\t\t\t<\/div>\n\t\t\t\t<div class=\"elementor-element elementor-element-ded5cbf elementor-widget elementor-widget-text-editor\" data-id=\"ded5cbf\" data-element_type=\"widget\" data-widget_type=\"text-editor.default\">\n\t\t\t\t<div class=\"elementor-widget-container\">\n\t\t\t\t\t\t\t\t\t<p style=\"text-align: center;\">Unsere Schwei\u00dfrotatoren sorgen f\u00fcr eine stabile Rotation bei Tanks und Druckbeh\u00e4ltern, Schwei\u00dfpositionierer gew\u00e4hrleisten eine pr\u00e4zise Steuerung der Werkst\u00fccke, und Schwei\u00dfmanipulatoren bieten eine nahtlose Automatisierung f\u00fcr das Schwei\u00dfen gro\u00dfer Mengen. Mit strenger Qualit\u00e4tskontrolle und fachkundiger technischer Unterst\u00fctzung liefert Wuxi ABK langlebige, leistungsstarke Schwei\u00dfl\u00f6sungen, die die Effizienz verbessern und die Arbeitskosten senken.<\/p>\t\t\t\t\t\t\t\t<\/div>\n\t\t\t\t<\/div>\n\t\t\t\t<\/div>\n\t\t\t\t\t<\/div>\n\t\t\t\t<\/div>\n\t\t<div class=\"elementor-element elementor-element-78ec4e0 e-flex e-con-boxed e-con e-parent\" data-id=\"78ec4e0\" data-element_type=\"container\" data-settings=\"{&quot;background_background&quot;:&quot;classic&quot;}\">\n\t\t\t\t\t<div class=\"e-con-inner\">\n\t\t<div class=\"elementor-element elementor-element-f844a31 e-con-full e-flex e-con e-child\" data-id=\"f844a31\" data-element_type=\"container\">\n\t\t\t\t<div class=\"elementor-element elementor-element-39a9190 elementor-widget elementor-widget-text-editor\" data-id=\"39a9190\" data-element_type=\"widget\" data-widget_type=\"text-editor.default\">\n\t\t\t\t<div class=\"elementor-widget-container\">\n\t\t\t\t\t\t\t\t\t<p>Kontaktieren Sie uns noch heute f\u00fcr ein Direktangebot und lassen Sie Wuxi ABK Ihre Schwei\u00dfproduktion optimieren!<\/p>\t\t\t\t\t\t\t\t<\/div>\n\t\t\t\t<\/div>\n\t\t\t\t<\/div>\n\t\t<div class=\"elementor-element elementor-element-56cd384 e-con-full e-flex e-con e-child\" data-id=\"56cd384\" data-element_type=\"container\">\n\t\t\t\t<div class=\"elementor-element elementor-element-7eb53d4 elementor-button-align-stretch elementor-widget elementor-widget-form\" data-id=\"7eb53d4\" data-element_type=\"widget\" data-settings=\"{&quot;step_next_label&quot;:&quot;\\u4e0b\\u4e00\\u4e2a&quot;,&quot;step_previous_label&quot;:&quot;\\u4e0a\\u4e00\\u4e2a&quot;,&quot;button_width&quot;:&quot;100&quot;,&quot;step_type&quot;:&quot;number_text&quot;,&quot;step_icon_shape&quot;:&quot;circle&quot;}\" data-widget_type=\"form.default\">\n\t\t\t\t<div class=\"elementor-widget-container\">\n\t\t\t\t\t\t\t<form class=\"elementor-form\" method=\"post\" name=\"\u65b0\u8868\u5355\" aria-label=\"\u65b0\u8868\u5355\" action=\"\">\n\t\t\t<input type=\"hidden\" name=\"post_id\" value=\"229\"\/>\n\t\t\t<input type=\"hidden\" name=\"form_id\" value=\"7eb53d4\"\/>\n\t\t\t<input type=\"hidden\" name=\"referer_title\" value=\"ABOUT\" \/>\n\n\t\t\t\t\t\t\t<input type=\"hidden\" name=\"queried_id\" value=\"229\"\/>\n\t\t\t\n\t\t\t<div class=\"elementor-form-fields-wrapper elementor-labels-above\">\n\t\t\t\t\t\t\t\t<div class=\"elementor-field-type-text elementor-field-group elementor-column elementor-field-group-name elementor-col-50 elementor-field-required elementor-mark-required\">\n\t\t\t\t\t\t\t\t\t\t\t\t<label for=\"form-field-name\" class=\"elementor-field-label\">\n\t\t\t\t\t\t\t\tVorname\t\t\t\t\t\t\t<\/label>\n\t\t\t\t\t\t\t\t\t\t\t\t\t\t<input size=\"1\" type=\"text\" name=\"form_fields[name]\" id=\"form-field-name\" class=\"elementor-field elementor-size-sm  elementor-field-textual\" placeholder=\"Vorname\" required=\"required\">\n\t\t\t\t\t\t\t\t\t\t\t<\/div>\n\t\t\t\t\t\t\t\t<div class=\"elementor-field-type-text elementor-field-group elementor-column elementor-field-group-field_dde6148 elementor-col-50\">\n\t\t\t\t\t\t\t\t\t\t\t\t<label for=\"form-field-field_dde6148\" class=\"elementor-field-label\">\n\t\t\t\t\t\t\t\tNachname\t\t\t\t\t\t\t<\/label>\n\t\t\t\t\t\t\t\t\t\t\t\t\t\t<input size=\"1\" type=\"text\" name=\"form_fields[field_dde6148]\" id=\"form-field-field_dde6148\" class=\"elementor-field elementor-size-sm  elementor-field-textual\" placeholder=\"Nachname\">\n\t\t\t\t\t\t\t\t\t\t\t<\/div>\n\t\t\t\t\t\t\t\t<div class=\"elementor-field-type-tel elementor-field-group elementor-column elementor-field-group-message elementor-col-100\">\n\t\t\t\t\t\t\t\t\t\t\t\t<label for=\"form-field-message\" class=\"elementor-field-label\">\n\t\t\t\t\t\t\t\tMobiltelefon \t\t\t\t\t\t\t<\/label>\n\t\t\t\t\t\t\t\t<input size=\"1\" type=\"tel\" name=\"form_fields[message]\" id=\"form-field-message\" class=\"elementor-field elementor-size-sm  elementor-field-textual\" placeholder=\"Mobiltelefon\" pattern=\"[0-9()#&amp;+*-=.]+\" title=\"\u041f\u0440\u0438\u043d\u0438\u043c\u0430\u044e\u0442\u0441\u044f \u0442\u043e\u043b\u044c\u043a\u043e \u0446\u0438\u0444\u0440\u044b \u0438 \u0442\u0435\u043b\u0435\u0444\u043e\u043d\u043d\u044b\u0435 \u0441\u0438\u043c\u0432\u043e\u043b\u044b (#, -, * \u0438 \u0442.\u0434.).\" data-no-translation-title=\"\">\n\n\t\t\t\t\t\t<\/div>\n\t\t\t\t\t\t\t\t<div class=\"elementor-field-type-email elementor-field-group elementor-column elementor-field-group-email elementor-col-100 elementor-field-required elementor-mark-required\">\n\t\t\t\t\t\t\t\t\t\t\t\t<label for=\"form-field-email\" class=\"elementor-field-label\">\n\t\t\t\t\t\t\t\tE-Mail\t\t\t\t\t\t\t<\/label>\n\t\t\t\t\t\t\t\t\t\t\t\t\t\t<input size=\"1\" type=\"email\" name=\"form_fields[email]\" id=\"form-field-email\" class=\"elementor-field elementor-size-sm  elementor-field-textual\" placeholder=\"E-Mail\" required=\"required\">\n\t\t\t\t\t\t\t\t\t\t\t<\/div>\n\t\t\t\t\t\t\t\t<div class=\"elementor-field-type-textarea elementor-field-group elementor-column elementor-field-group-field_471083a elementor-col-100 elementor-field-required elementor-mark-required\">\n\t\t\t\t\t\t\t\t\t\t\t\t<label for=\"form-field-field_471083a\" class=\"elementor-field-label\">\n\t\t\t\t\t\t\t\tIhre Nachricht\t\t\t\t\t\t\t<\/label>\n\t\t\t\t\t\t<textarea class=\"elementor-field-textual elementor-field  elementor-size-sm\" name=\"form_fields[field_471083a]\" id=\"form-field-field_471083a\" rows=\"4\" placeholder=\"Ihre Nachricht\" required=\"required\"><\/textarea>\t\t\t\t<\/div>\n\t\t\t\t\t\t\t\t<div class=\"elementor-field-type-recaptcha_v3 elementor-field-group elementor-column elementor-field-group-field_9045484 elementor-col-100 recaptcha_v3-bottomright\">\n\t\t\t\t\t<div class=\"elementor-field\" id=\"form-field-field_9045484\"><div class=\"elementor-g-recaptcha\" data-sitekey=\"6Led1HMrAAAAANdEYi2J5tMogbjI_5lnp5jCPbre\" data-type=\"v3\" data-action=\"Form\" data-badge=\"bottomright\" data-size=\"invisible\"><\/div><\/div>\t\t\t\t<\/div>\n\t\t\t\t\t\t\t\t<div class=\"elementor-field-group elementor-column elementor-field-type-submit elementor-col-100 e-form__buttons\">\n\t\t\t\t\t<button class=\"elementor-button elementor-size-sm\" type=\"submit\">\n\t\t\t\t\t\t<span class=\"elementor-button-content-wrapper\">\n\t\t\t\t\t\t\t\t\t\t\t\t\t\t\t\t\t\t\t\t\t\t<span class=\"elementor-button-text\">SUBMIT<\/span>\n\t\t\t\t\t\t\t\t\t\t\t\t\t<\/span>\n\t\t\t\t\t<\/button>\n\t\t\t\t<\/div>\n\t\t\t<\/div>\n\t\t<input type=\"hidden\" name=\"trp-form-language\" value=\"de\"\/><\/form>\n\t\t\t\t\t\t<\/div>\n\t\t\t\t<\/div>\n\t\t\t\t<\/div>\n\t\t\t\t\t<\/div>\n\t\t\t\t<\/div>\n\t\t\t\t<\/div>","protected":false},"excerpt":{"rendered":"<p>WELDING AUTOMATION 1999 Established in $1.4 million Registered Capital 1000 Sets Of Welding Equipment\u00a0Every Year 200 Sets Of Cutting Devices Every Year Why choose us Wuxi ABK is a leading original manufacturer of welding auxiliary equipment, specializing in welding rotators, welding positioners, and welding manipulators. Established in 1999 with a registered capital of $1.4 million, [&hellip;]<\/p>","protected":false},"author":1,"featured_media":0,"parent":0,"menu_order":0,"comment_status":"closed","ping_status":"closed","template":"elementor_header_footer","meta":{"_acf_changed":false,"footnotes":""},"class_list":["post-229","page","type-page","status-publish","hentry"],"blocksy_meta":[],"acf":[],"_links":{"self":[{"href":"https:\/\/www.weldmc.com\/de\/wp-json\/wp\/v2\/pages\/229","targetHints":{"allow":["GET"]}}],"collection":[{"href":"https:\/\/www.weldmc.com\/de\/wp-json\/wp\/v2\/pages"}],"about":[{"href":"https:\/\/www.weldmc.com\/de\/wp-json\/wp\/v2\/types\/page"}],"author":[{"embeddable":true,"href":"https:\/\/www.weldmc.com\/de\/wp-json\/wp\/v2\/users\/1"}],"replies":[{"embeddable":true,"href":"https:\/\/www.weldmc.com\/de\/wp-json\/wp\/v2\/comments?post=229"}],"version-history":[{"count":58,"href":"https:\/\/www.weldmc.com\/de\/wp-json\/wp\/v2\/pages\/229\/revisions"}],"predecessor-version":[{"id":1651,"href":"https:\/\/www.weldmc.com\/de\/wp-json\/wp\/v2\/pages\/229\/revisions\/1651"}],"wp:attachment":[{"href":"https:\/\/www.weldmc.com\/de\/wp-json\/wp\/v2\/media?parent=229"}],"curies":[{"name":"wp","href":"https:\/\/api.w.org\/{rel}","templated":true}]}}